{"id":4011,"date":"2021-08-12T12:58:54","date_gmt":"2021-08-12T15:58:54","guid":{"rendered":"https:\/\/wp.ufpel.edu.br\/ppgbbio\/?page_id=4011"},"modified":"2021-09-28T16:19:25","modified_gmt":"2021-09-28T19:19:25","slug":"orientadores-2","status":"publish","type":"page","link":"https:\/\/wp.ufpel.edu.br\/ppgbbio\/orientadores-2\/","title":{"rendered":"Orientadores e alunos"},"content":{"rendered":"<p style=\"text-align: justify\">Conhe\u00e7a os docentes orientadores do Programa de P\u00f3s-Gradua\u00e7\u00e3o em Bioqu\u00edmica e Bioprospec\u00e7\u00e3o e seus alunos orientandos. Os projetos dos p\u00f3s-graduandos est\u00e3o inseridos em uma das tr\u00eas linhas de pesquisa do Programa, que s\u00e3o mostradas aqui tamb\u00e9m. Ao acessar as abas dos discentes, voc\u00ea encontrar\u00e1 informa\u00e7\u00f5es de quem j\u00e1 passou pelos cursos de mestrado e doutorado, e tamb\u00e9m poder\u00e1 ficar por dentro de informa\u00e7\u00f5es sobre como ingressar no PPG, atrav\u00e9s das sele\u00e7\u00f5es para alunos regular e especial.<\/p>\n","protected":false},"excerpt":{"rendered":"<p>Conhe\u00e7a os docentes orientadores do Programa de P\u00f3s-Gradua\u00e7\u00e3o em Bioqu\u00edmica e Bioprospec\u00e7\u00e3o e seus alunos orientandos. Os projetos dos p\u00f3s-graduandos est\u00e3o inseridos em uma das tr\u00eas linhas de pesquisa do Programa, que s\u00e3o mostradas aqui tamb\u00e9m. Ao acessar as abas dos discentes, voc\u00ea encontrar\u00e1 informa\u00e7\u00f5es de quem j\u00e1 passou pelos cursos de mestrado e doutorado, [&hellip;]<\/p>\n","protected":false},"author":131,"featured_media":0,"parent":0,"menu_order":0,"comment_status":"closed","ping_status":"closed","template":"","meta":{"footnotes":""},"class_list":["post-4011","page","type-page","status-publish","hentry"],"_links":{"self":[{"href":"https:\/\/wp.ufpel.edu.br\/ppgbbio\/wp-json\/wp\/v2\/pages\/4011","targetHints":{"allow":["GET"]}}],"collection":[{"href":"https:\/\/wp.ufpel.edu.br\/ppgbbio\/wp-json\/wp\/v2\/pages"}],"about":[{"href":"https:\/\/wp.ufpel.edu.br\/ppgbbio\/wp-json\/wp\/v2\/types\/page"}],"author":[{"embeddable":true,"href":"https:\/\/wp.ufpel.edu.br\/ppgbbio\/wp-json\/wp\/v2\/users\/131"}],"replies":[{"embeddable":true,"href":"https:\/\/wp.ufpel.edu.br\/ppgbbio\/wp-json\/wp\/v2\/comments?post=4011"}],"version-history":[{"count":4,"href":"https:\/\/wp.ufpel.edu.br\/ppgbbio\/wp-json\/wp\/v2\/pages\/4011\/revisions"}],"predecessor-version":[{"id":4387,"href":"https:\/\/wp.ufpel.edu.br\/ppgbbio\/wp-json\/wp\/v2\/pages\/4011\/revisions\/4387"}],"wp:attachment":[{"href":"https:\/\/wp.ufpel.edu.br\/ppgbbio\/wp-json\/wp\/v2\/media?parent=4011"}],"curies":[{"name":"wp","href":"https:\/\/api.w.org\/{rel}","templated":true}]}}