{"id":3761,"date":"2021-05-18T14:00:15","date_gmt":"2021-05-18T17:00:15","guid":{"rendered":"https:\/\/wp.ufpel.edu.br\/ppgbbio\/?page_id=3761"},"modified":"2021-10-25T22:12:11","modified_gmt":"2021-10-26T01:12:11","slug":"links-uteis","status":"publish","type":"page","link":"https:\/\/wp.ufpel.edu.br\/ppgbbio\/links-uteis\/","title":{"rendered":"Links \u00fateis"},"content":{"rendered":"<header class=\"entry-header\">\n<p class=\"entry-title\"><a style=\"font-size: 16px\" href=\"https:\/\/wp.ufpel.edu.br\/prppgi\/editais-da-pos-graduacao\/\"><span style=\"font-size: 12pt;font-family: verdana, geneva, sans-serif\">Pr\u00f3-Reitoria de Pesquisa, P\u00f3s-Gradua\u00e7\u00e3o e Inova\u00e7\u00e3o UFPel<\/span><\/a><\/p>\n<\/header>\n<div class=\"entry-content\">\n<div>\n<div><span style=\"font-size: 12pt;font-family: verdana, geneva, sans-serif\"><a href=\"http:\/\/sisbi.ufpel.edu.br\/arquivos\/PDF\/Manual_Normas_UFPel_trabalhos_acad%C3%AAmicos.pdf\">Manual de normas de trabalhos acad\u00eamicos da UFPel<\/a><\/span><\/div>\n<p><span style=\"font-size: 12pt;font-family: verdana, geneva, sans-serif\"><a href=\"https:\/\/wp.ufpel.edu.br\/crinter\/nucleo-de-traducoes\/\">Tradu\u00e7\u00e3o de documentos \u2013 CRInter UFPel<\/a><\/span><\/p>\n<\/div>\n<p><span style=\"font-size: 12pt;font-family: verdana, geneva, sans-serif\"><a href=\"https:\/\/wp.ufpel.edu.br\/crinter\/convenios-internacionais\/\">Acordos internacionais da UFPel<\/a><\/span><\/p>\n<p><span style=\"font-size: 12pt;font-family: verdana, geneva, sans-serif\"><a href=\"https:\/\/www.trivago.com.br\/?iSemThemeId=5148&amp;iPathId=78904&amp;sem_keyword=pousadas%20pelotas&amp;sem_creativeid=198871811164&amp;sem_matchtype=e&amp;sem_network=g&amp;sem_device=c&amp;sem_placement=&amp;sem_target=&amp;sem_adposition=1t2&amp;sem_param1=&amp;sem_param2=&amp;sem_campaignid=403122643&amp;sem_adgroupid=37822721416&amp;sem_targetid=kwd-21153328729&amp;sem_location=1001685&amp;cip=5512374021&amp;gclid=EAIaIQobChMIlYTfw7uc2gIVi4iRCh3MMQqjEAAYAiAAEgKHnfD_BwE\">Hot\u00e9is e pousadas em Pelotas<\/a><\/span><\/p>\n<p><span style=\"font-size: 12pt;font-family: verdana, geneva, sans-serif\"><a href=\"https:\/\/cobalto.ufpel.edu.br\/portal\/consultas\/guiatelefonicopublico\">Guia de telefones da UFPel<\/a><\/span><\/p>\n<p><span style=\"font-size: 12pt;font-family: verdana, geneva, sans-serif\"><a href=\"https:\/\/wp.ufpel.edu.br\/ouvidoria\/\">Ouvidoria UFPel<\/a><\/span><\/p>\n<p><span style=\"font-size: 12pt;font-family: verdana, geneva, sans-serif\"><a href=\"https:\/\/wp.ufpel.edu.br\/acessoainformacao\/\">Acesso \u00e0 informa\u00e7\u00e3o \u2013 UFPel<\/a><\/span><\/p>\n<p><span style=\"font-size: 12pt;font-family: verdana, geneva, sans-serif\"><a href=\"http:\/\/sisbi.ufpel.edu.br\/?p=reqFicha\">Ficha catalogr\u00e1fica \u2013 SisBi UFPel<\/a><\/span><\/p>\n<p>https:\/\/wp.ufpel.edu.br\/crinter\/international-students\/arrival-and-stay-in-pelotas\/<\/p>\n<\/div>\n","protected":false},"excerpt":{"rendered":"<p>Pr\u00f3-Reitoria de Pesquisa, P\u00f3s-Gradua\u00e7\u00e3o e Inova\u00e7\u00e3o UFPel Manual de normas de trabalhos acad\u00eamicos da UFPel Tradu\u00e7\u00e3o de documentos \u2013 CRInter UFPel Acordos internacionais da UFPel Hot\u00e9is e pousadas em Pelotas Guia de telefones da UFPel Ouvidoria UFPel Acesso \u00e0 informa\u00e7\u00e3o \u2013 UFPel Ficha catalogr\u00e1fica \u2013 SisBi UFPel https:\/\/wp.ufpel.edu.br\/crinter\/international-students\/arrival-and-stay-in-pelotas\/<\/p>\n","protected":false},"author":131,"featured_media":0,"parent":0,"menu_order":0,"comment_status":"closed","ping_status":"closed","template":"","meta":{"footnotes":""},"class_list":["post-3761","page","type-page","status-publish","hentry"],"_links":{"self":[{"href":"https:\/\/wp.ufpel.edu.br\/ppgbbio\/wp-json\/wp\/v2\/pages\/3761","targetHints":{"allow":["GET"]}}],"collection":[{"href":"https:\/\/wp.ufpel.edu.br\/ppgbbio\/wp-json\/wp\/v2\/pages"}],"about":[{"href":"https:\/\/wp.ufpel.edu.br\/ppgbbio\/wp-json\/wp\/v2\/types\/page"}],"author":[{"embeddable":true,"href":"https:\/\/wp.ufpel.edu.br\/ppgbbio\/wp-json\/wp\/v2\/users\/131"}],"replies":[{"embeddable":true,"href":"https:\/\/wp.ufpel.edu.br\/ppgbbio\/wp-json\/wp\/v2\/comments?post=3761"}],"version-history":[{"count":5,"href":"https:\/\/wp.ufpel.edu.br\/ppgbbio\/wp-json\/wp\/v2\/pages\/3761\/revisions"}],"predecessor-version":[{"id":4596,"href":"https:\/\/wp.ufpel.edu.br\/ppgbbio\/wp-json\/wp\/v2\/pages\/3761\/revisions\/4596"}],"wp:attachment":[{"href":"https:\/\/wp.ufpel.edu.br\/ppgbbio\/wp-json\/wp\/v2\/media?parent=3761"}],"curies":[{"name":"wp","href":"https:\/\/api.w.org\/{rel}","templated":true}]}}