{"id":3670,"date":"2021-05-16T16:56:35","date_gmt":"2021-05-16T19:56:35","guid":{"rendered":"https:\/\/wp.ufpel.edu.br\/ppgbbio\/?page_id=3670"},"modified":"2025-05-11T21:07:53","modified_gmt":"2025-05-12T00:07:53","slug":"objetivos-e-missao","status":"publish","type":"page","link":"https:\/\/wp.ufpel.edu.br\/ppgbbio\/objetivos-e-missao\/","title":{"rendered":"Objetivos e Miss\u00e3o"},"content":{"rendered":"<p style=\"text-align: justify;\"><span style=\"color: #0000ff;\"><strong>Objetivo Geral: <\/strong><\/span><\/p>\n<p style=\"text-align: justify;\">O Programa de P\u00f3s-Gradua\u00e7\u00e3o em Bioqu\u00edmica e Bioprospec\u00e7\u00e3o (PPGBBio), em conson\u00e2ncia com o Projeto de Desenvolvimento Institucional (PDI) da UFPel, tem como objetivo formar recursos humanos qualificados voltados para a pesquisa e o ensino, bem como, para o desenvolvimento tecnol\u00f3gico e a inova\u00e7\u00e3o.<\/p>\n<p style=\"text-align: justify;\"><span style=\"color: #0000ff;\"><strong>Objetivos Espec\u00edficos:<\/strong><\/span><\/p>\n<ul>\n<li>Qualificar os discentes para elaborar e executar projetos, orientar alunos de gradua\u00e7\u00e3o, al\u00e9m de produzir e disseminar conhecimento dentro da \u00e1rea do programa, permitindo a concess\u00e3o do grau de Mestre e\/ou Doutor em Ci\u00eancias com \u00e1rea de concentra\u00e7\u00e3o em Bioqu\u00edmica e Bioprospec\u00e7\u00e3o.<\/li>\n<li>Qualificar os egressos do Curso de Mestrado do PPGBBio tornando-os aptos a ingressar em cursos de doutorado, bem como a atuarem no ensino e na pesquisa na \u00e1rea de conhecimento.<\/li>\n<li>Formar doutores capacitados para a inser\u00e7\u00e3o em Institui\u00e7\u00f5es de Ensino, Pesquisa e Extens\u00e3o e em Centros de Pesquisa no Brasil e no exterior.<\/li>\n<li>Produzir e divulgar conhecimentos na \u00e1rea de Bioqu\u00edmica e Bioprospec\u00e7\u00e3o na forma de artigos cient\u00edficos, livros, cap\u00edtulos de livros e\/ou patentes.<\/li>\n<li>Transmitir o conhecimento adquirido com a pesquisa e\/ou inova\u00e7\u00e3o \u00e0 comunidade por meio de projetos de extens\u00e3o, desenvolvimento de materiais cient\u00edfico-pedag\u00f3gico e aten\u00e7\u00e3o \u00e0 educa\u00e7\u00e3o b\u00e1sica.<\/li>\n<li>Proporcionar um ambiente adequado para as atividades de graduandos e p\u00f3s-graduandos de diferentes \u00e1reas, por meio de sua inser\u00e7\u00e3o nos grupos de pesquisa do PPGBBio como forma de incrementar sua forma\u00e7\u00e3o acad\u00eamica de maneira interdisciplinar.<\/li>\n<li style=\"text-align: justify;\">Atender as metas propostas pelo PDI da UFPel no que diz respeito a forma\u00e7\u00e3o de recursos humanos qualificados e aprimoramento da infraestrutura existente para as atividades de ensino e pesquisa.<\/li>\n<\/ul>\n<p style=\"text-align: justify;\"><span style=\"color: #0000ff;\"><strong>Miss\u00e3o:<\/strong><\/span><\/p>\n<p style=\"text-align: justify;\">O Programa de P\u00f3s-gradua\u00e7\u00e3o em Bioqu\u00edmica e Bioprospec\u00e7\u00e3o (PPGBBio) tem por miss\u00e3o a forma\u00e7\u00e3o acad\u00eamica qualificada de mestres e doutores com uma vis\u00e3o integrada e multidisciplinar.<\/p>\n<p style=\"text-align: justify;\">Dentro da miss\u00e3o e dos objetivos do PPGBBio busca-se a forma\u00e7\u00e3o de profissionais aptos a produzir e disseminar conhecimento, realizar pesquisa de interesse cient\u00edfico e\/ou tecnol\u00f3gico, elaborar e executar projetos, al\u00e9m de capacitar para o gerenciamento de trabalho em equipe e estimular o empreendedorismo. O programa permite capacitar alunos de gradua\u00e7\u00e3o e p\u00f3s-gradua\u00e7\u00e3o de cursos da UFPel, bem como de outras institui\u00e7\u00f5es de ensino, com a forma\u00e7\u00e3o voltada para a pesquisa, desenvolvimento tecnol\u00f3gico e inova\u00e7\u00e3o na \u00e1rea de Ci\u00eancias Biol\u00f3gicas II.<br \/>\nEspecificamente, o egresso da Linha 1 \u2013 Bioensaios, obter\u00e1 o conhecimento para a realiza\u00e7\u00e3o de ensaios bioqu\u00edmicos que envolvam a a\u00e7\u00e3o biol\u00f3gica de produtos de origem sint\u00e9tica e\/ou natural. O egresso da Linha 2 \u2013 Toxicologia, ter\u00e1 o conhecimento em toxicologia no sentido de avalia\u00e7\u00e3o de subst\u00e2ncias naturais e\/ou sint\u00e9ticas no seu aspecto tecnol\u00f3gico e a determina\u00e7\u00e3o do impacto ambiental de subst\u00e2ncias. O egresso da Linha 3 &#8211; Subst\u00e2ncias Bioativas, ter\u00e1 o conhecimento do planejamento e obten\u00e7\u00e3o de subst\u00e2ncias qu\u00edmicas com potencial a\u00e7\u00e3o bioqu\u00edmica, biol\u00f3gica e farmacol\u00f3gica, por meio do desenvolvimento de produtos de aplica\u00e7\u00e3o no setor da sa\u00fade, alimentos ou farmac\u00eautico. Assim, pode-se destacar que:<br \/>\n&#8211; O Mestre egresso das distintas linhas do PPGBBio estar\u00e1 apto a ingressar em cursos de doutorado, bem como a atuar no ensino, pesquisa, extens\u00e3o e inova\u00e7\u00e3o tecnol\u00f3gica na \u00e1rea de conhecimento. Al\u00e9m disso, o mestre poder\u00e1 contribuir atendendo as demandas da sociedade e comunidade cient\u00edfica.<br \/>\n&#8211; O Doutor egresso das distintas linhas do PPGBBio estar\u00e1 apto a atuar na coordena\u00e7\u00e3o de atividades de ensino, pesquisa, inova\u00e7\u00e3o tecnol\u00f3gica e extens\u00e3o no Brasil e no exterior, assim como produzir e divulgar conhecimentos na \u00e1rea de bioqu\u00edmica e bioprospec\u00e7\u00e3o. Ainda, o egresso poder\u00e1 atuar na ind\u00fastria e\/ou em institui\u00e7\u00f5es de ensino e pesquisa, transmitindo o conhecimento adquirido \u00e0 sociedade e comunidade cient\u00edfica em geral.<\/p>\n","protected":false},"excerpt":{"rendered":"<p>Objetivo Geral: O Programa de P\u00f3s-Gradua\u00e7\u00e3o em Bioqu\u00edmica e Bioprospec\u00e7\u00e3o (PPGBBio), em conson\u00e2ncia com o Projeto de Desenvolvimento Institucional (PDI) da UFPel, tem como objetivo formar recursos humanos qualificados voltados para a pesquisa e o ensino, bem como, para o desenvolvimento tecnol\u00f3gico e a inova\u00e7\u00e3o. Objetivos Espec\u00edficos: Qualificar os discentes para elaborar e executar projetos, [&hellip;]<\/p>\n","protected":false},"author":131,"featured_media":0,"parent":0,"menu_order":0,"comment_status":"closed","ping_status":"closed","template":"","meta":{"footnotes":""},"class_list":["post-3670","page","type-page","status-publish","hentry"],"_links":{"self":[{"href":"https:\/\/wp.ufpel.edu.br\/ppgbbio\/wp-json\/wp\/v2\/pages\/3670","targetHints":{"allow":["GET"]}}],"collection":[{"href":"https:\/\/wp.ufpel.edu.br\/ppgbbio\/wp-json\/wp\/v2\/pages"}],"about":[{"href":"https:\/\/wp.ufpel.edu.br\/ppgbbio\/wp-json\/wp\/v2\/types\/page"}],"author":[{"embeddable":true,"href":"https:\/\/wp.ufpel.edu.br\/ppgbbio\/wp-json\/wp\/v2\/users\/131"}],"replies":[{"embeddable":true,"href":"https:\/\/wp.ufpel.edu.br\/ppgbbio\/wp-json\/wp\/v2\/comments?post=3670"}],"version-history":[{"count":4,"href":"https:\/\/wp.ufpel.edu.br\/ppgbbio\/wp-json\/wp\/v2\/pages\/3670\/revisions"}],"predecessor-version":[{"id":5884,"href":"https:\/\/wp.ufpel.edu.br\/ppgbbio\/wp-json\/wp\/v2\/pages\/3670\/revisions\/5884"}],"wp:attachment":[{"href":"https:\/\/wp.ufpel.edu.br\/ppgbbio\/wp-json\/wp\/v2\/media?parent=3670"}],"curies":[{"name":"wp","href":"https:\/\/api.w.org\/{rel}","templated":true}]}}