{"id":351,"date":"2014-06-06T15:10:16","date_gmt":"2014-06-06T18:10:16","guid":{"rendered":"https:\/\/wp.ufpel.edu.br\/ppgbbio\/?page_id=351"},"modified":"2025-05-25T21:43:24","modified_gmt":"2025-05-26T00:43:24","slug":"formularios-importantes","status":"publish","type":"page","link":"https:\/\/wp.ufpel.edu.br\/ppgbbio\/formularios-importantes\/","title":{"rendered":"Formul\u00e1rios e documentos"},"content":{"rendered":"<h3><strong><span style=\"color: #0000ff;\">Processo seletivo Mestrado e doutorado:\u00a0<\/span><\/strong><\/h3>\n<p><a href=\"https:\/\/wp.ufpel.edu.br\/ppgbbio\/files\/2024\/04\/Formularios-selecao-Mestrado-2024.docx\"><strong>Formularios Sele\u00e7\u00e3o Mestrado<\/strong><\/a><\/p>\n<p><strong><a href=\"https:\/\/wp.ufpel.edu.br\/ppgbbio\/files\/2024\/04\/Formularios-selecao-Doutorado-2024.doc\">Formularios Sele\u00e7\u00e3o Doutorado<\/a><\/strong><\/p>\n<p><strong><a href=\"https:\/\/wp.ufpel.edu.br\/ppgbbio\/files\/2023\/11\/auto_declaracao_etnico_racial-NUAAD.docx\">Auto Declara\u00e7\u00e3o Etnico Racial NUAAD<\/a><\/strong><\/p>\n<p><strong><a href=\"https:\/\/wp.ufpel.edu.br\/ppgbbio\/files\/2023\/11\/auto_declaracao_identidade_genero-NUGEN.docx\">Auto Declara\u00e7\u00e3o Identidade Genero<\/a><a style=\"font-family: var(--fonte-corpo);\" href=\"https:\/\/wp.ufpel.edu.br\/ppgbbio\/files\/2023\/11\/auto_declaracao_identidade_genero-NUGEN.docx\"> NUGEN<\/a><\/strong><\/p>\n<h3><strong><span style=\"color: #0000ff;\">Matr\u00edculas:\u00a0<\/span><\/strong><\/h3>\n<h2><span style=\"font-size: 12pt;\"><a style=\"text-align: justify; font-family: var(--fonte-corpo);\" href=\"https:\/\/wp.ufpel.edu.br\/ppgbbio\/files\/2014\/06\/Formul\u00e1rio-2-Matr\u00edcula.doc\">Formul\u00e1rio 2 &#8211; Matr\u00edcula<\/a><\/span><\/h2>\n<p style=\"font-size: 16px; font-weight: 400;\"><span style=\"font-size: 12pt;\"><a style=\"font-family: var(--fonte-corpo);\" href=\"https:\/\/wp.ufpel.edu.br\/ppgbbio\/files\/2014\/06\/Formulario-9-Cancelamento-de-Disciplina.doc\"><strong>Formul\u00e1rio 9 &#8211; Cancelamento de Disciplina<\/strong><\/a><\/span><\/p>\n<p style=\"font-size: 16px; font-weight: 400;\"><strong><span style=\"font-size: 12pt;\"><a style=\"font-family: var(--fonte-corpo);\" href=\"https:\/\/wp.ufpel.edu.br\/ppgbbio\/files\/2014\/06\/Formul\u00e1rio-10-Trancamento-de-Matr\u00edcula.doc\">Formul\u00e1rio 10 &#8211; Trancamento de Matr\u00edcula<\/a><\/span><\/strong><\/p>\n<p style=\"font-size: 16px; font-weight: 400;\"><strong><a style=\"text-align: justify; font-family: var(--fonte-corpo);\" href=\"https:\/\/wp.ufpel.edu.br\/ppgbbio\/files\/2014\/06\/formul\u00e1rio-1A-Sele\u00e7\u00e3o-de-Aluno-Especial.docx\">Formul\u00e1rio 1A &#8211; Requerimento de Inscri\u00e7\u00e3o em Sele\u00e7\u00e3o de Aluno Especial<\/a><\/strong><\/p>\n<p>&nbsp;<\/p>\n<h3><strong><span style=\"color: #0000ff;\">Aproveitamento de cr\u00e9ditos:\u00a0<\/span><\/strong><\/h3>\n<p><strong><a href=\"https:\/\/wp.ufpel.edu.br\/ppgbbio\/files\/2014\/06\/Formul\u00e1eio-6-Aproveitamento-de-Cr\u00e9ditos.doc\">Formul\u00e1rio 6 &#8211; Aproveitamento de Cr\u00e9ditos<\/a><\/strong><\/p>\n<p>&nbsp;<\/p>\n<h3><strong><span style=\"color: #0000ff;\">Defesas mestrado, doutorado e qualifica\u00e7\u00e3o:\u00a0<\/span><\/strong><\/h3>\n<p><strong><a href=\"https:\/\/wp.ufpel.edu.br\/ppgbbio\/files\/2014\/06\/Formul\u00e1rio-4-Encaminhamento-de-Defesa.docx\">Formul\u00e1rio 4- Encaminhamento-de-Defesa<\/a><\/strong><\/p>\n<p><strong><a href=\"https:\/\/wp.ufpel.edu.br\/ppgbbio\/files\/2018\/11\/Formul\u00e1rio-4A-Encaminhamento-de-Defesa-ou-de-Qualifica\u00e7\u00e3o.docx\">Formul\u00e1rio\u00a0 4A &#8211; Encaminhamento de Exame de Qualifica\u00e7\u00e3o<\/a><\/strong><\/p>\n<p><strong><a href=\"https:\/\/wp.ufpel.edu.br\/ppgbbio\/files\/2014\/06\/Formul\u00e1rio-5-Ata-de-Defesa.doc\">Formul\u00e1rio 5 &#8211; Ata de Defesa<\/a><\/strong><\/p>\n<p><strong><a href=\"https:\/\/wp.ufpel.edu.br\/ppgbbio\/files\/2018\/11\/Formul\u00e1rio-7-defesa-de-exame-de-qualifica\u00e7\u00e3o.doc\">Formul\u00e1rio 7 &#8211; Ata de Exame de Qualifica\u00e7\u00e3o<\/a><\/strong><\/p>\n<p><strong><a href=\"https:\/\/wp.ufpel.edu.br\/ppgbbio\/files\/2021\/04\/Passos-para-Defesa-e-Qualificacao-versao-previa.pdf\">Passos para Defesa e Qualifica\u00e7\u00e3o vers\u00e3o pr\u00e9via<\/a><\/strong><\/p>\n<p><strong><a href=\"https:\/\/wp.ufpel.edu.br\/ppgbbio\/files\/2020\/12\/Normas-para-a-elaborac\u0327a\u0303o-de-dissertac\u0327a\u0303o-qualificac\u0327a\u0303o-e-teses-atualizado-final-1.pdf\">Normas para a elaborac\u0327a\u0303o de dissertac\u0327a\u0303o, qualificac\u0327a\u0303o e teses atualizado final<\/a><\/strong><\/p>\n<h3><strong><span style=\"color: #0000ff;\">Doc\u00eancia Orientada:\u00a0<\/span><\/strong><\/h3>\n<p><a style=\"font-family: var(--fonte-corpo);\" href=\"https:\/\/wp.ufpel.edu.br\/ppgbbio\/files\/2021\/07\/modelo-estagio-de-docencia-orientada-ATUAL.doc\"><strong>Formul\u00e1rio Doc\u00eancia Orientada\u00a0<\/strong><\/a><\/p>\n<p>&nbsp;<\/p>\n<h3><strong><span style=\"color: #0000ff;\">Bolsas:\u00a0<\/span><\/strong><\/h3>\n<p><strong><a href=\"https:\/\/wp.ufpel.edu.br\/ppgbbio\/files\/2014\/06\/requisitos-bolsa-DS.doc\" rel=\"\">Requisitos Bolsa DS<\/a><\/strong><\/p>\n<p><strong><a href=\"https:\/\/wp.ufpel.edu.br\/ppgbbio\/files\/2014\/06\/requisitos-bolsa-DS-termo-de-compromisso-1.doc\" rel=\"\">requisitos bolsa DS termo de compromisso<\/a><\/strong><\/p>\n<p><strong><a href=\"https:\/\/wp.ufpel.edu.br\/ppgbbio\/files\/2014\/06\/formul\u00e1rio-cadastramento-de-bolsista.xlsx\" rel=\"\">Formul\u00e1rio Cadastramento de Novo Bolsista<\/a><\/strong><\/p>\n<p><strong><a href=\"https:\/\/wp.ufpel.edu.br\/ppgbbio\/files\/2020\/08\/ORIENTA\u00c7\u00c3O-PARA-ALUNOS-RECLASSIFICA\u00c7\u00c3O-DE-BOLSAS.docx\">Orienta\u00e7\u00f5es para Reclassifica\u00e7\u00e3o de Bolsas<\/a><\/strong><\/p>\n<p><strong><a href=\"https:\/\/wp.ufpel.edu.br\/ppgbbio\/files\/2021\/07\/normas-distribuicao-de-bolsas.doc\">Normas Distribui\u00e7\u00e3o de Bolsas<\/a><\/strong><\/p>\n<p><strong><a href=\"https:\/\/wp.ufpel.edu.br\/ppgbbio\/files\/2018\/09\/Pericia_AlunoPPG_Requerimento.docx\">Requerimento da Per\u00edcia M\u00e9dica<\/a><\/strong><\/p>\n<p>&nbsp;<\/p>\n<h3><strong><span style=\"color: #0000ff;\">Relat\u00f3rio de acompanhamento discente:\u00a0<\/span><\/strong><\/h3>\n<p><a href=\"https:\/\/wp.ufpel.edu.br\/ppgbbio\/files\/2018\/11\/plano-atividades-modelo-com-projeto-2.doc\"><strong>Formul\u00e1rio do Plano de Atividades<\/strong><\/a><strong>\u00a0<\/strong><\/p>\n<p><strong><a href=\"https:\/\/wp.ufpel.edu.br\/ppgbbio\/files\/2018\/11\/Declara\u00e7\u00e3o-de-ci\u00eancia-do-Regimento.docx\">Declara\u00e7\u00e3o de Ci\u00eancia do Regimento <\/a><\/strong><em>(*Entregar junto ao Plano de Atividades)<\/em><\/p>\n<p><strong><a href=\"https:\/\/wp.ufpel.edu.br\/ppgbbio\/files\/2023\/11\/modelo-relatorio-de-acompanhamento-discente_MESTRADO-1.doc\">Modelo Relat\u00f3rio de Acompanhamento Discente MESTRADO<\/a><\/strong><\/p>\n<p><strong><a href=\"https:\/\/wp.ufpel.edu.br\/ppgbbio\/files\/2023\/11\/modelo-relatorio-de-acompanhamento-discente_DOUTORADO.doc\">Modelo Relat\u00f3rio Acompanhamento Discente DOUTORADO<\/a><\/strong><\/p>\n<p>&nbsp;<\/p>\n<h3><strong><span style=\"color: #0000ff;\">Mudan\u00e7a de n\u00edvel: <\/span><\/strong><\/h3>\n<p><strong><a href=\"https:\/\/wp.ufpel.edu.br\/ppgbbio\/files\/2014\/06\/Formul\u00e1rio-8-Mudan\u00e7a-de-N\u00edvel.doc\">Formul\u00e1rio 8 &#8211; Mudan\u00e7a de N\u00edvel<\/a><\/strong><\/p>\n<p><strong><a href=\"https:\/\/wp.ufpel.edu.br\/ppgbbio\/files\/2021\/08\/FMN1_FMN2.docx\">FMN1_FMN2<\/a><\/strong><\/p>\n<p>&nbsp;<\/p>\n<p>&nbsp;<\/p>\n","protected":false},"excerpt":{"rendered":"<p>Processo seletivo Mestrado e doutorado:\u00a0 Formularios Sele\u00e7\u00e3o Mestrado Formularios Sele\u00e7\u00e3o Doutorado Auto Declara\u00e7\u00e3o Etnico Racial NUAAD Auto Declara\u00e7\u00e3o Identidade Genero NUGEN Matr\u00edculas:\u00a0 Formul\u00e1rio 2 &#8211; Matr\u00edcula Formul\u00e1rio 9 &#8211; Cancelamento de Disciplina Formul\u00e1rio 10 &#8211; Trancamento de Matr\u00edcula Formul\u00e1rio 1A &#8211; Requerimento de Inscri\u00e7\u00e3o em Sele\u00e7\u00e3o de Aluno Especial &nbsp; Aproveitamento de cr\u00e9ditos:\u00a0 Formul\u00e1rio 6 [&hellip;]<\/p>\n","protected":false},"author":131,"featured_media":0,"parent":0,"menu_order":0,"comment_status":"closed","ping_status":"closed","template":"","meta":{"footnotes":""},"class_list":["post-351","page","type-page","status-publish","hentry"],"_links":{"self":[{"href":"https:\/\/wp.ufpel.edu.br\/ppgbbio\/wp-json\/wp\/v2\/pages\/351","targetHints":{"allow":["GET"]}}],"collection":[{"href":"https:\/\/wp.ufpel.edu.br\/ppgbbio\/wp-json\/wp\/v2\/pages"}],"about":[{"href":"https:\/\/wp.ufpel.edu.br\/ppgbbio\/wp-json\/wp\/v2\/types\/page"}],"author":[{"embeddable":true,"href":"https:\/\/wp.ufpel.edu.br\/ppgbbio\/wp-json\/wp\/v2\/users\/131"}],"replies":[{"embeddable":true,"href":"https:\/\/wp.ufpel.edu.br\/ppgbbio\/wp-json\/wp\/v2\/comments?post=351"}],"version-history":[{"count":52,"href":"https:\/\/wp.ufpel.edu.br\/ppgbbio\/wp-json\/wp\/v2\/pages\/351\/revisions"}],"predecessor-version":[{"id":6064,"href":"https:\/\/wp.ufpel.edu.br\/ppgbbio\/wp-json\/wp\/v2\/pages\/351\/revisions\/6064"}],"wp:attachment":[{"href":"https:\/\/wp.ufpel.edu.br\/ppgbbio\/wp-json\/wp\/v2\/media?parent=351"}],"curies":[{"name":"wp","href":"https:\/\/api.w.org\/{rel}","templated":true}]}}