{"id":338,"date":"2014-04-02T11:23:50","date_gmt":"2014-04-02T14:23:50","guid":{"rendered":"https:\/\/wp.ufpel.edu.br\/ppgbbio\/?page_id=338"},"modified":"2026-03-31T16:04:53","modified_gmt":"2026-03-31T19:04:53","slug":"contato","status":"publish","type":"page","link":"https:\/\/wp.ufpel.edu.br\/ppgbbio\/contato\/","title":{"rendered":"Secretaria"},"content":{"rendered":"<p data-start=\"38\" data-end=\"156\"><img class=\"alignleft\" src=\"https:\/\/wp.ufpel.edu.br\/ppgbbio\/files\/2023\/11\/logo-ppgbbio-PNG.png\" width=\"161\" height=\"161\" \/><\/p>\n<p data-start=\"38\" data-end=\"156\"><strong data-start=\"38\" data-end=\"47\">Telefone<\/strong>: +55 53 32757533<\/p>\n<p data-start=\"38\" data-end=\"156\"><strong data-start=\"67\" data-end=\"76\">Email<\/strong>: <a class=\"cursor-pointer\" rel=\"noopener\" data-start=\"78\" data-end=\"95\">ppgbbio@gmail.com<\/a><\/p>\n<p data-start=\"38\" data-end=\"156\"><strong data-start=\"122\" data-end=\"135\">Instagram<\/strong>: @ppgbbio_ufpel_rs<\/p>\n<p data-start=\"158\" data-end=\"321\"><strong data-start=\"158\" data-end=\"171\">Secret\u00e1ria<\/strong>: Ruana Dias Vieira<\/p>\n<p data-start=\"158\" data-end=\"321\"><strong data-start=\"209\" data-end=\"258\">Secret\u00e1rios dos Programas de P\u00f3s Gradua\u00e7\u00e3o \u2013 CCQFA<\/strong><\/p>\n<p data-start=\"158\" data-end=\"321\">\u00a0 Ruana Dias Vieira \/ Djanira Oliveira Maciel<\/p>\n<p data-start=\"323\" data-end=\"471\"><strong data-start=\"323\" data-end=\"334\">Endere\u00e7o<\/strong>:<\/p>\n<p data-start=\"323\" data-end=\"471\">Universidade Federal de Pelotas \u2013 Campus Cap\u00e3o do Le\u00e3o s\/n\u00ba;<\/p>\n<p data-start=\"323\" data-end=\"471\">CEP: 96010-900, Caixa Postal 354,\u00a0 Pelotas-RS \u2013 Pr\u00e9dio 31 \u2013 Sala 112<\/p>\n<p data-start=\"473\" data-end=\"541\"><strong data-start=\"473\" data-end=\"489\">Hor\u00e1rio de atendimento (sala 112): <\/strong><\/p>\n<table style=\"height: 72px;\">\n<tbody>\n<tr style=\"height: 24px;\">\n<td style=\"height: 24px; width: 91px;\" width=\"96\">Turno<\/td>\n<td style=\"height: 24px; width: 109px;\" width=\"96\">Segunda<\/td>\n<td style=\"height: 24px; width: 100px;\" width=\"96\">Ter\u00e7a<\/td>\n<td style=\"height: 24px; width: 100px;\" width=\"96\">Quarta<\/td>\n<td style=\"height: 24px; width: 100px;\" width=\"96\">\u00a0Quinta<\/td>\n<td style=\"height: 24px; width: 100px;\" width=\"96\">\u00a0Sexta<\/td>\n<\/tr>\n<tr style=\"height: 24px;\">\n<td style=\"height: 24px; width: 91px;\" width=\"96\">8h &#8211; 14h<\/td>\n<td style=\"height: 24px; width: 109px;\" width=\"96\">Ruana<\/td>\n<td style=\"height: 24px; width: 100px;\" width=\"96\">Ruana<\/td>\n<td style=\"height: 24px; width: 100px;\" width=\"96\">Ruana<\/td>\n<td style=\"height: 24px; width: 100px;\" width=\"96\">Ruana<\/td>\n<td style=\"height: 24px; width: 100px;\" width=\"96\">Ruana<\/td>\n<\/tr>\n<tr style=\"height: 24px;\">\n<td style=\"height: 24px; width: 91px;\" width=\"96\">14h &#8211;\u00a0 20h<\/td>\n<td style=\"height: 24px; width: 109px;\" width=\"96\">Djanira<\/td>\n<td style=\"height: 24px; width: 100px;\" width=\"96\">Djanira<\/td>\n<td style=\"height: 24px; width: 100px;\" width=\"96\">Djanira<\/td>\n<td style=\"height: 24px; width: 100px;\" width=\"96\">Djanira<\/td>\n<td style=\"height: 24px; width: 100px;\" width=\"96\">Djanira<\/td>\n<\/tr>\n<\/tbody>\n<\/table>\n<p>&nbsp;<\/p>\n","protected":false},"excerpt":{"rendered":"<p>Telefone: +55 53 32757533 Email: ppgbbio@gmail.com Instagram: @ppgbbio_ufpel_rs Secret\u00e1ria: Ruana Dias Vieira Secret\u00e1rios dos Programas de P\u00f3s Gradua\u00e7\u00e3o \u2013 CCQFA \u00a0 Ruana Dias Vieira \/ Djanira Oliveira Maciel Endere\u00e7o: Universidade Federal de Pelotas \u2013 Campus Cap\u00e3o do Le\u00e3o s\/n\u00ba; CEP: 96010-900, Caixa Postal 354,\u00a0 Pelotas-RS \u2013 Pr\u00e9dio 31 \u2013 Sala 112 Hor\u00e1rio de atendimento (sala [&hellip;]<\/p>\n","protected":false},"author":131,"featured_media":0,"parent":0,"menu_order":0,"comment_status":"closed","ping_status":"closed","template":"","meta":{"footnotes":""},"class_list":["post-338","page","type-page","status-publish","hentry"],"_links":{"self":[{"href":"https:\/\/wp.ufpel.edu.br\/ppgbbio\/wp-json\/wp\/v2\/pages\/338","targetHints":{"allow":["GET"]}}],"collection":[{"href":"https:\/\/wp.ufpel.edu.br\/ppgbbio\/wp-json\/wp\/v2\/pages"}],"about":[{"href":"https:\/\/wp.ufpel.edu.br\/ppgbbio\/wp-json\/wp\/v2\/types\/page"}],"author":[{"embeddable":true,"href":"https:\/\/wp.ufpel.edu.br\/ppgbbio\/wp-json\/wp\/v2\/users\/131"}],"replies":[{"embeddable":true,"href":"https:\/\/wp.ufpel.edu.br\/ppgbbio\/wp-json\/wp\/v2\/comments?post=338"}],"version-history":[{"count":3,"href":"https:\/\/wp.ufpel.edu.br\/ppgbbio\/wp-json\/wp\/v2\/pages\/338\/revisions"}],"predecessor-version":[{"id":6182,"href":"https:\/\/wp.ufpel.edu.br\/ppgbbio\/wp-json\/wp\/v2\/pages\/338\/revisions\/6182"}],"wp:attachment":[{"href":"https:\/\/wp.ufpel.edu.br\/ppgbbio\/wp-json\/wp\/v2\/media?parent=338"}],"curies":[{"name":"wp","href":"https:\/\/api.w.org\/{rel}","templated":true}]}}