{"id":3090,"date":"2019-12-13T10:24:46","date_gmt":"2019-12-13T13:24:46","guid":{"rendered":"https:\/\/wp.ufpel.edu.br\/ppgbbio\/?page_id=3090"},"modified":"2024-11-22T14:15:16","modified_gmt":"2024-11-22T17:15:16","slug":"linhas-de-pesquisa","status":"publish","type":"page","link":"https:\/\/wp.ufpel.edu.br\/ppgbbio\/orientadores\/linhas-de-pesquisa\/","title":{"rendered":"Linhas de Pesquisa"},"content":{"rendered":"<p style=\"text-align: justify;\"><strong><span style=\"color: #0000ff;\">BIOENSAIOS<\/span><\/strong><\/p>\n<p style=\"text-align: justify;\"><strong>Descri\u00e7\u00e3o:<\/strong><\/p>\n<p style=\"text-align: justify;\">Envolve estudos que visam \u00e0 avalia\u00e7\u00e3o biol\u00f3gica\/farmacol\u00f3gica de subst\u00e2ncias oriundas de produtos naturais e\/ou de origem sint\u00e9tica em diferentes modelos experimentais, como modelos animais de doen\u00e7as neurol\u00f3gicas, metab\u00f3licas e inflamat\u00f3rias. Esta linha de pesquisa visa ainda, a identifica\u00e7\u00e3o de potenciais agentes antioxidantes, antineopl\u00e1sicos, antivirais, antibacterianos, antif\u00fangicos, antiparasit\u00e1rios, entre outros de import\u00e2ncia na \u00e1rea de sa\u00fade humana e animal.<\/p>\n<p style=\"text-align: justify;\"><strong>Data de In\u00edcio: <\/strong>01\/01\/2013<\/p>\n<p style=\"text-align: justify;\"><strong><span style=\"color: #0000ff;\">SUBST\u00c2NCIAS BIOATIVAS<\/span><\/strong><\/p>\n<p style=\"text-align: justify;\"><strong>Descri\u00e7\u00e3o:<\/strong><\/p>\n<p style=\"text-align: justify;\">Aplicacao dos estudos de modelagem molecular e ferramentas da quimica medicinal, como bioisosterismo, hibridacao e simplificacao molecular, para o planejamento e obtencao de substancias de origem sintetica ou semissintetica com potencial acao bioquimica, farmacologica e\/ou toxicologica. A linha envolve a sintese organica de substancias com potencial acao biologica.<\/p>\n<p style=\"text-align: justify;\"><strong>Data de In\u00edcio: <\/strong>03\/03\/2015<\/p>\n<p style=\"text-align: justify;\"><span style=\"color: #0000ff;\"><strong>TOXICOLOGIA<\/strong><\/span><\/p>\n<p style=\"text-align: justify;\"><strong>Descri\u00e7\u00e3o:<\/strong><\/p>\n<p style=\"text-align: justify;\">A linha busca estudar a prote\u00e7\u00e3o do ambiente atrav\u00e9s de quest\u00f5es de contamina\u00e7\u00e3o ambiental por subst\u00e2ncias qu\u00edmicas e f\u00edsicas, e o conhecimento do impacto ambiental, e das suas rela\u00e7\u00f5es, diretas e indiretas. Tamb\u00e9m visa estudos de subst\u00e2ncias menos agressivas ao ser humano, que n\u00e3o ofere\u00e7am efeitos citot\u00f3xicos ou mutag\u00eanicos a organismos vivos, ou que venham a biorremediar o meio ambiente e estudos de interferentes poluentes e contaminantes. Al\u00e9m disso, estuda o desenvolvimento de m\u00e9todos anal\u00edticos para determina\u00e7\u00e3o de metais e n\u00e3o metais de interesse nutricional ou toxicol\u00f3gico, bem como o desenvolvimento de m\u00e9todos para a an\u00e1lise de especia\u00e7\u00e3o qu\u00edmica aplicada \u00e0 toxicologia.<\/p>\n<p style=\"text-align: justify;\"><strong>Data de In\u00edcio: <\/strong>01\/01\/2013<\/p>\n","protected":false},"excerpt":{"rendered":"<p>BIOENSAIOS Descri\u00e7\u00e3o: Envolve estudos que visam \u00e0 avalia\u00e7\u00e3o biol\u00f3gica\/farmacol\u00f3gica de subst\u00e2ncias oriundas de produtos naturais e\/ou de origem sint\u00e9tica em diferentes modelos experimentais, como modelos animais de doen\u00e7as neurol\u00f3gicas, metab\u00f3licas e inflamat\u00f3rias. Esta linha de pesquisa visa ainda, a identifica\u00e7\u00e3o de potenciais agentes antioxidantes, antineopl\u00e1sicos, antivirais, antibacterianos, antif\u00fangicos, antiparasit\u00e1rios, entre outros de import\u00e2ncia na \u00e1rea [&hellip;]<\/p>\n","protected":false},"author":131,"featured_media":0,"parent":6,"menu_order":0,"comment_status":"closed","ping_status":"closed","template":"","meta":{"footnotes":""},"class_list":["post-3090","page","type-page","status-publish","hentry"],"_links":{"self":[{"href":"https:\/\/wp.ufpel.edu.br\/ppgbbio\/wp-json\/wp\/v2\/pages\/3090","targetHints":{"allow":["GET"]}}],"collection":[{"href":"https:\/\/wp.ufpel.edu.br\/ppgbbio\/wp-json\/wp\/v2\/pages"}],"about":[{"href":"https:\/\/wp.ufpel.edu.br\/ppgbbio\/wp-json\/wp\/v2\/types\/page"}],"author":[{"embeddable":true,"href":"https:\/\/wp.ufpel.edu.br\/ppgbbio\/wp-json\/wp\/v2\/users\/131"}],"replies":[{"embeddable":true,"href":"https:\/\/wp.ufpel.edu.br\/ppgbbio\/wp-json\/wp\/v2\/comments?post=3090"}],"version-history":[{"count":8,"href":"https:\/\/wp.ufpel.edu.br\/ppgbbio\/wp-json\/wp\/v2\/pages\/3090\/revisions"}],"predecessor-version":[{"id":5520,"href":"https:\/\/wp.ufpel.edu.br\/ppgbbio\/wp-json\/wp\/v2\/pages\/3090\/revisions\/5520"}],"up":[{"embeddable":true,"href":"https:\/\/wp.ufpel.edu.br\/ppgbbio\/wp-json\/wp\/v2\/pages\/6"}],"wp:attachment":[{"href":"https:\/\/wp.ufpel.edu.br\/ppgbbio\/wp-json\/wp\/v2\/media?parent=3090"}],"curies":[{"name":"wp","href":"https:\/\/api.w.org\/{rel}","templated":true}]}}