{"id":266,"date":"2013-12-04T08:42:01","date_gmt":"2013-12-04T10:42:01","guid":{"rendered":"https:\/\/wp.ufpel.edu.br\/ppgbbio\/?page_id=266"},"modified":"2021-09-28T19:40:51","modified_gmt":"2021-09-28T22:40:51","slug":"disciplinas-do-ppgbbio","status":"publish","type":"page","link":"https:\/\/wp.ufpel.edu.br\/ppgbbio\/disciplinas-do-ppgbbio\/","title":{"rendered":"Disciplinas"},"content":{"rendered":"<p>O curr\u00edculo do mestrado e do doutorado do Programa de P\u00f3s-Gradua\u00e7\u00e3o em Bioqu\u00edmica e Bioprospec\u00e7\u00e3o \u00e9 constitu\u00eddo de uma variedade de disciplinas, obrigat\u00f3rias e eletivas\/optativas.<\/p>\n<p>&nbsp;<\/p>\n","protected":false},"excerpt":{"rendered":"<p>O curr\u00edculo do mestrado e do doutorado do Programa de P\u00f3s-Gradua\u00e7\u00e3o em Bioqu\u00edmica e Bioprospec\u00e7\u00e3o \u00e9 constitu\u00eddo de uma variedade de disciplinas, obrigat\u00f3rias e eletivas\/optativas. &nbsp;<\/p>\n","protected":false},"author":131,"featured_media":0,"parent":0,"menu_order":0,"comment_status":"closed","ping_status":"closed","template":"","meta":{"footnotes":""},"class_list":["post-266","page","type-page","status-publish","hentry"],"_links":{"self":[{"href":"https:\/\/wp.ufpel.edu.br\/ppgbbio\/wp-json\/wp\/v2\/pages\/266","targetHints":{"allow":["GET"]}}],"collection":[{"href":"https:\/\/wp.ufpel.edu.br\/ppgbbio\/wp-json\/wp\/v2\/pages"}],"about":[{"href":"https:\/\/wp.ufpel.edu.br\/ppgbbio\/wp-json\/wp\/v2\/types\/page"}],"author":[{"embeddable":true,"href":"https:\/\/wp.ufpel.edu.br\/ppgbbio\/wp-json\/wp\/v2\/users\/131"}],"replies":[{"embeddable":true,"href":"https:\/\/wp.ufpel.edu.br\/ppgbbio\/wp-json\/wp\/v2\/comments?post=266"}],"version-history":[{"count":24,"href":"https:\/\/wp.ufpel.edu.br\/ppgbbio\/wp-json\/wp\/v2\/pages\/266\/revisions"}],"predecessor-version":[{"id":4413,"href":"https:\/\/wp.ufpel.edu.br\/ppgbbio\/wp-json\/wp\/v2\/pages\/266\/revisions\/4413"}],"wp:attachment":[{"href":"https:\/\/wp.ufpel.edu.br\/ppgbbio\/wp-json\/wp\/v2\/media?parent=266"}],"curies":[{"name":"wp","href":"https:\/\/api.w.org\/{rel}","templated":true}]}}