{"id":2045,"date":"2018-03-15T19:17:10","date_gmt":"2018-03-15T22:17:10","guid":{"rendered":"https:\/\/wp.ufpel.edu.br\/ppgbbio\/?page_id=2045"},"modified":"2021-08-12T11:44:49","modified_gmt":"2021-08-12T14:44:49","slug":"laboratorios-2","status":"publish","type":"page","link":"https:\/\/wp.ufpel.edu.br\/ppgbbio\/laboratorios-2\/","title":{"rendered":"Laboratorios"},"content":{"rendered":"<ul class=\"wpipessoa-lista\"><li class=\"wpipessoa-post clearfix\"><div class=\"wpipessoa-thumb\"><a href=\"https:\/\/wp.ufpel.edu.br\/ppgbbio\/pessoas\/laboratorio-de-biomarcadores-2\/\"><img width=\"150\" height=\"150\" src=\"https:\/\/wp.ufpel.edu.br\/ppgbbio\/files\/2017\/02\/cropped-PPGBbio-Cabe\u00e7alho-150x150.jpg\" class=\"attachment-thumbnail size-thumbnail wp-post-image\" alt=\"\" srcset=\"https:\/\/wp.ufpel.edu.br\/ppgbbio\/files\/2017\/02\/cropped-PPGBbio-Cabe\u00e7alho-150x150.jpg 150w, https:\/\/wp.ufpel.edu.br\/ppgbbio\/files\/2017\/02\/cropped-PPGBbio-Cabe\u00e7alho-300x300.jpg 300w, https:\/\/wp.ufpel.edu.br\/ppgbbio\/files\/2017\/02\/cropped-PPGBbio-Cabe\u00e7alho-270x270.jpg 270w, https:\/\/wp.ufpel.edu.br\/ppgbbio\/files\/2017\/02\/cropped-PPGBbio-Cabe\u00e7alho-192x192.jpg 192w, https:\/\/wp.ufpel.edu.br\/ppgbbio\/files\/2017\/02\/cropped-PPGBbio-Cabe\u00e7alho-180x180.jpg 180w, https:\/\/wp.ufpel.edu.br\/ppgbbio\/files\/2017\/02\/cropped-PPGBbio-Cabe\u00e7alho-32x32.jpg 32w, https:\/\/wp.ufpel.edu.br\/ppgbbio\/files\/2017\/02\/cropped-PPGBbio-Cabe\u00e7alho.jpg 512w\" sizes=\"(max-width: 150px) 100vw, 150px\" \/><\/a><\/div><div class=\"wpipessoa-info\"><div class=\"wpipessoa-nome wpipessoa-fonte-grande\"><a href=\"https:\/\/wp.ufpel.edu.br\/ppgbbio\/pessoas\/laboratorio-de-biomarcadores-2\/\">Laboratorio de Biomarcadores<\/a><\/div><\/div><\/li><li class=\"wpipessoa-post clearfix\"><div class=\"wpipessoa-thumb\"><a href=\"https:\/\/wp.ufpel.edu.br\/ppgbbio\/pessoas\/laboratorio-de-bioquimica-y-neurofarmacologia-molecular\/\"><img width=\"200\" height=\"200\" src=\"https:\/\/wp.ufpel.edu.br\/ppgbbio\/files\/2019\/07\/Labionem-200x200.png\" class=\"attachment-thumbnail size-thumbnail wp-post-image\" alt=\"\" \/><\/a><\/div><div class=\"wpipessoa-info\"><div class=\"wpipessoa-nome wpipessoa-fonte-grande\"><a href=\"https:\/\/wp.ufpel.edu.br\/ppgbbio\/pessoas\/laboratorio-de-bioquimica-y-neurofarmacologia-molecular\/\">Laboratorio de Bioqu\u00edmica y Neurofarmacolog\u00eda Molecular (LABIONEM)<\/a><\/div><\/div><\/li><li class=\"wpipessoa-post clearfix\"><div class=\"wpipessoa-thumb\"><a href=\"https:\/\/wp.ufpel.edu.br\/ppgbbio\/pessoas\/laboratorio-de-biotecnologia-de-cancer\/\"><img width=\"150\" height=\"150\" src=\"https:\/\/wp.ufpel.edu.br\/ppgbbio\/files\/2017\/02\/cropped-PPGBbio-Cabe\u00e7alho-150x150.jpg\" class=\"attachment-thumbnail size-thumbnail wp-post-image\" alt=\"\" srcset=\"https:\/\/wp.ufpel.edu.br\/ppgbbio\/files\/2017\/02\/cropped-PPGBbio-Cabe\u00e7alho-150x150.jpg 150w, https:\/\/wp.ufpel.edu.br\/ppgbbio\/files\/2017\/02\/cropped-PPGBbio-Cabe\u00e7alho-300x300.jpg 300w, https:\/\/wp.ufpel.edu.br\/ppgbbio\/files\/2017\/02\/cropped-PPGBbio-Cabe\u00e7alho-270x270.jpg 270w, https:\/\/wp.ufpel.edu.br\/ppgbbio\/files\/2017\/02\/cropped-PPGBbio-Cabe\u00e7alho-192x192.jpg 192w, https:\/\/wp.ufpel.edu.br\/ppgbbio\/files\/2017\/02\/cropped-PPGBbio-Cabe\u00e7alho-180x180.jpg 180w, https:\/\/wp.ufpel.edu.br\/ppgbbio\/files\/2017\/02\/cropped-PPGBbio-Cabe\u00e7alho-32x32.jpg 32w, https:\/\/wp.ufpel.edu.br\/ppgbbio\/files\/2017\/02\/cropped-PPGBbio-Cabe\u00e7alho.jpg 512w\" sizes=\"(max-width: 150px) 100vw, 150px\" \/><\/a><\/div><div class=\"wpipessoa-info\"><div class=\"wpipessoa-nome wpipessoa-fonte-grande\"><a href=\"https:\/\/wp.ufpel.edu.br\/ppgbbio\/pessoas\/laboratorio-de-biotecnologia-de-cancer\/\">Laboratorio de Biotecnolog\u00eda de c\u00e1ncer<\/a><\/div><\/div><\/li><li class=\"wpipessoa-post clearfix\"><div class=\"wpipessoa-thumb\"><a href=\"https:\/\/wp.ufpel.edu.br\/ppgbbio\/pessoas\/laboratorio-de-control-de-contaminantes-en-biomateriales-lccbio\/\"><img width=\"178\" height=\"102\" src=\"https:\/\/wp.ufpel.edu.br\/ppgbbio\/files\/2017\/08\/LCCBio.jpg\" class=\"attachment-thumbnail size-thumbnail wp-post-image\" alt=\"\" \/><\/a><\/div><div class=\"wpipessoa-info\"><div class=\"wpipessoa-nome wpipessoa-fonte-grande\"><a href=\"https:\/\/wp.ufpel.edu.br\/ppgbbio\/pessoas\/laboratorio-de-control-de-contaminantes-en-biomateriales-lccbio\/\">Laboratorio de Control de Contaminantes en Biomateriales &#8211; LCCBio<\/a><\/div><\/div><\/li><li class=\"wpipessoa-post clearfix\"><div class=\"wpipessoa-thumb\"><a href=\"https:\/\/wp.ufpel.edu.br\/ppgbbio\/pessoas\/laboratorio-de-genomica-de-estructural\/\"><img width=\"200\" height=\"143\" src=\"https:\/\/wp.ufpel.edu.br\/ppgbbio\/files\/2017\/08\/Genomica-Estrutural-200x143.jpg\" class=\"attachment-thumbnail size-thumbnail wp-post-image\" alt=\"\" \/><\/a><\/div><div class=\"wpipessoa-info\"><div class=\"wpipessoa-nome wpipessoa-fonte-grande\"><a href=\"https:\/\/wp.ufpel.edu.br\/ppgbbio\/pessoas\/laboratorio-de-genomica-de-estructural\/\">Laboratorio de Gen\u00f3mica de Estructural<\/a><\/div><\/div><\/li><li class=\"wpipessoa-post clearfix\"><div class=\"wpipessoa-thumb\"><a href=\"https:\/\/wp.ufpel.edu.br\/ppgbbio\/pessoas\/laboratorio-de-investigacion-de-biochemical-pharmacology-lafarbio\/\"><img width=\"200\" height=\"143\" src=\"https:\/\/wp.ufpel.edu.br\/ppgbbio\/files\/2017\/08\/Lafarbio-200x143.jpg\" class=\"attachment-thumbnail size-thumbnail wp-post-image\" alt=\"\" \/><\/a><\/div><div class=\"wpipessoa-info\"><div class=\"wpipessoa-nome wpipessoa-fonte-grande\"><a href=\"https:\/\/wp.ufpel.edu.br\/ppgbbio\/pessoas\/laboratorio-de-investigacion-de-biochemical-pharmacology-lafarbio\/\">Laboratorio de Investigaci\u00f3n de Biochemical Pharmacology (LaFarBio)<\/a><\/div><\/div><\/li><li class=\"wpipessoa-post clearfix\"><div class=\"wpipessoa-thumb\"><a href=\"https:\/\/wp.ufpel.edu.br\/ppgbbio\/pessoas\/laboratorio-de-investigacion-de-microbiologia-oral\/\"><img width=\"200\" height=\"102\" src=\"https:\/\/wp.ufpel.edu.br\/ppgbbio\/files\/2017\/08\/Microbiologia-Oral-200x102.jpg\" class=\"attachment-thumbnail size-thumbnail wp-post-image\" alt=\"\" \/><\/a><\/div><div class=\"wpipessoa-info\"><div class=\"wpipessoa-nome wpipessoa-fonte-grande\"><a href=\"https:\/\/wp.ufpel.edu.br\/ppgbbio\/pessoas\/laboratorio-de-investigacion-de-microbiologia-oral\/\">Laboratorio de Investigaci\u00f3n de Microbiolog\u00eda Oral<\/a><\/div><\/div><\/li><li class=\"wpipessoa-post clearfix\"><div class=\"wpipessoa-thumb\"><a href=\"https:\/\/wp.ufpel.edu.br\/ppgbbio\/pessoas\/laboratorio-de-investigacion-microbiologica-bioquimica-biologia-molecular-y-el-cultivo-de-celulas\/\"><img width=\"150\" height=\"150\" src=\"https:\/\/wp.ufpel.edu.br\/ppgbbio\/files\/2017\/02\/cropped-PPGBbio-Cabe\u00e7alho-150x150.jpg\" class=\"attachment-thumbnail size-thumbnail wp-post-image\" alt=\"\" srcset=\"https:\/\/wp.ufpel.edu.br\/ppgbbio\/files\/2017\/02\/cropped-PPGBbio-Cabe\u00e7alho-150x150.jpg 150w, https:\/\/wp.ufpel.edu.br\/ppgbbio\/files\/2017\/02\/cropped-PPGBbio-Cabe\u00e7alho-300x300.jpg 300w, https:\/\/wp.ufpel.edu.br\/ppgbbio\/files\/2017\/02\/cropped-PPGBbio-Cabe\u00e7alho-270x270.jpg 270w, https:\/\/wp.ufpel.edu.br\/ppgbbio\/files\/2017\/02\/cropped-PPGBbio-Cabe\u00e7alho-192x192.jpg 192w, https:\/\/wp.ufpel.edu.br\/ppgbbio\/files\/2017\/02\/cropped-PPGBbio-Cabe\u00e7alho-180x180.jpg 180w, https:\/\/wp.ufpel.edu.br\/ppgbbio\/files\/2017\/02\/cropped-PPGBbio-Cabe\u00e7alho-32x32.jpg 32w, https:\/\/wp.ufpel.edu.br\/ppgbbio\/files\/2017\/02\/cropped-PPGBbio-Cabe\u00e7alho.jpg 512w\" sizes=\"(max-width: 150px) 100vw, 150px\" \/><\/a><\/div><div class=\"wpipessoa-info\"><div class=\"wpipessoa-nome wpipessoa-fonte-grande\"><a href=\"https:\/\/wp.ufpel.edu.br\/ppgbbio\/pessoas\/laboratorio-de-investigacion-microbiologica-bioquimica-biologia-molecular-y-el-cultivo-de-celulas\/\">Laboratorio de Investigaci\u00f3n Microbiol\u00f3gica &#8211; Bioqu\u00edmica, Biolog\u00eda Molecular y el Cultivo de c\u00e9lulas<\/a><\/div><\/div><\/li><li class=\"wpipessoa-post clearfix\"><div class=\"wpipessoa-thumb\"><a href=\"https:\/\/wp.ufpel.edu.br\/ppgbbio\/pessoas\/laboratorio-de-neuromodulacion-celular-neurocell\/\"><img width=\"150\" height=\"150\" src=\"https:\/\/wp.ufpel.edu.br\/ppgbbio\/files\/2017\/02\/cropped-PPGBbio-Cabe\u00e7alho-150x150.jpg\" class=\"attachment-thumbnail size-thumbnail wp-post-image\" alt=\"\" srcset=\"https:\/\/wp.ufpel.edu.br\/ppgbbio\/files\/2017\/02\/cropped-PPGBbio-Cabe\u00e7alho-150x150.jpg 150w, https:\/\/wp.ufpel.edu.br\/ppgbbio\/files\/2017\/02\/cropped-PPGBbio-Cabe\u00e7alho-300x300.jpg 300w, https:\/\/wp.ufpel.edu.br\/ppgbbio\/files\/2017\/02\/cropped-PPGBbio-Cabe\u00e7alho-270x270.jpg 270w, https:\/\/wp.ufpel.edu.br\/ppgbbio\/files\/2017\/02\/cropped-PPGBbio-Cabe\u00e7alho-192x192.jpg 192w, https:\/\/wp.ufpel.edu.br\/ppgbbio\/files\/2017\/02\/cropped-PPGBbio-Cabe\u00e7alho-180x180.jpg 180w, https:\/\/wp.ufpel.edu.br\/ppgbbio\/files\/2017\/02\/cropped-PPGBbio-Cabe\u00e7alho-32x32.jpg 32w, https:\/\/wp.ufpel.edu.br\/ppgbbio\/files\/2017\/02\/cropped-PPGBbio-Cabe\u00e7alho.jpg 512w\" sizes=\"(max-width: 150px) 100vw, 150px\" \/><\/a><\/div><div class=\"wpipessoa-info\"><div class=\"wpipessoa-nome wpipessoa-fonte-grande\"><a href=\"https:\/\/wp.ufpel.edu.br\/ppgbbio\/pessoas\/laboratorio-de-neuromodulacion-celular-neurocell\/\">Laboratorio de Neuromodulaci\u00f3n Celular &#8211; Neurocell<\/a><\/div><\/div><\/li><li class=\"wpipessoa-post clearfix\"><div class=\"wpipessoa-thumb\"><a href=\"https:\/\/wp.ufpel.edu.br\/ppgbbio\/pessoas\/laboratorio-de-neuroquimica-inflamacion-y-cancer-neurocan\/\"><img width=\"150\" height=\"150\" src=\"https:\/\/wp.ufpel.edu.br\/ppgbbio\/files\/2017\/02\/cropped-PPGBbio-Cabe\u00e7alho-150x150.jpg\" class=\"attachment-thumbnail size-thumbnail wp-post-image\" alt=\"\" srcset=\"https:\/\/wp.ufpel.edu.br\/ppgbbio\/files\/2017\/02\/cropped-PPGBbio-Cabe\u00e7alho-150x150.jpg 150w, https:\/\/wp.ufpel.edu.br\/ppgbbio\/files\/2017\/02\/cropped-PPGBbio-Cabe\u00e7alho-300x300.jpg 300w, https:\/\/wp.ufpel.edu.br\/ppgbbio\/files\/2017\/02\/cropped-PPGBbio-Cabe\u00e7alho-270x270.jpg 270w, https:\/\/wp.ufpel.edu.br\/ppgbbio\/files\/2017\/02\/cropped-PPGBbio-Cabe\u00e7alho-192x192.jpg 192w, https:\/\/wp.ufpel.edu.br\/ppgbbio\/files\/2017\/02\/cropped-PPGBbio-Cabe\u00e7alho-180x180.jpg 180w, https:\/\/wp.ufpel.edu.br\/ppgbbio\/files\/2017\/02\/cropped-PPGBbio-Cabe\u00e7alho-32x32.jpg 32w, https:\/\/wp.ufpel.edu.br\/ppgbbio\/files\/2017\/02\/cropped-PPGBbio-Cabe\u00e7alho.jpg 512w\" sizes=\"(max-width: 150px) 100vw, 150px\" \/><\/a><\/div><div class=\"wpipessoa-info\"><div class=\"wpipessoa-nome wpipessoa-fonte-grande\"><a href=\"https:\/\/wp.ufpel.edu.br\/ppgbbio\/pessoas\/laboratorio-de-neuroquimica-inflamacion-y-cancer-neurocan\/\">Laboratorio de Neuroqu\u00edmica, Inflamaci\u00f3n y C\u00e1ncer (Neurocan)<\/a><\/div><\/div><\/li><li class=\"wpipessoa-post clearfix\"><div class=\"wpipessoa-thumb\"><a href=\"https:\/\/wp.ufpel.edu.br\/ppgbbio\/pessoas\/laboratorio-quimica-aplicada-de-bioactivos-laquiabio\/\"><img width=\"200\" height=\"200\" src=\"https:\/\/wp.ufpel.edu.br\/ppgbbio\/files\/2017\/08\/LaQuiABio-8-200x200.png\" class=\"attachment-thumbnail size-thumbnail wp-post-image\" alt=\"\" \/><\/a><\/div><div class=\"wpipessoa-info\"><div class=\"wpipessoa-nome wpipessoa-fonte-grande\"><a href=\"https:\/\/wp.ufpel.edu.br\/ppgbbio\/pessoas\/laboratorio-quimica-aplicada-de-bioactivos-laquiabio\/\">Laboratorio Qu\u00edmica Aplicada de Bioactivos (LaQuiABio)<\/a><\/div><\/div><\/li><li class=\"wpipessoa-post clearfix\"><div class=\"wpipessoa-thumb\"><a href=\"https:\/\/wp.ufpel.edu.br\/ppgbbio\/pessoas\/salas-multiusuario\/\"><img width=\"150\" height=\"150\" src=\"https:\/\/wp.ufpel.edu.br\/ppgbbio\/files\/2017\/02\/cropped-PPGBbio-Cabe\u00e7alho-150x150.jpg\" class=\"attachment-thumbnail size-thumbnail wp-post-image\" alt=\"\" srcset=\"https:\/\/wp.ufpel.edu.br\/ppgbbio\/files\/2017\/02\/cropped-PPGBbio-Cabe\u00e7alho-150x150.jpg 150w, https:\/\/wp.ufpel.edu.br\/ppgbbio\/files\/2017\/02\/cropped-PPGBbio-Cabe\u00e7alho-300x300.jpg 300w, https:\/\/wp.ufpel.edu.br\/ppgbbio\/files\/2017\/02\/cropped-PPGBbio-Cabe\u00e7alho-270x270.jpg 270w, https:\/\/wp.ufpel.edu.br\/ppgbbio\/files\/2017\/02\/cropped-PPGBbio-Cabe\u00e7alho-192x192.jpg 192w, https:\/\/wp.ufpel.edu.br\/ppgbbio\/files\/2017\/02\/cropped-PPGBbio-Cabe\u00e7alho-180x180.jpg 180w, https:\/\/wp.ufpel.edu.br\/ppgbbio\/files\/2017\/02\/cropped-PPGBbio-Cabe\u00e7alho-32x32.jpg 32w, https:\/\/wp.ufpel.edu.br\/ppgbbio\/files\/2017\/02\/cropped-PPGBbio-Cabe\u00e7alho.jpg 512w\" sizes=\"(max-width: 150px) 100vw, 150px\" \/><\/a><\/div><div class=\"wpipessoa-info\"><div class=\"wpipessoa-nome wpipessoa-fonte-grande\"><a href=\"https:\/\/wp.ufpel.edu.br\/ppgbbio\/pessoas\/salas-multiusuario\/\">Salas multiusuario<\/a><\/div><\/div><\/li><li class=\"wpipessoa-post clearfix\"><div class=\"wpipessoa-thumb\"><a href=\"https:\/\/wp.ufpel.edu.br\/ppgbbio\/pessoas\/y-lipidomics-bio-organicas-laboratorio-llipidomicabio\/\"><img width=\"200\" height=\"98\" src=\"https:\/\/wp.ufpel.edu.br\/ppgbbio\/files\/2017\/08\/LLipBio-200x98.jpg\" class=\"attachment-thumbnail size-thumbnail wp-post-image\" alt=\"\" \/><\/a><\/div><div class=\"wpipessoa-info\"><div class=\"wpipessoa-nome wpipessoa-fonte-grande\"><a href=\"https:\/\/wp.ufpel.edu.br\/ppgbbio\/pessoas\/y-lipidomics-bio-organicas-laboratorio-llipidomicabio\/\">Y lipidomics bio-org\u00e1nicas Laboratorio (Llipidomicabio)<\/a><\/div><\/div><\/li><\/ul>\n<p>&nbsp;<\/p>\n<p>&nbsp;<\/p>\n","protected":false},"excerpt":{"rendered":"<div class=\"wpipessoa-lista wpipessoa-info\"><\/div>\n","protected":false},"author":131,"featured_media":0,"parent":0,"menu_order":0,"comment_status":"closed","ping_status":"closed","template":"","meta":{"footnotes":""},"class_list":["post-2045","page","type-page","status-publish","hentry"],"_links":{"self":[{"href":"https:\/\/wp.ufpel.edu.br\/ppgbbio\/wp-json\/wp\/v2\/pages\/2045","targetHints":{"allow":["GET"]}}],"collection":[{"href":"https:\/\/wp.ufpel.edu.br\/ppgbbio\/wp-json\/wp\/v2\/pages"}],"about":[{"href":"https:\/\/wp.ufpel.edu.br\/ppgbbio\/wp-json\/wp\/v2\/types\/page"}],"author":[{"embeddable":true,"href":"https:\/\/wp.ufpel.edu.br\/ppgbbio\/wp-json\/wp\/v2\/users\/131"}],"replies":[{"embeddable":true,"href":"https:\/\/wp.ufpel.edu.br\/ppgbbio\/wp-json\/wp\/v2\/comments?post=2045"}],"version-history":[{"count":2,"href":"https:\/\/wp.ufpel.edu.br\/ppgbbio\/wp-json\/wp\/v2\/pages\/2045\/revisions"}],"predecessor-version":[{"id":2049,"href":"https:\/\/wp.ufpel.edu.br\/ppgbbio\/wp-json\/wp\/v2\/pages\/2045\/revisions\/2049"}],"wp:attachment":[{"href":"https:\/\/wp.ufpel.edu.br\/ppgbbio\/wp-json\/wp\/v2\/media?parent=2045"}],"curies":[{"name":"wp","href":"https:\/\/api.w.org\/{rel}","templated":true}]}}