{"id":2037,"date":"2018-03-15T19:11:33","date_gmt":"2018-03-15T22:11:33","guid":{"rendered":"https:\/\/wp.ufpel.edu.br\/ppgbbio\/?page_id=2037"},"modified":"2018-03-15T19:11:33","modified_gmt":"2018-03-15T22:11:33","slug":"maestro-electiva-dpa","status":"publish","type":"page","link":"https:\/\/wp.ufpel.edu.br\/ppgbbio\/maestro-electiva-dpa\/","title":{"rendered":"MAESTRO electiva \/ DPA"},"content":{"rendered":"<p><strong>5) MAESTRO electiva \/ DPA<\/strong><\/p>\n<p><strong>5.1) An\u00e1lisis por espectrometr\u00eda de compuestos org\u00e1nicos: <\/strong>4 cr\u00e9ditos (68 horas)<\/p>\n<p>C\u00f3digo: 1658054<\/p>\n<p><strong>Resumen:<\/strong> Esta disciplina pretende dar a los estudiantes el conocimiento de los m\u00e9todos f\u00edsicos principales y actuales utilizados para el aislamiento y caracterizaci\u00f3n de sustancias org\u00e1nicas: espectrometr\u00eda de masas, espectroscopia de absorci\u00f3n de infrarrojos y UV-VIS. La resonancia magn\u00e9tica nuclear de hidr\u00f3geno y de carbono-13. Espectros-uni\u00a0 y bidimensional de 1H, 13C y DEPT135. RMN de otros n\u00facleos importantes. Espectroscopia de Fluorescencia y Fosforescencia.<\/p>\n<p><em>Bibliografia: R.M. Silverstein, F.X. Webster;Identifica\u00e7\u00e3o Espectrometrica de Compostos Org\u00e2nico, 6\u00aa ed. LTC- Livros T\u00e9cnicos e Cient\u00edficos Editora S.A., Rio de Janeiro, 1998.<\/em><\/p>\n<p><em>D.L. Pavia, G.M. Lampman e G.S. Kriz; J.R. Vyvyan; Introdu\u00e7\u00e3o a Espectroscopia, tradu\u00e7\u00e3o da 4\u00aa edi\u00e7\u00e3o Americana, CENGAGE Learning, S\u00e3o Paulo, 2010.<\/em><\/p>\n<p><em>EberhardBreitmaier, Structure Elucidation by NMR in Organic Chemistry; A Practical Guide, Third edition, Jonh Wiley &amp; Sons, Ltd. 2002.<\/em><\/p>\n<p><em>Breitmaier&amp;Voelter, Carbono-13 NMR Spectroscopy, 3 rd ed., Verlag, NY, 1987.<\/em><\/p>\n<p><em>Brown &amp; Foote, Organic Chemistry, Second Edition, Saunders College Publishing, 1998.Lakowicz, J. R.; Principles of Fluorescence Spectroscopy. <\/em><em>2.Ed., Kluwer Academic\/Plenum: New York. 1999.<\/em><\/p>\n<p>&nbsp;<\/p>\n<p><strong>5.2) Bioqu\u00edmica Avanzada<\/strong>: 04 cr\u00e9ditos (68 horas)<\/p>\n<p>C\u00f3digo: 1658017<\/p>\n<p><strong>Resumen:<\/strong> Estudiar la estructura, las propiedades qu\u00edmicas y el metabolismo (oxidaci\u00f3n y bios\u00edntesis) de las biomol\u00e9culas que comprenden organismos vivos, hidratos de carbono, l\u00edpidos y prote\u00ednas. Estudiar las principales v\u00edas de metabolismo primario y las nociones de biolog\u00eda molecular.<\/p>\n<p><em>Bibliografia: Nelson, D.L., Cox, M.M. Lehninger Principles of Biochemistry. 5\u00ba ed., W.H. Freeman, 2008.<\/em><\/p>\n<p><em>Lieberman, M., Marks, A.D. Marks\u2019 Basic Medical Biochemistry. 3\u00ba ed.,<\/em><\/p>\n<p><em>Lippincott Willians &amp; Wilkins, 2008. Voet, D., Voet ,J.G. Biochemistry. <\/em><em>3\u00ba ed., Wiley, 2004.<\/em><\/p>\n<p>&nbsp;<\/p>\n<p><strong>5.3) Bioseguridad en Experimentaci\u00f3n Animal y \u00c9tica <\/strong>02 cr\u00e9ditos (34 horas)<\/p>\n<p>C\u00f3digo: 1658055<\/p>\n<p><strong>Resumen:<\/strong> Tanto el \u00e1rea de bioseguridad como la de Experimentaci\u00f3n Animal, han seguido las transformaciones t\u00e9cnicas y cient\u00edficas en Brasil y en todo el mundo. Esta evoluci\u00f3n tiene como objetivo satisfacer las necesidades individuales de prevenci\u00f3n individual, colectiva y de bienestar animal. En este contexto, la disciplina cubre temas relacionados con las recomendaciones normativas para los profesionales que trabajan en los laboratorios y animalarios (locales para animales) como equipos, exposici\u00f3n de riesgo, as\u00ed como el descarte de residuos y la estructura f\u00edsica adecuada. En una segunda etapa, la disciplina aborda y discute las bases \u00e9ticas de bienestar animal, con \u00e9nfasis en los conceptos actuales y la legislaci\u00f3n en la experimentaci\u00f3n cient\u00edfica con el uso de animales en Brasil.<\/p>\n<p><em>Bibliografia: BRASIL. Minist\u00e9rio da Sa\u00fade. Biosseguran\u00e7a em Sa\u00fade: Prioridades e Estrat\u00e9gias de A\u00e7\u00e3o. Organiza\u00e7\u00e3o Pan-Americana da Sa\u00fade. Bras\u00edlia. Brasil, 2010.<\/em><\/p>\n<p><em>BRASIL. Minist\u00e9rio da Ci\u00eancia e Tecnologia. Cadernos de Biosseguran\u00e7a Legisla\u00e7\u00e3o. http:\/\/www.ctnbio.gov.br\/upd_blob\/0000\/8.pdf Acesso dispon\u00edvel em 27\/08\/2011.<\/em><\/p>\n<p><em>HIRATA, M. H.; FILHO MANCINI, J. Manual de Biosseguran\u00e7a. Editora Manole. S\u00e3o Paulo. Brasil, 2008.<\/em><\/p>\n<p><em>TEIXEIRA, P.; VALLE, S. Biosseguran\u00e7a uma abordagem multidisciplinar. Editora Fiocruz. Rio de Janeiro. Brasil, 2002.<\/em><\/p>\n<p><em>MOLINARO, E. M; MAJEROWICZ, J.; VALLE, S. Biosseguran\u00e7a em Biot\u00e9rios. Editora Interci\u00eancia. Rio de Janeiro. Brasil, 2008<\/em><\/p>\n<p><em>FEIJ\u00d3, A. G. S; BRAGA, L. M. G. M.; PITREZ, P. M. C. Animais na pesquisa e no ensino: aspectos \u00e9ticos e t\u00e9cnicos. EdiPucrs. Proto Alegre, 2010.<\/em><\/p>\n<p><em>GUIMAR\u00c3ES, M. A.; M\u00c1ZARO, R. Princ\u00edpios \u00e9ticos e pr\u00e1ticos dos uso de animais de experimenta\u00e7\u00e3o. UNIFESP. S\u00e3o Paulo. Brasil, 2004.<\/em><\/p>\n<p><em>ANDRADE, A.; PINTO, S. C.; OLIVEIRA, R. S. Animais de Laborat\u00f3rio: cria\u00e7\u00e3o e experimenta\u00e7\u00e3o. Editora Fiocruz. Rio de Janeiro. Brasil, 2006.<\/em><\/p>\n<p><em>Lei n. 11.794. Procedimento para o uso cient\u00edfico de animais. Governo Federal. 8 de outubro de 2008.<\/em><\/p>\n<p><em>Resolu\u00e7\u00e3o n. 1000. Eutan\u00e1sia. Conselho Federal de Medicina Veterin\u00e1ria. 11 de Maio 2012.<\/em><\/p>\n<p><em>Trabalhos originais publicados em revistas indexadas de circula\u00e7\u00e3o internacional<\/em><\/p>\n<p><strong><em>\u00a0<\/em><\/strong><\/p>\n<p>&nbsp;<\/p>\n<p><strong>5.4) Elaboraci\u00f3n de Disertaci\u00f3n o Tesis: <\/strong>1 cr\u00e9dito (17 horas)<\/p>\n<p>C\u00f3digo: 1658052<\/p>\n<p><strong>Resumen: <\/strong>La disciplina de Elaboraci\u00f3n de Disertaci\u00f3n o Tesis corresponde a la encuesta y el an\u00e1lisis de los resultados obtenidos durante el periodo acad\u00e9mico de maestr\u00eda. El estudiante llevar\u00e1 a cabo la revisi\u00f3n de la literatura, emitiendo sus conclusiones y presentar\u00e1 los art\u00edculos resultantes en forma de disertaci\u00f3n o tesis de acuerdo con las normas establecidas en el reglamento del programa.<\/p>\n<p><em>\u00a0<\/em><\/p>\n<p><em>Bibliografia: As refer\u00eancias utilizadas s\u00e3o espec\u00edficas do plano de estudo e do trabalho desenvolvido pelo discente durante o mestrado.<\/em><\/p>\n<p><em>\u00a0<\/em><\/p>\n<p><strong>5.5) Los ensayos biol\u00f3gicos de los productos naturales, sint\u00e9ticas y semi-sint\u00e9tico<\/strong>: 4 cr\u00e9ditos (68 horas)<\/p>\n<p>C\u00f3digo: 1658021<\/p>\n<p><strong>Resumen:<\/strong> Formas de obtenci\u00f3n y presentaci\u00f3n de los extractos de ensayo, identificaci\u00f3n correcta de las muestras y las condiciones de prueba de los productos a ser probados o testados. Evaluaci\u00f3n in vitro de la eficacia del producto contra los organismos procariotas y eucariotas de inter\u00e9s m\u00e9dico para ensayos biol\u00f3gicos. Bioseguridad en el laboratorio de investigaci\u00f3n. El uso de productos en la reactivaci\u00f3n del crecimiento de microorganismos y c\u00e9lulas animales y humanas. Realizaci\u00f3n de ensayos de citotoxicidad, ensayos antimicrobianos para bacterias y levaduras, utilizando t\u00e9cnicas de micro y macrodiluci\u00f3n\u00a0 en caldo. Introducci\u00f3n a los m\u00e9todos que implican la calificaci\u00f3n y cuantificaci\u00f3n de las biopel\u00edculas bacterianas y f\u00fangicas, y la interpretaci\u00f3n de los resultados de las pruebas y ensayos.<\/p>\n<p><em>Bibliografia: Cleff M.B., Meinerz A.R.M., Lund R.G. Fitoterapia aplicada \u00e0 Medicina Veterin\u00e1ria. In: M\u00e1rio CarlosAra\u00fajo Meireles; Patr\u00edcia da Silva Nascente. (Org.). Micologia Veterin\u00e1ria. 01 ed. Pelotas: Editora Gr\u00e1fica Universit\u00e1ria \u2013 PREC \/ UFPel, 2009, v. 01.<\/em><\/p>\n<p><em>Freshney, R. I. (2005). \u201cCulture of Animal Cells \u2013 A Manual of Basic Technique,\u201d 5th\/Ed. John Wiley &amp; Sons Inc.<\/em><\/p>\n<p><em>Trabalhos originais publicados em revistas indexadas de circula\u00e7\u00e3o nacional e internacional<\/em><\/p>\n<p>&nbsp;<\/p>\n<p><strong>5.6) \u00c9tica de la Investigaci\u00f3n<\/strong>: 2 cr\u00e9ditos (34 horas)<\/p>\n<p>C\u00f3digo: 1658022<\/p>\n<p><strong>Resumen:<\/strong> Aspectos \u00e9ticos involucrados en la investigaci\u00f3n de la salud. Directrices y normas para la investigaci\u00f3n de la salud. Consentimiento informado. Interfaces de la bio\u00e9tica y la \u00e9tica aplicada a la investigaci\u00f3n en salud. Evaluaci\u00f3n \u00e9tica de proyectos de investigaci\u00f3n.<\/p>\n<p><em>Bibliografia: Goldim J.R. Pesquisa em Sa\u00fade: leis, normas e diretrizes. 2 ed. Porto Alegre: HCPA, 1996.<\/em><\/p>\n<p><em>Fortes, P.A.C., Zoboli, E.L.C.P (orgs). Bio\u00e9tica e Sa\u00fade P\u00fablica. Edi\u00e7\u00f5es Loyola, 2003.<\/em><\/p>\n<p><em>Durand, G. Introdu\u00e7\u00e3o geral \u00e0 bio\u00e9tica. Edi\u00e7\u00f5es Loyola, 2003.<\/em><\/p>\n<p><em>Martins-Costa, J., Moller, L.L (orgs). Bio\u00e9tica e Responsabilidade, Rio de Janeiro: Forense, 2009.<\/em><\/p>\n<p><em>Trabalhos originais publicados em revistas indexadas de circula\u00e7\u00e3o nacional e internacional<\/em><\/p>\n<p>&nbsp;<\/p>\n<p><strong>5.7) Heterociclos aplicado a los f\u00e1rmacos<\/strong>: 4 cr\u00e9ditos (68 horas)<\/p>\n<p>C\u00f3digo: 178079<\/p>\n<p><strong>Resumen:<\/strong> Tiene como objetivo profundizar en el conocimiento inherente a compuestos de alta aplicabilidad como productos intermedios sint\u00e9ticos y f\u00e1rmacos. La disciplina se centrar\u00e1 en la nomenclatura, estructura, s\u00edntesis, reactividad y aplicaci\u00f3n de heterociclos como productos farmac\u00e9uticos.<\/p>\n<p><em>Bibliografia: Clayden, Greeves, Warren &amp; Wothers, Organic Chemistry, Oxford University Press, Oxford, 2001<\/em><\/p>\n<p><em>Eicher, T.; Hauotman, S. The Chemistry of Heterocycles, Georg Thieme Verlag Stuttgart, New York, 1995.<\/em><\/p>\n<p><em>Joule, A.J.; Mills, K. Heterocyclic at a Glance, Blackwell Publishing,UK, 2007.<\/em><\/p>\n<p>&nbsp;<\/p>\n<p><strong>5.8) Lipidomica<\/strong>: 6, (102 horas)<\/p>\n<p>C\u00f3digo: D000642<\/p>\n<p><strong>Resumen:<\/strong> En primer lugar, el alumno tendr\u00e1 una revisi\u00f3n de la bios\u00edntesis de l\u00edpidos. Tambi\u00e9n ser\u00e1n presentados temas importantes dentro de\u00a0 la lipidomica, como la producci\u00f3n de fitoesteroles. Tambi\u00e9n conceptos b\u00e1sicos de cromatograf\u00eda gaseosa, l\u00edquida y, espectrometr\u00eda de masas. El estudiante visualizar\u00e1 diferentes t\u00e9cnicas de extracci\u00f3n y derivatizaci\u00f3n en el laboratorio, con matrices diferentes, semillas, almendras y algas. La parte de instrumentaci\u00f3n se realizar\u00e1 usando la cromatograf\u00eda como herramienta principal, donde ser\u00e1n estudiadas la identificaci\u00f3n de mol\u00e9culas inherentes a lipid\u00f3mica: fosfol\u00edpidos, \u00e1cidos grasos, \u00e9steres y fitoesteroles. La disciplina se impartir\u00e1 en el Laboratorio de Cromatograf\u00eda Multiusuario. Para las clases estar\u00e1n disponibles: 2 Cromat\u00f3grafos Gas, 1 Cromat\u00f3grafo de Gases acoplado a Masas y 1 Cromat\u00f3grafo L\u00edquido de Alta Eficiencia. Tambi\u00e9n ser\u00e1n presentadas t\u00e9cnicas modernas de cromatograf\u00eda aplicada a lipid\u00f3mica, como la detecci\u00f3n de omegas en cromatograf\u00eda a trav\u00e9s de la Cromatograf\u00eda L\u00edquida en 2D (2 Dimensiones).<\/p>\n<p><em>Bibliografia:\u00a0Baugh, P. J., Gas Chromatography: A Practical Approach, Oxford University Press, USA, 1994.<\/em><\/p>\n<p><em>Collins, C.H.; Braga, G.L.; Bonato, P.S., Fundamentos de Cromatografia, 1\u00aa ed. Editora da Unicamp,Campinas, 2006.<\/em><\/p>\n<p><em>Lieberman, M., Marks, A.D. Marks\u2019 Basic Medical Biochemistry.3\u00ba ed., Lippincott Willians&amp; Wilkins, 2008.<\/em><\/p>\n<p><em>Voet, D., Voet ,J.G. Biochemistry. <\/em><em>3\u00ba ed., Wiley, 2004.<\/em><\/p>\n<p><em>Mondello, L.; Lewis, A. C.; Bartle, K. D., Multidimensional Chromatography, John Wiley &amp; Sons, Inc, Chichester, England, 2002.<\/em><\/p>\n<p><em>Trabalhos originais publicados em revistas indexadas de circula\u00e7\u00e3o nacional e internacional<\/em><\/p>\n<p><strong><em>\u00a0<\/em><\/strong><\/p>\n<p>&nbsp;<\/p>\n<p><strong>5.9) Los modelos de comportamiento en la investigaci\u00f3n precl\u00ednica:<\/strong> 4 cr\u00e9ditos (68 horas)<\/p>\n<p>C\u00f3digos: D000400<\/p>\n<p><strong>Resumen:<\/strong> Proporcionar informaci\u00f3n y habilidades para poner en pr\u00e1ctica protocolos de comportamiento en la investigaci\u00f3n precl\u00ednica. Ser\u00e1n estudiados y presentados protocolos de investigaci\u00f3n in vivo, tales como convulsiones, ansiedad, depresi\u00f3n y memoria.<\/p>\n<p><em>Bibliografia:\u00a0Hales, CA, Stuart SA, Anderson MH, Robinson, ES Modelling cognitive affective biases in major depressive disorder using rodents.\u00a0Br J Pharmacol.\u00a0doi: 10.1111\/bph.12603, 2014. \u00a0Reddy DS, Kuruba R.Experimental\u00a0models\u00a0of status epilepticus and neuronal injury for evaluation of therapeutic interventions.\u00a0Int J Mol Sci.\u00a02013, 14(9):18284-318.\u00a0Vogel h (ed.). Drug discovery and evaluation: pharmacological assays. <\/em><em>3<sup>a<\/sup>\u00a0ed. Springer-verlag: Alemanha, 2008. \u00a0Heinrichs SC,\u00a0Seyfried TN. Behavioral seizure correlates in animal models of epilepsy: a road map for assay selection, data interpretation, and the search for causal mechanisms.\u00a0Epilepsy Behav.\u00a02006, 8(1):5-38.\u00a0Dudchenko PA. An overview of the tasks used to test working\u00a0memory\u00a0in rodents.\u00a0Neurosci Biobehav Rev.\u00a02004,28(7):699-709.\u00a0Lapa AJ, Souccar C, Lima-Landman MTR, Lima TCM. M\u00e9todos de Avalia\u00e7\u00e3o da atividade farmacol\u00f3gica de plantas medicinais. Programa Iberoamericano de Ci\u00eancia e Tecnologia para o Desenvolvimento-CYTED, 2001.\u00a0Hardman JG, Limbird LE, Molinoff PB, Ruddon RW, Gilman AG (Ed.). Goodman &amp; Gilman. The Pharmacological Basis of Therapeutics. McGraw Hill: EUA, 2000.\u00a0Trabalhos originais\u00a0atuais\u00a0publicados em revistas indexadas de circula\u00e7\u00e3o nacional e internacional.<\/em><\/p>\n<p>&nbsp;<\/p>\n<p><strong>5.10) Neuropharmacology<\/strong>: 3 cr\u00e9ditos (51 horas)<\/p>\n<p>C\u00f3digo: 0028056<\/p>\n<p><strong>Resumen:<\/strong> Estudio de los fundamentos de Neurofarmacolog\u00eda, conceptos b\u00e1sicos de pruebas\u00a0 y ensayos farmacol\u00f3gicos, farmacocin\u00e9ticas y farmacodin\u00e1micas, la acci\u00f3n de los f\u00e1rmacos en el sistema nervioso central, f\u00e1rmacos para enfermedades neurodegenerativas.<\/p>\n<p><em>Bibliografia: Fundamental Neuroscience (2\u00aa edi\u00e7\u00e3o) Squire L, Bloom F, McConnell S, Roberts J, Spitzer N &amp; Zigmond M. Academic Press, 2002.<\/em><\/p>\n<p><em>Basic Neurochemistry: Molecular, Cellular and Medical Aspect (7\u00aa edi\u00e7\u00e3o) Siegel G, Hines E, Albers R &amp; Price D. Academic Press, 2005.<\/em><\/p>\n<p><em>Goodman &amp; Gilman: Bases farmacol\u00f3gicas da terap\u00eautica. Editora Guanabara, \u00faltima edi\u00e7\u00e3o dispon\u00edvel.<\/em><\/p>\n<p><em>Rang, H.P. e Dale, M.M. (2007) Farmacologia, Guanabara Koogan.<\/em><\/p>\n<p><em>Fuchs, F.D. e Wannmacher,L. (2000) Farmacologia Cl\u00ednica \u2013 Fundamentos da Terap\u00eautica racional, Guanabara Koogan, 2a edi\u00e7\u00e3o.<\/em><\/p>\n<p><em>Trabalhos originais publicados em revistas indexadas de circula\u00e7\u00e3o nacional e internacional<\/em><\/p>\n<p>&nbsp;<\/p>\n<p><strong>05.11) Neuroqu\u00edmica<\/strong>: 4 cr\u00e9ditos (68 horas)<\/p>\n<p>C\u00f3digo: 1658027<\/p>\n<p><strong>Resumen:<\/strong> Estudio de los fundamentos de Neuroqu\u00edmica, conceptos b\u00e1sicos sobre\u00a0 organizaci\u00f3n, desarrollo, plasticidad, comunicaci\u00f3n y sistemas de transducci\u00f3n de se\u00f1ales en el Sistema Nervioso Central.<\/p>\n<p><em>Bibliografia: Bignami, A. and Dahl, D. Glial cells in the central nervous system and their reaction to injury. Austin, London, 1994.<\/em><\/p>\n<p><em>Kettenman, H.; and Ranson, B.R. Neuroglia, 1996.<\/em><\/p>\n<p><em>Peters, A.; Palay, S.L.; Webster, H.F. The fine structure of the nervous system. <\/em><em>Neurons and their aupplying cells. 3 ed. New York, Oxford, 1991.<\/em><\/p>\n<p><em>Fundamental Neuroscience \u2013 Zigmond, Bloom, Landis, Roberts and Squire \u2013 Academic Press. Neuroscience \u2013 Exploring the Brain \u2013 Bear, Connors and Paradiso \u2013 Williams &amp; Wilkins. <\/em><em>Kandel E, et al., Principles of Neural Sciences. (4th Ed), McGraw-Hill, 2000.<\/em><\/p>\n<p><em>Trabalhos originais publicados em revistas indexadas de circula\u00e7\u00e3o nacional e internacional.<\/em><\/p>\n<p>&nbsp;<\/p>\n<p><strong>5:12) Bioanalytics y Qu\u00edmica Ambiental<\/strong>: 4 cr\u00e9ditos (68 horas)<\/p>\n<p>C\u00f3digo: 158117<\/p>\n<p><strong>Resumen:<\/strong> Elementos qu\u00edmicos en los sistemas biol\u00f3gicos &#8211; Esencialidad y Toxicidad. M\u00e9todos de extracci\u00f3n, homogeneizaci\u00f3n y preparaci\u00f3n de muestras de material biol\u00f3gico. T\u00e9cnicas anal\u00edticas aplicadas al an\u00e1lisis y la detecci\u00f3n de biomol\u00e9culas. Validaci\u00f3n de nuevos m\u00e9todos de bioan\u00e1lisis.<\/p>\n<p><em>Bibliografia: Frausto da Silva, J.J., Williams, R.J. The Biological Chemistry of the Elements (The Inorganic Chemistry of Life), 1991, Clarendon Press, Oxford.<\/em><\/p>\n<p><em>Manz, A., Pamme, N., Iossifidis, D. Bioanalytical Chemistry, Imperial College Press (2004).<\/em><\/p>\n<p><em>Skoog, D.A., West, D.M., Holler, F.J., Crouch, S.R. Fundamentos de Qu\u00edmica Anal\u00edtica, Tradu\u00e7\u00e3o da 8\u00aa Edi\u00e7\u00e3o norte-americana, Editora Thomson, S\u00e3o Paulo-SP, 2006.<\/em><\/p>\n<p><em>Jackson, P.E. Principles and practice of modern chromatographic methods. London: Academic Press, 1994.<\/em><\/p>\n<p><em>Trabalhos originais publicados em revistas indexadas de circula\u00e7\u00e3o nacional e internacional<\/em><\/p>\n<p>&nbsp;<\/p>\n<p><strong>05:13) Qu\u00edmica Org\u00e1nica de Drogas<\/strong>: 4 cr\u00e9ditos (68 horas)<\/p>\n<p>C\u00f3digo: 1658029<\/p>\n<p><strong>Resumen: <\/strong>Estudiar los f\u00e1rmacos de origen mineral, sint\u00e9tico y semisint\u00e9tico. Proporcionar conocimientos te\u00f3ricos relacionados con la planificaci\u00f3n y la adquisici\u00f3n de nuevos f\u00e1rmacos. Se discutir\u00e1n las estrategias de quimioterapia incluyendo herramientas de bioisosterismo como la qu\u00edmica m\u00e9dica, la hibridaci\u00f3n molecular y simplificaci\u00f3n molecular. La disciplina tambi\u00e9n estudia la ruta sint\u00e9tica de f\u00e1rmacos antipal\u00fadicos, anti-VIH, anti inflamatorios, antibi\u00f3ticos, f\u00e1rmacos antituberculosos, entre otros.<\/p>\n<p><strong><em>\u00a0<\/em><\/strong><\/p>\n<p><em>Bibliografia: Barreiro, E.J., Fraga, C.A.M. Qu\u00edmica medicinal: as bases moleculares da a\u00e7\u00e3o dos f\u00e1rmacos. 2\u00b0 edi\u00e7\u00e3o. Artmed Editora, 2006.<\/em><\/p>\n<p><em>Handbook of Pharmaceutical Substances 4\u00b0 edi\u00e7\u00e3o. 2000.<\/em><\/p>\n<p><em>Patrick, G.L. An introduction to medicinal chemistry, 2nd ed., University Pren, Oxford, 2001. Physicians\u2019 Desk Reference, 54th ed., Medical economics Company Inc., Montvale, 2000.<\/em><\/p>\n<p><em>Foye, W.O., Ed. Principles of medicinal chemistry, 5th ed., Lea &amp; Febiger, Philadelphia, 2002<\/em><\/p>\n<p><em>Trabalhos originais publicados em revistas indexadas de circula\u00e7\u00e3o nacional e internacional<\/em><\/p>\n<p>&nbsp;<\/p>\n<p><strong>5:14) Radicales Libres en nivel biol\u00f3gico<\/strong>: 2 cr\u00e9ditos (34 horas)<\/p>\n<p>C\u00f3digo: 1658030<\/p>\n<p><strong>Resumen: <\/strong>La disciplina aborda los procesos de formaci\u00f3n de especies reactivas, as\u00ed como la evaluaci\u00f3n de los procesos antioxidantes y m\u00e9todos para detectar los radicales libres. Asimismo, busca relacionar el papel del estr\u00e9s oxidativo y el da\u00f1o relacionado con el desarrollo de patolog\u00edas.<\/p>\n<p><em>Bibliografia: Halliwell, B.; Gutteridge, J.M.C. (2007) Free Radicals in Biology and Medicine, 4a ed., Oxford University Press.<\/em><\/p>\n<p><em>Packer, L.; Hiramatsu, M.; Yoshikawa, T. (1996) Free Radicals in Brain Physiology and Disorders. Academic Press, Inc.<\/em><\/p>\n<p><em>Olszewer, E. (2000) Radicais Livres em Medicina. 2\u00aa ed., Fundo Editorial BYK. S\u00e3o Paulo.<\/em><\/p>\n<p><em>Trabalhos originais publicados em revistas indexadas de circula\u00e7\u00e3o nacional e internacional<\/em><\/p>\n<p>&nbsp;<\/p>\n<p><strong>5.15) Tecnolog\u00eda de Biodiesel<\/strong>: 4 cr\u00e9ditos (68 horas)<\/p>\n<p>C\u00f3digo: 178082<\/p>\n<p><strong>Resumen:<\/strong> Estudiar los conceptos y aspectos de la aplicaci\u00f3n en los sectores de producci\u00f3n de biodiesel, metodolog\u00edas de an\u00e1lisis de s\u00edntesis. Tambi\u00e9n se destaca el siguiente contenido: Aspectos biodiesel Social; Normas de la ANP (Agencia Nacional del Petr\u00f3leo); Reactores de biodi\u00e9sel; Cat\u00e1lisis biodiesel, homog\u00e9nea y heterog\u00e9nea; Caracterizaci\u00f3n de biodiesel por medio de Cromatograf\u00eda de gases (GC); An\u00e1lisis f\u00edsico-qu\u00edmicos de biodiesel.<\/p>\n<p><em>Bibliografia: Demirbas, A.; Biodiesel, Springer, Londres: 2008.<\/em><\/p>\n<p><em>Manual de Biodiesel, ed. Knothe, G.; Gerpen, J.V.; Krahl, J.; Ramos, L.P..Edgar Bl\u00fccher: S\u00e3o Paulo, 2006.<\/em><\/p>\n<p><em>Speight, J.G.; Synthetic Fuels Handbook: properties, process, and performance,Nova Iorque, 2008.<\/em><\/p>\n<p><em>Biofuels for Transportation, Worldwatch Institute, Earthscan: Londres, 2007.<\/em><\/p>\n<p><em>Publica\u00e7\u00f5es recentes em revistas cient\u00edficas per\u00edodicas: Biofuel, Environmental Science and Technology,<\/em><\/p>\n<p><em>Qu\u00edmica Nova e Journal Brazilian Chemical Society.<\/em><\/p>\n<p><em>Trabalhos originais publicados em revistas indexadas de circula\u00e7\u00e3o nacional e internacional<\/em><\/p>\n<p>&nbsp;<\/p>\n<p><strong>5.16) Temas en enzimolog\u00eda<\/strong>: 2 cr\u00e9ditos (34 horas)<\/p>\n<p>C\u00f3digo: 1658034<\/p>\n<p><strong>Resumen: <\/strong>Estudiar las propiedades f\u00edsico-qu\u00edmicas de las enzimas en los organismos biol\u00f3gicos. Mecanismos reguladores enzim\u00e1ticos y an\u00e1lisis de la cin\u00e9tica de Michaelis y Menten. Explicar los procesos y equipos utilizados para la obtenci\u00f3n de enzimas industriales. Discusi\u00f3n de temas relevantes en el \u00e1rea de la enzimolog\u00eda.<\/p>\n<p><em>Bibliografia: Nelson, D.L., Cox, M.M. Lehninger Principles of Biochemistry. 5\u00ba ed., W.H. Freeman, 2008.<\/em><\/p>\n<p><em>Lieberman, M., Marks, A.D. Marks\u2019 Basic Medical Biochemistry. 3\u00ba ed.,Lippincott Willians &amp; Wilkins, 2008.<\/em><\/p>\n<p><em>Voet, D., Voet ,J.G. Biochemistry. <\/em><em>3\u00ba ed., Wiley, 2004.<\/em><\/p>\n<p><em>Baynes, J.W., Dominiczak, M.H. Bioqu\u00edmica M\u00e9dica. 2\u00ba ed. Elsevier, 2007.<\/em><\/p>\n<p><em>Trabalhos originais publicados em revistas indexadas de circula\u00e7\u00e3o nacional e internacional.<\/em><\/p>\n<p>&nbsp;<\/p>\n<p><strong>5.17) Temas Especiales en Bioqu\u00edmica<\/strong>: 2 cr\u00e9ditos (34 horas)<\/p>\n<p>C\u00f3digo: 1658035<\/p>\n<p><strong>Resumen: <\/strong>Ser\u00e1n abordados los temas que est\u00e1n relacionados con las l\u00edneas de investigaci\u00f3n del programa, centr\u00e1ndose principalmente en temas relevantes que contribuyen a la formaci\u00f3n interdisciplinar del alumno.<\/p>\n<p><em>Bibliografia: Bibliografia atual relacionado ao tema abordado na disciplina.<\/em><\/p>\n<p><em>Trabalhos originais publicados em revistas de circula\u00e7\u00e3o nacional e internacional.<\/em><\/p>\n","protected":false},"excerpt":{"rendered":"<p>5) MAESTRO electiva \/ DPA 5.1) An\u00e1lisis por espectrometr\u00eda de compuestos org\u00e1nicos: 4 cr\u00e9ditos (68 horas) C\u00f3digo: 1658054 Resumen: Esta disciplina pretende dar a los estudiantes el conocimiento de los m\u00e9todos f\u00edsicos principales y actuales utilizados para el aislamiento y caracterizaci\u00f3n de sustancias org\u00e1nicas: espectrometr\u00eda de masas, espectroscopia de absorci\u00f3n de infrarrojos y UV-VIS. La [&hellip;]<\/p>\n","protected":false},"author":131,"featured_media":0,"parent":0,"menu_order":0,"comment_status":"closed","ping_status":"closed","template":"","meta":{"footnotes":""},"class_list":["post-2037","page","type-page","status-publish","hentry"],"_links":{"self":[{"href":"https:\/\/wp.ufpel.edu.br\/ppgbbio\/wp-json\/wp\/v2\/pages\/2037","targetHints":{"allow":["GET"]}}],"collection":[{"href":"https:\/\/wp.ufpel.edu.br\/ppgbbio\/wp-json\/wp\/v2\/pages"}],"about":[{"href":"https:\/\/wp.ufpel.edu.br\/ppgbbio\/wp-json\/wp\/v2\/types\/page"}],"author":[{"embeddable":true,"href":"https:\/\/wp.ufpel.edu.br\/ppgbbio\/wp-json\/wp\/v2\/users\/131"}],"replies":[{"embeddable":true,"href":"https:\/\/wp.ufpel.edu.br\/ppgbbio\/wp-json\/wp\/v2\/comments?post=2037"}],"version-history":[{"count":1,"href":"https:\/\/wp.ufpel.edu.br\/ppgbbio\/wp-json\/wp\/v2\/pages\/2037\/revisions"}],"predecessor-version":[{"id":2039,"href":"https:\/\/wp.ufpel.edu.br\/ppgbbio\/wp-json\/wp\/v2\/pages\/2037\/revisions\/2039"}],"wp:attachment":[{"href":"https:\/\/wp.ufpel.edu.br\/ppgbbio\/wp-json\/wp\/v2\/media?parent=2037"}],"curies":[{"name":"wp","href":"https:\/\/api.w.org\/{rel}","templated":true}]}}