{"id":2034,"date":"2018-03-15T19:10:40","date_gmt":"2018-03-15T22:10:40","guid":{"rendered":"https:\/\/wp.ufpel.edu.br\/ppgbbio\/?page_id=2034"},"modified":"2018-03-15T19:10:40","modified_gmt":"2018-03-15T22:10:40","slug":"disciplinas-optativas-especificas-de-doctorado","status":"publish","type":"page","link":"https:\/\/wp.ufpel.edu.br\/ppgbbio\/disciplinas-optativas-especificas-de-doctorado\/","title":{"rendered":"DISCIPLINAS OPTATIVAS ESPEC\u00cdFICAS DE DOCTORADO"},"content":{"rendered":"<ol start=\"4\">\n<li><strong> DISCIPLINAS OPTATIVAS ESPEC\u00cdFICAS DE DOCTORADO<\/strong><\/li>\n<\/ol>\n<p><strong>4.1) Bioqu\u00edmica Cl\u00ednica Avanzada: <\/strong>04 cr\u00e9ditos &#8211; C\u00f3digo D001191<\/p>\n<p><strong>Resumen:<\/strong> En esta disciplina se estudian las t\u00e9cnicas y m\u00e9todos de diagn\u00f3stico en los laboratorios cl\u00ednicos en relaci\u00f3n con los cambios bioqu\u00edmicos relacionados a patolog\u00edas humanas. Herramientas aplicadas a la interpretaci\u00f3n de los resultados y conocimiento en la industria bioqu\u00edmica en laboratorio de an\u00e1lisis cl\u00ednicos. Estudio de componentes qu\u00edmicos del organismo y la importancia de la relaci\u00f3n cl\u00ednico-laboratorio en an\u00e1lisis cl\u00ednicos.<\/p>\n<p><strong><em>Bibliografia:<\/em><\/strong><\/p>\n<p><em>Henry, J.B. Diagn\u00f3sticos cl\u00ednicos e tratamentos por m\u00e9todos laboratoriais. 20\u00b0 ed. S\u00e3o Paulo: manole, 2008.<\/em><\/p>\n<p><em>Burtis, C.A.; Ashwood, E.D.; Bruns, D.E. Fundamentos de qu\u00edmica cl\u00ednica \u2013 Tietz. 6\u00b0 ed. Rio de Janeiro: Elsevier, 2008.<\/em><\/p>\n<p><em>Motta, V.T. Bioqu\u00edmica Cl\u00ednica: Princ\u00edpios e Interpreta\u00e7\u00f5es. 4\u00b0 ed. Missau, 2003.<\/em><\/p>\n<p><em>Trabalhos originais atuais publicados em revistas indexadas de circula\u00e7\u00e3o nacional e internacional.<\/em><\/p>\n<p><strong>\u00a0<\/strong><\/p>\n<p><strong>4.2) Bioqu\u00edmica Experimental: <\/strong>04 cr\u00e9ditos &#8211; C\u00f3digo D001189<\/p>\n<p><strong>Resumen: <\/strong>Ofrecer subsidios te\u00f3rico-pr\u00e1cticos al estudiante de doctorado para la comprensi\u00f3n del papel de los componentes bioqu\u00edmicos en diversos sistemas, a trav\u00e9s de la investigaci\u00f3n experimental de \u00e9stos. Crear condiciones oportunas para la aplicaci\u00f3n de las t\u00e9cnicas generales utilizadas en los estudios bioqu\u00edmicos, siempre con el objetivo de comprender la base qu\u00edmica de estas reacciones.<\/p>\n<p><strong><em>Bibliograf\u00eda:<\/em><\/strong><\/p>\n<p><strong><em>Bibliografia:<\/em><\/strong><\/p>\n<p><em>Harvey, R; Ferrier, D. Bioqu\u00edmica Ilustrada. 5 ed. Porto Alegre: Artmed, 2012.<\/em><\/p>\n<p><em>Cisternas, J.R.; Monte, O.; Montor, W. Fundamentos te\u00f3ricos e Pr\u00e1ticos em bioqu\u00edmica. 1ed. S\u00e3o Paulo: Atheneu, 2011.<\/em><\/p>\n<p><em>Nelson, D.L., Cox, M.M. Princ\u00edpios de Bioqu\u00edmica de Lehninger. 5\u00ba ed. Porto Alegre: Artmed, 2011.<\/em><\/p>\n<p><em>Cisternas, J. R. Fundamentos de bioqu\u00edmica experimental. 2. ed. Sao Paulo:<\/em>\u00a0<em>Atheneu, 2001.<\/em><\/p>\n<p><em>Trabalhos originais\u00a0atuais publicados em revistas indexadas de circula\u00e7\u00e3o nacional e internacional.<\/em><\/p>\n<p><strong>\u00a0<\/strong><\/p>\n<p><strong>4.3) Elaboraci\u00f3n de Tesis: <\/strong>01 cr\u00e9ditos &#8211; C\u00f3digo 1650035<\/p>\n<p><strong>Resumen: <\/strong>La disciplina de Elaboraci\u00f3n de Tesis corresponde a la encuesta y el an\u00e1lisis de los resultados obtenidos durante el periodo de doctorado. El estudiante llevar\u00e1 a cabo la revisi\u00f3n de la literatura, emitiendo sus conclusiones y presentando los art\u00edculos resultantes en forma de una tesis de acuerdo con las reglas establecidas en las normas del programa.<\/p>\n<p><strong><em>Bibliografia:<\/em><\/strong><\/p>\n<p><em>Bibliografia atual referente ao assunto da tese.<\/em><\/p>\n<p><em>\u00a0 <\/em><\/p>\n<p><strong>4.4) Temas Especiales en Bioqu\u00edmica II: <\/strong>02 cr\u00e9ditos &#8211; C\u00f3digo 1658056<\/p>\n<p><strong>Resumen:<\/strong> En esta disciplina se abordar\u00e1n temas que est\u00e1n relacionados con las l\u00edneas de investigaci\u00f3n del programa, centr\u00e1ndose principalmente en temas relevantes que contribuyen a la formaci\u00f3n interdisciplinar del alumno.<\/p>\n<p><strong><em>Bibliografia:<\/em><\/strong><\/p>\n<p><em>Bibliografia atual relacionado ao tema abordado na disciplina. Trabalhos originais publicados em revistas de circula\u00e7\u00e3o nacional e internacional.<\/em><\/p>\n","protected":false},"excerpt":{"rendered":"<p>DISCIPLINAS OPTATIVAS ESPEC\u00cdFICAS DE DOCTORADO 4.1) Bioqu\u00edmica Cl\u00ednica Avanzada: 04 cr\u00e9ditos &#8211; C\u00f3digo D001191 Resumen: En esta disciplina se estudian las t\u00e9cnicas y m\u00e9todos de diagn\u00f3stico en los laboratorios cl\u00ednicos en relaci\u00f3n con los cambios bioqu\u00edmicos relacionados a patolog\u00edas humanas. Herramientas aplicadas a la interpretaci\u00f3n de los resultados y conocimiento en la industria bioqu\u00edmica en [&hellip;]<\/p>\n","protected":false},"author":131,"featured_media":0,"parent":0,"menu_order":0,"comment_status":"closed","ping_status":"closed","template":"","meta":{"footnotes":""},"class_list":["post-2034","page","type-page","status-publish","hentry"],"_links":{"self":[{"href":"https:\/\/wp.ufpel.edu.br\/ppgbbio\/wp-json\/wp\/v2\/pages\/2034","targetHints":{"allow":["GET"]}}],"collection":[{"href":"https:\/\/wp.ufpel.edu.br\/ppgbbio\/wp-json\/wp\/v2\/pages"}],"about":[{"href":"https:\/\/wp.ufpel.edu.br\/ppgbbio\/wp-json\/wp\/v2\/types\/page"}],"author":[{"embeddable":true,"href":"https:\/\/wp.ufpel.edu.br\/ppgbbio\/wp-json\/wp\/v2\/users\/131"}],"replies":[{"embeddable":true,"href":"https:\/\/wp.ufpel.edu.br\/ppgbbio\/wp-json\/wp\/v2\/comments?post=2034"}],"version-history":[{"count":1,"href":"https:\/\/wp.ufpel.edu.br\/ppgbbio\/wp-json\/wp\/v2\/pages\/2034\/revisions"}],"predecessor-version":[{"id":2036,"href":"https:\/\/wp.ufpel.edu.br\/ppgbbio\/wp-json\/wp\/v2\/pages\/2034\/revisions\/2036"}],"wp:attachment":[{"href":"https:\/\/wp.ufpel.edu.br\/ppgbbio\/wp-json\/wp\/v2\/media?parent=2034"}],"curies":[{"name":"wp","href":"https:\/\/api.w.org\/{rel}","templated":true}]}}