{"id":2028,"date":"2018-03-15T19:07:46","date_gmt":"2018-03-15T22:07:46","guid":{"rendered":"https:\/\/wp.ufpel.edu.br\/ppgbbio\/?page_id=2028"},"modified":"2018-03-15T19:07:46","modified_gmt":"2018-03-15T22:07:46","slug":"disciplina-obligatoria-para-estudiantes-de-maestria-con-beca-capes","status":"publish","type":"page","link":"https:\/\/wp.ufpel.edu.br\/ppgbbio\/disciplina-obligatoria-para-estudiantes-de-maestria-con-beca-capes\/","title":{"rendered":"DISCIPLINA OBLIGATORIA PARA ESTUDIANTES DE MAESTR\u00cdA CON BECA CAPES"},"content":{"rendered":"<p><strong>2) DISCIPLINA OBLIGATORIA PARA ESTUDIANTES DE MAESTR\u00cdA CON BECA CAPES<\/strong><\/p>\n<p><strong>2.1) Pr\u00e1cticas de Docencia Orientada<\/strong>: 2 cr\u00e9ditos (34 horas)<\/p>\n<p>C\u00f3digo: 1658053<\/p>\n<p>Resumen: En esta disciplina el estudiante de maestr\u00eda debe impartir clases a los estudiantes universitarios. La propuesta de Docencia Orientada no puede exceder de 30% la carga hor\u00e1ria de la disciplina desarrollada. Las actividades expuestas por el alumno en el aula deber\u00e1n contar con la presencia del orientador o profesor responsable de la disciplina.<\/p>\n<p>&nbsp;<\/p>\n<p><em>Bibliografia: Bibliografia atual referente ao assunto a ser ministrado em aula.<\/em><\/p>\n","protected":false},"excerpt":{"rendered":"<p>2) DISCIPLINA OBLIGATORIA PARA ESTUDIANTES DE MAESTR\u00cdA CON BECA CAPES 2.1) Pr\u00e1cticas de Docencia Orientada: 2 cr\u00e9ditos (34 horas) C\u00f3digo: 1658053 Resumen: En esta disciplina el estudiante de maestr\u00eda debe impartir clases a los estudiantes universitarios. La propuesta de Docencia Orientada no puede exceder de 30% la carga hor\u00e1ria de la disciplina desarrollada. Las actividades [&hellip;]<\/p>\n","protected":false},"author":131,"featured_media":0,"parent":0,"menu_order":0,"comment_status":"closed","ping_status":"closed","template":"","meta":{"footnotes":""},"class_list":["post-2028","page","type-page","status-publish","hentry"],"_links":{"self":[{"href":"https:\/\/wp.ufpel.edu.br\/ppgbbio\/wp-json\/wp\/v2\/pages\/2028","targetHints":{"allow":["GET"]}}],"collection":[{"href":"https:\/\/wp.ufpel.edu.br\/ppgbbio\/wp-json\/wp\/v2\/pages"}],"about":[{"href":"https:\/\/wp.ufpel.edu.br\/ppgbbio\/wp-json\/wp\/v2\/types\/page"}],"author":[{"embeddable":true,"href":"https:\/\/wp.ufpel.edu.br\/ppgbbio\/wp-json\/wp\/v2\/users\/131"}],"replies":[{"embeddable":true,"href":"https:\/\/wp.ufpel.edu.br\/ppgbbio\/wp-json\/wp\/v2\/comments?post=2028"}],"version-history":[{"count":1,"href":"https:\/\/wp.ufpel.edu.br\/ppgbbio\/wp-json\/wp\/v2\/pages\/2028\/revisions"}],"predecessor-version":[{"id":2030,"href":"https:\/\/wp.ufpel.edu.br\/ppgbbio\/wp-json\/wp\/v2\/pages\/2028\/revisions\/2030"}],"wp:attachment":[{"href":"https:\/\/wp.ufpel.edu.br\/ppgbbio\/wp-json\/wp\/v2\/media?parent=2028"}],"curies":[{"name":"wp","href":"https:\/\/api.w.org\/{rel}","templated":true}]}}