{"id":2025,"date":"2018-03-15T19:06:01","date_gmt":"2018-03-15T22:06:01","guid":{"rendered":"https:\/\/wp.ufpel.edu.br\/ppgbbio\/?page_id=2025"},"modified":"2021-09-30T22:47:49","modified_gmt":"2021-10-01T01:47:49","slug":"disciplinas-obligatorias-de-la-maestria","status":"publish","type":"page","link":"https:\/\/wp.ufpel.edu.br\/ppgbbio\/disciplinas-obligatorias-de-la-maestria\/","title":{"rendered":"DISCIPLINAS OBLIGATORIAS DE LA MAESTR\u00cdA"},"content":{"rendered":"<p><strong>DISCIPLINAS OBLIGATORIAS DE LA MAESTR\u00cdA<\/strong><\/p>\n<table width=\"489\">\n<tbody>\n<tr>\n<td width=\"193\"><strong>Disciplina<\/strong><\/td>\n<td width=\"141\"><strong>C\u00f3digo UFPel<\/strong><\/td>\n<td width=\"72\"><strong>Nivel<\/strong><\/td>\n<td width=\"83\"><strong>Cr\u00e9ditos<\/strong><\/td>\n<\/tr>\n<tr>\n<td width=\"193\"><strong>Metodolog\u00eda cient\u00edfica<\/strong><\/td>\n<td width=\"141\">1658025<\/td>\n<td width=\"72\">M<\/td>\n<td width=\"83\">02<\/td>\n<\/tr>\n<tr>\n<td width=\"193\"><strong>Seminarios I<\/strong><\/td>\n<td width=\"141\">D000385<\/td>\n<td width=\"72\">M<\/td>\n<td width=\"83\">02<\/td>\n<\/tr>\n<tr>\n<td width=\"193\"><strong>Seminarios II<\/strong><\/td>\n<td width=\"141\">D000398<\/td>\n<td width=\"72\">M<\/td>\n<td width=\"83\">02<\/td>\n<\/tr>\n<\/tbody>\n<\/table>\n<p><strong>\u00a0<\/strong><\/p>\n<p><strong>Metodolog\u00eda Cient\u00edfica<\/strong>: 2 cr\u00e9ditos (34 horas)<\/p>\n<p>C\u00f3digo: 1658025<\/p>\n<p>Resumen: La disciplina Metodolog\u00eda Cient\u00edfica tiene como objetivo proporcionar al alumno los conocimientos te\u00f3ricos b\u00e1sicos en metodolog\u00eda de la investigaci\u00f3n cient\u00edfica, lo que permite al estudiante desarrollar, de forma sistem\u00e1tica y con rigor metodol\u00f3gico, un proyecto de investigaci\u00f3n. Proporcionar una base te\u00f3rica de c\u00f3mo realizar sistem\u00e1ticamente: una investigaci\u00f3n bibliogr\u00e1fica de literatura, una lectura cr\u00edtica de art\u00edculos seleccionados, elaborar un resumen anal\u00edtico-cr\u00edtico de los mismos y archivar esta informaci\u00f3n; permitir el discernimiento y la capacidad de elaboraci\u00f3n de los diferentes tipos de investigaci\u00f3n cient\u00edfica; ampliar el conocimiento de las implicaciones \u00e9ticas y metodol\u00f3gicas de la investigaci\u00f3n; proporcionar los elementos b\u00e1sicos para establecer claramente el tema, problema y las hip\u00f3tesis de la investigaci\u00f3n cient\u00edfica; capacitar para realizar una delimitaci\u00f3n de la investigaci\u00f3n y elaborar adecuadamente un proyecto de investigaci\u00f3n.<\/p>\n<p>&nbsp;<\/p>\n<p><em>Bibliografia: Huhne, L. M. (org). Metodologia cient\u00edfica: caderno de textos e t\u00e9cnicas. 7ed. Rio de Janeiro: Agir, 2000.<\/em><\/p>\n<p><em>Rosenberg, M. A l\u00f3gica de an\u00e1lise do levantamento de dados. S\u00e3o Paulo: Cultrix, 1968.<\/em><\/p>\n<p><em>Santos, A.R., Metodologia cient\u00edfica: a constru\u00e7\u00e3o do conhecimento. Rio de Janeiro: DP&amp;A, 1999.<\/em><\/p>\n<p><em>Trabalhos originais publicados em revistas indexadas de circula\u00e7\u00e3o nacional e internacional.<\/em><\/p>\n<p><em>\u00a0<\/em><\/p>\n<p>&nbsp;<\/p>\n<p><strong>Seminarios I<\/strong>: 2 cr\u00e9ditos (34 horas)<\/p>\n<p>C\u00f3digo: D000385<\/p>\n<p>Resumen: En la disciplina de Seminarios I, los alumnos participan en calidad de oyentes en los seminarios semanales impartidos por profesores o estudiantes de pos-graduaci\u00f3n de la UFPel y otras instituciones. El tema a tratar en cada seminario ser\u00e1 principalmente relacionado con la l\u00ednea de investigaci\u00f3n de quien imparte el seminario. Adicionalmente, en esta disciplina se abordar\u00e1n temas relacionados con la \u00e9tica, los cuales ser\u00e1n impartidos por profesionales en el \u00e1rea a ser invitados.<\/p>\n<p>&nbsp;<\/p>\n<p><em>Bibliografia: Bibliografia atual referente ao assunto a ser apresentado no Semin\u00e1rio.<\/em><\/p>\n<p><em>Trabalhos originais publicados em revistas de circula\u00e7\u00e3o nacional e internacional.<\/em><\/p>\n<p>&nbsp;<\/p>\n<p><strong>Seminarios II<\/strong>: 2 cr\u00e9ditos (34 horas)<\/p>\n<p>C\u00f3digo: D000398<\/p>\n<p>Resumen: En esta disciplina los alumnos deber\u00e1n impartir seminarios. Cada alumno presentar\u00e1 al menos un seminario que deber\u00e1 tratar sobre temas actuales y relevantes del \u00e1rea de la cual se trata su proyecto de tesis, con enfoque interdisciplinario. Cada seminario deber\u00e1 durar entre 40 y 50 minutos y su evaluaci\u00f3n ser\u00e1 realizada por un jurado establecido por la Junta.<\/p>\n<p>&nbsp;<\/p>\n<p><em>Bibliografia: Bibliografia atual referente ao assunto a ser apresentado no Semin\u00e1rio.<\/em><\/p>\n<p><em>Trabalhos originais publicados em revistas indexadas de circula\u00e7\u00e3o nacional e internacional.<\/em><\/p>\n","protected":false},"excerpt":{"rendered":"<p>DISCIPLINAS OBLIGATORIAS DE LA MAESTR\u00cdA Disciplina C\u00f3digo UFPel Nivel Cr\u00e9ditos Metodolog\u00eda cient\u00edfica 1658025 M 02 Seminarios I D000385 M 02 Seminarios II D000398 M 02 \u00a0 Metodolog\u00eda Cient\u00edfica: 2 cr\u00e9ditos (34 horas) C\u00f3digo: 1658025 Resumen: La disciplina Metodolog\u00eda Cient\u00edfica tiene como objetivo proporcionar al alumno los conocimientos te\u00f3ricos b\u00e1sicos en metodolog\u00eda de la investigaci\u00f3n cient\u00edfica, [&hellip;]<\/p>\n","protected":false},"author":131,"featured_media":0,"parent":0,"menu_order":0,"comment_status":"closed","ping_status":"closed","template":"","meta":{"footnotes":""},"class_list":["post-2025","page","type-page","status-publish","hentry"],"_links":{"self":[{"href":"https:\/\/wp.ufpel.edu.br\/ppgbbio\/wp-json\/wp\/v2\/pages\/2025","targetHints":{"allow":["GET"]}}],"collection":[{"href":"https:\/\/wp.ufpel.edu.br\/ppgbbio\/wp-json\/wp\/v2\/pages"}],"about":[{"href":"https:\/\/wp.ufpel.edu.br\/ppgbbio\/wp-json\/wp\/v2\/types\/page"}],"author":[{"embeddable":true,"href":"https:\/\/wp.ufpel.edu.br\/ppgbbio\/wp-json\/wp\/v2\/users\/131"}],"replies":[{"embeddable":true,"href":"https:\/\/wp.ufpel.edu.br\/ppgbbio\/wp-json\/wp\/v2\/comments?post=2025"}],"version-history":[{"count":2,"href":"https:\/\/wp.ufpel.edu.br\/ppgbbio\/wp-json\/wp\/v2\/pages\/2025\/revisions"}],"predecessor-version":[{"id":4497,"href":"https:\/\/wp.ufpel.edu.br\/ppgbbio\/wp-json\/wp\/v2\/pages\/2025\/revisions\/4497"}],"wp:attachment":[{"href":"https:\/\/wp.ufpel.edu.br\/ppgbbio\/wp-json\/wp\/v2\/media?parent=2025"}],"curies":[{"name":"wp","href":"https:\/\/api.w.org\/{rel}","templated":true}]}}