{"id":1996,"date":"2018-03-13T18:51:20","date_gmt":"2018-03-13T21:51:20","guid":{"rendered":"https:\/\/wp.ufpel.edu.br\/ppgbbio\/?page_id=1996"},"modified":"2021-10-25T21:04:53","modified_gmt":"2021-10-26T00:04:53","slug":"el-curso-2","status":"publish","type":"page","link":"https:\/\/wp.ufpel.edu.br\/ppgbbio\/el-curso-2\/","title":{"rendered":"El Curso"},"content":{"rendered":"<p style=\"text-align: justify\">Conocer la Historia, Objetivos y Misi\u00f3n, Laboratorios, Proyectos Impulsados \u200b\u200ben Cuatrienios, Conferencias y premios nacionales e internacionales, Autoevaluaci\u00f3n del Programa de Posgrado en Bioqu\u00edmica y Bioprospecci\u00f3n de la Universidad Federal de Pelotas (UFPel), y el Plan de Desarrollo Institucional de UFPel.<\/p>\n","protected":false},"excerpt":{"rendered":"<p>Conocer la Historia, Objetivos y Misi\u00f3n, Laboratorios, Proyectos Impulsados \u200b\u200ben Cuatrienios, Conferencias y premios nacionales e internacionales, Autoevaluaci\u00f3n del Programa de Posgrado en Bioqu\u00edmica y Bioprospecci\u00f3n de la Universidad Federal de Pelotas (UFPel), y el Plan de Desarrollo Institucional de UFPel.<\/p>\n","protected":false},"author":131,"featured_media":0,"parent":0,"menu_order":0,"comment_status":"closed","ping_status":"closed","template":"","meta":{"footnotes":""},"class_list":["post-1996","page","type-page","status-publish","hentry"],"_links":{"self":[{"href":"https:\/\/wp.ufpel.edu.br\/ppgbbio\/wp-json\/wp\/v2\/pages\/1996","targetHints":{"allow":["GET"]}}],"collection":[{"href":"https:\/\/wp.ufpel.edu.br\/ppgbbio\/wp-json\/wp\/v2\/pages"}],"about":[{"href":"https:\/\/wp.ufpel.edu.br\/ppgbbio\/wp-json\/wp\/v2\/types\/page"}],"author":[{"embeddable":true,"href":"https:\/\/wp.ufpel.edu.br\/ppgbbio\/wp-json\/wp\/v2\/users\/131"}],"replies":[{"embeddable":true,"href":"https:\/\/wp.ufpel.edu.br\/ppgbbio\/wp-json\/wp\/v2\/comments?post=1996"}],"version-history":[{"count":7,"href":"https:\/\/wp.ufpel.edu.br\/ppgbbio\/wp-json\/wp\/v2\/pages\/1996\/revisions"}],"predecessor-version":[{"id":4588,"href":"https:\/\/wp.ufpel.edu.br\/ppgbbio\/wp-json\/wp\/v2\/pages\/1996\/revisions\/4588"}],"wp:attachment":[{"href":"https:\/\/wp.ufpel.edu.br\/ppgbbio\/wp-json\/wp\/v2\/media?parent=1996"}],"curies":[{"name":"wp","href":"https:\/\/api.w.org\/{rel}","templated":true}]}}