{"id":1856,"date":"2018-02-21T15:38:04","date_gmt":"2018-02-21T18:38:04","guid":{"rendered":"https:\/\/wp.ufpel.edu.br\/ppgbbio\/?page_id=1856"},"modified":"2018-02-21T15:38:04","modified_gmt":"2018-02-21T18:38:04","slug":"specific-elective-disciplines-of-the-doctoral-program","status":"publish","type":"page","link":"https:\/\/wp.ufpel.edu.br\/ppgbbio\/specific-elective-disciplines-of-the-doctoral-program\/","title":{"rendered":"SPECIFIC ELECTIVE DISCIPLINES OF THE DOCTORAL PROGRAM"},"content":{"rendered":"<ol start=\"4\">\n<li><strong> SPECIFIC ELECTIVE DISCIPLINES OF THE DOCTORAL PROGRAM<\/strong><\/li>\n<\/ol>\n<p><strong>4.1) Advanced Clinical Biochemistry:\u00a0<\/strong>04 credits \u2013 Code D001191<\/p>\n<p><strong>Syllabus:\u00a0<\/strong><strong>Techniques and methods of laboratory diagnosis of clinical analyzes related to biochemical changes related to human pathologies. Tools applied to interpretation of results, as well as knowledge in the field of biochemistry in clinical analysis laboratory. Study of the chemical constituents of the organism and the importance of the clinical-laboratory relationship in clinical analyzes.<\/strong><\/p>\n<p><em>Bibliography:<\/em><\/p>\n<p><em>Henry, J.B. Diagn\u00f3sticos cl\u00ednicos e tratamentos por m\u00e9todos laboratoriais. 20\u00b0 ed. S\u00e3o Paulo: manole, 2008.<\/em><\/p>\n<p><em>Burtis, C.A.; Ashwood, E.D.; Bruns, D.E. Fundamentos de qu\u00edmica cl\u00ednica \u2013 Tietz. 6\u00b0 ed. Rio de Janeiro: Elsevier, 2008.<\/em><\/p>\n<p><em>Motta, V.T. Bioqu\u00edmica Cl\u00ednica: Princ\u00edpios e Interpreta\u00e7\u00f5es. <\/em><em>4\u00b0 ed. Missau, 2003.<\/em><\/p>\n<p><em>Recent and original works published in indexed journals of national and international circulation.<\/em><\/p>\n<p><strong>\u00a0<\/strong><\/p>\n<p><strong>4.2) Experimental Biochemistry: <\/strong>04 credits \u2013 Code D001189<\/p>\n<p><strong>Syllabus:\u00a0<\/strong><strong>Provide theoretical-practical subsidies for the doctoral student to understand the role of biochemical components, in the most varied systems, through experimental investigation. Provide conditions for the execution of general techniques used in biochemical studies, always aiming to understand the chemical basis of these reactions.<\/strong><\/p>\n<p>&nbsp;<\/p>\n<p><em>Bibliography:<\/em><\/p>\n<p><em>Harvey, R; Ferrier, D. Bioqu\u00edmica Ilustrada. 5 ed. Porto Alegre: Artmed, 2012.<\/em><\/p>\n<p><em>Cisternas, J.R.; Monte, O.; Montor, W. Fundamentos te\u00f3ricos e Pr\u00e1ticos em bioqu\u00edmica. 1ed. S\u00e3o Paulo: Atheneu, 2011.<\/em><\/p>\n<p><em>Nelson, D.L., Cox, M.M. Princ\u00edpios de Bioqu\u00edmica de Lehninger. 5\u00ba ed. Porto Alegre: Artmed, 2011.<\/em><\/p>\n<p><em>Cisternas, J. R. Fundamentos de bioqu\u00edmica experimental. <\/em><em>2. ed. Sao Paulo:<\/em>\u00a0<em>Atheneu, 2001.<\/em><\/p>\n<p><em>Recent and original works published in indexed journals of national and international circulation.<\/em><\/p>\n<p><strong>\u00a0<\/strong><\/p>\n<p><strong>4.3) Thesis Elaboration:\u00a0<\/strong>01 credit \u2013 Code 1650035<\/p>\n<p><strong>Syllabus:<\/strong> <strong>The discipline Thesis Elaboration corresponds to the survey and analysis of the results obtained during the doctorate period. The student will carry out the bibliographical survey, write their results and present the resulting articles in the form of a thesis in accordance with the norms established in the program&#8217;s regulations.<\/strong><\/p>\n<p><strong>\u00a0<\/strong><em>Bibliography:<\/em><\/p>\n<p><em>Current bibliography on the subject of the thesis.<\/em><\/p>\n<p><em>\u00a0\u00a0<\/em><\/p>\n<p><strong>4.4) Special Topics in Biochemistry:\u00a0<\/strong>02 credits \u2013 Code 1658056<\/p>\n<p><strong>Syllabus:<\/strong> <strong>Topics related to the Program&#8217;s lines of research will be addressed, focusing mainly on pertinent subjects that will contribute to the interdisciplinary formation of the student.<\/strong><\/p>\n<p>&nbsp;<\/p>\n<p><em>Bibliography:<\/em><\/p>\n<p><em>Current bibliography related to the topic addressed in the discipline. <\/em><\/p>\n<p><em>Original works published in journals of national and international circulation.<\/em><\/p>\n","protected":false},"excerpt":{"rendered":"<p>SPECIFIC ELECTIVE DISCIPLINES OF THE DOCTORAL PROGRAM 4.1) Advanced Clinical Biochemistry:\u00a004 credits \u2013 Code D001191 Syllabus:\u00a0Techniques and methods of laboratory diagnosis of clinical analyzes related to biochemical changes related to human pathologies. Tools applied to interpretation of results, as well as knowledge in the field of biochemistry in clinical analysis laboratory. Study of the chemical [&hellip;]<\/p>\n","protected":false},"author":131,"featured_media":0,"parent":0,"menu_order":0,"comment_status":"closed","ping_status":"closed","template":"","meta":{"footnotes":""},"class_list":["post-1856","page","type-page","status-publish","hentry"],"_links":{"self":[{"href":"https:\/\/wp.ufpel.edu.br\/ppgbbio\/wp-json\/wp\/v2\/pages\/1856","targetHints":{"allow":["GET"]}}],"collection":[{"href":"https:\/\/wp.ufpel.edu.br\/ppgbbio\/wp-json\/wp\/v2\/pages"}],"about":[{"href":"https:\/\/wp.ufpel.edu.br\/ppgbbio\/wp-json\/wp\/v2\/types\/page"}],"author":[{"embeddable":true,"href":"https:\/\/wp.ufpel.edu.br\/ppgbbio\/wp-json\/wp\/v2\/users\/131"}],"replies":[{"embeddable":true,"href":"https:\/\/wp.ufpel.edu.br\/ppgbbio\/wp-json\/wp\/v2\/comments?post=1856"}],"version-history":[{"count":1,"href":"https:\/\/wp.ufpel.edu.br\/ppgbbio\/wp-json\/wp\/v2\/pages\/1856\/revisions"}],"predecessor-version":[{"id":1858,"href":"https:\/\/wp.ufpel.edu.br\/ppgbbio\/wp-json\/wp\/v2\/pages\/1856\/revisions\/1858"}],"wp:attachment":[{"href":"https:\/\/wp.ufpel.edu.br\/ppgbbio\/wp-json\/wp\/v2\/media?parent=1856"}],"curies":[{"name":"wp","href":"https:\/\/api.w.org\/{rel}","templated":true}]}}