{"id":15,"date":"2011-09-05T15:31:28","date_gmt":"2011-09-05T18:31:28","guid":{"rendered":"https:\/\/wp.ufpel.edu.br\/ppgbbio\/"},"modified":"2017-08-03T10:30:20","modified_gmt":"2017-08-03T13:30:20","slug":"laboratorios","status":"publish","type":"page","link":"https:\/\/wp.ufpel.edu.br\/ppgbbio\/laboratorios\/","title":{"rendered":"Laborat\u00f3rios"},"content":{"rendered":"<ul class=\"wpipessoa-lista\"><li class=\"wpipessoa-post clearfix\"><div class=\"wpipessoa-thumb\"><a href=\"https:\/\/wp.ufpel.edu.br\/ppgbbio\/pessoas\/salas-com-equipamentos-multiusuarios\/\"><img width=\"150\" height=\"150\" src=\"https:\/\/wp.ufpel.edu.br\/ppgbbio\/files\/2017\/02\/cropped-PPGBbio-Cabe\u00e7alho-150x150.jpg\" class=\"attachment-thumbnail size-thumbnail wp-post-image\" alt=\"\" srcset=\"https:\/\/wp.ufpel.edu.br\/ppgbbio\/files\/2017\/02\/cropped-PPGBbio-Cabe\u00e7alho-150x150.jpg 150w, https:\/\/wp.ufpel.edu.br\/ppgbbio\/files\/2017\/02\/cropped-PPGBbio-Cabe\u00e7alho-300x300.jpg 300w, https:\/\/wp.ufpel.edu.br\/ppgbbio\/files\/2017\/02\/cropped-PPGBbio-Cabe\u00e7alho-270x270.jpg 270w, https:\/\/wp.ufpel.edu.br\/ppgbbio\/files\/2017\/02\/cropped-PPGBbio-Cabe\u00e7alho-192x192.jpg 192w, https:\/\/wp.ufpel.edu.br\/ppgbbio\/files\/2017\/02\/cropped-PPGBbio-Cabe\u00e7alho-180x180.jpg 180w, https:\/\/wp.ufpel.edu.br\/ppgbbio\/files\/2017\/02\/cropped-PPGBbio-Cabe\u00e7alho-32x32.jpg 32w, https:\/\/wp.ufpel.edu.br\/ppgbbio\/files\/2017\/02\/cropped-PPGBbio-Cabe\u00e7alho.jpg 512w\" sizes=\"(max-width: 150px) 100vw, 150px\" \/><\/a><\/div><div class=\"wpipessoa-info\"><div class=\"wpipessoa-nome wpipessoa-fonte-grande\"><a href=\"https:\/\/wp.ufpel.edu.br\/ppgbbio\/pessoas\/salas-com-equipamentos-multiusuarios\/\">Espa\u00e7os Multiusu\u00e1rios<\/a><\/div><\/div><\/li><li class=\"wpipessoa-post clearfix\"><div class=\"wpipessoa-thumb\"><a href=\"https:\/\/wp.ufpel.edu.br\/ppgbbio\/pessoas\/laboratorio-de-biomarcadores\/\"><img width=\"200\" height=\"200\" src=\"https:\/\/wp.ufpel.edu.br\/ppgbbio\/files\/2017\/08\/Presentation1-1-e1733775081614-200x200.jpg\" class=\"attachment-thumbnail size-thumbnail wp-post-image\" alt=\"\" \/><\/a><\/div><div class=\"wpipessoa-info\"><div class=\"wpipessoa-nome wpipessoa-fonte-grande\"><a href=\"https:\/\/wp.ufpel.edu.br\/ppgbbio\/pessoas\/laboratorio-de-biomarcadores\/\">Laborat\u00f3rio de Biomarcadores<\/a><\/div><\/div><\/li><li class=\"wpipessoa-post clearfix\"><div class=\"wpipessoa-thumb\"><a href=\"https:\/\/wp.ufpel.edu.br\/ppgbbio\/pessoas\/laboratorio-de-bioquimica-e-neurofarmacologia-molecular-labionem\/\"><img width=\"200\" height=\"200\" src=\"https:\/\/wp.ufpel.edu.br\/ppgbbio\/files\/2019\/07\/Labionem-200x200.png\" class=\"attachment-thumbnail size-thumbnail wp-post-image\" alt=\"\" \/><\/a><\/div><div class=\"wpipessoa-info\"><div class=\"wpipessoa-nome wpipessoa-fonte-grande\"><a href=\"https:\/\/wp.ufpel.edu.br\/ppgbbio\/pessoas\/laboratorio-de-bioquimica-e-neurofarmacologia-molecular-labionem\/\">Laborat\u00f3rio de Bioqu\u00edmica e Neurofarmacologia Molecular (LABIONEM)<\/a><\/div><\/div><\/li><li class=\"wpipessoa-post clearfix\"><div class=\"wpipessoa-thumb\"><a href=\"https:\/\/wp.ufpel.edu.br\/ppgbbio\/pessoas\/laboratorio-de-biotecnologia-do-cancer\/\"><img width=\"150\" height=\"150\" src=\"https:\/\/wp.ufpel.edu.br\/ppgbbio\/files\/2017\/02\/cropped-PPGBbio-Cabe\u00e7alho-150x150.jpg\" class=\"attachment-thumbnail size-thumbnail wp-post-image\" alt=\"\" srcset=\"https:\/\/wp.ufpel.edu.br\/ppgbbio\/files\/2017\/02\/cropped-PPGBbio-Cabe\u00e7alho-150x150.jpg 150w, https:\/\/wp.ufpel.edu.br\/ppgbbio\/files\/2017\/02\/cropped-PPGBbio-Cabe\u00e7alho-300x300.jpg 300w, https:\/\/wp.ufpel.edu.br\/ppgbbio\/files\/2017\/02\/cropped-PPGBbio-Cabe\u00e7alho-270x270.jpg 270w, https:\/\/wp.ufpel.edu.br\/ppgbbio\/files\/2017\/02\/cropped-PPGBbio-Cabe\u00e7alho-192x192.jpg 192w, https:\/\/wp.ufpel.edu.br\/ppgbbio\/files\/2017\/02\/cropped-PPGBbio-Cabe\u00e7alho-180x180.jpg 180w, https:\/\/wp.ufpel.edu.br\/ppgbbio\/files\/2017\/02\/cropped-PPGBbio-Cabe\u00e7alho-32x32.jpg 32w, https:\/\/wp.ufpel.edu.br\/ppgbbio\/files\/2017\/02\/cropped-PPGBbio-Cabe\u00e7alho.jpg 512w\" sizes=\"(max-width: 150px) 100vw, 150px\" \/><\/a><\/div><div class=\"wpipessoa-info\"><div class=\"wpipessoa-nome wpipessoa-fonte-grande\"><a href=\"https:\/\/wp.ufpel.edu.br\/ppgbbio\/pessoas\/laboratorio-de-biotecnologia-do-cancer\/\">Laborat\u00f3rio de Biotecnologia do C\u00e2ncer<\/a><\/div><\/div><\/li><li class=\"wpipessoa-post clearfix\"><div class=\"wpipessoa-thumb\"><a href=\"https:\/\/wp.ufpel.edu.br\/ppgbbio\/pessoas\/laboratorio-de-controle-de-contaminantes-em-biomateriais-lccbio\/\"><img width=\"178\" height=\"102\" src=\"https:\/\/wp.ufpel.edu.br\/ppgbbio\/files\/2017\/08\/LCCBio.jpg\" class=\"attachment-thumbnail size-thumbnail wp-post-image\" alt=\"\" \/><\/a><\/div><div class=\"wpipessoa-info\"><div class=\"wpipessoa-nome wpipessoa-fonte-grande\"><a href=\"https:\/\/wp.ufpel.edu.br\/ppgbbio\/pessoas\/laboratorio-de-controle-de-contaminantes-em-biomateriais-lccbio\/\">Laborat\u00f3rio de Controle de Contaminantes em Biomateriais &#8211; LCCBio<\/a><\/div><\/div><\/li><li class=\"wpipessoa-post clearfix\"><div class=\"wpipessoa-thumb\"><a href=\"https:\/\/wp.ufpel.edu.br\/ppgbbio\/pessoas\/laboratorio-de-farmacologia-e-metabolismo\/\"><img width=\"200\" height=\"200\" src=\"https:\/\/wp.ufpel.edu.br\/ppgbbio\/files\/2025\/05\/lafarmet-200x200.jpeg\" class=\"attachment-thumbnail size-thumbnail wp-post-image\" alt=\"\" srcset=\"https:\/\/wp.ufpel.edu.br\/ppgbbio\/files\/2025\/05\/lafarmet-200x200.jpeg 200w, https:\/\/wp.ufpel.edu.br\/ppgbbio\/files\/2025\/05\/lafarmet-400x400.jpeg 400w, https:\/\/wp.ufpel.edu.br\/ppgbbio\/files\/2025\/05\/lafarmet.jpeg 482w\" sizes=\"(max-width: 200px) 100vw, 200px\" \/><\/a><\/div><div class=\"wpipessoa-info\"><div class=\"wpipessoa-nome wpipessoa-fonte-grande\"><a href=\"https:\/\/wp.ufpel.edu.br\/ppgbbio\/pessoas\/laboratorio-de-farmacologia-e-metabolismo\/\">Laborat\u00f3rio de Farmacologia e Metabolismo<\/a><\/div><\/div><\/li><li class=\"wpipessoa-post clearfix\"><div class=\"wpipessoa-thumb\"><a href=\"https:\/\/wp.ufpel.edu.br\/ppgbbio\/pessoas\/laboratorio-de-genomica-estrutural\/\"><img width=\"200\" height=\"143\" src=\"https:\/\/wp.ufpel.edu.br\/ppgbbio\/files\/2017\/08\/Genomica-Estrutural-200x143.jpg\" class=\"attachment-thumbnail size-thumbnail wp-post-image\" alt=\"\" \/><\/a><\/div><div class=\"wpipessoa-info\"><div class=\"wpipessoa-nome wpipessoa-fonte-grande\"><a href=\"https:\/\/wp.ufpel.edu.br\/ppgbbio\/pessoas\/laboratorio-de-genomica-estrutural\/\">Laborat\u00f3rio de Gen\u00f4mica Estrutural<\/a><\/div><\/div><\/li><li class=\"wpipessoa-post clearfix\"><div class=\"wpipessoa-thumb\"><a href=\"https:\/\/wp.ufpel.edu.br\/ppgbbio\/pessoas\/laboratorio-de-lipidomica-e-bioorganica-llipidomicabio\/\"><img width=\"200\" height=\"98\" src=\"https:\/\/wp.ufpel.edu.br\/ppgbbio\/files\/2017\/08\/LLipBio-200x98.jpg\" class=\"attachment-thumbnail size-thumbnail wp-post-image\" alt=\"\" \/><\/a><\/div><div class=\"wpipessoa-info\"><div class=\"wpipessoa-nome wpipessoa-fonte-grande\"><a href=\"https:\/\/wp.ufpel.edu.br\/ppgbbio\/pessoas\/laboratorio-de-lipidomica-e-bioorganica-llipidomicabio\/\">Laborat\u00f3rio de Lipid\u00f4mica e Bioorg\u00e2nica (LLipiBio)<\/a><\/div><\/div><\/li><li class=\"wpipessoa-post clearfix\"><div class=\"wpipessoa-thumb\"><a href=\"https:\/\/wp.ufpel.edu.br\/ppgbbio\/pessoas\/laboratorio-de-neuromodulacao-celular-neurocell\/\"><img width=\"200\" height=\"200\" src=\"https:\/\/wp.ufpel.edu.br\/ppgbbio\/files\/2017\/08\/neurocell-200x200.png\" class=\"attachment-thumbnail size-thumbnail wp-post-image\" alt=\"\" \/><\/a><\/div><div class=\"wpipessoa-info\"><div class=\"wpipessoa-nome wpipessoa-fonte-grande\"><a href=\"https:\/\/wp.ufpel.edu.br\/ppgbbio\/pessoas\/laboratorio-de-neuromodulacao-celular-neurocell\/\">Laborat\u00f3rio de Neuromodula\u00e7\u00e3o Celular &#8211; Neurocell<\/a><\/div><\/div><\/li><li class=\"wpipessoa-post clearfix\"><div class=\"wpipessoa-thumb\"><a href=\"https:\/\/wp.ufpel.edu.br\/ppgbbio\/pessoas\/laboratorio-de-neuroquimica-inflamacao-e-cancer-neurocan\/\"><img width=\"150\" height=\"150\" src=\"https:\/\/wp.ufpel.edu.br\/ppgbbio\/files\/2017\/02\/cropped-PPGBbio-Cabe\u00e7alho-150x150.jpg\" class=\"attachment-thumbnail size-thumbnail wp-post-image\" alt=\"\" srcset=\"https:\/\/wp.ufpel.edu.br\/ppgbbio\/files\/2017\/02\/cropped-PPGBbio-Cabe\u00e7alho-150x150.jpg 150w, https:\/\/wp.ufpel.edu.br\/ppgbbio\/files\/2017\/02\/cropped-PPGBbio-Cabe\u00e7alho-300x300.jpg 300w, https:\/\/wp.ufpel.edu.br\/ppgbbio\/files\/2017\/02\/cropped-PPGBbio-Cabe\u00e7alho-270x270.jpg 270w, https:\/\/wp.ufpel.edu.br\/ppgbbio\/files\/2017\/02\/cropped-PPGBbio-Cabe\u00e7alho-192x192.jpg 192w, https:\/\/wp.ufpel.edu.br\/ppgbbio\/files\/2017\/02\/cropped-PPGBbio-Cabe\u00e7alho-180x180.jpg 180w, https:\/\/wp.ufpel.edu.br\/ppgbbio\/files\/2017\/02\/cropped-PPGBbio-Cabe\u00e7alho-32x32.jpg 32w, https:\/\/wp.ufpel.edu.br\/ppgbbio\/files\/2017\/02\/cropped-PPGBbio-Cabe\u00e7alho.jpg 512w\" sizes=\"(max-width: 150px) 100vw, 150px\" \/><\/a><\/div><div class=\"wpipessoa-info\"><div class=\"wpipessoa-nome wpipessoa-fonte-grande\"><a href=\"https:\/\/wp.ufpel.edu.br\/ppgbbio\/pessoas\/laboratorio-de-neuroquimica-inflamacao-e-cancer-neurocan\/\">Laborat\u00f3rio de Neuroqu\u00edmica, Inflama\u00e7\u00e3o e C\u00e2ncer (Neurocan)<\/a><\/div><\/div><\/li><li class=\"wpipessoa-post clearfix\"><div class=\"wpipessoa-thumb\"><a href=\"https:\/\/wp.ufpel.edu.br\/ppgbbio\/pessoas\/laboratorio-de-pesquisas-microbiologicas-bioquimica-biologia-molecular-e-cultivo-celular-lapemi-biomolcel\/\"><img width=\"200\" height=\"200\" src=\"https:\/\/wp.ufpel.edu.br\/ppgbbio\/files\/2019\/07\/cropped-PPGBbio-Cabe\u00e7alho-300x300-200x200.jpg\" class=\"attachment-thumbnail size-thumbnail wp-post-image\" alt=\"\" srcset=\"https:\/\/wp.ufpel.edu.br\/ppgbbio\/files\/2019\/07\/cropped-PPGBbio-Cabe\u00e7alho-300x300-200x200.jpg 200w, https:\/\/wp.ufpel.edu.br\/ppgbbio\/files\/2019\/07\/cropped-PPGBbio-Cabe\u00e7alho-300x300.jpg 300w\" sizes=\"(max-width: 200px) 100vw, 200px\" \/><\/a><\/div><div class=\"wpipessoa-info\"><div class=\"wpipessoa-nome wpipessoa-fonte-grande\"><a href=\"https:\/\/wp.ufpel.edu.br\/ppgbbio\/pessoas\/laboratorio-de-pesquisas-microbiologicas-bioquimica-biologia-molecular-e-cultivo-celular-lapemi-biomolcel\/\">Laborat\u00f3rio de Pesquisa em Bioqu\u00edmica e Biologia Molecular de Micro-organismos<\/a><\/div><\/div><\/li><li class=\"wpipessoa-post clearfix\"><div class=\"wpipessoa-thumb\"><a href=\"https:\/\/wp.ufpel.edu.br\/ppgbbio\/pessoas\/laboratorio-de-pesquisa-em-farmacologia-bioquimica-lafarbio\/\"><img width=\"200\" height=\"143\" src=\"https:\/\/wp.ufpel.edu.br\/ppgbbio\/files\/2017\/08\/Lafarbio-200x143.jpg\" class=\"attachment-thumbnail size-thumbnail wp-post-image\" alt=\"\" \/><\/a><\/div><div class=\"wpipessoa-info\"><div class=\"wpipessoa-nome wpipessoa-fonte-grande\"><a href=\"https:\/\/wp.ufpel.edu.br\/ppgbbio\/pessoas\/laboratorio-de-pesquisa-em-farmacologia-bioquimica-lafarbio\/\">Laborat\u00f3rio de Pesquisa em Farmacologia Bioqu\u00edmica (LaFarBio)<\/a><\/div><\/div><\/li><li class=\"wpipessoa-post clearfix\"><div class=\"wpipessoa-thumb\"><a href=\"https:\/\/wp.ufpel.edu.br\/ppgbbio\/pessoas\/laboratorio-de-pesquisa-em-microbiologia-oral\/\"><img width=\"200\" height=\"102\" src=\"https:\/\/wp.ufpel.edu.br\/ppgbbio\/files\/2017\/08\/Microbiologia-Oral-200x102.jpg\" class=\"attachment-thumbnail size-thumbnail wp-post-image\" alt=\"\" \/><\/a><\/div><div class=\"wpipessoa-info\"><div class=\"wpipessoa-nome wpipessoa-fonte-grande\"><a href=\"https:\/\/wp.ufpel.edu.br\/ppgbbio\/pessoas\/laboratorio-de-pesquisa-em-microbiologia-oral\/\">Laborat\u00f3rio de Pesquisa em Microbiologia Oral<\/a><\/div><\/div><\/li><li class=\"wpipessoa-post clearfix\"><div class=\"wpipessoa-thumb\"><a href=\"https:\/\/wp.ufpel.edu.br\/ppgbbio\/pessoas\/laboratorio-quimica-aplicada-a-bioativos-laquiabio-2\/\"><img width=\"200\" height=\"200\" src=\"https:\/\/wp.ufpel.edu.br\/ppgbbio\/files\/2017\/08\/LaQuiABio-8-200x200.png\" class=\"attachment-thumbnail size-thumbnail wp-post-image\" alt=\"\" \/><\/a><\/div><div class=\"wpipessoa-info\"><div class=\"wpipessoa-nome wpipessoa-fonte-grande\"><a href=\"https:\/\/wp.ufpel.edu.br\/ppgbbio\/pessoas\/laboratorio-quimica-aplicada-a-bioativos-laquiabio-2\/\">Laborat\u00f3rio Qu\u00edmica Aplicada \u00e0 Bioativos (LaQuiABio)<\/a><\/div><\/div><\/li><\/ul>\n<p>&nbsp;<\/p>\n<p>&nbsp;<\/p>\n<p>&nbsp;<\/p>\n","protected":false},"excerpt":{"rendered":"<div class=\"wpipessoa-lista wpipessoa-info\"><\/div>\n","protected":false},"author":131,"featured_media":0,"parent":0,"menu_order":0,"comment_status":"closed","ping_status":"closed","template":"","meta":{"footnotes":""},"class_list":["post-15","page","type-page","status-publish","hentry"],"_links":{"self":[{"href":"https:\/\/wp.ufpel.edu.br\/ppgbbio\/wp-json\/wp\/v2\/pages\/15","targetHints":{"allow":["GET"]}}],"collection":[{"href":"https:\/\/wp.ufpel.edu.br\/ppgbbio\/wp-json\/wp\/v2\/pages"}],"about":[{"href":"https:\/\/wp.ufpel.edu.br\/ppgbbio\/wp-json\/wp\/v2\/types\/page"}],"author":[{"embeddable":true,"href":"https:\/\/wp.ufpel.edu.br\/ppgbbio\/wp-json\/wp\/v2\/users\/131"}],"replies":[{"embeddable":true,"href":"https:\/\/wp.ufpel.edu.br\/ppgbbio\/wp-json\/wp\/v2\/comments?post=15"}],"version-history":[{"count":7,"href":"https:\/\/wp.ufpel.edu.br\/ppgbbio\/wp-json\/wp\/v2\/pages\/15\/revisions"}],"predecessor-version":[{"id":395,"href":"https:\/\/wp.ufpel.edu.br\/ppgbbio\/wp-json\/wp\/v2\/pages\/15\/revisions\/395"}],"wp:attachment":[{"href":"https:\/\/wp.ufpel.edu.br\/ppgbbio\/wp-json\/wp\/v2\/media?parent=15"}],"curies":[{"name":"wp","href":"https:\/\/api.w.org\/{rel}","templated":true}]}}