{"id":1474,"date":"2017-07-07T08:56:56","date_gmt":"2017-07-07T11:56:56","guid":{"rendered":"https:\/\/wp.ufpel.edu.br\/ppgbbio\/?page_id=1474"},"modified":"2017-07-07T09:47:24","modified_gmt":"2017-07-07T12:47:24","slug":"coordenacao","status":"publish","type":"page","link":"https:\/\/wp.ufpel.edu.br\/ppgbbio\/coordenacao\/","title":{"rendered":"Coordena\u00e7\u00e3o"},"content":{"rendered":"<ul class=\"wpipessoa-lista\"><li class=\"wpipessoa-post clearfix\"><div class=\"wpipessoa-thumb\"><a href=\"https:\/\/wp.ufpel.edu.br\/ppgbbio\/pessoas\/marcia-foster-mesko-2\/\"><img width=\"200\" height=\"200\" src=\"https:\/\/wp.ufpel.edu.br\/ppgbbio\/files\/2017\/03\/Marcia-200x200.jpg\" class=\"attachment-thumbnail size-thumbnail wp-post-image\" alt=\"\" \/><\/a><\/div><div class=\"wpipessoa-info\"><div class=\"wpipessoa-nome wpipessoa-fonte-grande\"><a href=\"https:\/\/wp.ufpel.edu.br\/ppgbbio\/pessoas\/marcia-foster-mesko-2\/\">M\u00e1rcia Foster Mesko *Bolsista de Produtividade em Pesquisa do CNPq &#8211; N\u00edvel 1C<\/a><\/div><div class=\"wpipessoa-funcao wpipessoa-fonte-italica\">\u00c1rea de Pesquisa: Toxicologia\/Determina\u00e7\u00e3o de elementos t\u00f3xicos em cosm\u00e9ticos\/Amostras biol\u00f3gicas e ambientais<br \/>\r\n<br \/>\r\nLaborat\u00f3rio de Controle de Contaminantes em Biomateriais (LCCBIO)<br \/>\r\n<br \/>\r\n<\/div><div class=\"wpipessoa-lattes\"><a href=\"http:\/\/lattes.cnpq.br\/2461255030745891\" target=\"_blank\">Lattes<\/a><\/div><div class=\"wpipessoa-email\"><a href=\"marciamesko@yahoo.com.br\" target=\"_blank\">marciamesko@yahoo.com.br<\/a><\/div><div class=\"wpipessoa-fone\">+55 53 32757387<\/div><\/div><\/li><\/ul>\n<ul class=\"wpipessoa-lista\"><li class=\"wpipessoa-post clearfix\"><div class=\"wpipessoa-thumb\"><a href=\"https:\/\/wp.ufpel.edu.br\/ppgbbio\/pessoas\/ethel-antunes-wilhelm\/\"><img width=\"200\" height=\"200\" src=\"https:\/\/wp.ufpel.edu.br\/ppgbbio\/files\/2017\/03\/Ethe-200x200.jpg\" class=\"attachment-thumbnail size-thumbnail wp-post-image\" alt=\"\" \/><\/a><\/div><div class=\"wpipessoa-info\"><div class=\"wpipessoa-nome wpipessoa-fonte-grande\"><a href=\"https:\/\/wp.ufpel.edu.br\/ppgbbio\/pessoas\/ethel-antunes-wilhelm\/\">Ethel Antunes Wilhelm *Bolsista de Produtividade em Pesquisa do CNPq -N\u00edvel 1D<\/a><\/div><div class=\"wpipessoa-funcao wpipessoa-fonte-italica\">\u00c1rea de Pesquisa: Dor e doen\u00e7as inflamat\u00f3rias<br \/>\r\n<br \/>\r\nLaborat\u00f3rio de Pesquisa em Farmacologia Bioqu\u00edmica (LaFarBio)<\/div><div class=\"wpipessoa-lattes\"><a href=\"http:\/\/lattes.cnpq.br\/2247558205680051\" target=\"_blank\">Lattes<\/a><\/div><div class=\"wpipessoa-email\"><a href=\"ethelwilhelm@yahoo.com.br\" target=\"_blank\">ethelwilhelm@yahoo.com.br<\/a><\/div><div class=\"wpipessoa-fone\">+55 53 32757356<\/div><\/div><\/li><\/ul>\n","protected":false},"excerpt":{"rendered":"<div class=\"wpipessoa-lista wpipessoa-info\">\n<div class=\"wpipessoa-funcao wpipessoa-fonte-italica\">\u00c1rea de Pesquisa: Dor e doen\u00e7as inflamat\u00f3rias<\/p>\n<p>Laborat\u00f3rio de Pesquisa em Farmacologia Bioqu\u00edmica (LaFarBio)<\/p><\/div>\n<div class=\"wpipessoa-lattes\"><a href=\"http:\/\/lattes.cnpq.br\/2247558205680051\" target=\"_blank\">Lattes<\/a><\/div>\n<div class=\"wpipessoa-email\"><a href=\"ethelwilhelm@yahoo.com.br\" target=\"_blank\">ethelwilhelm@yahoo.com.br<\/a><\/div>\n<div class=\"wpipessoa-fone\">+55 53 32757356<\/div>\n<\/div>\n","protected":false},"author":20,"featured_media":0,"parent":0,"menu_order":0,"comment_status":"closed","ping_status":"closed","template":"","meta":{"footnotes":""},"class_list":["post-1474","page","type-page","status-publish","hentry"],"_links":{"self":[{"href":"https:\/\/wp.ufpel.edu.br\/ppgbbio\/wp-json\/wp\/v2\/pages\/1474","targetHints":{"allow":["GET"]}}],"collection":[{"href":"https:\/\/wp.ufpel.edu.br\/ppgbbio\/wp-json\/wp\/v2\/pages"}],"about":[{"href":"https:\/\/wp.ufpel.edu.br\/ppgbbio\/wp-json\/wp\/v2\/types\/page"}],"author":[{"embeddable":true,"href":"https:\/\/wp.ufpel.edu.br\/ppgbbio\/wp-json\/wp\/v2\/users\/20"}],"replies":[{"embeddable":true,"href":"https:\/\/wp.ufpel.edu.br\/ppgbbio\/wp-json\/wp\/v2\/comments?post=1474"}],"version-history":[{"count":2,"href":"https:\/\/wp.ufpel.edu.br\/ppgbbio\/wp-json\/wp\/v2\/pages\/1474\/revisions"}],"predecessor-version":[{"id":1478,"href":"https:\/\/wp.ufpel.edu.br\/ppgbbio\/wp-json\/wp\/v2\/pages\/1474\/revisions\/1478"}],"wp:attachment":[{"href":"https:\/\/wp.ufpel.edu.br\/ppgbbio\/wp-json\/wp\/v2\/media?parent=1474"}],"curies":[{"name":"wp","href":"https:\/\/api.w.org\/{rel}","templated":true}]}}