{"id":1183,"date":"2017-03-06T11:19:44","date_gmt":"2017-03-06T14:19:44","guid":{"rendered":"https:\/\/wp.ufpel.edu.br\/ppgbbio\/?page_id=1183"},"modified":"2021-10-01T00:18:49","modified_gmt":"2021-10-01T03:18:49","slug":"disciplinas-obrigatorias-do-mestrado","status":"publish","type":"page","link":"https:\/\/wp.ufpel.edu.br\/ppgbbio\/disciplinas-obrigatorias-do-mestrado\/","title":{"rendered":"DISCIPLINAS OBRIGAT\u00d3RIAS DO MESTRADO"},"content":{"rendered":"<p><strong>DISCIPLINAS OBRIGAT\u00d3RIAS DO MESTRADO<\/strong><\/p>\n<table style=\"height: 172px\" width=\"580\">\n<tbody>\n<tr>\n<td style=\"width: 258.4px;text-align: center\"><strong>Disciplina<\/strong><\/td>\n<td style=\"width: 132px;text-align: center\"><strong>C\u00f3digo UFPel<\/strong><\/td>\n<td style=\"width: 68.8px;text-align: center\"><strong>N\u00edvel<\/strong><\/td>\n<td style=\"width: 95.2px;text-align: center\"><strong>Cr\u00e9ditos<\/strong><\/td>\n<\/tr>\n<tr>\n<td style=\"width: 258.4px;text-align: center\"><strong>Metodologia Cient\u00edfica<\/strong><\/td>\n<td style=\"width: 132px;text-align: center\">1658025<\/td>\n<td style=\"width: 68.8px;text-align: center\">M<\/td>\n<td style=\"width: 95.2px;text-align: center\">02<\/td>\n<\/tr>\n<tr>\n<td style=\"width: 258.4px;text-align: center\"><strong>Semin\u00e1rios I<\/strong><\/td>\n<td style=\"width: 132px;text-align: center\">D000385<\/td>\n<td style=\"width: 68.8px;text-align: center\">M<\/td>\n<td style=\"width: 95.2px;text-align: center\">02<\/td>\n<\/tr>\n<tr>\n<td style=\"width: 258.4px;text-align: center\"><strong>Semin\u00e1rios II<\/strong><\/td>\n<td style=\"width: 132px;text-align: center\">D000398<\/td>\n<td style=\"width: 68.8px;text-align: center\">M<\/td>\n<td style=\"width: 95.2px;text-align: center\">02<\/td>\n<\/tr>\n<tr>\n<td style=\"width: 258.4px;text-align: center\"><strong>Est\u00e1gio de Doc\u00eancia Orientada<\/strong><\/td>\n<td style=\"width: 132px;text-align: center\">1650032<\/td>\n<td style=\"width: 68.8px;text-align: center\">M<\/td>\n<td style=\"width: 95.2px;text-align: center\">02<\/td>\n<\/tr>\n<\/tbody>\n<\/table>\n<p><strong>Metodologia Cient\u00edfica<\/strong>: 2 cr\u00e9ditos (34 horas)<\/p>\n<p>C\u00f3digo: 1658025<\/p>\n<p>Ementa: A disciplina de metodologia cient\u00edfica tem como objetivos fornecer ao aluno conhecimentos te\u00f3ricos fundamentais em metodologia da pesquisa cient\u00edfica, possibilitando ao aluno elaborar, de modo sistem\u00e1tico e com rigor metodol\u00f3gico, um projeto de pesquisa. Fornecer embasamento te\u00f3rico de como realizar de modo sistem\u00e1tico: uma pesquisa bibliogr\u00e1fica da literatura, uma leitura cr\u00edtica dos artigos selecionados, elaborar um resumo anal\u00edtico-cr\u00edtico dos mesmos e arquivar essas informa\u00e7\u00f5es; possibilitar o discernimento e a capacidade de elabora\u00e7\u00e3o dos diferentes tipos de pesquisas cient\u00edficas; ampliar o conhecimento das implica\u00e7\u00f5es metodol\u00f3gicas e \u00e9ticas na pesquisa; fornecer elementos b\u00e1sicos que permitam estabelecer claramente o tema, problema e hip\u00f3teses de uma pesquisa cient\u00edfica; capacitar para realizar um delineamento de pesquisa e elaborar adequadamente um projeto de pesquisa.<\/p>\n<p>&nbsp;<\/p>\n<address>Bibliografia: Huhne, L. M. (org). Metodologia cient\u00edfica: caderno de textos e t\u00e9cnicas. 7ed. Rio de Janeiro: Agir, 2000.<\/address>\n<address>Rosenberg, M. A l\u00f3gica de an\u00e1lise do levantamento de dados. S\u00e3o Paulo: Cultrix, 1968.<\/address>\n<address>Santos, A.R., Metodologia cient\u00edfica: a constru\u00e7\u00e3o do conhecimento. Rio de Janeiro: DP&amp;A, 1999.<\/address>\n<address>Trabalhos originais publicados em revistas indexadas de circula\u00e7\u00e3o nacional e internacional.<\/address>\n<p>&nbsp;<\/p>\n<p><strong>Semin\u00e1rios I<\/strong>: 2 cr\u00e9ditos (34 horas)<\/p>\n<p>C\u00f3digo: D000385<\/p>\n<p>Ementa: Na disciplina de Semin\u00e1rios I, os alunos participar\u00e3o como ouvintes de semin\u00e1rios semanais ministrados por professores ou p\u00f3s-graduandos da UFPel e de outras Institui\u00e7\u00f5es. O assunto a ser abordado em cada semin\u00e1rio ser\u00e1 principalmente relacionado a linha de pesquisa do ministrante. Al\u00e9m disto, nesta disciplina ser\u00e3o abordados t\u00f3picos referentes \u00e0 \u00e9tica, que ser\u00e3o ministrados por profissionais na \u00e1rea a serem convidados.<\/p>\n<p>&nbsp;<\/p>\n<address>Bibliografia: Bibliografia atual referente ao assunto a ser apresentado no Semin\u00e1rio.<\/address>\n<address>Trabalhos originais publicados em revistas de circula\u00e7\u00e3o nacional e internacional.<\/address>\n<p>&nbsp;<\/p>\n<p><strong>Semin\u00e1rios II<\/strong>: 2 cr\u00e9ditos (34 horas)<\/p>\n<p>C\u00f3digo:\u00a0D000398<\/p>\n<p>Ementa: Nesta disciplina os alunos dever\u00e3o ministrar semin\u00e1rios. Cada aluno apresentar\u00e1 pelo menos um semin\u00e1rio que dever\u00e1 versar sobre temas atuais e relevantes da \u00e1rea da qual trata o projeto de disserta\u00e7\u00e3o, com enfoque interdisciplinar. Cada semin\u00e1rio dever\u00e1 ter a dura\u00e7\u00e3o de 40 a 50 minutos e sua avalia\u00e7\u00e3o ser\u00e1 por uma banca examinadora definida pelo Colegiado.<\/p>\n<p>&nbsp;<\/p>\n<address>Bibliografia: Bibliografia atual referente ao assunto a ser apresentado no Semin\u00e1rio.<\/address>\n<address>Trabalhos originais publicados em revistas indexadas de circula\u00e7\u00e3o nacional e internacional.<\/address>\n<address>\u00a0<\/address>\n<address>\u00a0<\/address>\n<address>\u00a0<\/address>\n<address><strong>Est\u00e1gio de Doc\u00eancia Orientada: <\/strong>2 cr\u00e9ditos (34 horas)C\u00f3digo: 1650032<\/p>\n<p>Ementa: O est\u00e1gio de doc\u00eancia, ou doc\u00eancia orientada, faz parte importante do desenvolvimento acad\u00eamico do p\u00f3s-graduando e tem como objetivo permitir que o discente de p\u00f3s-gradua\u00e7\u00e3o ministre aulas expositivas de disciplinas ofertadas para cursos de gradua\u00e7\u00e3o sob responsabilidade e avalia\u00e7\u00e3o do seu orientador. O est\u00e1gio de doc\u00eancia n\u00e3o deve ultrapassar 40% da carga hor\u00e1ria total de disciplina a ser ministrada.<\/p>\n<p>&nbsp;<\/p>\n<p><em>Bibliografia:<\/em><\/p>\n<p><em>As refer\u00eancias utilizadas s\u00e3o espec\u00edficas das disciplinas dos cursos de gradua\u00e7\u00e3o a serem ministradas.<\/em><\/p>\n<\/address>\n","protected":false},"excerpt":{"rendered":"<p>DISCIPLINAS OBRIGAT\u00d3RIAS DO MESTRADO Disciplina C\u00f3digo UFPel N\u00edvel Cr\u00e9ditos Metodologia Cient\u00edfica 1658025 M 02 Semin\u00e1rios I D000385 M 02 Semin\u00e1rios II D000398 M 02 Est\u00e1gio de Doc\u00eancia Orientada 1650032 M 02 Metodologia Cient\u00edfica: 2 cr\u00e9ditos (34 horas) C\u00f3digo: 1658025 Ementa: A disciplina de metodologia cient\u00edfica tem como objetivos fornecer ao aluno conhecimentos te\u00f3ricos fundamentais em [&hellip;]<\/p>\n","protected":false},"author":667,"featured_media":0,"parent":0,"menu_order":0,"comment_status":"closed","ping_status":"closed","template":"","meta":{"footnotes":""},"class_list":["post-1183","page","type-page","status-publish","hentry"],"_links":{"self":[{"href":"https:\/\/wp.ufpel.edu.br\/ppgbbio\/wp-json\/wp\/v2\/pages\/1183","targetHints":{"allow":["GET"]}}],"collection":[{"href":"https:\/\/wp.ufpel.edu.br\/ppgbbio\/wp-json\/wp\/v2\/pages"}],"about":[{"href":"https:\/\/wp.ufpel.edu.br\/ppgbbio\/wp-json\/wp\/v2\/types\/page"}],"author":[{"embeddable":true,"href":"https:\/\/wp.ufpel.edu.br\/ppgbbio\/wp-json\/wp\/v2\/users\/667"}],"replies":[{"embeddable":true,"href":"https:\/\/wp.ufpel.edu.br\/ppgbbio\/wp-json\/wp\/v2\/comments?post=1183"}],"version-history":[{"count":6,"href":"https:\/\/wp.ufpel.edu.br\/ppgbbio\/wp-json\/wp\/v2\/pages\/1183\/revisions"}],"predecessor-version":[{"id":4509,"href":"https:\/\/wp.ufpel.edu.br\/ppgbbio\/wp-json\/wp\/v2\/pages\/1183\/revisions\/4509"}],"wp:attachment":[{"href":"https:\/\/wp.ufpel.edu.br\/ppgbbio\/wp-json\/wp\/v2\/media?parent=1183"}],"curies":[{"name":"wp","href":"https:\/\/api.w.org\/{rel}","templated":true}]}}