{"id":1103,"date":"2017-03-06T09:53:46","date_gmt":"2017-03-06T12:53:46","guid":{"rendered":"https:\/\/wp.ufpel.edu.br\/ppgbbio\/?page_id=1103"},"modified":"2024-12-13T13:29:41","modified_gmt":"2024-12-13T16:29:41","slug":"noticias","status":"publish","type":"page","link":"https:\/\/wp.ufpel.edu.br\/ppgbbio\/noticias\/","title":{"rendered":"Not\u00edcias"},"content":{"rendered":"<p>PPGBBIO realiza semin\u00e1rio de autoavalia\u00e7\u00e3o<\/p>\n<p>&nbsp;<\/p>\n<p>&nbsp;<\/p>\n<p>&nbsp;<\/p>\n<p>No dia 12 de dezembro de 2024, o PPGBBio realizou seu semin\u00e1rio de autoavalia\u00e7\u00e3o, contando com a presen\u00e7a do Pr\u00f3-Reitor de Pesquisa e P\u00f3s-Gradua\u00e7\u00e3o da UFPel, Prof. Dr. Fl\u00e1vio Demarco, al\u00e9m de docentes, discentes egressos e do secret\u00e1rio do Programa.<\/p>\n<p>A programa\u00e7\u00e3o teve in\u00edcio com a palestra do Prof. Dr. Fl\u00e1vio Demarco, intitulada <em>\u201cPesquisa e P\u00f3s-Gradua\u00e7\u00e3o na UFPel: um breve panorama\u201d.<\/em> Em seguida, foram apresentados os resultados das avalia\u00e7\u00f5es realizadas com discentes, docentes e egressos, obtidos por meio de question\u00e1rios online que abordaram diversos aspectos do PPGBBio.<\/p>\n<p>A realiza\u00e7\u00e3o do semin\u00e1rio foi muito importante pois permitiu identificar os pontos fortes e os desafios do Programa, fornecendo subs\u00eddios importantes para o planejamento de a\u00e7\u00f5es estrat\u00e9gicas voltadas ao seu aprimoramento e crescimento.<\/p>\n<p>&nbsp;<\/p>\n<p>&nbsp;<\/p>\n<p>&nbsp;<\/p>\n<p>&nbsp;<\/p>\n<p><a href=\"https:\/\/wp.ufpel.edu.br\/ppgbbio\/pt\/processos-seletivos\/\">PPGBBio seleciona aluno para Doutorado Sandu\u00edche no Exterior. As inscri\u00e7\u00f5es estar\u00e3o abertas de 18 de novembro de 2024 at\u00e9 10 de dezembro de 2024. <\/a><\/p>\n","protected":false},"excerpt":{"rendered":"<p>PPGBBIO realiza semin\u00e1rio de autoavalia\u00e7\u00e3o &nbsp; &nbsp; &nbsp; No dia 12 de dezembro de 2024, o PPGBBio realizou seu semin\u00e1rio de autoavalia\u00e7\u00e3o, contando com a presen\u00e7a do Pr\u00f3-Reitor de Pesquisa e P\u00f3s-Gradua\u00e7\u00e3o da UFPel, Prof. Dr. Fl\u00e1vio Demarco, al\u00e9m de docentes, discentes egressos e do secret\u00e1rio do Programa. A programa\u00e7\u00e3o teve in\u00edcio com a palestra [&hellip;]<\/p>\n","protected":false},"author":131,"featured_media":0,"parent":0,"menu_order":0,"comment_status":"closed","ping_status":"closed","template":"","meta":{"footnotes":""},"class_list":["post-1103","page","type-page","status-publish","hentry"],"_links":{"self":[{"href":"https:\/\/wp.ufpel.edu.br\/ppgbbio\/wp-json\/wp\/v2\/pages\/1103","targetHints":{"allow":["GET"]}}],"collection":[{"href":"https:\/\/wp.ufpel.edu.br\/ppgbbio\/wp-json\/wp\/v2\/pages"}],"about":[{"href":"https:\/\/wp.ufpel.edu.br\/ppgbbio\/wp-json\/wp\/v2\/types\/page"}],"author":[{"embeddable":true,"href":"https:\/\/wp.ufpel.edu.br\/ppgbbio\/wp-json\/wp\/v2\/users\/131"}],"replies":[{"embeddable":true,"href":"https:\/\/wp.ufpel.edu.br\/ppgbbio\/wp-json\/wp\/v2\/comments?post=1103"}],"version-history":[{"count":6,"href":"https:\/\/wp.ufpel.edu.br\/ppgbbio\/wp-json\/wp\/v2\/pages\/1103\/revisions"}],"predecessor-version":[{"id":5623,"href":"https:\/\/wp.ufpel.edu.br\/ppgbbio\/wp-json\/wp\/v2\/pages\/1103\/revisions\/5623"}],"wp:attachment":[{"href":"https:\/\/wp.ufpel.edu.br\/ppgbbio\/wp-json\/wp\/v2\/media?parent=1103"}],"curies":[{"name":"wp","href":"https:\/\/api.w.org\/{rel}","templated":true}]}}