{"id":9988,"date":"2023-08-05T11:11:00","date_gmt":"2023-08-05T14:11:00","guid":{"rendered":"https:\/\/wp.ufpel.edu.br\/ppgartes\/?page_id=9988"},"modified":"2024-01-31T09:11:07","modified_gmt":"2024-01-31T12:11:07","slug":"perguntas-frequentes-dos-discentes","status":"publish","type":"page","link":"https:\/\/wp.ufpel.edu.br\/ppgartes\/perguntas-frequentes-dos-discentes\/","title":{"rendered":"Perguntas Frequentes dos Discentes"},"content":{"rendered":"\n<p><\/p>\n\n\n\n<p><strong>Quais s\u00e3o os REQUISITOS PARA A CONCLUS\u00c3O DO CURSO?<\/strong><br>1) A comprova\u00e7\u00e3o da profici\u00eancia ou compet\u00eancia em L\u00edngua Estrangeira \u00e9 pr\u00e9-requisito para a Qualifica\u00e7\u00e3o.<br>2) Cursar 22 cr\u00e9ditos em disciplinas.<br>3) Obter 02 cr\u00e9ditos em Atividades Complementares.<br>4) Est\u00e1gio Doc\u00eancia obrigat\u00f3rio para bolsistas, aos demais, \u00e9 facultativo.<br>5) Exame de Qualifica\u00e7\u00e3o em 12 meses.<br>6) Defesa Final em 24 meses.<br>7) Vers\u00e3o Final da Disserta\u00e7\u00e3o ou Tese em pdf e impressa, com autoriza\u00e7\u00e3o de sua publica\u00e7\u00e3o.<\/p>\n\n\n\n<p><\/p>\n\n\n\n<p><strong>QUAIS DISCIPLINAS S\u00c3O PERTINENTES para minha linha de pesquisa?<\/strong><\/p>\n\n\n\n<p>O mais indicado \u00e9 entrar em contato diretamente com seu\/sua orientador(a), visto que a secretaria \u00e9 inapta para tal.<\/p>\n\n\n\n<p><strong>Como atesto minha PROFICI\u00caNCIA?<\/strong><\/p>\n\n\n\n<p>O\/A estudante deve encaminhar o certificado da profici\u00eancia (frente e verso) em .PDF para o email ufpel.ppgartes@gmail.com<\/p>\n\n\n\n<p>Obs.1 : para o Mestrado \u00e9 obrigat\u00f3rio um idioma e para o Doutorado s\u00e3o obrigat\u00f3rios dois idiomas.<\/p>\n\n\n\n<p>Obs 2: A comprova\u00e7\u00e3o da profici\u00eancia ou compet\u00eancia em L\u00edngua Estrangeira \u00e9 pr\u00e9-requisito para a Qualifica\u00e7\u00e3o (Art. 42 do Regimento do PPGArtes). Ver tamb\u00e9m <a rel=\"noreferrer noopener\" href=\"https:\/\/wp.ufpel.edu.br\/ppgartes\/files\/2020\/11\/Resolucao-PPGAVI-01-2020-Proficiencia-em-Lingua-estrangeira.pdf\" target=\"_blank\">Resolu\u00e7\u00e3o PPGARTES 01-2020 \u2013 Profici\u00eancia em L\u00edngua estrangeira<\/a>.<\/p>\n\n\n\n<p><strong>O que s\u00e3o as ATIVIDADES COMPLEMENTARES?<\/strong><\/p>\n\n\n\n<p>Para obter os 2 cr\u00e9ditos obrigat\u00f3rios, os discentes dever\u00e3o comprovar participa\u00e7\u00e3o em atividades como publica\u00e7\u00f5es, palestras, congressos, jornadas, dentre outros eventos. Para tal, \u00e9 necess\u00e1rio preencher o formul\u00e1rio \u2013 <a href=\"https:\/\/wp.ufpel.edu.br\/ppgartes\/files\/2020\/09\/Tabela-de-Pontuacao-de-Atividades-Complementares.docx\">Tabela de Pontua\u00e7\u00e3o de Atividades Complementares<\/a> e encaminhar para o e-mail da Secretaria do PPGArtes ufpel.ppgartes@gmail.com<\/p>\n\n\n\n<p><strong>Preciso do meu HIST\u00d3RICO ou ATESTADO DE MATR\u00cdCULA, como fa\u00e7o?<\/strong><\/p>\n\n\n\n<p>Assim como o hist\u00f3rico, o atestado de matr\u00edcula pode ser retirado diretamente do <a href=\"https:\/\/cobalto.ufpel.edu.br\/dashboard\/\">Cobalto<\/a>.<br>No cobalto: Aluno &gt; Consultas &gt; Matr\u00edcula &gt; Imprimir.<\/p>\n\n\n\n<p><strong>Preciso de um ATESTADO ESPEC\u00cdFICO, como consigo?<\/strong><\/p>\n\n\n\n<p>Mande um e-mail para ufpel.ppgartes@gmail.com solicitando o pedido espec\u00edfico. O atestado ser\u00e1 entregue em at\u00e9 05 (cinco) dias \u00fateis. Situa\u00e7\u00f5es preferenciais ser\u00e3o atendidas conforme a legisla\u00e7\u00e3o em vigor (Lei 10.048\/00).<\/p>\n\n\n\n<p><strong>Como solicito APROVEITAMENTO DE CR\u00c9DITOS\/DISCIPLINAS?<\/strong><\/p>\n\n\n\n<p>O\/A estudante deve preencher o <a href=\"https:\/\/wp.ufpel.edu.br\/ppgartes\/files\/2023\/08\/Formulario-de-Aproveitamento-de-Disciplinas.docx\">Formul\u00e1rio de Aproveitamento de Disciplinas<\/a> que deve ser assinado tamb\u00e9m pelo seu\/sua orientador\/a (via GOV.BR), este formul\u00e1rio deve ser encaminhado para o e-mail ufpel.ppgartes@gmail.com<\/p>\n\n\n\n<p>Lembrete:<\/p>\n\n\n\n<p>Disciplina(s) cursada(s) como Estudante em Regime Especial ou Regular em outros PPGs da UFPel ou de outras Institui\u00e7\u00f5es: enviar o formul\u00e1rio com <strong>a(s) ementa(s) das disciplina(s) pretendidas<\/strong>.<\/p>\n\n\n\n<p>O m\u00e1ximo de cr\u00e9ditos a ser aproveitado \u00e9 8 (oito). Somente ser\u00e3o aceitos se tiverem sido obtidos h\u00e1 at\u00e9 <strong>5 (cinco)<\/strong> anos, contados a partir do ano letivo seguinte \u00e0 oferta da disciplina.<br>Obs. 1: Somente podem ser aproveitadas disciplinas com conceito A\/B e C.<\/p>\n\n\n\n<p><strong>Como fa\u00e7o o CANCELAMENTO\/TRANCAMENTO DE MATR\u00cdCULA GERAL?<\/strong><\/p>\n\n\n\n<p>Para cancelar ou trancar a matr\u00edcula geral voc\u00ea deve preencher o <a href=\"https:\/\/wp.ufpel.edu.br\/ppgartes\/files\/2023\/08\/Formulario-de-Trancamento-de-Matricula.doc\">Formul\u00e1rio de Trancamento de Matr\u00edcula<\/a> e encaminhar para o e-mail ufpel.ppgartes@gmail.com. Esta solicita\u00e7\u00e3o ser\u00e1 levada \u00e0 reuni\u00e3o de Colegiado e ap\u00f3s delibera\u00e7\u00e3o, \u00e9 encaminhada para o NPG a fim de efetivar o trancamento\/cancelamento da matr\u00edcula.<\/p>\n\n\n\n<p><strong>Qual o PRAZO M\u00c1XIMO DE TRANCAMENTO GERAL da minha matr\u00edcula posso solicitar?<\/strong><\/p>\n\n\n\n<p>O(A) discente poder\u00e1 trancar sua matr\u00edcula por um per\u00edodo m\u00e1ximo de dois semestres letivos, consecutivos ou n\u00e3o, o qual precisa ser aprovado pelo Colegiado.<\/p>\n\n\n\n<p><strong>Como fa\u00e7o o CANCELAMENTO\/TRANCAMENTO DE DISCIPLINAS?<\/strong><\/p>\n\n\n\n<p>Para cancelar ou trancar a matr\u00edcula de disciplinas voc\u00ea deve preencher o <a rel=\"noreferrer noopener\" href=\"https:\/\/wp.ufpel.edu.br\/ppgartes\/files\/2021\/09\/Formulario-%E2%80%93-Cancelamento-de-Disciplina-2.doc\" target=\"_blank\">Formulario-Cancelamento-de-Disciplina<\/a> ou <a rel=\"noreferrer noopener\" href=\"https:\/\/wp.ufpel.edu.br\/ppgartes\/files\/2013\/08\/Formulario-10-%E2%80%93-Trancamento-de-Matricula.doc\" target=\"_blank\">Formul\u00e1rio \u2013 Trancamento de Matr\u00edcula<\/a> e encaminhar para o e-mail ufpel.ppgartes@gmail.com. O cancelamento de disciplina poder\u00e1 ser feito at\u00e9 cumprido 50% da disciplina, mediante aprova\u00e7\u00e3o do orientador e do Colegiado. Esta solicita\u00e7\u00e3o ser\u00e1 levada \u00e0 reuni\u00e3o de Colegiado e ap\u00f3s delibera\u00e7\u00e3o, ser\u00e1 efetivado o trancamento\/cancelamento da matr\u00edcula.<\/p>\n\n\n\n<p><strong>O EST\u00c1GIO DOC\u00caNCIA \u00e9 obrigat\u00f3rio?<\/strong><\/p>\n\n\n\n<p>O Est\u00e1gio Doc\u00eancia \u00e9 obrigat\u00f3rio aos discentes bolsistas, aos demais, \u00e9 facultativo.<\/p>\n\n\n\n<ul class=\"wp-block-list\">\n<li><a href=\"https:\/\/wp.ufpel.edu.br\/ppgartes\/files\/2013\/08\/modelo_relatorio_estagio_docente.doc\" target=\"_blank\" rel=\"noreferrer noopener\">Modelo de Relat\u00f3rio de Est\u00e1gio Docente<\/a><\/li>\n\n\n\n<li><a href=\"https:\/\/wp.ufpel.edu.br\/ppgartes\/files\/2013\/08\/solicitacao-de-estagio-docencia.doc\" target=\"_blank\" rel=\"noreferrer noopener\">Modelo de Solicita\u00e7\u00e3o de Est\u00e1gio Doc\u00eancia<\/a><\/li>\n<\/ul>\n\n\n\n<p><\/p>\n\n\n\n<p><\/p>\n\n\n\n<p><\/p>\n\n\n\n<p><strong>Como fa\u00e7o pedido de AUX\u00cdLIO FINANCEIRO para eventos?<\/strong><\/p>\n\n\n\n<p>Quando h\u00e1 verba para aux\u00edlio financeiro, o colegiado envia e-mail para os alunos. \u00c9 responsabilidade do aluno(a) verificar e encaminhar a documenta\u00e7\u00e3o necess\u00e1ria (<a href=\"https:\/\/wp.ufpel.edu.br\/ppgartes\/files\/2023\/08\/Formulario-para-solicitacao-de-ajuda-financeira-para-alunos.docx\">Formul\u00e1rio para solicita\u00e7\u00e3o de ajuda financeira para alunos<\/a> com o <strong>aceite <\/strong>e <strong>programa\u00e7\u00e3o do evento<\/strong>, em pdf). Portanto, FIQUE ATENTO(A).<\/p>\n\n\n\n<p>Sugere-se que discentes fa\u00e7am suas solicita\u00e7\u00f5es at\u00e9 o in\u00edcio do m\u00eas de outubro. Os pedidos de AUX\u00cdLIO FINANCEIRO PARA ESTUDANTES, embora possam ser usufru\u00eddos at\u00e9 o final do exerc\u00edcio, precisam dar entrada no sistema at\u00e9 esta data.<br>Aceitaremos as solicita\u00e7\u00f5es de AUX\u00cdLIO FINANCEIRO PARA ESTUDANTES, para participar de <strong>eventos cient\u00edficos<\/strong> <strong>com apresenta\u00e7\u00e3o de trabalho <\/strong>e <strong>vinculado a pesquisa desenvolvida no programa<\/strong>. Os valores ser\u00e3o analisados pela coordena\u00e7\u00e3o.<\/p>\n\n\n\n<p>Sempre que houver custeio com valores p\u00fablicos, \u00e9 exigido uma presta\u00e7\u00e3o de contas, logo, o(a) discente dever\u00e1, ap\u00f3s o evento\/viagem, prestar contas.<\/p>\n\n\n\n<p><strong>Como fa\u00e7o a PRESTA\u00c7\u00c3O DE CONTAS do AUX\u00cdLIO FINANCEIRO?<\/strong><\/p>\n\n\n\n<p>At\u00e9 15 dias depois do evento deve enviar o Comprovante de participa\u00e7\u00e3o (Atestado\/Certificado) no caso de Eventos Cient\u00edficos ou relat\u00f3rio de viagem em caso de visita T\u00e9cnica <a href=\"https:\/\/wp.ufpel.edu.br\/ppgartes\/files\/2023\/08\/Relatorio-de-Viagem-ou-Visita-Tecnica-Aluno.docx\">Relat\u00f3rio de Viagem ou Visita T\u00e9cnica<\/a> para o email ufpel.ppgartes@gmail.com<\/p>\n\n\n\n<p><\/p>\n\n\n\n<p><strong>Como solicito PRORROGA\u00c7\u00c3O DE PRAZO de Qualifica\u00e7\u00e3o e Defesa?<\/strong><\/p>\n\n\n\n<p>Preencher o <a href=\"https:\/\/wp.ufpel.edu.br\/ppgartes\/files\/2023\/08\/Formulario-de-Prorrogacao-de-Prazo-para-Qualificacao-e-Defesa-Mestrado-e-Doutorado.doc\">Formul\u00e1rio-de-Prorroga\u00e7\u00e3o-de-Prazo-para-Qualifica\u00e7\u00e3o-e-Defesa-Mestrado-e-Doutorado<\/a>, que deve conter as assinaturas do discente e do(a) orientador\/a (via GOV.BR) e enviar para e-mail ufpel.ppgartes@gmail.com. Esta solicita\u00e7\u00e3o ser\u00e1 levada \u00e0 reuni\u00e3o de Colegiado e ap\u00f3s delibera\u00e7\u00e3o, o aluno ser\u00e1 comunicado.<\/p>\n\n\n\n<p>IMPORTANTE: Caso o motivo seja SA\u00daDE, o(a) discente deve encaminhar o formul\u00e1rio <a href=\"https:\/\/wp.ufpel.edu.br\/ppgartes\/files\/2023\/08\/Requerimento-de-Aluno-Pericia.pdf\">Requerimento de Aluno \u2013 Per\u00edcia<\/a> diretamente para a Pericia M\u00e9dica atrav\u00e9s do email <a href=\"mailto:pericia.medica@ufpel.edu.br\">pericia.medica@ufpel.edu.br<\/a>. A Per\u00edcia entrar\u00e1 em contato com o PPGArtes para informar o per\u00edodo de afastamento do(a) discente.<\/p>\n\n\n\n<p><strong>Quanto tempo de PRORROGA\u00c7\u00c3O DE PRAZO posso solicitar?<\/strong><\/p>\n\n\n\n<p>O(A) discente poder\u00e1 prorrogar o prazo de defesa\/qualifica\u00e7\u00e3o por at\u00e9 6 meses, desde que seu\/sua orientar(a) esteja ciente e aprovado pelo Colegiado.<\/p>\n\n\n\n<p><\/p>\n\n\n\n<p><\/p>\n\n\n\n<p><strong>Como RESERVAR SALA para as bancas de QUALIFICA\u00c7\u00c3O e DEFESA FINAL?<\/strong><\/p>\n\n\n\n<p>Para agendamento da <strong>SALA 313<\/strong> as reservas podem ser feitas pelo e-mail <a href=\"mailto:ufpel.ppgartes@gmail.com\">ufpel.ppgartes@gmail.com<\/a><\/p>\n\n\n\n<p><strong>Galeria A SALA<\/strong>, <strong>audit\u00f3rio 1<\/strong>, <strong>audit\u00f3rio 2<\/strong> e demais salas do Centro de Artes atrav\u00e9s do e-mail: <a href=\"mailto:auditorioiad@gmail.com\">auditorioiad@gmail.com<\/a> ou fone: (53) 3284-5520.<\/p>\n\n\n\n<p>Podem ser agendadas tamb\u00e9m as salas, audit\u00f3rio, mini audit\u00f3rio e espa\u00e7o cultural do CEHUS (Centro de P\u00f3s-Gradua\u00e7\u00e3o e Pesquisas em Ci\u00eancias Humanas, Sociais, Sociais Aplicadas, Artes e Linguagem), atrav\u00e9s do link <a href=\"https:\/\/wp.ufpel.edu.br\/cehus\/reserva-de-salas\/\">https:\/\/wp.ufpel.edu.br\/cehus\/reserva-de-salas\/<\/a> .<\/p>\n\n\n\n<p>O controle da sala 313 pode ser visualizado no calend\u00e1rio abaixo:<br><a href=\"https:\/\/wp.ufpel.edu.br\/ppgartes\/agenda-ppgav\/salas-do-ppgav\/\">https:\/\/wp.ufpel.edu.br\/ppgartes\/agenda-ppgav\/salas-do-ppgav\/<\/a><\/p>\n\n\n\n<p><\/p>\n\n\n\n<p><strong><strong>Como proceder <\/strong>para <strong>MARCA\u00c7\u00c3O&nbsp;DE BANCA&nbsp;DE QUALIFICA\u00c7\u00c3O<\/strong>?<\/strong><\/p>\n\n\n\n<p>1 \u2013 Conferir no Cobalto o n\u00famero de cr\u00e9ditos cursados&nbsp;e aprovados pelo Programa (exig\u00eancia m\u00ednima de 75% dos cr\u00e9ditos em disciplinas, conforme art. 72 do Regimento do PPGArtes);<br>2 \u2013 Enviar para a Secretaria do PPGArtes, at\u00e9 o final do segundo semestre do curso, atestado de profici\u00eancia em uma l\u00edngua estrangeira;<br>3 \u2013 O(a) orientador(a), com no m\u00ednimo 40 dias de anteced\u00eancia, dever\u00e1 enviar atrav\u00e9s do sistema SEI o formul\u00e1rio \u201cPRPPGI: Formul\u00e1rio \u2013 Encaminhamento de Exame de Qualifica\u00e7\u00e3o&#8221;,&nbsp;devidamente preenchido e assinado;<br>4 \u2013 Entregar relat\u00f3rio de est\u00e1gio docente, caso esse tenha sido realizado no primeiro ano do curso;<br>5 \u2013 Para fins de divulga\u00e7\u00e3o na p\u00e1gina do mestrado, enviar por e-mail \u00e0 Secretaria do PPGArtes o cartaz da qualifica\u00e7\u00e3o no formato JPG, em tamanho compat\u00edvel com a WEB (aproximadamente 1 mega).<\/p>\n\n\n\n<p><\/p>\n\n\n\n<p><strong>Como proceder para <strong>MARCA\u00c7\u00c3O DE DEFESA DE DISSERTA\u00c7\u00c3O<\/strong>?<\/strong><\/p>\n\n\n\n<p>1 \u2013 Conferir no Cobalto o n\u00famero de cr\u00e9ditos cursados e aprovados pelo Programa (exig\u00eancia m\u00ednima de 22 cr\u00e9ditos distribu\u00eddos conforme o art. 40 do Regimento do PPGArtes);<br>2 \u2013 Conferir junto \u00e0 Secretaria do PPGArtes se a Tabela de Pontua\u00e7\u00e3o de Atividades Complementares,&nbsp;a serem entregues em qualquer tempo at\u00e9 a data de defesa da disserta\u00e7\u00e3o, foi homologada pelo colegiado. (conforme o art. 41 do Regimento do PPGArtes, o aluno dever\u00e1 somar 2 cr\u00e9ditos em atividades complementares&nbsp;no per\u00edodo do curso);<br>3 \u2013 Conferir junto \u00e0 Secretaria do PPGArtes se o Relat\u00f3rio do Est\u00e1gio Docente&nbsp;foi entregue (obrigat\u00f3rio apenas para alunos bolsistas);<br>4 \u2013 O(a) orientador(a), com no m\u00ednimo 40 dias de anteced\u00eancia, dever\u00e1 enviar atrav\u00e9s do SEI o formul\u00e1rio \u201cPRPPGI:&nbsp; &nbsp;Formul\u00e1rio \u2013 Encaminhamento de Defesa de disserta\u00e7\u00e3o\u201d,&nbsp;devidamente preenchido e assinado;<br>5 \u2013 Para fins de divulga\u00e7\u00e3o na p\u00e1gina do mestrado, enviar por e-mail \u00e0 Secretaria do PPGArtes o cartaz da qualifica\u00e7\u00e3o no formato JPG, em tamanho compat\u00edvel com a WEB (aproximadamente 1 mega).<\/p>\n\n\n\n<p><\/p>\n\n\n\n<p><strong>Como \u00e9 a entrega da VERS\u00c3O FINAL DA TESE\/DISSERTA\u00c7\u00c3O?<\/strong><\/p>\n\n\n\n<p>1) As solicita\u00e7\u00f5es de <strong>ficha catalogr\u00e1fica<\/strong> devem ser feitas atrav\u00e9s do formul\u00e1rio no link abaixo. O prazo para envio da ficha \u00e9 de, no m\u00ednimo, 48 horas \u00fateis. <a href=\"http:\/\/sisbi.ufpel.edu.br\/?p=reqFicha\">http:\/\/sisbi.ufpel.edu.br\/?p=reqFicha<\/a><\/p>\n\n\n\n<p>Sua localiza\u00e7\u00e3o \u00e9 no verso da folha de rosto para vers\u00e3o impressa ou ap\u00f3s a folha de rosto na vers\u00e3o digital. Consultar o Manual de Normas da UFPel: <a href=\"https:\/\/wp.ufpel.edu.br\/sisbi\/normas-da-ufpel-para-trabalhos-academicos\/\">https:\/\/wp.ufpel.edu.br\/sisbi\/normas-da-ufpel-para-trabalhos-academicos\/<\/a><\/p>\n\n\n\n<p>J\u00e1 o manual de 2023 (<strong>obrigat\u00f3rio a partir de mar\u00e7o\/2024<\/strong>) est\u00e1 dispon\u00edvel no seguinte link: <a href=\"https:\/\/wp.ufpel.edu.br\/sisbi\/manual-de-normas-ufpel-para-trabalhos-academicos-atualizada-2023\" target=\"_blank\" rel=\"noreferrer noopener\">https:\/\/wp.ufpel.edu.br\/sisbi\/manual-de-normas-ufpel-para-trabalhos-academicos-atualizada-2023<\/a>\/<\/p>\n\n\n\n<p><\/p>\n\n\n\n<p>2) Depois de inserida a ficha catalogr\u00e1fica e realizadas todas as corre\u00e7\u00f5es, o <strong>texto final da Disserta\u00e7\u00e3o ou da Tese deve ser salvo em PDF<\/strong>, com no m\u00e1ximo 10 Mb.<br>2.a) <strong>Obrigat\u00f3rio somente para bolsistas<\/strong>: a capa dever\u00e1 possuir o <strong>logo da CAPES<\/strong> e nos agradecimentos constar (conforme&nbsp;<a rel=\"noreferrer noopener\" href=\"http:\/\/capes.gov.br\/CECOL\/Portaria_CAPES_DOU_206_de_2018.pdf\" target=\"_blank\">PORTARIA N\u00ba 206, DE 4 DE SETEMBRO DE 2018<\/a>):<br>\u201cO presente trabalho foi realizado com apoio da Coordena\u00e7\u00e3o de Aperfei\u00e7oamento de Pessoal de N\u00edvel Superior \u2013 Brasil (CAPES) \u2013 C\u00f3digo de Financiamento 001<br>\u201cThis study was financed in part by the Coordena\u00e7\u00e3o de Aperfei\u00e7oamento de Pessoal de N\u00edvel Superior \u2013 Brasil (CAPES) \u2013 Finance Code 001\u201d<\/p>\n\n\n\n<p>3) Deve enviar tamb\u00e9m <strong>01 (um) arquivo word<\/strong> contendo resumo e palavras-chaves e abstract e palavras keywords.<\/p>\n\n\n\n<p>4) Ap\u00f3s, deve ser preenchido o <a href=\"https:\/\/wp.ufpel.edu.br\/ppgartes\/files\/2021\/05\/Termo-de-autorizacao-para-inserir-teses-e-dissertacoes-1.docx\">Termo de autoriza\u00e7\u00e3o para inserir teses e disserta\u00e7\u00f5es<\/a>. Somente ser\u00e3o aceitas Disserta\u00e7\u00f5es e Teses que o\/a autor\/a tenha autorizado a sua publica\u00e7\u00e3o.<br><\/p>\n\n\n\n<p>5) Entregar na Secretaria do PPGArtes <strong>01 (um) volume impresso da disserta\u00e7\u00e3o final<\/strong>, ap\u00f3s revis\u00e3o final, que ser\u00e1 disponibilizado na Biblioteca Setorial do Projeto Arte na Escola.<\/p>\n\n\n\n<p>6) Enviar para a Secretaria do PPGArtes arquivos em PDF de c\u00f3pias autenticadas em cart\u00f3rio:<\/p>\n\n\n\n<ul class=\"wp-block-list\">\n<li>arquivo em PDF de c\u00f3pia autenticada do Diploma de Gradua\u00e7\u00e3o (frente e verso);<\/li>\n\n\n\n<li>arquivo em PDF de c\u00f3pia autenticada da Carteira de Identidade (frente e verso; leg\u00edvel e atual);<\/li>\n\n\n\n<li>arquivo em PDF de c\u00f3pia autenticada da Certid\u00e3o de Nascimento ou Casamento (vers\u00e3o atualizada).<\/li>\n<\/ul>\n\n\n\n<p><\/p>\n\n\n\n<p><strong>DEFENDI a Disserta\u00e7\u00e3o\/Tese e agora? QUANDO PEGO MEU DIPLOMA?<\/strong><\/p>\n\n\n\n<p>Ap\u00f3s a defesa e a entrega da Vers\u00e3o Final da Disserta\u00e7\u00e3o ou Tese ao orientador, que ir\u00e1 conferir as mudan\u00e7as que porventura forem solicitadas, a mesma deve ser homologada pelo Colegiado em reuni\u00e3o. Isso feito, d\u00e1-se in\u00edcio o processo administrativo que consiste em:<\/p>\n\n\n\n<p>1 \u2013 Abrir processo no SEI;<br>2 \u2013 Anexar todos os documentos exigidos;<br>3 \u2013 Enviar o processo ao N\u00facleo de Registros Acad\u00eamicos \u2013 NRD.<\/p>\n\n\n\n<p>O prazo de confec\u00e7\u00e3o do diploma no NRD \u00e9 de 60 at\u00e9 120 dias a contar da data de chegada do processo. Ap\u00f3s isso, o diploma \u00e9 enviado para a Dire\u00e7\u00e3o da unidade e \u00e9 ela a respons\u00e1vel da entrega.<\/p>\n\n\n\n<p>Obs. 1: A responsabilidade \u00e9 totalmente do aluno verificar se o diploma est\u00e1 dispon\u00edvel para retirada na  Secretaria da Dire\u00e7\u00e3o do Centro de Artes. A consulta pode ser feita atrav\u00e9s do email <a href=\"mailto:cearte.ufpel@gmail.com\">cearte.ufpel@gmail.com<\/a> ou pelo telefone 3284-5513.<\/p>\n\n\n\n<p><strong>Como fa\u00e7o minha ASSINATURA COM CERTIFICA\u00c7\u00c3O DIGITAL pelo Gov.BR?<\/strong><\/p>\n\n\n\n<p>A assinatura eletr\u00f4nica permite que voc\u00ea assine um documento em meio digital a partir da sua conta gov.br. O documento com a assinatura digital tem a mesma validade de um documento com assinatura f\u00edsica e \u00e9 regulamentado pelo Decreto N\u00ba 10.543, de 13\/11\/2020.<\/p>\n\n\n\n<p>Quem pode usar o servi\u00e7o:<\/p>\n\n\n\n<p>Para utilizar o servi\u00e7o da assinatura digital do gov.br, voc\u00ea precisa ter uma conta validada por:<\/p>\n\n\n\n<p><mark style=\"background-color:rgba(0, 0, 0, 0)\" class=\"has-inline-color has-vivid-red-color\">Reconhecimento facial realizada pelo aplicativo gov.br. (<a href=\"https:\/\/www.gov.br\/governodigital\/pt-br\/assinatura-eletronica\/baixar-app-govbr\/\">Baixar aqui)<\/a><br>Bancos credenciados;<br>Certificado digital;<\/mark><\/p>\n\n\n\n<p><br><a href=\"https:\/\/confiabilidades.acesso.gov.br\/\">Verifique aqui <\/a>se sua conta no gov.br est\u00e1 validada para utilizar a assinatura digital.<\/p>\n\n\n\n<p>Tamb\u00e9m pode acessar o passo a passo para assinatura aqui:<\/p>\n\n\n\n<p><\/p>\n\n\n\n<p><\/p>\n\n\n\n<div data-wp-interactive=\"core\/file\" class=\"wp-block-file\"><object data-wp-bind--hidden=\"!state.hasPdfPreview\" hidden class=\"wp-block-file__embed\" data=\"https:\/\/wp.ufpel.edu.br\/ppgartes\/files\/2023\/08\/TUTORIAL-para-ASSINATURA-DIGITAL.pdf\" type=\"application\/pdf\" style=\"width:100%;height:600px\" aria-label=\"Incorporado de TUTORIAL-para-ASSINATURA-DIGITAL.\"><\/object><a id=\"wp-block-file--media-03c88142-0da2-401c-a5c4-9396e2278e8b\" href=\"https:\/\/wp.ufpel.edu.br\/ppgartes\/files\/2023\/08\/TUTORIAL-para-ASSINATURA-DIGITAL.pdf\">TUTORIAL-para-ASSINATURA-DIGITAL<\/a><a href=\"https:\/\/wp.ufpel.edu.br\/ppgartes\/files\/2023\/08\/TUTORIAL-para-ASSINATURA-DIGITAL.pdf\" class=\"wp-block-file__button wp-element-button\" download aria-describedby=\"wp-block-file--media-03c88142-0da2-401c-a5c4-9396e2278e8b\">Baixar<\/a><\/div>\n","protected":false},"excerpt":{"rendered":"<p>Quais s\u00e3o os REQUISITOS PARA A CONCLUS\u00c3O DO CURSO?1) A comprova\u00e7\u00e3o da profici\u00eancia ou compet\u00eancia em L\u00edngua Estrangeira \u00e9 pr\u00e9-requisito para a Qualifica\u00e7\u00e3o.2) Cursar 22 cr\u00e9ditos em disciplinas.3) Obter 02 cr\u00e9ditos em Atividades Complementares.4) Est\u00e1gio Doc\u00eancia obrigat\u00f3rio para bolsistas, aos demais, \u00e9 facultativo.5) Exame de Qualifica\u00e7\u00e3o em 12 meses.6) Defesa Final em 24 meses.7) Vers\u00e3o [&hellip;]<\/p>\n","protected":false},"author":1258,"featured_media":0,"parent":0,"menu_order":0,"comment_status":"closed","ping_status":"closed","template":"","meta":{"footnotes":""},"class_list":["post-9988","page","type-page","status-publish","hentry"],"_links":{"self":[{"href":"https:\/\/wp.ufpel.edu.br\/ppgartes\/wp-json\/wp\/v2\/pages\/9988","targetHints":{"allow":["GET"]}}],"collection":[{"href":"https:\/\/wp.ufpel.edu.br\/ppgartes\/wp-json\/wp\/v2\/pages"}],"about":[{"href":"https:\/\/wp.ufpel.edu.br\/ppgartes\/wp-json\/wp\/v2\/types\/page"}],"author":[{"embeddable":true,"href":"https:\/\/wp.ufpel.edu.br\/ppgartes\/wp-json\/wp\/v2\/users\/1258"}],"replies":[{"embeddable":true,"href":"https:\/\/wp.ufpel.edu.br\/ppgartes\/wp-json\/wp\/v2\/comments?post=9988"}],"version-history":[{"count":73,"href":"https:\/\/wp.ufpel.edu.br\/ppgartes\/wp-json\/wp\/v2\/pages\/9988\/revisions"}],"predecessor-version":[{"id":10299,"href":"https:\/\/wp.ufpel.edu.br\/ppgartes\/wp-json\/wp\/v2\/pages\/9988\/revisions\/10299"}],"wp:attachment":[{"href":"https:\/\/wp.ufpel.edu.br\/ppgartes\/wp-json\/wp\/v2\/media?parent=9988"}],"curies":[{"name":"wp","href":"https:\/\/api.w.org\/{rel}","templated":true}]}}