{"id":8673,"date":"2022-04-26T14:41:25","date_gmt":"2022-04-26T17:41:25","guid":{"rendered":"https:\/\/wp.ufpel.edu.br\/mestradoartesvisuais\/?page_id=8673"},"modified":"2025-07-15T21:02:29","modified_gmt":"2025-07-16T00:02:29","slug":"8673-2","status":"publish","type":"page","link":"https:\/\/wp.ufpel.edu.br\/ppgartes\/8673-2\/","title":{"rendered":"Marco Aurelio da Cruz Souza"},"content":{"rendered":"\n<figure class=\"wp-block-image size-full is-resized is-style-default\"><img width=\"1001\" height=\"1001\" src=\"https:\/\/wp.ufpel.edu.br\/ppgartes\/files\/2025\/07\/FOTO-Marco-Aurelio-Cruz-Souza-edited.jpeg\" alt=\"\" class=\"wp-image-11155\" style=\"aspect-ratio:1;object-fit:cover;width:350px\" srcset=\"https:\/\/wp.ufpel.edu.br\/ppgartes\/files\/2025\/07\/FOTO-Marco-Aurelio-Cruz-Souza-edited.jpeg 1001w, https:\/\/wp.ufpel.edu.br\/ppgartes\/files\/2025\/07\/FOTO-Marco-Aurelio-Cruz-Souza-edited-400x400.jpeg 400w, https:\/\/wp.ufpel.edu.br\/ppgartes\/files\/2025\/07\/FOTO-Marco-Aurelio-Cruz-Souza-edited-200x200.jpeg 200w, https:\/\/wp.ufpel.edu.br\/ppgartes\/files\/2025\/07\/FOTO-Marco-Aurelio-Cruz-Souza-edited-768x768.jpeg 768w\" sizes=\"(max-width: 1001px) 100vw, 1001px\" \/><\/figure>\n\n\n<div id=\"block-2770522d-66c1-4baa-9918-ba28a38be565\" class=\"block-editor-block-list__block wp-block wp-block-freeform\" role=\"document\" aria-label=\"Bloco: Cl\u00e1ssico\" data-block=\"2770522d-66c1-4baa-9918-ba28a38be565\" data-type=\"core\/freeform\" data-title=\"Cl\u00e1ssico\">\n<div id=\"editor-2770522d-66c1-4baa-9918-ba28a38be565\" class=\"wp-block-freeform block-library-rich-text__tinymce mce-content-body html5-captions\">\n<p style=\"text-align: left;\"><span style=\"font-family: georgia, palatino, serif; font-size: 12pt;\"><span style=\"font-size: 18pt;\"><strong><span style=\"font-family: 'trebuchet ms', geneva, sans-serif;\">Marco Aurelio da Cruz Souza <span style=\"font-size: 10pt; color: #999999;\">\/\u00a0<\/span><\/span><\/strong><\/span><span style=\"font-family: 'trebuchet ms', geneva, sans-serif; font-size: 10pt;\"><span style=\"color: #999999;\"><a style=\"color: #999999;\" href=\"http:\/\/lattes.cnpq.br\/9388759126062963\" target=\"_blank\" rel=\"noopener noreferrer\">Curr\u00edculum Lattes<\/a><\/span><br \/><strong>Linha de Pesquisa<\/strong>: <a href=\"https:\/\/wp.ufpel.edu.br\/ppgartes\/linhas-de-pesquisa\/\" target=\"_blank\" rel=\"noopener\">Educa\u00e7\u00e3o em Artes e Processos de Forma\u00e7\u00e3o Est\u00e9tica<\/a><br \/><\/span><\/span><span style=\"font-family: georgia, palatino, serif; font-size: 12pt;\"><span style=\"font-family: 'trebuchet ms', geneva, sans-serif; font-size: 10pt;\"><strong>E-mail<\/strong>: marcoaurelio.souzamarco@gmail.com<\/span><\/span><\/p>\n<p style=\"text-align: left;\"><span style=\"font-family: georgia, palatino, serif; font-size: 12pt;\"><span style=\"font-family: 'trebuchet ms', geneva, sans-serif; font-size: 10pt;\"><strong>Forma\u00e7\u00e3o acad\u00eamica<\/strong><br \/>Doutor em Motricidade Humana, especialidade de Dan\u00e7a na Faculdade de Motricidade Humana, Portugal (2019), reconhecido no Brasil pelo programa de p\u00f3s-gradua\u00e7\u00e3o em Artes C\u00eanicas da UFRGS. Mestre em Performance Art\u00edstica &#8211; Dan\u00e7a pela Faculdade de Motricidade Humana da Universidade T\u00e9cnica de Lisboa, Portugal (2010) reconhecido no Brasil pelo programa de p\u00f3s-gradua\u00e7\u00e3o em Dan\u00e7a da UFBA. Possui gradua\u00e7\u00e3o em Educa\u00e7\u00e3o F\u00edsica pela Funda\u00e7\u00e3o Universidade Regional de Blumenau (2002) e p\u00f3s-gradua\u00e7\u00e3o em Dan\u00e7a Educacional, a n\u00edvel de especializa\u00e7\u00e3o pela UDESC, Universidade do Estado de Santa Catarina (2006). Professor do curso de Dan\u00e7a Licenciatura da Universidade Federal de Pelotas &#8211; UFPel. Membro da comiss\u00e3o de cria\u00e7\u00e3o do curso de Licenciatura em Dan\u00e7a da FURB, Universidade Regional de Blumenau, professor e coordenador desta licenciatura at\u00e9 2021. Coordenador e core\u00f3grafo do Grupo de Dan\u00e7as Alem\u00e3s da FURB &#8211; Universidade Regional de Blumenau, com o qual participou de eventos e festivais na \u00e1rea a n\u00edvel nacional e internacional, conquistando in\u00fameros pr\u00eamios e t\u00edtulos, e idealizador no ano de 2016 dos Grupos de Dan\u00e7as Urbanas, de sal\u00e3o e contempor\u00e2nea e em 2019 do grupo de dan\u00e7as espanholas na mesma institui\u00e7\u00e3o at\u00e9 o ano de 2021. Conselheiro art\u00edstico do 9o, 12o e 13o FESTFOLK, Festival Nacional de Dan\u00e7as Folcl\u00f3ricas da cidade de Blumenau, respons\u00e1vel pela sele\u00e7\u00e3o dos grupos participantes desta edi\u00e7\u00e3o do evento no ano de 2008, 2011 e 2012. Core\u00f3grafo convidado pela Escola do Teatro Bolshoi no Brasil para oficinas de dan\u00e7as Germ\u00e2nicas para alunos do n\u00facleo de dan\u00e7a contempor\u00e2nea. Ministrou aulas de dan\u00e7a contempor\u00e2nea e dan\u00e7a folcl\u00f3rica no projeto de arte na Escola do munic\u00edpio de Gaspar. Membro do Conselho Fiscal da ANDA &#8211; Associa\u00e7\u00e3o Nacional dos Pesquisadores em Dan\u00e7a, gest\u00e3o 2018-2021 e do conselho editorial gest\u00e3o 2021-2023. Coordenador do Comit\u00ea Tem\u00e1tico &#8220;Dan\u00e7a e(m) Cultura po\u00e9ticas populares, tradicionais, folcl\u00f3ricas, \u00e9tnicas e outros atravessamentos&#8221; da Associa\u00e7\u00e3o Nacional de Pesquisadores em Dan\u00e7a (ANDA) juntamente com o professor Doutor Thiago de Jesus da Silva Amorim. Vice-presidente da APRODAN\u00c7A, Associa\u00e7\u00e3o Profissional de Dan\u00e7a do Estado de Santa Catarina, gest\u00e3o 2019-2021 e 2021-2023. Homenageado no 11o Festival Internacional M\u00faltipla Dan\u00e7a 2021. Homenageado com a comenda de M\u00e9rito Cultural Cruz e Souza no ano de 2021 no estado de Santa Catarina. Coordenador do N\u00facleo de Folclore e Culturas Populares da UFPel. L\u00edder e pesquisador do Grupo de Pesquisa &#8220;Arte e Est\u00e9tica na Educa\u00e7\u00e3o&#8221;. Tem experi\u00eancia na \u00e1rea de Educa\u00e7\u00e3o, com \u00eanfase em Dan\u00e7a Educacional, Dan\u00e7a Folcl\u00f3rica e Popular, Dan\u00e7a Contempor\u00e2nea e Educa\u00e7\u00e3o F\u00edsica, atuando principalmente nos seguintes temas: est\u00e1gio em dan\u00e7a; dan\u00e7a educacional; dan\u00e7a popular e folcl\u00f3rica; processos de cria\u00e7\u00e3o; arte e est\u00e9tica. (texto extra\u00eddo da plataforma lattes)<\/span><\/span><\/p>\n<p>\u00a0<\/p>\n<hr \/>\n<p><span style=\"font-family: georgia, palatino, serif; font-size: 12pt;\"><span style=\"font-family: 'trebuchet ms', geneva, sans-serif;\"><strong>PROJETOS DE PESQUISAS<\/strong><\/span><\/span><\/p>\n<p style=\"padding-left: 40px; text-align: left;\"><span style=\"font-family: georgia, palatino, serif; font-size: 12pt;\"><span style=\"font-family: 'trebuchet ms', geneva, sans-serif; font-size: 10pt;\"><strong>\ud83d\udcc2 <a href=\"https:\/\/institucional.ufpel.edu.br\/projetos\/id\/u6745\" target=\"_blank\" rel=\"noopener\" data-saferedirecturl=\"https:\/\/www.google.com\/url?q=https:\/\/institucional.ufpel.edu.br\/projetos\/id\/u6745&amp;source=gmail&amp;ust=1705753686767000&amp;usg=AOvVaw0xWX-TaUj_V9ImqEYcRJ2S\">Media\u00e7\u00e3o cultural, educa\u00e7\u00e3o est\u00e9tica e processos educacionais em Arte<\/a><br \/><\/strong>Grupo<strong> de Pesquisa: <br \/><\/strong><\/span><\/span><\/p>\n<p style=\"padding-left: 40px; text-align: left;\"><span style=\"font-family: georgia, palatino, serif; font-size: 12pt;\"><span style=\"font-family: 'trebuchet ms', geneva, sans-serif; font-size: 10pt;\"><strong>\ud83d\udcc2 <a href=\"https:\/\/institucional.ufpel.edu.br\/projetos\/id\/u7170\" target=\"_blank\" rel=\"noopener\" data-saferedirecturl=\"https:\/\/www.google.com\/url?q=https:\/\/institucional.ufpel.edu.br\/projetos\/id\/u7170&amp;source=gmail&amp;ust=1705753686767000&amp;usg=AOvVaw3xHdt_hTy0_ES4WzIOwxcj\">Manifesta\u00e7\u00f5es Populares Tradicionais N\u00e3o-Hegem\u00f4nicas do e no Rio Grande do Sul: segunda fase de estudos<\/a><br \/>Grupo de Pesquisa:<br \/><\/strong><\/span><\/span><\/p>\n<p>\u00a0<\/p>\n<hr \/>\n<p><span style=\"font-family: georgia, palatino, serif; font-size: 12pt;\"><span style=\"font-family: 'trebuchet ms', geneva, sans-serif;\"><strong>GRUPOS DE PESQUISAS<\/strong><\/span><\/span><\/p>\n<p style=\"padding-left: 40px; text-align: left;\"><span style=\"font-family: georgia, palatino, serif; font-size: 12pt;\"><span style=\"font-family: 'trebuchet ms', geneva, sans-serif; font-size: 10pt;\"><strong>\ud83d\uddc2\ufe0f <a href=\"http:\/\/dgp.cnpq.br\/dgp\/espelhogrupo\/43374\" target=\"_blank\" rel=\"noopener\">OMEGA \u2013 Observat\u00f3rio de Mem\u00f3ria, Educa\u00e7\u00e3o, Gesto e Arte<\/a><\/strong><br \/>L\u00edder(es) do grupo: Thiago Silva de Amorim Jesus, Josiane Gisela Franken Corr\u00eaa<br \/>Docentes participantes: <a href=\"https:\/\/wp.ufpel.edu.br\/ppgartes\/carmen-anita-hoffmann\/\">Carmen Anita Hoffmann<\/a>, <a href=\"https:\/\/wp.ufpel.edu.br\/ppgartes\/eleonora-campos-da-motta-santos\/\">Eleonora Campos da Motta Santos<\/a>, <a href=\"https:\/\/wp.ufpel.edu.br\/ppgartes\/8673-2\/\">Marco Aurelio da Cruz Souza<\/a><br \/><\/span><\/span><\/p>\n<p style=\"padding-left: 40px; text-align: left;\"><span style=\"font-family: georgia, palatino, serif; font-size: 12pt;\"><span style=\"font-family: 'trebuchet ms', geneva, sans-serif; font-size: 10pt;\"><strong>\ud83d\uddc2\ufe0f <\/strong><a href=\"https:\/\/sites.google.com\/view\/gparteeestticanaeducaofurb\/in%C3%ADcio\" target=\"_blank\" rel=\"noopener\"><strong>Arte e Est\u00e9tica na Educa\u00e7\u00e3o<\/strong><\/a><strong> (FURB)\u00a0 |\u00a0 <\/strong><a href=\"https:\/\/sites.google.com\/view\/gparteeestticanaeducaofurb\/in%C3%ADcio\" target=\"_blank\" rel=\"noopener\"><strong>site<\/strong><\/a><br \/>L\u00edder(es) do grupo: Carla Carvalho, Marco Aurelio da Cruz Souza<br \/><\/span><\/span><\/p>\n<p>\u00a0<\/p>\n<hr \/>\n<p><span style=\"font-family: georgia, palatino, serif; font-size: 12pt;\"><span style=\"font-family: 'trebuchet ms', geneva, sans-serif;\"><strong>PESQUISAS ORIENTADAS<\/strong><\/span><\/span><\/p>\n<p style=\"padding-left: 40px;\">MESTRADO<\/p>\n<p style=\"padding-left: 40px; text-align: left;\"><span style=\"font-family: georgia, palatino, serif; font-size: 12pt;\"><span style=\"font-family: 'trebuchet ms', geneva, sans-serif; font-size: 10pt;\"><strong>\ud83d\udcd9 A escuta como pot\u00eancia de cria\u00e7\u00e3o po\u00e9tica em dan\u00e7a contempor\u00e2nea: pr\u00e1ticas pedag\u00f3gicas para o ensino m\u00e9dio a partir da obra c\u00eanica \u201cTalvez Isso Seja Um Espet\u00e1culo\u201d<\/strong><br \/>Orientando: Bianca Mendes Ascari &#8211; Em andamento<br \/><\/span><\/span><\/p>\n<p style=\"padding-left: 40px; text-align: left;\"><span style=\"font-family: georgia, palatino, serif; font-size: 12pt;\"><span style=\"font-family: 'trebuchet ms', geneva, sans-serif; font-size: 10pt;\"><strong>\ud83d\udcd9 Perspectivas da Resid\u00eancia Pedag\u00f3gica em Artes\/UFPel: A interdisciplinaridade na forma\u00e7\u00e3o de professores e a reverbera\u00e7\u00e3o na pr\u00e1tica de um professor da escola b\u00e1sica<\/strong><br \/>Orientando: Rodrigo Puerto Merenda &#8211; Em andamento &#8211; Defesa em Agosto\/2025<br \/><\/span><\/span><\/p>\n<p style=\"padding-left: 40px; text-align: left;\"><span style=\"font-family: georgia, palatino, serif; font-size: 12pt;\"><span style=\"font-family: 'trebuchet ms', geneva, sans-serif; font-size: 10pt;\"><strong>\ud83d\udcd9 Mentoria(s) online para artistas visuais: h\u00e1 algo de novo no Sistema da Arte<\/strong><br \/>Orientando: Eligolande Lascano Furtado (2024)<\/span><\/span><\/p>\n<p>\u00a0<\/p>\n<p style=\"padding-left: 40px; text-align: left;\"><span style=\"font-size: revert; text-align: justify;\">COORIENTA\u00c7\u00c3O<\/span><\/p>\n<\/div>\n<\/div>\n<p style=\"padding-left: 40px;\"><span style=\"font-family: georgia, palatino, serif; font-size: 12pt;\"><span style=\"font-family: 'trebuchet ms', geneva, sans-serif; font-size: 10pt;\"><strong>\ud83d\udcd9 PESQUISA AUTOETNOGR\u00c1FICA: REDEScobrindo experi\u00eancias est\u00e9ticas na escola do campo<\/strong><br \/>Orientando: Daiane Jardim Ferreira (2024)<br \/>Curso: Mestrado em Artes &#8211; Universidade Federal de Pelotas (UFPel)<br \/><\/span><\/span><\/p>\n<p style=\"padding-left: 40px; text-align: left;\"><span style=\"font-family: georgia, palatino, serif; font-size: 12pt;\"><span style=\"font-family: 'trebuchet ms', geneva, sans-serif; font-size: 10pt;\"><strong>\ud83d\udcd9 Arte, Vida e Experi\u00eancia: A Sala de Aula Como Espa\u00e7o do Acontecer<\/strong><br \/>Orientando: Jordana Belem Rodrigues (2024)<br \/>Curso: Mestrado em Artes &#8211; Universidade Federal de Pelotas (UFPel)<\/span><\/span><\/p>\n<p style=\"padding-left: 40px; text-align: left;\"><span style=\"font-family: georgia, palatino, serif; font-size: 12pt;\"><span style=\"font-family: 'trebuchet ms', geneva, sans-serif; font-size: 10pt;\"><strong>\ud83d\udcd9 DE CADEIRA EM CADEIR DAN\u00c7A COME\u00c7OU: A DAN\u00c7A NA ESCOLA \u00c0 LUZ DE UMA PERSPECTIVA EMANCIPADORA DE EDUCA\u00c7\u00c3O<\/strong><br \/>Orientando: Stefanie Muller (2024)<br \/>Curso: Mestrado em Educa\u00e7\u00e3o &#8211; Universidade Regional de Blumenau (FURB)<\/span><\/span><\/p>\n<p style=\"padding-left: 40px; text-align: left;\"><span style=\"font-family: georgia, palatino, serif; font-size: 12pt;\"><span style=\"font-family: 'trebuchet ms', geneva, sans-serif; font-size: 10pt;\"><strong>\ud83d\udcd9 DAN\u00c7AS DE PARCERIA \u2013 PATCHWORK EM MOVIMENTO: UMA ABORDAGEM EDUCACIONAL EM DAN\u00c7AS DE SAL\u00c3O EM UM PROJETO DE EXTENS\u00c3O DA UNIVERSIDADE REGIONAL DE BLUMENAU <\/strong><br \/>Orientando: Abner San\u00e7ay Cypriano (2024)<br \/>Curso: Mestrado em Educa\u00e7\u00e3o &#8211; Universidade Regional de Blumenau (FURB)<br \/><\/span><\/span><\/p>\n<p style=\"padding-left: 40px; text-align: left;\"><span style=\"font-family: georgia, palatino, serif; font-size: 12pt;\"><span style=\"font-family: 'trebuchet ms', geneva, sans-serif; font-size: 10pt;\"><strong>\ud83d\udcd9 Doc\u00eancia em Dan\u00e7a: um estudo sobre a forma\u00e7\u00e3o inicial de licenciados em Dan\u00e7a pela Universidade Regional de Blumenau (SC)<\/strong><br \/>Orientando: Viviane Maria Candiotto (2024)<br \/>Curso: Doutorado em Educa\u00e7\u00e3o &#8211; Universidade do Extremo Sul Catarinense (UNESC)<\/span><\/span><\/p>\n<div id=\"block-2770522d-66c1-4baa-9918-ba28a38be565\" class=\"block-editor-block-list__block wp-block wp-block-freeform\" role=\"document\" aria-label=\"Bloco: Cl\u00e1ssico\" data-block=\"2770522d-66c1-4baa-9918-ba28a38be565\" data-type=\"core\/freeform\" data-title=\"Cl\u00e1ssico\">\n<div id=\"editor-2770522d-66c1-4baa-9918-ba28a38be565\" class=\"wp-block-freeform block-library-rich-text__tinymce mce-content-body html5-captions\">\n<div class=\"ms-editor-squiggler\" style=\"color: initial; font: initial; background: initial; background-blend-mode: initial; border: initial; border-radius: initial; border-collapse: initial; caption-side: initial; clear: initial; columns: initial; column-fill: initial; column-rule: initial; column-span: initial; cursor: initial; flex: initial; flex-flow: initial; float: initial; height: 0px; letter-spacing: initial; margin: initial; max-height: initial; max-width: initial; min-height: initial; min-width: initial; overflow: initial; padding: initial; text-align: initial; text-decoration: initial; text-indent: initial; text-transform: initial; vertical-align: initial; border-spacing: initial; width: initial;\">\u00a0<\/div>\n<div class=\"ms-editor-squiggler\" style=\"color: initial; font: initial; background: initial; background-blend-mode: initial; border: initial; border-radius: initial; border-collapse: initial; caption-side: initial; clear: initial; columns: initial; column-fill: initial; column-rule: initial; column-span: initial; cursor: initial; flex: initial; flex-flow: initial; float: initial; height: 0px; letter-spacing: initial; margin: initial; max-height: initial; max-width: initial; min-height: initial; min-width: initial; overflow: initial; padding: initial; text-align: initial; text-decoration: initial; text-indent: initial; text-transform: initial; vertical-align: initial; border-spacing: initial; width: initial;\">\u00a0<\/div>\n<\/div>\n<\/div>\n<div class=\"block-list-appender wp-block\" data-block=\"true\">\n<div class=\"block-editor-default-block-appender\" data-root-client-id=\"\">\u00a0<\/div>\n<\/div>","protected":false},"excerpt":{"rendered":"<p>Marco Aurelio da Cruz Souza \/\u00a0Curr\u00edculum LattesLinha de Pesquisa: Educa\u00e7\u00e3o em Artes e Processos de Forma\u00e7\u00e3o Est\u00e9ticaE-mail: marcoaurelio.souzamarco@gmail.com Forma\u00e7\u00e3o acad\u00eamicaDoutor em Motricidade Humana, especialidade de Dan\u00e7a na Faculdade de Motricidade Humana, Portugal (2019), reconhecido no Brasil pelo programa de p\u00f3s-gradua\u00e7\u00e3o em Artes C\u00eanicas da UFRGS. Mestre em Performance Art\u00edstica &#8211; Dan\u00e7a pela Faculdade de Motricidade [&hellip;]<\/p>\n","protected":false},"author":1258,"featured_media":0,"parent":0,"menu_order":0,"comment_status":"closed","ping_status":"closed","template":"","meta":{"footnotes":""},"class_list":["post-8673","page","type-page","status-publish","hentry"],"_links":{"self":[{"href":"https:\/\/wp.ufpel.edu.br\/ppgartes\/wp-json\/wp\/v2\/pages\/8673","targetHints":{"allow":["GET"]}}],"collection":[{"href":"https:\/\/wp.ufpel.edu.br\/ppgartes\/wp-json\/wp\/v2\/pages"}],"about":[{"href":"https:\/\/wp.ufpel.edu.br\/ppgartes\/wp-json\/wp\/v2\/types\/page"}],"author":[{"embeddable":true,"href":"https:\/\/wp.ufpel.edu.br\/ppgartes\/wp-json\/wp\/v2\/users\/1258"}],"replies":[{"embeddable":true,"href":"https:\/\/wp.ufpel.edu.br\/ppgartes\/wp-json\/wp\/v2\/comments?post=8673"}],"version-history":[{"count":23,"href":"https:\/\/wp.ufpel.edu.br\/ppgartes\/wp-json\/wp\/v2\/pages\/8673\/revisions"}],"predecessor-version":[{"id":11177,"href":"https:\/\/wp.ufpel.edu.br\/ppgartes\/wp-json\/wp\/v2\/pages\/8673\/revisions\/11177"}],"wp:attachment":[{"href":"https:\/\/wp.ufpel.edu.br\/ppgartes\/wp-json\/wp\/v2\/media?parent=8673"}],"curies":[{"name":"wp","href":"https:\/\/api.w.org\/{rel}","templated":true}]}}