{"id":8153,"date":"2021-10-20T09:52:26","date_gmt":"2021-10-20T12:52:26","guid":{"rendered":"https:\/\/wp.ufpel.edu.br\/mestradoartesvisuais\/?page_id=8153"},"modified":"2021-10-20T09:52:26","modified_gmt":"2021-10-20T12:52:26","slug":"felipe-dias-diaz-carvalho","status":"publish","type":"page","link":"https:\/\/wp.ufpel.edu.br\/ppgartes\/felipe-dias-diaz-carvalho\/","title":{"rendered":"Felipe Dias Diaz Carvalho"},"content":{"rendered":"<div id=\"block-a2760748-7db8-4520-8795-207e85a9bddd\" class=\"block-editor-block-list__block wp-block wp-block-freeform\" role=\"group\" aria-label=\"Bloco: Cl\u00e1ssico\" data-block=\"a2760748-7db8-4520-8795-207e85a9bddd\" data-type=\"core\/freeform\" data-title=\"Cl\u00e1ssico\">\n<div id=\"editor-a2760748-7db8-4520-8795-207e85a9bddd\" class=\"wp-block-freeform block-library-rich-text__tinymce mce-content-body html5-captions\">\n<p><a href=\"https:\/\/wp.ufpel.edu.br\/ppgartes\/files\/2021\/09\/a206c82c-6a5c-412d-bd6e-94f14d7c329f.jpg\">\u00a0<\/a><a href=\"https:\/\/wp.ufpel.edu.br\/ppgartes\/files\/2021\/03\/foto-serv-1.png\"><img class=\"alignnone wp-image-5054 size-thumbnail\" src=\"https:\/\/wp.ufpel.edu.br\/ppgartes\/files\/2021\/03\/foto-serv-1-200x200.png\" alt=\"\" width=\"200\" height=\"200\" srcset=\"https:\/\/wp.ufpel.edu.br\/ppgartes\/files\/2021\/03\/foto-serv-1-200x200.png 200w, https:\/\/wp.ufpel.edu.br\/ppgartes\/files\/2021\/03\/foto-serv-1-400x400.png 400w, https:\/\/wp.ufpel.edu.br\/ppgartes\/files\/2021\/03\/foto-serv-1.png 500w\" sizes=\"(max-width: 200px) 100vw, 200px\" \/><\/a> <span style=\"font-family: georgia, palatino, serif;font-size: 12pt\"><span style=\"font-size: 18pt\"><strong><span style=\"font-family: 'trebuchet ms', geneva, sans-serif\">Felipe Dias Diaz Carvalho <span style=\"font-size: 10pt;color: #999999\">\/\u00a0<\/span><\/span><\/strong><\/span><span style=\"font-family: 'trebuchet ms', geneva, sans-serif;font-size: 10pt\"><a href=\"http:\/\/lattes.cnpq.br\/5466992443394396\" target=\"_blank\" rel=\"noopener noreferrer\"><span style=\"color: #999999\">Curr\u00edculum Lattes<\/span><\/a><br \/><strong>Linha de Pesquisa<\/strong>:\u00a0<a href=\"https:\/\/wp.ufpel.edu.br\/mestradoartesvisuais\/linhas-de-pesquisa\/processos-de-criacao-e-poeticas-do-cotidiano\/\">Processos de Cria\u00e7\u00e3o e Po\u00e9ticas do Cotidiano<\/a><br \/><\/span><\/span><span style=\"font-family: 'trebuchet ms', geneva, sans-serif;font-size: 10pt\"><strong>Data de nascimento:<\/strong>\u00a0<\/span><\/p>\n<p style=\"text-align: justify\"><span style=\"font-family: 'trebuchet ms', geneva, sans-serif;font-size: 10pt\"><strong>Texto introdut\u00f3rio:<\/strong> Bacharel em Artes Visuais pela Universidade Federal do Rio Grande &#8211; FURG. P\u00f3s-graduando do MBA em Gest\u00e3o de Projetos da Universidade de S\u00e3o Paulo &#8211; USP\/ESALQ. S\u00edncrono as suas pesquisas e trabalhos em artes visuais, Felipe \u00e9 fundador da Startup NYN Cultural, empresa que busca desenvolver solu\u00e7\u00f5es e produtos inovadores atrav\u00e9s da arte e da cultura, bem como editora\u00e7\u00e3o de livros, atuando como produtor cultural (CEPC: 9157), gerente de projetos e editor. (Texto extra\u00eddo diretamente da plataforma Lattes)<\/span><\/p>\n<hr \/>\n<p><span style=\"font-family: 'trebuchet ms', geneva, sans-serif;font-size: 10pt\"><strong>Projeto de Disserta\u00e7\u00e3o\u00a0<\/strong>[em andamento]<strong><br \/><span style=\"font-size: 14pt\">A<\/span><\/strong><br \/><\/span><span style=\"font-family: 'trebuchet ms', geneva, sans-serif;font-size: 10pt\"><strong>Orientador(a):<\/strong>\u00a0<a href=\"https:\/\/wp.ufpel.edu.br\/mestradoartesvisuais\/roseli-aparecida-da-silva-nery\/\" target=\"_blank\" rel=\"noopener noreferrer\">Profa. Dra. Roseli Aparecida da Silva Nery<\/a><br \/><\/span><\/p>\n<p><span style=\"font-family: 'trebuchet ms', geneva, sans-serif;font-size: 10pt\"><strong>Projeto(s) de Pesquisa que participa:<\/strong>\u00a0<\/span><\/p>\n<\/div>\n<\/div>\n<div class=\"block-list-appender\">\n<div class=\"block-editor-default-block-appender\" data-root-client-id=\"\">\u00a0<\/div>\n<\/div>\n\n\n<p><\/p>\n","protected":false},"excerpt":{"rendered":"<p>\u00a0 Felipe Dias Diaz Carvalho \/\u00a0Curr\u00edculum LattesLinha de Pesquisa:\u00a0Processos de Cria\u00e7\u00e3o e Po\u00e9ticas do CotidianoData de nascimento:\u00a0 Texto introdut\u00f3rio: Bacharel em Artes Visuais pela Universidade Federal do Rio Grande &#8211; FURG. P\u00f3s-graduando do MBA em Gest\u00e3o de Projetos da Universidade de S\u00e3o Paulo &#8211; USP\/ESALQ. S\u00edncrono as suas pesquisas e trabalhos em artes visuais, Felipe [&hellip;]<\/p>\n","protected":false},"author":1258,"featured_media":0,"parent":0,"menu_order":0,"comment_status":"closed","ping_status":"closed","template":"","meta":{"footnotes":""},"class_list":["post-8153","page","type-page","status-publish","hentry"],"_links":{"self":[{"href":"https:\/\/wp.ufpel.edu.br\/ppgartes\/wp-json\/wp\/v2\/pages\/8153","targetHints":{"allow":["GET"]}}],"collection":[{"href":"https:\/\/wp.ufpel.edu.br\/ppgartes\/wp-json\/wp\/v2\/pages"}],"about":[{"href":"https:\/\/wp.ufpel.edu.br\/ppgartes\/wp-json\/wp\/v2\/types\/page"}],"author":[{"embeddable":true,"href":"https:\/\/wp.ufpel.edu.br\/ppgartes\/wp-json\/wp\/v2\/users\/1258"}],"replies":[{"embeddable":true,"href":"https:\/\/wp.ufpel.edu.br\/ppgartes\/wp-json\/wp\/v2\/comments?post=8153"}],"version-history":[{"count":0,"href":"https:\/\/wp.ufpel.edu.br\/ppgartes\/wp-json\/wp\/v2\/pages\/8153\/revisions"}],"wp:attachment":[{"href":"https:\/\/wp.ufpel.edu.br\/ppgartes\/wp-json\/wp\/v2\/media?parent=8153"}],"curies":[{"name":"wp","href":"https:\/\/api.w.org\/{rel}","templated":true}]}}