{"id":8105,"date":"2021-10-06T08:59:17","date_gmt":"2021-10-06T11:59:17","guid":{"rendered":"https:\/\/wp.ufpel.edu.br\/mestradoartesvisuais\/?page_id=8105"},"modified":"2021-10-06T08:59:17","modified_gmt":"2021-10-06T11:59:17","slug":"mateus-brum-de-armas","status":"publish","type":"page","link":"https:\/\/wp.ufpel.edu.br\/ppgartes\/mateus-brum-de-armas\/","title":{"rendered":"Mateus Brum de Armas"},"content":{"rendered":"<div id=\"block-791ed807-b1fe-4d04-bec4-a79ffffdc112\" class=\"block-editor-block-list__block wp-block wp-block-freeform\" role=\"group\" aria-label=\"Bloco: Cl\u00e1ssico\" data-block=\"791ed807-b1fe-4d04-bec4-a79ffffdc112\" data-type=\"core\/freeform\" data-title=\"Cl\u00e1ssico\">\n<div id=\"editor-791ed807-b1fe-4d04-bec4-a79ffffdc112\" class=\"wp-block-freeform block-library-rich-text__tinymce mce-content-body html5-captions\">\n<p><a href=\"https:\/\/wp.ufpel.edu.br\/ppgartes\/files\/2021\/10\/headshot-1.png\"><img class=\"alignnone wp-image-8107 size-thumbnail\" src=\"https:\/\/wp.ufpel.edu.br\/ppgartes\/files\/2021\/10\/headshot-1-200x200.png\" alt=\"\" width=\"200\" height=\"200\" \/>\u00a0<\/a><span style=\"font-family: georgia, palatino, serif;font-size: 12pt\"><span style=\"font-size: 18pt\"><strong><span style=\"font-family: 'trebuchet ms', geneva, sans-serif\">Mateus Brum de Armas\u00a0<span style=\"font-size: 10pt;color: #999999\">\/\u00a0<\/span><\/span><\/strong><\/span><span style=\"font-family: 'trebuchet ms', geneva, sans-serif;font-size: 10pt\"><a href=\"http:\/\/lattes.cnpq.br\/8143944748846844\" target=\"_blank\" rel=\"noopener noreferrer\"><span style=\"color: #999999\">Curr\u00edculum Lattes<\/span><\/a><br \/>\n<strong>Linha de Pesquisa<\/strong>:\u00a0<span style=\"color: #999999\"><a href=\"https:\/\/wp.ufpel.edu.br\/mestradoartesvisuais\/linhas-de-pesquisa\/processos-de-criacao-e-poeticas-do-cotidiano\/\">Processos de Cria\u00e7\u00e3o e Po\u00e9ticas do Cotidiano<\/a><\/span><br \/>\n<\/span><\/span><span style=\"font-family: 'trebuchet ms', geneva, sans-serif;font-size: 10pt\"><strong>Data de nascimento:<\/strong>\u00a0<\/span><\/p>\n<p style=\"text-align: justify\"><span style=\"font-family: 'trebuchet ms', geneva, sans-serif;font-size: 10pt\"><strong>Texto introdut\u00f3rio:<\/strong> \u00c9 natural de Pelotas e trabalha na \u00e1rea de produ\u00e7\u00e3o cinematogr\u00e1fica desde 2015, e no teatro desde 2012. Ator, roteirista, produtor e diretor, formado em Cinema e Audiovisual pela Universidade Federal de Pelotas (2019, UFPel), durante a gradua\u00e7\u00e3o foi bolsista no grupo PET GAPE, apresentando trabalhos em congressos simp\u00f3sios e encontros da \u00e1rea. Atualmente \u00e9 graduando em Artes Visuais (UFPel, 2020). Trabalhou tamb\u00e9m em mais de 15 curtas-metragens e 4 videoclipes nacionais e internacionais. Detre eles os longas-metragens ?Pedro Sob a cama? (Paulo Pons, 2017), ?Despedida? (J\u00falia de Moura, 2016) e ?Sem HPV ? O filme que ensina a fazer filme? (Josias Pereira, 2016), exercendo fun\u00e7\u00f5es de produtor e diretor de arte. Tem experi\u00eancia como diretor, produtor, roteirista e montador nos curtas: ?Tr\u00e2mite? (2021); ?Garbo? (2020); E ?Rosana pereira? (2016). Possui curso de roteiro ministrado por Anna Muylaert (Que Horas ela Volta?), e curso de dire\u00e7\u00e3o de arte ministrado por Vera Hamburger (Castelo R\u00e1-Tim-Bum, Black Mirror). Foi o cineasta mais jovem a ser selecionado para o workshop ?Desenvolvimento de Lideran\u00e7as para o Mercado Audiovisual? oferecido pelos est\u00fadios Tecna. Vencedor do pr\u00eamio Juri popular na mostra jovem do Festival Pequeno Cineasta, no Rio de Janeiro com o filme &#8220;Rosana Pereira&#8221; (2019), de melhor fic\u00e7\u00e3o no festival FECIM e recebeu pr\u00eamio do J\u00fari no festival Morcego Vermelho com o filme &#8220;Garbo? (2020). (Texto extra\u00eddo diretamente da plataforma Lattes)<\/span><\/p>\n<hr \/>\n<p><span style=\"font-family: 'trebuchet ms', geneva, sans-serif;font-size: 10pt\"><strong>Projeto de Disserta\u00e7\u00e3o\u00a0<\/strong>[em andamento]<strong><br \/>\n<span style=\"font-size: 14pt\">A<\/span><\/strong><br \/>\n<\/span><span style=\"font-family: 'trebuchet ms', geneva, sans-serif;font-size: 10pt\"><strong>Orientador(a):<\/strong>\u00a0<a href=\"https:\/\/wp.ufpel.edu.br\/mestradoartesvisuais\/renata-azevedo-requiao\/\" target=\"_blank\" rel=\"noopener noreferrer\">Profa. Dra. Renata Requi\u00e3o\u00a0(PPGAVI\/UFPel)<\/a><br \/>\n<\/span><\/p>\n<p><span style=\"font-family: 'trebuchet ms', geneva, sans-serif;font-size: 10pt\"><strong>Projeto(s) de Pesquisa que participa:<\/strong>\u00a0<\/span><\/p>\n<div class=\"ms-editor-squiggler\" style=\"color: initial;font: initial;background: initial;background-blend-mode: initial;border: initial;border-radius: initial;border-collapse: initial;caption-side: initial;clear: initial;columns: initial;column-fill: initial;column-rule: initial;column-span: initial;cursor: initial;flex: initial;flex-flow: initial;float: initial;height: 0px;letter-spacing: initial;margin: initial;max-height: initial;max-width: initial;min-height: initial;min-width: initial;overflow: initial;padding: initial;text-align: initial;text-decoration: initial;text-indent: initial;text-transform: initial;vertical-align: initial;border-spacing: initial;width: initial\"><\/div>\n<div class=\"ms-editor-squiggler\" style=\"color: initial;font: initial;background: initial;background-blend-mode: initial;border: initial;border-radius: initial;border-collapse: initial;caption-side: initial;clear: initial;columns: initial;column-fill: initial;column-rule: initial;column-span: initial;cursor: initial;flex: initial;flex-flow: initial;float: initial;height: 0px;letter-spacing: initial;margin: initial;max-height: initial;max-width: initial;min-height: initial;min-width: initial;overflow: initial;padding: initial;text-align: initial;text-decoration: initial;text-indent: initial;text-transform: initial;vertical-align: initial;border-spacing: initial;width: initial\"><\/div>\n<div class=\"ms-editor-squiggler\" style=\"color: initial;font: initial;background: initial;background-blend-mode: initial;border: initial;border-radius: initial;border-collapse: initial;caption-side: initial;clear: initial;columns: initial;column-fill: initial;column-rule: initial;column-span: initial;cursor: initial;flex: initial;flex-flow: initial;float: initial;height: 0px;letter-spacing: initial;margin: initial;max-height: initial;max-width: initial;min-height: initial;min-width: initial;overflow: initial;padding: initial;text-align: initial;text-decoration: initial;text-indent: initial;text-transform: initial;vertical-align: initial;border-spacing: initial;width: initial\"><\/div>\n<div class=\"ms-editor-squiggler\" style=\"color: initial;font: initial;background: initial;background-blend-mode: initial;border: initial;border-radius: initial;border-collapse: initial;caption-side: initial;clear: initial;columns: initial;column-fill: initial;column-rule: initial;column-span: initial;cursor: initial;flex: initial;flex-flow: initial;float: initial;height: 0px;letter-spacing: initial;margin: initial;max-height: initial;max-width: initial;min-height: initial;min-width: initial;overflow: initial;padding: initial;text-align: initial;text-decoration: initial;text-indent: initial;text-transform: initial;vertical-align: initial;border-spacing: initial;width: initial\"><\/div>\n<div class=\"ms-editor-squiggler\" style=\"color: initial;font: initial;background: initial;background-blend-mode: initial;border: initial;border-radius: initial;border-collapse: initial;caption-side: initial;clear: initial;columns: initial;column-fill: initial;column-rule: initial;column-span: initial;cursor: initial;flex: initial;flex-flow: initial;float: initial;height: 0px;letter-spacing: initial;margin: initial;max-height: initial;max-width: initial;min-height: initial;min-width: initial;overflow: initial;padding: initial;text-align: initial;text-decoration: initial;text-indent: initial;text-transform: initial;vertical-align: initial;border-spacing: initial;width: initial\"><\/div>\n<div class=\"ms-editor-squiggler\" style=\"color: initial;font: initial;background: initial;background-blend-mode: initial;border: initial;border-radius: initial;border-collapse: initial;caption-side: initial;clear: initial;columns: initial;column-fill: initial;column-rule: initial;column-span: initial;cursor: initial;flex: initial;flex-flow: initial;float: initial;height: 0px;letter-spacing: initial;margin: initial;max-height: initial;max-width: initial;min-height: initial;min-width: initial;overflow: initial;padding: initial;text-align: initial;text-decoration: initial;text-indent: initial;text-transform: initial;vertical-align: initial;border-spacing: initial;width: initial\"><\/div>\n<div class=\"ms-editor-squiggler\" style=\"color: initial;font: initial;background: initial;background-blend-mode: initial;border: initial;border-radius: initial;border-collapse: initial;caption-side: initial;clear: initial;columns: initial;column-fill: initial;column-rule: initial;column-span: initial;cursor: initial;flex: initial;flex-flow: initial;float: initial;height: 0px;letter-spacing: initial;margin: initial;max-height: initial;max-width: initial;min-height: initial;min-width: initial;overflow: initial;padding: initial;text-align: initial;text-decoration: initial;text-indent: initial;text-transform: initial;vertical-align: initial;border-spacing: initial;width: initial\"><\/div>\n<div class=\"ms-editor-squiggler\" style=\"color: initial;font: initial;background: initial;background-blend-mode: initial;border: initial;border-radius: initial;border-collapse: initial;caption-side: initial;clear: initial;columns: initial;column-fill: initial;column-rule: initial;column-span: initial;cursor: initial;flex: initial;flex-flow: initial;float: initial;height: 0px;letter-spacing: initial;margin: initial;max-height: initial;max-width: initial;min-height: initial;min-width: initial;overflow: initial;padding: initial;text-align: initial;text-decoration: initial;text-indent: initial;text-transform: initial;vertical-align: initial;border-spacing: initial;width: initial\"><\/div>\n<div class=\"ms-editor-squiggler\" style=\"color: initial;font: initial;background: initial;background-blend-mode: initial;border: initial;border-radius: initial;border-collapse: initial;caption-side: initial;clear: initial;columns: initial;column-fill: initial;column-rule: initial;column-span: initial;cursor: initial;flex: initial;flex-flow: initial;float: initial;height: 0px;letter-spacing: initial;margin: initial;max-height: initial;max-width: initial;min-height: initial;min-width: initial;overflow: initial;padding: initial;text-align: initial;text-decoration: initial;text-indent: initial;text-transform: initial;vertical-align: initial;border-spacing: initial;width: initial\"><\/div>\n<div class=\"ms-editor-squiggler\" style=\"color: initial;font: initial;background: initial;background-blend-mode: initial;border: initial;border-radius: initial;border-collapse: initial;caption-side: initial;clear: initial;columns: initial;column-fill: initial;column-rule: initial;column-span: initial;cursor: initial;flex: initial;flex-flow: initial;float: initial;height: 0px;letter-spacing: initial;margin: initial;max-height: initial;max-width: initial;min-height: initial;min-width: initial;overflow: initial;padding: initial;text-align: initial;text-decoration: initial;text-indent: initial;text-transform: initial;vertical-align: initial;border-spacing: initial;width: initial\"><\/div>\n<\/div>\n<\/div>\n<div class=\"block-list-appender\">\n<div class=\"block-editor-default-block-appender\" data-root-client-id=\"\"><\/div>\n<\/div>\n","protected":false},"excerpt":{"rendered":"<p>\u00a0Mateus Brum de Armas\u00a0\/\u00a0Curr\u00edculum Lattes Linha de Pesquisa:\u00a0Processos de Cria\u00e7\u00e3o e Po\u00e9ticas do Cotidiano Data de nascimento:\u00a0 Texto introdut\u00f3rio: \u00c9 natural de Pelotas e trabalha na \u00e1rea de produ\u00e7\u00e3o cinematogr\u00e1fica desde 2015, e no teatro desde 2012. Ator, roteirista, produtor e diretor, formado em Cinema e Audiovisual pela Universidade Federal de Pelotas (2019, UFPel), durante [&hellip;]<\/p>\n","protected":false},"author":1258,"featured_media":0,"parent":0,"menu_order":0,"comment_status":"closed","ping_status":"closed","template":"","meta":{"footnotes":""},"class_list":["post-8105","page","type-page","status-publish","hentry"],"_links":{"self":[{"href":"https:\/\/wp.ufpel.edu.br\/ppgartes\/wp-json\/wp\/v2\/pages\/8105","targetHints":{"allow":["GET"]}}],"collection":[{"href":"https:\/\/wp.ufpel.edu.br\/ppgartes\/wp-json\/wp\/v2\/pages"}],"about":[{"href":"https:\/\/wp.ufpel.edu.br\/ppgartes\/wp-json\/wp\/v2\/types\/page"}],"author":[{"embeddable":true,"href":"https:\/\/wp.ufpel.edu.br\/ppgartes\/wp-json\/wp\/v2\/users\/1258"}],"replies":[{"embeddable":true,"href":"https:\/\/wp.ufpel.edu.br\/ppgartes\/wp-json\/wp\/v2\/comments?post=8105"}],"version-history":[{"count":0,"href":"https:\/\/wp.ufpel.edu.br\/ppgartes\/wp-json\/wp\/v2\/pages\/8105\/revisions"}],"wp:attachment":[{"href":"https:\/\/wp.ufpel.edu.br\/ppgartes\/wp-json\/wp\/v2\/media?parent=8105"}],"curies":[{"name":"wp","href":"https:\/\/api.w.org\/{rel}","templated":true}]}}