{"id":8067,"date":"2021-09-21T06:46:25","date_gmt":"2021-09-21T09:46:25","guid":{"rendered":"https:\/\/wp.ufpel.edu.br\/mestradoartesvisuais\/?page_id=8067"},"modified":"2021-09-21T06:46:25","modified_gmt":"2021-09-21T09:46:25","slug":"alan-caetano-candido","status":"publish","type":"page","link":"https:\/\/wp.ufpel.edu.br\/ppgartes\/alan-caetano-candido\/","title":{"rendered":"Alan Caetano C\u00e2ndido"},"content":{"rendered":"<div id=\"block-2a64aeb2-11ee-4143-bea5-a521f54e2e15\" class=\"block-editor-block-list__block wp-block wp-block-freeform\" role=\"group\" aria-label=\"Bloco: Cl\u00e1ssico\" data-block=\"2a64aeb2-11ee-4143-bea5-a521f54e2e15\" data-type=\"core\/freeform\" data-title=\"Cl\u00e1ssico\">\n<div id=\"editor-2a64aeb2-11ee-4143-bea5-a521f54e2e15\" class=\"wp-block-freeform block-library-rich-text__tinymce mce-content-body html5-captions\">\n<p><a href=\"https:\/\/wp.ufpel.edu.br\/ppgartes\/files\/2021\/09\/formatura.jpg\"><img class=\"alignnone wp-image-8069 size-thumbnail\" src=\"https:\/\/wp.ufpel.edu.br\/ppgartes\/files\/2021\/09\/formatura-200x200.jpg\" alt=\"\" width=\"200\" height=\"200\" srcset=\"https:\/\/wp.ufpel.edu.br\/ppgartes\/files\/2021\/09\/formatura-200x200.jpg 200w, https:\/\/wp.ufpel.edu.br\/ppgartes\/files\/2021\/09\/formatura-400x400.jpg 400w, https:\/\/wp.ufpel.edu.br\/ppgartes\/files\/2021\/09\/formatura.jpg 750w\" sizes=\"(max-width: 200px) 100vw, 200px\" \/>\u00a0<\/a><span style=\"font-family: georgia, palatino, serif;font-size: 12pt\"><span style=\"font-size: 18pt\"><strong><span style=\"font-family: 'trebuchet ms', geneva, sans-serif\">Alan Caetano C\u00e2ndido\u00a0<span style=\"font-size: 10pt;color: #999999\">\/\u00a0<\/span><\/span><\/strong><\/span><span style=\"font-family: 'trebuchet ms', geneva, sans-serif;font-size: 10pt\"><a href=\"http:\/\/lattes.cnpq.br\/3926039718148001\" target=\"_blank\" rel=\"noopener noreferrer\"><span style=\"color: #999999\">Curr\u00edculum Lattes<\/span><\/a><br \/>\n<strong>Linha de Pesquisa<\/strong>:\u00a0<span style=\"color: #999999\"><a style=\"color: #999999\" href=\"https:\/\/wp.ufpel.edu.br\/mestradoartesvisuais\/linhas-de-pesquisa\/educacao-em-artes-e-processos-de-formacao-estetica\/\">Educa\u00e7\u00e3o em Artes e Processos de Forma\u00e7\u00e3o Est\u00e9tica<\/a><\/span><br \/>\n<\/span><\/span><span style=\"font-family: 'trebuchet ms', geneva, sans-serif;font-size: 10pt\"><strong>Data de nascimento:<\/strong>\u00a0<\/span><\/p>\n<p style=\"text-align: justify\"><span style=\"font-family: 'trebuchet ms', geneva, sans-serif;font-size: 10pt\"><strong>Texto introdut\u00f3rio:<\/strong> Licenciado em Artes Visuais pela Universidade Federal de Pelotas (2020). Membro da Comiss\u00e3o de Controle de Identifica\u00e7\u00e3o \u00c9tnico-Racial, vinculada ao N\u00facleo de A\u00e7\u00f5es Afirmativas (NUAAD\/UFPel) e a Coordena\u00e7\u00e3o de Inclus\u00e3o e Diversidade (CID) pela Universidade Federal de Pelotas. Atuou como volunt\u00e1rio do N\u00facleo de A\u00e7\u00f5es Afirmativas e Diversidade\/CID\/UFPEL entre 2017 e 2019, sob coordena\u00e7\u00e3o da Profa. Dra. Rosemar Gomes Lemos. Participou enquanto extensionista dos respectivos projetos de extens\u00e3o Design, Escola e Arte &#8211; Viagem ao Futuro; Educa\u00e7\u00e3o e Informa\u00e7\u00e3o na Implementa\u00e7\u00e3o de A\u00e7\u00f5es Afirmativas &#8211; UFPEL e Semana da Consci\u00eancia Negra de Arroio Grande, atuando junto a comunidade da cidade de Pelotas e regi\u00e3o. Atualmente, cursa p\u00f3s gradua\u00e7\u00e3o em Artes, em paralelo com Mestrado na linha de pesquisa de Educa\u00e7\u00e3o em Artes e Processos de Forma\u00e7\u00e3o Est\u00e9tica (UFPel). (Texto extra\u00eddo diretamente da plataforma Lattes)<\/span><\/p>\n<hr \/>\n<p><span style=\"font-family: 'trebuchet ms', geneva, sans-serif;font-size: 10pt\"><strong>Projeto de Disserta\u00e7\u00e3o\u00a0<\/strong>[em andamento]<strong><br \/>\n<span style=\"font-size: 14pt\">A<\/span><\/strong><br \/>\n<\/span><span style=\"font-family: 'trebuchet ms', geneva, sans-serif;font-size: 10pt\"><strong>Orientador(a):<\/strong> <a href=\"https:\/\/wp.ufpel.edu.br\/mestradoartesvisuais\/neiva-maria-fonseca-bohns\/\" target=\"_blank\" rel=\"noopener noreferrer\">Profa. Dra. Neiva Maria Fonseca Bohns\u00a0(PPGAVI\/UFPel)<\/a><br \/>\n<\/span><\/p>\n<p><span style=\"font-family: 'trebuchet ms', geneva, sans-serif;font-size: 10pt\"><strong>Projeto(s) de Pesquisa que participa:<\/strong>\u00a0<\/span><\/p>\n<div class=\"ms-editor-squiggler\" style=\"color: initial;font: initial;background: initial;background-blend-mode: initial;border: initial;border-radius: initial;border-collapse: initial;caption-side: initial;clear: initial;columns: initial;column-fill: initial;column-rule: initial;column-span: initial;cursor: initial;flex: initial;flex-flow: initial;float: initial;height: 0px;letter-spacing: initial;margin: initial;max-height: initial;max-width: initial;min-height: initial;min-width: initial;overflow: initial;padding: initial;text-align: initial;text-decoration: initial;text-indent: initial;text-transform: initial;vertical-align: initial;border-spacing: initial;width: initial\"><\/div>\n<div class=\"ms-editor-squiggler\" style=\"color: initial;font: initial;background: initial;background-blend-mode: initial;border: initial;border-radius: initial;border-collapse: initial;caption-side: initial;clear: initial;columns: initial;column-fill: initial;column-rule: initial;column-span: initial;cursor: initial;flex: initial;flex-flow: initial;float: initial;height: 0px;letter-spacing: initial;margin: initial;max-height: initial;max-width: initial;min-height: initial;min-width: initial;overflow: initial;padding: initial;text-align: initial;text-decoration: initial;text-indent: initial;text-transform: initial;vertical-align: initial;border-spacing: initial;width: initial\"><\/div>\n<div class=\"ms-editor-squiggler\" style=\"color: initial;font: initial;background: initial;background-blend-mode: initial;border: initial;border-radius: initial;border-collapse: initial;caption-side: initial;clear: initial;columns: initial;column-fill: initial;column-rule: initial;column-span: initial;cursor: initial;flex: initial;flex-flow: initial;float: initial;height: 0px;letter-spacing: initial;margin: initial;max-height: initial;max-width: initial;min-height: initial;min-width: initial;overflow: initial;padding: initial;text-align: initial;text-decoration: initial;text-indent: initial;text-transform: initial;vertical-align: initial;border-spacing: initial;width: initial\"><\/div>\n<div class=\"ms-editor-squiggler\" style=\"color: initial;font: initial;background: initial;background-blend-mode: initial;border: initial;border-radius: initial;border-collapse: initial;caption-side: initial;clear: initial;columns: initial;column-fill: initial;column-rule: initial;column-span: initial;cursor: initial;flex: initial;flex-flow: initial;float: initial;height: 0px;letter-spacing: initial;margin: initial;max-height: initial;max-width: initial;min-height: initial;min-width: initial;overflow: initial;padding: initial;text-align: initial;text-decoration: initial;text-indent: initial;text-transform: initial;vertical-align: initial;border-spacing: initial;width: initial\"><\/div>\n<div class=\"ms-editor-squiggler\" style=\"color: initial;font: initial;background: initial;background-blend-mode: initial;border: initial;border-radius: initial;border-collapse: initial;caption-side: initial;clear: initial;columns: initial;column-fill: initial;column-rule: initial;column-span: initial;cursor: initial;flex: initial;flex-flow: initial;float: initial;height: 0px;letter-spacing: initial;margin: initial;max-height: initial;max-width: initial;min-height: initial;min-width: initial;overflow: initial;padding: initial;text-align: initial;text-decoration: initial;text-indent: initial;text-transform: initial;vertical-align: initial;border-spacing: initial;width: initial\"><\/div>\n<div class=\"ms-editor-squiggler\" style=\"color: initial;font: initial;background: initial;background-blend-mode: initial;border: initial;border-radius: initial;border-collapse: initial;caption-side: initial;clear: initial;columns: initial;column-fill: initial;column-rule: initial;column-span: initial;cursor: initial;flex: initial;flex-flow: initial;float: initial;height: 0px;letter-spacing: initial;margin: initial;max-height: initial;max-width: initial;min-height: initial;min-width: initial;overflow: initial;padding: initial;text-align: initial;text-decoration: initial;text-indent: initial;text-transform: initial;vertical-align: initial;border-spacing: initial;width: initial\"><\/div>\n<div class=\"ms-editor-squiggler\" style=\"color: initial;font: initial;background: initial;background-blend-mode: initial;border: initial;border-radius: initial;border-collapse: initial;caption-side: initial;clear: initial;columns: initial;column-fill: initial;column-rule: initial;column-span: initial;cursor: initial;flex: initial;flex-flow: initial;float: initial;height: 0px;letter-spacing: initial;margin: initial;max-height: initial;max-width: initial;min-height: initial;min-width: initial;overflow: initial;padding: initial;text-align: initial;text-decoration: initial;text-indent: initial;text-transform: initial;vertical-align: initial;border-spacing: initial;width: initial\"><\/div>\n<div class=\"ms-editor-squiggler\" style=\"color: initial;font: initial;background: initial;background-blend-mode: initial;border: initial;border-radius: initial;border-collapse: initial;caption-side: initial;clear: initial;columns: initial;column-fill: initial;column-rule: initial;column-span: initial;cursor: initial;flex: initial;flex-flow: initial;float: initial;height: 0px;letter-spacing: initial;margin: initial;max-height: initial;max-width: initial;min-height: initial;min-width: initial;overflow: initial;padding: initial;text-align: initial;text-decoration: initial;text-indent: initial;text-transform: initial;vertical-align: initial;border-spacing: initial;width: initial\"><\/div>\n<div class=\"ms-editor-squiggler\" style=\"color: initial;font: initial;background: initial;background-blend-mode: initial;border: initial;border-radius: initial;border-collapse: initial;caption-side: initial;clear: initial;columns: initial;column-fill: initial;column-rule: initial;column-span: initial;cursor: initial;flex: initial;flex-flow: initial;float: initial;height: 0px;letter-spacing: initial;margin: initial;max-height: initial;max-width: initial;min-height: initial;min-width: initial;overflow: initial;padding: initial;text-align: initial;text-decoration: initial;text-indent: initial;text-transform: initial;vertical-align: initial;border-spacing: initial;width: initial\"><\/div>\n<div class=\"ms-editor-squiggler\" style=\"color: initial;font: initial;background: initial;background-blend-mode: initial;border: initial;border-radius: initial;border-collapse: initial;caption-side: initial;clear: initial;columns: initial;column-fill: initial;column-rule: initial;column-span: initial;cursor: initial;flex: initial;flex-flow: initial;float: initial;height: 0px;letter-spacing: initial;margin: initial;max-height: initial;max-width: initial;min-height: initial;min-width: initial;overflow: initial;padding: initial;text-align: initial;text-decoration: initial;text-indent: initial;text-transform: initial;vertical-align: initial;border-spacing: initial;width: initial\"><\/div>\n<\/div>\n<\/div>\n<div class=\"block-list-appender\">\n<div class=\"block-editor-default-block-appender\" data-root-client-id=\"\"><\/div>\n<\/div>\n","protected":false},"excerpt":{"rendered":"<p>\u00a0Alan Caetano C\u00e2ndido\u00a0\/\u00a0Curr\u00edculum Lattes Linha de Pesquisa:\u00a0Educa\u00e7\u00e3o em Artes e Processos de Forma\u00e7\u00e3o Est\u00e9tica Data de nascimento:\u00a0 Texto introdut\u00f3rio: Licenciado em Artes Visuais pela Universidade Federal de Pelotas (2020). Membro da Comiss\u00e3o de Controle de Identifica\u00e7\u00e3o \u00c9tnico-Racial, vinculada ao N\u00facleo de A\u00e7\u00f5es Afirmativas (NUAAD\/UFPel) e a Coordena\u00e7\u00e3o de Inclus\u00e3o e Diversidade (CID) pela Universidade Federal [&hellip;]<\/p>\n","protected":false},"author":1258,"featured_media":0,"parent":0,"menu_order":0,"comment_status":"closed","ping_status":"closed","template":"","meta":{"footnotes":""},"class_list":["post-8067","page","type-page","status-publish","hentry"],"_links":{"self":[{"href":"https:\/\/wp.ufpel.edu.br\/ppgartes\/wp-json\/wp\/v2\/pages\/8067","targetHints":{"allow":["GET"]}}],"collection":[{"href":"https:\/\/wp.ufpel.edu.br\/ppgartes\/wp-json\/wp\/v2\/pages"}],"about":[{"href":"https:\/\/wp.ufpel.edu.br\/ppgartes\/wp-json\/wp\/v2\/types\/page"}],"author":[{"embeddable":true,"href":"https:\/\/wp.ufpel.edu.br\/ppgartes\/wp-json\/wp\/v2\/users\/1258"}],"replies":[{"embeddable":true,"href":"https:\/\/wp.ufpel.edu.br\/ppgartes\/wp-json\/wp\/v2\/comments?post=8067"}],"version-history":[{"count":0,"href":"https:\/\/wp.ufpel.edu.br\/ppgartes\/wp-json\/wp\/v2\/pages\/8067\/revisions"}],"wp:attachment":[{"href":"https:\/\/wp.ufpel.edu.br\/ppgartes\/wp-json\/wp\/v2\/media?parent=8067"}],"curies":[{"name":"wp","href":"https:\/\/api.w.org\/{rel}","templated":true}]}}