{"id":8028,"date":"2021-09-13T10:47:44","date_gmt":"2021-09-13T13:47:44","guid":{"rendered":"https:\/\/wp.ufpel.edu.br\/mestradoartesvisuais\/?page_id=8028"},"modified":"2021-09-13T10:47:44","modified_gmt":"2021-09-13T13:47:44","slug":"larissa-schip-ferreira-de-deus","status":"publish","type":"page","link":"https:\/\/wp.ufpel.edu.br\/ppgartes\/larissa-schip-ferreira-de-deus\/","title":{"rendered":"Larissa Schip Ferreira de Deus"},"content":{"rendered":"<p><a href=\"https:\/\/wp.ufpel.edu.br\/ppgartes\/files\/2021\/09\/Foto-Larissa-Schip-scaled-1.jpg\"><img class=\"alignnone wp-image-8030 size-thumbnail\" src=\"https:\/\/wp.ufpel.edu.br\/mestradoartesvisuais\/files\/2021\/09\/Foto-Larissa-Schip-200x200.jpg\" alt=\"\" width=\"200\" height=\"200\" \/>\u00a0<\/a><span style=\"font-family: georgia, palatino, serif;font-size: 12pt\"><span style=\"font-size: 18pt\"><strong><span style=\"font-family: 'trebuchet ms', geneva, sans-serif\">Larissa Schip Ferreira de Deus\u00a0<span style=\"font-size: 10pt;color: #999999\">\/\u00a0<\/span><\/span><\/strong><\/span><span style=\"font-family: 'trebuchet ms', geneva, sans-serif;font-size: 10pt\"><a href=\"http:\/\/lattes.cnpq.br\/3500796825303513\" target=\"_blank\" rel=\"noopener noreferrer\"><span style=\"color: #999999\">Curr\u00edculum Lattes<\/span><\/a><br \/>\n<strong>Linha de Pesquisa<\/strong>: <a href=\"https:\/\/wp.ufpel.edu.br\/mestradoartesvisuais\/linhas-de-pesquisa\/processos-de-criacao-e-poeticas-do-cotidiano\/\">Processos de Cria\u00e7\u00e3o e Po\u00e9ticas do Cotidiano<\/a><br \/>\n<\/span><\/span><span style=\"font-family: 'trebuchet ms', geneva, sans-serif;font-size: 10pt\"><strong>Data de nascimento:<\/strong>\u00a0<\/span><\/p>\n<p style=\"text-align: justify\"><span style=\"font-family: 'trebuchet ms', geneva, sans-serif;font-size: 10pt\"><strong>Texto introdut\u00f3rio:<\/strong> Larissa Schip \u00e9 artista visual. Mestranda no Programa de P\u00f3s Gradua\u00e7\u00e3o em Artes Visuais da Universidade Federal de Pelotas e graduada em Licenciatura em Artes Visuais, pela Universidade Estadual do Paran\u00e1, Campus Curitiba II &#8211; FAP (2017). Atualmente assistente da artista pl\u00e1stica e curadora Eliane Prolik. Sua pesquisa em arte busca investigar processos do corpo, das palavras e dos afetos, relativos a quest\u00f5es do campo do feminismo e do animalismo. (Texto extra\u00eddo diretamente da plataforma Lattes)<\/span><\/p>\n<hr \/>\n<p><span style=\"font-family: 'trebuchet ms', geneva, sans-serif;font-size: 10pt\"><strong>Projeto de Disserta\u00e7\u00e3o <\/strong>[em andamento]<strong><br \/>\n<span style=\"font-size: 14pt\">A<\/span><\/strong><br \/>\n<\/span><span style=\"font-family: 'trebuchet ms', geneva, sans-serif;font-size: 10pt\"><strong>Orientador(a):<\/strong> <a href=\"https:\/\/wp.ufpel.edu.br\/mestradoartesvisuais\/ana-zeferina-ferreira-maio\/\" target=\"_blank\" rel=\"noopener noreferrer\">Profa Dra. Ana Zeferina Ferreira Maio(PPGAVI\/UFPel)<\/a><br \/>\n<\/span><\/p>\n<p><span style=\"font-family: 'trebuchet ms', geneva, sans-serif;font-size: 10pt\"><strong>Projeto(s) de Pesquisa que participa:<\/strong>\u00a0<\/span><\/p>\n","protected":false},"excerpt":{"rendered":"<p>\u00a0Larissa Schip Ferreira de Deus\u00a0\/\u00a0Curr\u00edculum Lattes Linha de Pesquisa: Processos de Cria\u00e7\u00e3o e Po\u00e9ticas do Cotidiano Data de nascimento:\u00a0 Texto introdut\u00f3rio: Larissa Schip \u00e9 artista visual. Mestranda no Programa de P\u00f3s Gradua\u00e7\u00e3o em Artes Visuais da Universidade Federal de Pelotas e graduada em Licenciatura em Artes Visuais, pela Universidade Estadual do Paran\u00e1, Campus Curitiba II [&hellip;]<\/p>\n","protected":false},"author":1258,"featured_media":0,"parent":0,"menu_order":0,"comment_status":"closed","ping_status":"closed","template":"","meta":{"footnotes":""},"class_list":["post-8028","page","type-page","status-publish","hentry"],"_links":{"self":[{"href":"https:\/\/wp.ufpel.edu.br\/ppgartes\/wp-json\/wp\/v2\/pages\/8028","targetHints":{"allow":["GET"]}}],"collection":[{"href":"https:\/\/wp.ufpel.edu.br\/ppgartes\/wp-json\/wp\/v2\/pages"}],"about":[{"href":"https:\/\/wp.ufpel.edu.br\/ppgartes\/wp-json\/wp\/v2\/types\/page"}],"author":[{"embeddable":true,"href":"https:\/\/wp.ufpel.edu.br\/ppgartes\/wp-json\/wp\/v2\/users\/1258"}],"replies":[{"embeddable":true,"href":"https:\/\/wp.ufpel.edu.br\/ppgartes\/wp-json\/wp\/v2\/comments?post=8028"}],"version-history":[{"count":0,"href":"https:\/\/wp.ufpel.edu.br\/ppgartes\/wp-json\/wp\/v2\/pages\/8028\/revisions"}],"wp:attachment":[{"href":"https:\/\/wp.ufpel.edu.br\/ppgartes\/wp-json\/wp\/v2\/media?parent=8028"}],"curies":[{"name":"wp","href":"https:\/\/api.w.org\/{rel}","templated":true}]}}