{"id":8023,"date":"2021-09-13T10:43:05","date_gmt":"2021-09-13T13:43:05","guid":{"rendered":"https:\/\/wp.ufpel.edu.br\/mestradoartesvisuais\/?page_id=8023"},"modified":"2021-09-13T10:43:05","modified_gmt":"2021-09-13T13:43:05","slug":"fabio-ortiz-goulart","status":"publish","type":"page","link":"https:\/\/wp.ufpel.edu.br\/ppgartes\/fabio-ortiz-goulart\/","title":{"rendered":"F\u00e1bio Ortiz Goulart"},"content":{"rendered":"<p><a href=\"https:\/\/wp.ufpel.edu.br\/ppgartes\/files\/2021\/09\/FB_IMG_1630121870091.jpg\"><img class=\"alignnone wp-image-8025 size-thumbnail\" src=\"https:\/\/wp.ufpel.edu.br\/ppgartes\/files\/2021\/09\/FB_IMG_1630121870091-200x200.jpg\" alt=\"\" width=\"200\" height=\"200\" srcset=\"https:\/\/wp.ufpel.edu.br\/ppgartes\/files\/2021\/09\/FB_IMG_1630121870091-200x200.jpg 200w, https:\/\/wp.ufpel.edu.br\/ppgartes\/files\/2021\/09\/FB_IMG_1630121870091-400x400.jpg 400w, https:\/\/wp.ufpel.edu.br\/ppgartes\/files\/2021\/09\/FB_IMG_1630121870091-1024x1020.jpg 1024w, https:\/\/wp.ufpel.edu.br\/ppgartes\/files\/2021\/09\/FB_IMG_1630121870091-768x765.jpg 768w, https:\/\/wp.ufpel.edu.br\/ppgartes\/files\/2021\/09\/FB_IMG_1630121870091.jpg 1080w\" sizes=\"(max-width: 200px) 100vw, 200px\" \/>\u00a0<\/a><span style=\"font-family: georgia, palatino, serif;font-size: 12pt\"><span style=\"font-size: 18pt\"><strong><span style=\"font-family: 'trebuchet ms', geneva, sans-serif\">F\u00e1bio Ortiz Goulart\u00a0<span style=\"font-size: 10pt;color: #999999\">\/\u00a0<\/span><\/span><\/strong><\/span><span style=\"font-family: 'trebuchet ms', geneva, sans-serif;font-size: 10pt\"><a href=\"http:\/\/lattes.cnpq.br\/9202600917364968\" target=\"_blank\" rel=\"noopener noreferrer\"><span style=\"color: #999999\">Curr\u00edculum Lattes<\/span><\/a><br \/>\n<strong>Linha de Pesquisa<\/strong>: <span style=\"color: #999999\"><a style=\"color: #999999\" href=\"https:\/\/wp.ufpel.edu.br\/mestradoartesvisuais\/linhas-de-pesquisa\/educacao-em-artes-e-processos-de-formacao-estetica\/\">Educa\u00e7\u00e3o em Artes e Processos de Forma\u00e7\u00e3o Est\u00e9tica<\/a><\/span><br \/>\n<\/span><\/span><span style=\"font-family: 'trebuchet ms', geneva, sans-serif;font-size: 10pt\"><strong>Data de nascimento:<\/strong>\u00a0<\/span><\/p>\n<p style=\"text-align: justify\"><span style=\"font-family: 'trebuchet ms', geneva, sans-serif;font-size: 10pt\"><strong>Texto introdut\u00f3rio:<\/strong> Mestrando em Artes Visuais pela Universidade Federal de Pelotas (UFPEL). Graduado em Arqueologia (2021) pela Universidade Federal do Rio Grande (FURG). Atua como membro do AFEE! &#8211; Grupo de Estudos em Arte, Forma\u00e7\u00e3o e Experi\u00eancia Est\u00e9tica (ILA\/FURG). Pesquisador volunt\u00e1rio no Liber Studium &#8211; Laborat\u00f3rio de Arqueologia do Capitalismo (ICHI\/FURG). Coordena o projeto de extens\u00e3o Clube de Ci\u00eancias e Artes Marie Curie (ICHI\/FURG). \u00c9 fundador e editor da Revista Multidisciplinar de Estudos Nerds\/Geek (ICHI\/FURG). Foi editor da Arche: Revista Discente de Arqueologia (DARQ\/FURG). Tem se dedicado a pesquisar Hist\u00f3rias em Quadrinhos e demais artefatos da cultura de massa. (Texto extra\u00eddo diretamente da plataforma Lattes)<\/span><\/p>\n<hr \/>\n<p><span style=\"font-family: 'trebuchet ms', geneva, sans-serif;font-size: 10pt\"><strong>Projeto de Disserta\u00e7\u00e3o <\/strong>[em andamento]<strong><br \/>\n<span style=\"font-size: 14pt\">A<\/span><\/strong><br \/>\n<\/span><span style=\"font-family: 'trebuchet ms', geneva, sans-serif;font-size: 10pt\"><strong>Orientador(a):<\/strong> <a href=\"https:\/\/wp.ufpel.edu.br\/mestradoartesvisuais\/rosangela-fachel-de-medeiros\/\" target=\"_blank\" rel=\"noopener noreferrer\">Prof. Dr. Ros\u00e2ngela Fachel de Medeiros(PPGAVI\/UFPel)<\/a><br \/>\n<\/span><\/p>\n<p><span style=\"font-family: 'trebuchet ms', geneva, sans-serif;font-size: 10pt\"><strong>Projeto(s) de Pesquisa que participa:<\/strong>\u00a0<\/span><\/p>\n","protected":false},"excerpt":{"rendered":"<p>\u00a0F\u00e1bio Ortiz Goulart\u00a0\/\u00a0Curr\u00edculum Lattes Linha de Pesquisa: Educa\u00e7\u00e3o em Artes e Processos de Forma\u00e7\u00e3o Est\u00e9tica Data de nascimento:\u00a0 Texto introdut\u00f3rio: Mestrando em Artes Visuais pela Universidade Federal de Pelotas (UFPEL). Graduado em Arqueologia (2021) pela Universidade Federal do Rio Grande (FURG). Atua como membro do AFEE! &#8211; Grupo de Estudos em Arte, Forma\u00e7\u00e3o e Experi\u00eancia [&hellip;]<\/p>\n","protected":false},"author":1258,"featured_media":0,"parent":0,"menu_order":0,"comment_status":"closed","ping_status":"closed","template":"","meta":{"footnotes":""},"class_list":["post-8023","page","type-page","status-publish","hentry"],"_links":{"self":[{"href":"https:\/\/wp.ufpel.edu.br\/ppgartes\/wp-json\/wp\/v2\/pages\/8023","targetHints":{"allow":["GET"]}}],"collection":[{"href":"https:\/\/wp.ufpel.edu.br\/ppgartes\/wp-json\/wp\/v2\/pages"}],"about":[{"href":"https:\/\/wp.ufpel.edu.br\/ppgartes\/wp-json\/wp\/v2\/types\/page"}],"author":[{"embeddable":true,"href":"https:\/\/wp.ufpel.edu.br\/ppgartes\/wp-json\/wp\/v2\/users\/1258"}],"replies":[{"embeddable":true,"href":"https:\/\/wp.ufpel.edu.br\/ppgartes\/wp-json\/wp\/v2\/comments?post=8023"}],"version-history":[{"count":0,"href":"https:\/\/wp.ufpel.edu.br\/ppgartes\/wp-json\/wp\/v2\/pages\/8023\/revisions"}],"wp:attachment":[{"href":"https:\/\/wp.ufpel.edu.br\/ppgartes\/wp-json\/wp\/v2\/media?parent=8023"}],"curies":[{"name":"wp","href":"https:\/\/api.w.org\/{rel}","templated":true}]}}