{"id":8013,"date":"2021-09-13T10:26:55","date_gmt":"2021-09-13T13:26:55","guid":{"rendered":"https:\/\/wp.ufpel.edu.br\/mestradoartesvisuais\/?page_id=8013"},"modified":"2021-09-13T10:26:55","modified_gmt":"2021-09-13T13:26:55","slug":"daniel-soares-marenco","status":"publish","type":"page","link":"https:\/\/wp.ufpel.edu.br\/ppgartes\/daniel-soares-marenco\/","title":{"rendered":"Daniel Soares Marenco"},"content":{"rendered":"<p><a href=\"https:\/\/wp.ufpel.edu.br\/ppgartes\/files\/2021\/09\/a206c82c-6a5c-412d-bd6e-94f14d7c329f.jpg\"><img class=\"alignnone wp-image-8015 size-thumbnail\" src=\"https:\/\/wp.ufpel.edu.br\/ppgartes\/files\/2021\/09\/a206c82c-6a5c-412d-bd6e-94f14d7c329f-200x200.jpg\" alt=\"\" width=\"200\" height=\"200\" \/>\u00a0<\/a><span style=\"font-family: georgia, palatino, serif;font-size: 12pt\"><span style=\"font-size: 18pt\"><strong><span style=\"font-family: 'trebuchet ms', geneva, sans-serif\">Daniel Soares Marenco\u00a0Azevedo <span style=\"font-size: 10pt;color: #999999\">\/\u00a0<\/span><\/span><\/strong><\/span><span style=\"font-family: 'trebuchet ms', geneva, sans-serif;font-size: 10pt\"><a href=\"http:\/\/lattes.cnpq.br\/3668287406854157\" target=\"_blank\" rel=\"noopener noreferrer\"><span style=\"color: #999999\">Curr\u00edculum Lattes<\/span><\/a><br \/>\n<strong>Linha de Pesquisa<\/strong>: <a href=\"https:\/\/wp.ufpel.edu.br\/mestradoartesvisuais\/linhas-de-pesquisa\/processos-de-criacao-e-poeticas-do-cotidiano\/\">Processos de Cria\u00e7\u00e3o e Po\u00e9ticas do Cotidiano<\/a><br \/>\n<\/span><\/span><span style=\"font-family: 'trebuchet ms', geneva, sans-serif;font-size: 10pt\"><strong>Data de nascimento:<\/strong>\u00a0<\/span><\/p>\n<p style=\"text-align: justify\"><span style=\"font-family: 'trebuchet ms', geneva, sans-serif;font-size: 10pt\"><strong>Texto introdut\u00f3rio:<\/strong> Jornalista visual, Daniel Marenco j\u00e1 passou por quatro jornais, al\u00e9m de ter trabalhado com publicidade e assessoria de imprensa. Em 2015, foi finalista do Esso, principal condecora\u00e7\u00e3o do jornalismo brasileiro, com dois trabalhos. A foto Terremoto em Katmandu mostra uma cerim\u00f4nia f\u00fanebre no Nepal e foi publicada no jornal Folha de S. Paulo, empresa em que esteve por cinco anos. J\u00e1 Marcado a ferro e fogo, retrato de um homem torturado por policiais cariocas, foi veiculado em O Globo, onde trabalhou de 2015 a 2020. Esteve entre os indicados do mesmo pr\u00eamio em 2009, com a s\u00e9rie No corredor do inferno, fotografada no Pres\u00eddio Central de Porto Alegre, pelo jornal Zero Hora. Foi contemplado na categoria ensaio no 7\u00ba Concurso Cultural Leica Fotografe Melhor (2009), no Grande Pr\u00eamio Folha de Jornalismo (2014) e no Pr\u00eamio Petrobras de Jornalismo (2015). Esteve tamb\u00e9m entre os indicados de O Melhor da Fotografia 2009\/10 (fot\u00f3grafo revela\u00e7\u00e3o) e foi selecionado para a leitura de portf\u00f3lio do PhotoEspa\u00f1a em S\u00e3o Paulo, no mesmo ano. Em 2014, com o ensaio El Gaucho, foi finalista da bolsa Roberto Villagraz, em Madrid, e, com ensaio sobre as manifesta\u00e7\u00f5es de junho de 2013, finalista do pr\u00eamio de arte da Funda\u00e7\u00e3o Conrado Wessel. Formado em Jornalismo pela Universidade do Vale do Rio dos Sinos, em S\u00e3o Leopoldo, regi\u00e3o metropolitana de Porto Alegre (Rio Grande do Sul), em 2007, atua como fot\u00f3grafo desde 1999. Entre as principais coberturas das quais j\u00e1 participou, est\u00e3o os Jogos Panamericanos de Guadalajara, em 2011, as manifesta\u00e7\u00f5es populares de 2013, as trag\u00e9dias das mineradoras em Mariana e Brumadinho, a Copa do Mundo no Brasil, o terremoto do Nepal, em 2015, os Jogos Ol\u00edmpicos do Rio, Fim da Minustah (Haiti, 2017), al\u00e9m de tr\u00eas elei\u00e7\u00f5es presidenciais. Em 2018, Daniel Marenco faz sua estreia em document\u00e1rios com Contramar\u00e9. Mais de seu trabalho pode ser visto no site: www.danielmarenco.com. (Texto extra\u00eddo diretamente da plataforma Lattes)<\/span><\/p>\n<hr \/>\n<p><span style=\"font-family: 'trebuchet ms', geneva, sans-serif;font-size: 10pt\"><strong>Projeto de Disserta\u00e7\u00e3o <\/strong>[em andamento]<strong><br \/>\n<span style=\"font-size: 14pt\">A<\/span><\/strong><br \/>\n<\/span><span style=\"font-family: 'trebuchet ms', geneva, sans-serif;font-size: 10pt\"><strong>Orientador(a):<\/strong> <a href=\"https:\/\/wp.ufpel.edu.br\/mestradoartesvisuais\/helene-gomes-sacco\/\" target=\"_blank\" rel=\"noopener noreferrer\">Profa. Dra. Helene Sacco(PPGAVI\/UFPel)<\/a><br \/>\n<\/span><\/p>\n<p><span style=\"font-family: 'trebuchet ms', geneva, sans-serif;font-size: 10pt\"><strong>Projeto(s) de Pesquisa que participa:<\/strong>\u00a0<\/span><\/p>\n","protected":false},"excerpt":{"rendered":"<p>\u00a0Daniel Soares Marenco\u00a0Azevedo \/\u00a0Curr\u00edculum Lattes Linha de Pesquisa: Processos de Cria\u00e7\u00e3o e Po\u00e9ticas do Cotidiano Data de nascimento:\u00a0 Texto introdut\u00f3rio: Jornalista visual, Daniel Marenco j\u00e1 passou por quatro jornais, al\u00e9m de ter trabalhado com publicidade e assessoria de imprensa. Em 2015, foi finalista do Esso, principal condecora\u00e7\u00e3o do jornalismo brasileiro, com dois trabalhos. A foto [&hellip;]<\/p>\n","protected":false},"author":1258,"featured_media":0,"parent":0,"menu_order":0,"comment_status":"closed","ping_status":"closed","template":"","meta":{"footnotes":""},"class_list":["post-8013","page","type-page","status-publish","hentry"],"_links":{"self":[{"href":"https:\/\/wp.ufpel.edu.br\/ppgartes\/wp-json\/wp\/v2\/pages\/8013","targetHints":{"allow":["GET"]}}],"collection":[{"href":"https:\/\/wp.ufpel.edu.br\/ppgartes\/wp-json\/wp\/v2\/pages"}],"about":[{"href":"https:\/\/wp.ufpel.edu.br\/ppgartes\/wp-json\/wp\/v2\/types\/page"}],"author":[{"embeddable":true,"href":"https:\/\/wp.ufpel.edu.br\/ppgartes\/wp-json\/wp\/v2\/users\/1258"}],"replies":[{"embeddable":true,"href":"https:\/\/wp.ufpel.edu.br\/ppgartes\/wp-json\/wp\/v2\/comments?post=8013"}],"version-history":[{"count":0,"href":"https:\/\/wp.ufpel.edu.br\/ppgartes\/wp-json\/wp\/v2\/pages\/8013\/revisions"}],"wp:attachment":[{"href":"https:\/\/wp.ufpel.edu.br\/ppgartes\/wp-json\/wp\/v2\/media?parent=8013"}],"curies":[{"name":"wp","href":"https:\/\/api.w.org\/{rel}","templated":true}]}}