{"id":8004,"date":"2021-09-13T10:03:07","date_gmt":"2021-09-13T13:03:07","guid":{"rendered":"https:\/\/wp.ufpel.edu.br\/mestradoartesvisuais\/?page_id=8004"},"modified":"2021-09-13T10:03:07","modified_gmt":"2021-09-13T13:03:07","slug":"gabriel-da-silva-munaro","status":"publish","type":"page","link":"https:\/\/wp.ufpel.edu.br\/ppgartes\/gabriel-da-silva-munaro\/","title":{"rendered":"Gabriel da Silva Munaro"},"content":{"rendered":"<p><a href=\"https:\/\/wp.ufpel.edu.br\/ppgartes\/files\/2021\/09\/3X4.png\"><img class=\"alignnone wp-image-8006 size-thumbnail\" src=\"https:\/\/wp.ufpel.edu.br\/ppgartes\/files\/2021\/09\/3X4-200x200.png\" alt=\"\" width=\"200\" height=\"200\" \/>\u00a0<\/a><span style=\"font-family: georgia, palatino, serif;font-size: 12pt\"><span style=\"font-size: 18pt\"><strong><span style=\"font-family: 'trebuchet ms', geneva, sans-serif\">Gabriel da Silva Munaro\u00a0<span style=\"font-size: 10pt;color: #999999\">\/\u00a0<\/span><\/span><\/strong><\/span><span style=\"font-family: 'trebuchet ms', geneva, sans-serif;font-size: 10pt\"><a href=\"http:\/\/lattes.cnpq.br\/4134569653650047\" target=\"_blank\" rel=\"noopener noreferrer\"><span style=\"color: #999999\">Curr\u00edculum Lattes<\/span><\/a><br \/>\n<strong>Linha de Pesquisa<\/strong>: <span style=\"color: #999999\"><a style=\"color: #999999\" href=\"https:\/\/wp.ufpel.edu.br\/mestradoartesvisuais\/linhas-de-pesquisa\/educacao-em-artes-e-processos-de-formacao-estetica\/\">Educa\u00e7\u00e3o em Artes e Processos de Forma\u00e7\u00e3o Est\u00e9tica<\/a><\/span><br \/>\n<\/span><\/span><span style=\"font-family: 'trebuchet ms', geneva, sans-serif;font-size: 10pt\"><strong>Data de nascimento:<\/strong>\u00a0<\/span><\/p>\n<p style=\"text-align: justify\"><span style=\"font-family: 'trebuchet ms', geneva, sans-serif;font-size: 10pt\"><strong>Texto introdut\u00f3rio:<\/strong> Possui gradua\u00e7\u00e3o no Curso de Cinema de Anima\u00e7\u00e3o da Universidade Federal de Pelotas, RS. Atuou como tutor\/ministrante de curso on-line de forma\u00e7\u00e3o de professores da Educa\u00e7\u00e3o B\u00e1sica para uso de v\u00eddeos no ensino. Colaborador e bolsista do Projeto de Extens\u00e3o Rede Colabora. Selecionado para atuar como bolsista de Inicia\u00e7\u00e3o Cient\u00edfica do CNPq em projeto de elabora\u00e7\u00e3o de v\u00eddeos de anima\u00e7\u00e3o para o ensino de Matem\u00e1tica. Atua como Editor de Hiperm\u00eddias nos Cursos de Forma\u00e7\u00e3o Inicial e Continuada do Instituto Federal Sul-Rio-grandense e Est\u00e1giario no N\u00facleo de Materiais Educacionais Digitais da Secretaria de Educa\u00e7\u00e3o a Dist\u00e2ncia na Universidade Federal de Rio Grande &#8211; FURG. (Texto extra\u00eddo diretamente da plataforma Lattes)<\/span><\/p>\n<hr \/>\n<p><span style=\"font-family: 'trebuchet ms', geneva, sans-serif;font-size: 10pt\"><strong>Projeto de Disserta\u00e7\u00e3o <\/strong>[em andamento]<strong><br \/>\n<span style=\"font-size: 14pt\">A<\/span><\/strong><br \/>\n<\/span><span style=\"font-family: 'trebuchet ms', geneva, sans-serif;font-size: 10pt\"><strong>Orientador(a):<\/strong> <a href=\"https:\/\/wp.ufpel.edu.br\/mestradoartesvisuais\/rebeca-da-cunha-recuero\/\" target=\"_blank\" rel=\"noopener noreferrer\">Profa. Dra. Rebecca Recuero (PPGAVI\/UFPel)<\/a><br \/>\n<\/span><\/p>\n<p><span style=\"font-family: 'trebuchet ms', geneva, sans-serif;font-size: 10pt\"><strong>Projeto(s) de Pesquisa que participa:<\/strong>\u00a0<\/span><\/p>\n","protected":false},"excerpt":{"rendered":"<p>\u00a0Gabriel da Silva Munaro\u00a0\/\u00a0Curr\u00edculum Lattes Linha de Pesquisa: Educa\u00e7\u00e3o em Artes e Processos de Forma\u00e7\u00e3o Est\u00e9tica Data de nascimento:\u00a0 Texto introdut\u00f3rio: Possui gradua\u00e7\u00e3o no Curso de Cinema de Anima\u00e7\u00e3o da Universidade Federal de Pelotas, RS. Atuou como tutor\/ministrante de curso on-line de forma\u00e7\u00e3o de professores da Educa\u00e7\u00e3o B\u00e1sica para uso de v\u00eddeos no ensino. Colaborador [&hellip;]<\/p>\n","protected":false},"author":1258,"featured_media":0,"parent":0,"menu_order":0,"comment_status":"closed","ping_status":"closed","template":"","meta":{"footnotes":""},"class_list":["post-8004","page","type-page","status-publish","hentry"],"_links":{"self":[{"href":"https:\/\/wp.ufpel.edu.br\/ppgartes\/wp-json\/wp\/v2\/pages\/8004","targetHints":{"allow":["GET"]}}],"collection":[{"href":"https:\/\/wp.ufpel.edu.br\/ppgartes\/wp-json\/wp\/v2\/pages"}],"about":[{"href":"https:\/\/wp.ufpel.edu.br\/ppgartes\/wp-json\/wp\/v2\/types\/page"}],"author":[{"embeddable":true,"href":"https:\/\/wp.ufpel.edu.br\/ppgartes\/wp-json\/wp\/v2\/users\/1258"}],"replies":[{"embeddable":true,"href":"https:\/\/wp.ufpel.edu.br\/ppgartes\/wp-json\/wp\/v2\/comments?post=8004"}],"version-history":[{"count":0,"href":"https:\/\/wp.ufpel.edu.br\/ppgartes\/wp-json\/wp\/v2\/pages\/8004\/revisions"}],"wp:attachment":[{"href":"https:\/\/wp.ufpel.edu.br\/ppgartes\/wp-json\/wp\/v2\/media?parent=8004"}],"curies":[{"name":"wp","href":"https:\/\/api.w.org\/{rel}","templated":true}]}}