{"id":8000,"date":"2021-09-13T09:58:03","date_gmt":"2021-09-13T12:58:03","guid":{"rendered":"https:\/\/wp.ufpel.edu.br\/mestradoartesvisuais\/?page_id=8000"},"modified":"2021-09-13T09:58:03","modified_gmt":"2021-09-13T12:58:03","slug":"luiz-henrique-canibal-de-andrade-leao","status":"publish","type":"page","link":"https:\/\/wp.ufpel.edu.br\/ppgartes\/luiz-henrique-canibal-de-andrade-leao\/","title":{"rendered":"Luiz Henrique Canibal de Andrade Le\u00e3o"},"content":{"rendered":"<p><a href=\"https:\/\/wp.ufpel.edu.br\/ppgartes\/files\/2021\/09\/2b2bbc2ca381fadcec9e.jpeg\"><img class=\"alignnone wp-image-8002 size-thumbnail\" src=\"https:\/\/wp.ufpel.edu.br\/ppgartes\/files\/2021\/09\/2b2bbc2ca381fadcec9e-200x200.jpeg\" alt=\"\" width=\"200\" height=\"200\" srcset=\"https:\/\/wp.ufpel.edu.br\/ppgartes\/files\/2021\/09\/2b2bbc2ca381fadcec9e-200x200.jpeg 200w, https:\/\/wp.ufpel.edu.br\/ppgartes\/files\/2021\/09\/2b2bbc2ca381fadcec9e-400x400.jpeg 400w, https:\/\/wp.ufpel.edu.br\/ppgartes\/files\/2021\/09\/2b2bbc2ca381fadcec9e.jpeg 480w\" sizes=\"(max-width: 200px) 100vw, 200px\" \/>\u00a0<\/a><span style=\"font-family: georgia, palatino, serif;font-size: 12pt\"><span style=\"font-size: 18pt\"><strong><span style=\"font-family: 'trebuchet ms', geneva, sans-serif\">Luiz Henrique Canibal de Andrade Le\u00e3o\u00a0<span style=\"font-size: 10pt;color: #999999\">\/\u00a0<\/span><\/span><\/strong><\/span><span style=\"font-family: 'trebuchet ms', geneva, sans-serif;font-size: 10pt\"><a href=\"http:\/\/lattes.cnpq.br\/8872353699230858\" target=\"_blank\" rel=\"noopener noreferrer\"><span style=\"color: #999999\">Curr\u00edculum Lattes<\/span><\/a><br \/>\n<strong>Linha de Pesquisa<\/strong>: <span style=\"color: #999999\"><a href=\"https:\/\/wp.ufpel.edu.br\/mestradoartesvisuais\/linhas-de-pesquisa\/processos-de-criacao-e-poeticas-do-cotidiano\/\">Processos de Cria\u00e7\u00e3o e Po\u00e9ticas do Cotidiano<\/a><\/span><br \/>\n<\/span><\/span><span style=\"font-family: 'trebuchet ms', geneva, sans-serif;font-size: 10pt\"><strong>Data de nascimento:<\/strong>\u00a0<\/span><\/p>\n<p style=\"text-align: justify\"><span style=\"font-family: 'trebuchet ms', geneva, sans-serif;font-size: 10pt\"><strong>Texto introdut\u00f3rio:<\/strong> Artista visual, bacharelando em Artes Visuais pela Universidade Federal de Pelotas, com entrada em 2016, atuante em multilinguagens na arte contempor\u00e2nea. Membro como pesquisador no grupo de pesquisa, Inventario de impress\u00f5es: a multiplica\u00e7\u00e3o de imagens na contemporaneidade, liderado pela professora Dra. Kelly Wendt (UFPEL). Atua como pesquisador do grupo de pesquisa, Casa redonda: arte p\u00fablica e colaborativa, liderado pelo professor Dr. Paulo Renato Dam\u00e9(UFPEL). Atuou como bolsista de inicia\u00e7\u00e3o cientifica (PIBIC\/FAPERG) do Projeto de Pesquisa Deslocamentos e Cartografias Contempor\u00e2neas, vinculado ao Grupo de Pesquisa Deslocamentos, observ\u00e2ncias e cartografias contempor\u00e2neas (UFPEL\/CNPQ), liderado pela Prof. Dr. Eduarda Azevedo Gon\u00e7alves. (Texto extra\u00eddo diretamente da plataforma Lattes)<\/span><\/p>\n<hr \/>\n<p><span style=\"font-family: 'trebuchet ms', geneva, sans-serif;font-size: 10pt\"><strong>Projeto de Disserta\u00e7\u00e3o <\/strong>[em andamento]<strong><br \/>\n<span style=\"font-size: 14pt\">A<\/span><\/strong><br \/>\n<\/span><span style=\"font-family: 'trebuchet ms', geneva, sans-serif;font-size: 10pt\"><strong>Orientador(a):<\/strong> <a href=\"https:\/\/wp.ufpel.edu.br\/mestradoartesvisuais\/kelly-wendt\/\" target=\"_blank\" rel=\"noopener noreferrer\">Profa. Dra. Kelly Wendt (PPGAVI\/UFPel)<\/a><br \/>\n<\/span><\/p>\n<p><span style=\"font-family: 'trebuchet ms', geneva, sans-serif;font-size: 10pt\"><strong>Projeto(s) de Pesquisa que participa:<\/strong>\u00a0<\/span><\/p>\n","protected":false},"excerpt":{"rendered":"<p>\u00a0Luiz Henrique Canibal de Andrade Le\u00e3o\u00a0\/\u00a0Curr\u00edculum Lattes Linha de Pesquisa: Processos de Cria\u00e7\u00e3o e Po\u00e9ticas do Cotidiano Data de nascimento:\u00a0 Texto introdut\u00f3rio: Artista visual, bacharelando em Artes Visuais pela Universidade Federal de Pelotas, com entrada em 2016, atuante em multilinguagens na arte contempor\u00e2nea. Membro como pesquisador no grupo de pesquisa, Inventario de impress\u00f5es: a multiplica\u00e7\u00e3o [&hellip;]<\/p>\n","protected":false},"author":1258,"featured_media":0,"parent":0,"menu_order":0,"comment_status":"closed","ping_status":"closed","template":"","meta":{"footnotes":""},"class_list":["post-8000","page","type-page","status-publish","hentry"],"_links":{"self":[{"href":"https:\/\/wp.ufpel.edu.br\/ppgartes\/wp-json\/wp\/v2\/pages\/8000","targetHints":{"allow":["GET"]}}],"collection":[{"href":"https:\/\/wp.ufpel.edu.br\/ppgartes\/wp-json\/wp\/v2\/pages"}],"about":[{"href":"https:\/\/wp.ufpel.edu.br\/ppgartes\/wp-json\/wp\/v2\/types\/page"}],"author":[{"embeddable":true,"href":"https:\/\/wp.ufpel.edu.br\/ppgartes\/wp-json\/wp\/v2\/users\/1258"}],"replies":[{"embeddable":true,"href":"https:\/\/wp.ufpel.edu.br\/ppgartes\/wp-json\/wp\/v2\/comments?post=8000"}],"version-history":[{"count":0,"href":"https:\/\/wp.ufpel.edu.br\/ppgartes\/wp-json\/wp\/v2\/pages\/8000\/revisions"}],"wp:attachment":[{"href":"https:\/\/wp.ufpel.edu.br\/ppgartes\/wp-json\/wp\/v2\/media?parent=8000"}],"curies":[{"name":"wp","href":"https:\/\/api.w.org\/{rel}","templated":true}]}}