{"id":7929,"date":"2021-09-09T13:55:55","date_gmt":"2021-09-09T16:55:55","guid":{"rendered":"https:\/\/wp.ufpel.edu.br\/mestradoartesvisuais\/?page_id=7929"},"modified":"2021-09-09T13:55:55","modified_gmt":"2021-09-09T16:55:55","slug":"discentes-turma-10-2021-2023","status":"publish","type":"page","link":"https:\/\/wp.ufpel.edu.br\/ppgartes\/discentes-turma-10-2021-2023\/","title":{"rendered":"Discentes \u2013 Turma 10 \/ 2021 &#8211; 2023"},"content":{"rendered":"<p><span style=\"font-family: 'trebuchet ms', geneva, sans-serif;font-size: 10pt\">Abaixo voc\u00ea encontrar\u00e1 nossos alunos da turma 10 (2021-2023) do Programa de P\u00f3s-gradua\u00e7\u00e3o Mestrado em Artes Visuais.<\/span><\/p>\n<p><span style=\"font-family: 'trebuchet ms', geneva, sans-serif;font-size: 10pt\">Clique no nome do aluno para maiores informa\u00e7\u00f5es sobre ele.<br \/>\nClicando no link do t\u00edtulo da disserta\u00e7\u00e3o voc\u00ea ser\u00e1 enviado \u00e0 publica\u00e7\u00e3o de sua disserta\u00e7\u00e3o.<\/span><\/p>\n<h1 style=\"text-align: center\"><span style=\"font-family: 'trebuchet ms', geneva, sans-serif;font-size: 18pt\"><strong>Discentes &#8211; Turma 10 (2021-2023)<\/strong><\/span><\/h1>\n<hr \/>\n<p style=\"padding-left: 40px\"><span style=\"font-family: georgia, palatino, serif;font-size: 12pt;color: #666666\"><strong><span style=\"font-family: 'trebuchet ms', geneva, sans-serif\"><a href=\"https:\/\/wp.ufpel.edu.br\/mestradoartesvisuais\/alan-caetano-candido\/\" target=\"_blank\" rel=\"noopener\">Alan Caetano C\u00e2ndido<\/a><br \/>\n<span style=\"font-family: georgia, palatino, serif;font-size: 12pt;color: #999999\"><span style=\"font-family: 'trebuchet ms', geneva, sans-serif;font-size: 10pt\">Linha de Pesquisa: <a style=\"color: #999999\" href=\"https:\/\/wp.ufpel.edu.br\/mestradoartesvisuais\/linhas-de-pesquisa\/processos-de-criacao-e-poeticas-do-cotidiano\/\">Processos de Cria\u00e7\u00e3o e Po\u00e9ticas do Cotidiano<\/a><\/span><\/span><br \/>\n<\/span><\/strong><\/span><\/p>\n<hr \/>\n<p style=\"padding-left: 40px\"><span style=\"font-family: georgia, palatino, serif;font-size: 12pt;color: #666666\"><strong><span style=\"font-family: 'trebuchet ms', geneva, sans-serif\"><a href=\"https:\/\/wp.ufpel.edu.br\/mestradoartesvisuais\/barbara-larruscahim-da-costa\/\" target=\"_blank\" rel=\"noopener\">Barbara Larruscahim da Costa<\/a><br \/>\n<span style=\"font-family: georgia, palatino, serif;font-size: 12pt;color: #999999\"><span style=\"font-family: 'trebuchet ms', geneva, sans-serif;font-size: 10pt\">Linha de Pesquisa: <a style=\"color: #999999\" href=\"https:\/\/wp.ufpel.edu.br\/mestradoartesvisuais\/linhas-de-pesquisa\/processos-de-criacao-e-poeticas-do-cotidiano\/\">Processos de Cria\u00e7\u00e3o e Po\u00e9ticas do Cotidiano<\/a><\/span><\/span><\/span><\/strong><\/span><\/p>\n<hr \/>\n<p style=\"padding-left: 40px\"><span style=\"font-family: georgia, palatino, serif;font-size: 12pt;color: #666666\"><strong><span style=\"font-family: 'trebuchet ms', geneva, sans-serif\"><a href=\"https:\/\/wp.ufpel.edu.br\/mestradoartesvisuais\/bruna-vieira-dorneles\/\" target=\"_blank\" rel=\"noopener\">Bruna Vieira Dorneles<\/a><br \/>\n<span style=\"font-family: georgia, palatino, serif;font-size: 12pt;color: #999999\"><span style=\"font-family: 'trebuchet ms', geneva, sans-serif;font-size: 10pt\">Linha de Pesquisa: <a style=\"color: #999999\" href=\"https:\/\/wp.ufpel.edu.br\/mestradoartesvisuais\/linhas-de-pesquisa\/educacao-em-artes-e-processos-de-formacao-estetica\/\">Educa\u00e7\u00e3o em Artes e Processos de Forma\u00e7\u00e3o Est\u00e9tica<\/a><\/span><\/span><\/span><\/strong><\/span><\/p>\n<hr \/>\n<p style=\"padding-left: 40px\"><span style=\"font-family: georgia, palatino, serif;font-size: 12pt;color: #666666\"><strong><span style=\"font-family: 'trebuchet ms', geneva, sans-serif\"><a href=\"https:\/\/wp.ufpel.edu.br\/mestradoartesvisuais\/daniel-soares-marenco\/\" target=\"_blank\" rel=\"noopener\">Daniel Soares Marenco<\/a><br \/>\n<span style=\"font-family: georgia, palatino, serif;font-size: 12pt;color: #999999\"><span style=\"font-family: 'trebuchet ms', geneva, sans-serif;font-size: 10pt\">Linha de Pesquisa: <a style=\"color: #999999\" href=\"https:\/\/wp.ufpel.edu.br\/mestradoartesvisuais\/linhas-de-pesquisa\/processos-de-criacao-e-poeticas-do-cotidiano\/\">Processos de Cria\u00e7\u00e3o e Po\u00e9ticas do Cotidiano<\/a><\/span><\/span><\/span><\/strong><\/span><\/p>\n<hr \/>\n<p style=\"padding-left: 40px\"><span style=\"font-family: georgia, palatino, serif;font-size: 12pt;color: #666666\"><strong><span style=\"font-family: 'trebuchet ms', geneva, sans-serif\"><a href=\"https:\/\/wp.ufpel.edu.br\/mestradoartesvisuais\/danilson-oliveira-de-vasconcelos\/\" target=\"_blank\" rel=\"noopener\">Danilson Oliveira de Vasconcelos<\/a><br \/>\n<span style=\"font-family: georgia, palatino, serif;font-size: 12pt;color: #999999\"><span style=\"font-family: 'trebuchet ms', geneva, sans-serif;font-size: 10pt\">Linha de Pesquisa: <a style=\"color: #999999\" href=\"https:\/\/wp.ufpel.edu.br\/mestradoartesvisuais\/linhas-de-pesquisa\/educacao-em-artes-e-processos-de-formacao-estetica\/\">Educa\u00e7\u00e3o em Artes e Processos de Forma\u00e7\u00e3o Est\u00e9tica<\/a><\/span><\/span><\/span><\/strong><\/span><\/p>\n<hr \/>\n<p style=\"padding-left: 40px\"><span style=\"font-family: georgia, palatino, serif;font-size: 12pt;color: #666666\"><strong><span style=\"font-family: 'trebuchet ms', geneva, sans-serif\"><a href=\"https:\/\/wp.ufpel.edu.br\/mestradoartesvisuais\/fabio-ortiz-goulart\/\" target=\"_blank\" rel=\"noopener\">F\u00e1bio Ortiz Goulart<\/a><br \/>\n<span style=\"font-family: georgia, palatino, serif;font-size: 12pt;color: #999999\"><span style=\"font-family: 'trebuchet ms', geneva, sans-serif;font-size: 10pt\">Linha de Pesquisa: <a style=\"color: #999999\" href=\"https:\/\/wp.ufpel.edu.br\/mestradoartesvisuais\/linhas-de-pesquisa\/educacao-em-artes-e-processos-de-formacao-estetica\/\">Educa\u00e7\u00e3o em Artes e Processos de Forma\u00e7\u00e3o Est\u00e9tica<\/a><\/span><\/span><\/span><\/strong><\/span><\/p>\n<hr \/>\n<p style=\"padding-left: 40px\"><span style=\"font-family: georgia, palatino, serif;font-size: 12pt;color: #666666\"><strong><span style=\"font-family: 'trebuchet ms', geneva, sans-serif\"><a href=\"https:\/\/wp.ufpel.edu.br\/mestradoartesvisuais\/felipe-dias-diaz-carvalho\/\" target=\"_blank\" rel=\"noopener\">Felipe Dias Diaz Carvalho<\/a><br \/>\n<span style=\"font-family: georgia, palatino, serif;font-size: 12pt;color: #999999\"><span style=\"font-family: 'trebuchet ms', geneva, sans-serif;font-size: 10pt\">Linha de Pesquisa: <a style=\"color: #999999\" href=\"https:\/\/wp.ufpel.edu.br\/mestradoartesvisuais\/linhas-de-pesquisa\/processos-de-criacao-e-poeticas-do-cotidiano\/\">Processos de Cria\u00e7\u00e3o e Po\u00e9ticas do Cotidiano<\/a><\/span><\/span><\/span><\/strong><\/span><\/p>\n<hr \/>\n<p style=\"padding-left: 40px\"><span style=\"font-family: georgia, palatino, serif;font-size: 12pt;color: #666666\"><strong><span style=\"font-family: 'trebuchet ms', geneva, sans-serif\"><a href=\"https:\/\/wp.ufpel.edu.br\/mestradoartesvisuais\/gabriel-da-silva-munaro\/\" target=\"_blank\" rel=\"noopener\">Gabriel da Silva Munaro<\/a><br \/>\n<span style=\"font-family: georgia, palatino, serif;font-size: 12pt;color: #999999\"><span style=\"font-family: 'trebuchet ms', geneva, sans-serif;font-size: 10pt\">Linha de Pesquisa: <a style=\"color: #999999\" href=\"https:\/\/wp.ufpel.edu.br\/mestradoartesvisuais\/linhas-de-pesquisa\/educacao-em-artes-e-processos-de-formacao-estetica\/\">Educa\u00e7\u00e3o em Artes e Processos de Forma\u00e7\u00e3o Est\u00e9tica<\/a><\/span><\/span><\/span><\/strong><\/span><\/p>\n<hr \/>\n<p style=\"padding-left: 40px\"><span style=\"font-family: georgia, palatino, serif;font-size: 12pt;color: #666666\"><strong><span style=\"font-family: 'trebuchet ms', geneva, sans-serif\"><a href=\"https:\/\/wp.ufpel.edu.br\/mestradoartesvisuais\/gustavo-severo-dalla-costa\/\" target=\"_blank\" rel=\"noopener\">Gustavo Severo Dalla Costa<\/a><br \/>\n<span style=\"font-family: georgia, palatino, serif;font-size: 12pt;color: #999999\"><span style=\"font-family: 'trebuchet ms', geneva, sans-serif;font-size: 10pt\">Linha de Pesquisa: <a style=\"color: #999999\" href=\"https:\/\/wp.ufpel.edu.br\/mestradoartesvisuais\/linhas-de-pesquisa\/educacao-em-artes-e-processos-de-formacao-estetica\/\">Educa\u00e7\u00e3o em Artes e Processos de Forma\u00e7\u00e3o Est\u00e9tica<\/a><\/span><\/span><\/span><\/strong><\/span><\/p>\n<hr \/>\n<p style=\"padding-left: 40px\"><span style=\"font-family: georgia, palatino, serif;font-size: 12pt;color: #666666\"><strong><span style=\"font-family: 'trebuchet ms', geneva, sans-serif\"><a href=\"https:\/\/wp.ufpel.edu.br\/mestradoartesvisuais\/isis-fofano-gama\/\" target=\"_blank\" rel=\"noopener\">Isis F\u00f3fano Gama<\/a><br \/>\n<span style=\"font-family: georgia, palatino, serif;font-size: 12pt;color: #999999\"><span style=\"font-family: 'trebuchet ms', geneva, sans-serif;font-size: 10pt\">Linha de Pesquisa: <a style=\"color: #999999\" href=\"https:\/\/wp.ufpel.edu.br\/mestradoartesvisuais\/linhas-de-pesquisa\/educacao-em-artes-e-processos-de-formacao-estetica\/\">Educa\u00e7\u00e3o em Artes e Processos de Forma\u00e7\u00e3o Est\u00e9tica<\/a><\/span><\/span><\/span><\/strong><\/span><\/p>\n<hr \/>\n<p style=\"padding-left: 40px\"><span style=\"font-family: georgia, palatino, serif;font-size: 12pt;color: #666666\"><strong><span style=\"font-family: 'trebuchet ms', geneva, sans-serif\"><a href=\"https:\/\/wp.ufpel.edu.br\/mestradoartesvisuais\/larissa-schip-ferreira-de-deus\/\" target=\"_blank\" rel=\"noopener\">Larissa Schip Ferreira de Deus<\/a><br \/>\n<span style=\"font-family: georgia, palatino, serif;font-size: 12pt;color: #999999\"><span style=\"font-family: 'trebuchet ms', geneva, sans-serif;font-size: 10pt\">Linha de Pesquisa: <a style=\"color: #999999\" href=\"https:\/\/wp.ufpel.edu.br\/mestradoartesvisuais\/linhas-de-pesquisa\/processos-de-criacao-e-poeticas-do-cotidiano\/\">Processos de Cria\u00e7\u00e3o e Po\u00e9ticas do Cotidiano<\/a><\/span><\/span><\/span><\/strong><\/span><\/p>\n<hr \/>\n<p style=\"padding-left: 40px\"><span style=\"font-family: georgia, palatino, serif;font-size: 12pt;color: #666666\"><strong><span style=\"font-family: 'trebuchet ms', geneva, sans-serif\"><a href=\"https:\/\/wp.ufpel.edu.br\/mestradoartesvisuais\/leticia-beck-fonseca\/\" target=\"_blank\" rel=\"noopener\">Let\u00edcia Beck Fonseca<\/a><br \/>\n<span style=\"font-family: georgia, palatino, serif;font-size: 12pt;color: #999999\"><span style=\"font-family: 'trebuchet ms', geneva, sans-serif;font-size: 10pt\">Linha de Pesquisa: <a style=\"color: #999999\" href=\"https:\/\/wp.ufpel.edu.br\/mestradoartesvisuais\/linhas-de-pesquisa\/educacao-em-artes-e-processos-de-formacao-estetica\/\">Educa\u00e7\u00e3o em Artes e Processos de Forma\u00e7\u00e3o Est\u00e9tica<\/a><\/span><\/span><\/span><\/strong><\/span><\/p>\n<hr \/>\n<p style=\"padding-left: 40px\"><span style=\"font-family: georgia, palatino, serif;font-size: 12pt;color: #666666\"><strong><span style=\"font-family: 'trebuchet ms', geneva, sans-serif\"><a href=\"https:\/\/wp.ufpel.edu.br\/mestradoartesvisuais\/livia-lempek-trindade-monteiro\/\" target=\"_blank\" rel=\"noopener\">L\u00edvia Lempek Trindade Monteiro<\/a><br \/>\n<span style=\"font-family: georgia, palatino, serif;font-size: 12pt;color: #999999\"><span style=\"font-family: 'trebuchet ms', geneva, sans-serif;font-size: 10pt\">Linha de Pesquisa: <a style=\"color: #999999\" href=\"https:\/\/wp.ufpel.edu.br\/mestradoartesvisuais\/linhas-de-pesquisa\/educacao-em-artes-e-processos-de-formacao-estetica\/\">Educa\u00e7\u00e3o em Artes e Processos de Forma\u00e7\u00e3o Est\u00e9tica<\/a><\/span><\/span><\/span><\/strong><\/span><\/p>\n<hr \/>\n<p style=\"padding-left: 40px\"><span style=\"font-family: georgia, palatino, serif;font-size: 12pt;color: #666666\"><strong><span style=\"font-family: 'trebuchet ms', geneva, sans-serif\"><a href=\"https:\/\/wp.ufpel.edu.br\/mestradoartesvisuais\/luca-meier-giacaglia\/\" target=\"_blank\" rel=\"noopener\">Luca Meier Giacaglia<\/a><br \/>\n<span style=\"font-family: georgia, palatino, serif;font-size: 12pt;color: #999999\"><span style=\"font-family: 'trebuchet ms', geneva, sans-serif;font-size: 10pt\">Linha de Pesquisa: <a style=\"color: #999999\" href=\"https:\/\/wp.ufpel.edu.br\/mestradoartesvisuais\/linhas-de-pesquisa\/processos-de-criacao-e-poeticas-do-cotidiano\/\">Processos de Cria\u00e7\u00e3o e Po\u00e9ticas do Cotidiano<\/a><\/span><\/span><\/span><\/strong><\/span><\/p>\n<hr \/>\n<p style=\"padding-left: 40px\"><span style=\"font-family: georgia, palatino, serif;font-size: 12pt;color: #666666\"><strong><span style=\"font-family: 'trebuchet ms', geneva, sans-serif\"><a href=\"https:\/\/wp.ufpel.edu.br\/mestradoartesvisuais\/luiz-henrique-canibal-de-andrade-leao\/\" target=\"_blank\" rel=\"noopener\">Luiz Henrique Canibal de Andrade Le\u00e3o<\/a><br \/>\n<span style=\"font-family: georgia, palatino, serif;font-size: 12pt;color: #999999\"><span style=\"font-family: 'trebuchet ms', geneva, sans-serif;font-size: 10pt\">Linha de Pesquisa: <a style=\"color: #999999\" href=\"https:\/\/wp.ufpel.edu.br\/mestradoartesvisuais\/linhas-de-pesquisa\/processos-de-criacao-e-poeticas-do-cotidiano\/\">Processos de Cria\u00e7\u00e3o e Po\u00e9ticas do Cotidiano<\/a><\/span><\/span><\/span><\/strong><\/span><\/p>\n<hr \/>\n<p style=\"padding-left: 40px\"><span style=\"font-family: georgia, palatino, serif;font-size: 12pt;color: #666666\"><strong><span style=\"font-family: 'trebuchet ms', geneva, sans-serif\"><a href=\"https:\/\/wp.ufpel.edu.br\/mestradoartesvisuais\/mariana-coelho-penha-correa\/\" target=\"_blank\" rel=\"noopener\">Mariana Coelho Penha Corr\u00eaa<\/a><br \/>\n<span style=\"font-family: georgia, palatino, serif;font-size: 12pt;color: #999999\"><span style=\"font-family: 'trebuchet ms', geneva, sans-serif;font-size: 10pt\">Linha de Pesquisa: <a style=\"color: #999999\" href=\"https:\/\/wp.ufpel.edu.br\/mestradoartesvisuais\/linhas-de-pesquisa\/processos-de-criacao-e-poeticas-do-cotidiano\/\">Processos de Cria\u00e7\u00e3o e Po\u00e9ticas do Cotidiano<\/a><\/span><\/span><\/span><\/strong><\/span><\/p>\n<hr \/>\n<p style=\"padding-left: 40px\"><span style=\"font-family: georgia, palatino, serif;font-size: 12pt;color: #666666\"><strong><span style=\"font-family: 'trebuchet ms', geneva, sans-serif\"><a href=\"https:\/\/wp.ufpel.edu.br\/mestradoartesvisuais\/mateus-brum-de-armas\/\" target=\"_blank\" rel=\"noopener\">Mateus Brum de Armas<\/a><br \/>\n<span style=\"font-family: georgia, palatino, serif;font-size: 12pt;color: #999999\"><span style=\"font-family: 'trebuchet ms', geneva, sans-serif;font-size: 10pt\">Linha de Pesquisa: <a style=\"color: #999999\" href=\"https:\/\/wp.ufpel.edu.br\/mestradoartesvisuais\/linhas-de-pesquisa\/processos-de-criacao-e-poeticas-do-cotidiano\/\">Processos de Cria\u00e7\u00e3o e Po\u00e9ticas do Cotidiano<\/a><\/span><\/span><\/span><\/strong><\/span><\/p>\n<hr \/>\n<p style=\"padding-left: 40px\"><span style=\"font-family: georgia, palatino, serif;font-size: 12pt;color: #666666\"><strong><span style=\"font-family: 'trebuchet ms', geneva, sans-serif\"><a href=\"https:\/\/wp.ufpel.edu.br\/mestradoartesvisuais\/mauricio-bittencourt\/\" target=\"_blank\" rel=\"noopener\">Mauricio Bittencourt<\/a><br \/>\n<span style=\"font-family: georgia, palatino, serif;font-size: 12pt;color: #999999\"><span style=\"font-family: 'trebuchet ms', geneva, sans-serif;font-size: 10pt\">Linha de Pesquisa: <a style=\"color: #999999\" href=\"https:\/\/wp.ufpel.edu.br\/mestradoartesvisuais\/linhas-de-pesquisa\/processos-de-criacao-e-poeticas-do-cotidiano\/\">Processos de Cria\u00e7\u00e3o e Po\u00e9ticas do Cotidiano<\/a><\/span><\/span><\/span><\/strong><\/span><\/p>\n<hr \/>\n<p style=\"padding-left: 40px\"><span style=\"font-family: georgia, palatino, serif;font-size: 12pt;color: #666666\"><strong><span style=\"font-family: 'trebuchet ms', geneva, sans-serif\"><a href=\"https:\/\/wp.ufpel.edu.br\/mestradoartesvisuais\/rogger-da-silva-bandeira\/\" target=\"_blank\" rel=\"noopener\">Rogger da Silva Bandeira<\/a><br \/>\n<span style=\"font-family: georgia, palatino, serif;font-size: 12pt;color: #999999\"><span style=\"font-family: 'trebuchet ms', geneva, sans-serif;font-size: 10pt\">Linha de Pesquisa: <a style=\"color: #999999\" href=\"https:\/\/wp.ufpel.edu.br\/mestradoartesvisuais\/linhas-de-pesquisa\/processos-de-criacao-e-poeticas-do-cotidiano\/\">Processos de Cria\u00e7\u00e3o e Po\u00e9ticas do Cotidiano<\/a><\/span><\/span><\/span><\/strong><\/span><\/p>\n<hr \/>\n<p style=\"padding-left: 40px\"><span style=\"font-family: georgia, palatino, serif;font-size: 12pt;color: #666666\"><strong><span style=\"font-family: 'trebuchet ms', geneva, sans-serif\"><a href=\"https:\/\/wp.ufpel.edu.br\/mestradoartesvisuais\/stela-soares-kubiaki\/\" target=\"_blank\" rel=\"noopener\">Stela Soares Kubiaki<\/a><br \/>\n<span style=\"font-family: georgia, palatino, serif;font-size: 12pt;color: #999999\"><span style=\"font-family: 'trebuchet ms', geneva, sans-serif;font-size: 10pt\">Linha de Pesquisa: <a style=\"color: #999999\" href=\"https:\/\/wp.ufpel.edu.br\/mestradoartesvisuais\/linhas-de-pesquisa\/processos-de-criacao-e-poeticas-do-cotidiano\/\">Processos de Cria\u00e7\u00e3o e Po\u00e9ticas do Cotidiano<\/a><\/span><\/span><\/span><\/strong><\/span><\/p>\n<hr \/>\n<p style=\"padding-left: 40px\"><span style=\"font-family: georgia, palatino, serif;font-size: 12pt;color: #666666\"><strong><span style=\"font-family: 'trebuchet ms', geneva, sans-serif\"><a href=\"https:\/\/wp.ufpel.edu.br\/mestradoartesvisuais\/thiago-de-godoy-nepomuceno\/\" target=\"_blank\" rel=\"noopener\">Thiago de Godoy Nepomuceno<\/a><br \/>\n<span style=\"font-family: georgia, palatino, serif;font-size: 12pt;color: #999999\"><span style=\"font-family: 'trebuchet ms', geneva, sans-serif;font-size: 10pt\">Linha de Pesquisa: <a style=\"color: #999999\" href=\"https:\/\/wp.ufpel.edu.br\/mestradoartesvisuais\/linhas-de-pesquisa\/processos-de-criacao-e-poeticas-do-cotidiano\/\">Processos de Cria\u00e7\u00e3o e Po\u00e9ticas do Cotidiano<\/a><\/span><\/span><\/span><\/strong><\/span><\/p>\n<p style=\"padding-left: 40px\">\n","protected":false},"excerpt":{"rendered":"<p>Abaixo voc\u00ea encontrar\u00e1 nossos alunos da turma 10 (2021-2023) do Programa de P\u00f3s-gradua\u00e7\u00e3o Mestrado em Artes Visuais. Clique no nome do aluno para maiores informa\u00e7\u00f5es sobre ele. Clicando no link do t\u00edtulo da disserta\u00e7\u00e3o voc\u00ea ser\u00e1 enviado \u00e0 publica\u00e7\u00e3o de sua disserta\u00e7\u00e3o. Discentes &#8211; Turma 10 (2021-2023) Alan Caetano C\u00e2ndido Linha de Pesquisa: Processos de [&hellip;]<\/p>\n","protected":false},"author":1258,"featured_media":0,"parent":0,"menu_order":0,"comment_status":"closed","ping_status":"closed","template":"","meta":{"footnotes":""},"class_list":["post-7929","page","type-page","status-publish","hentry"],"_links":{"self":[{"href":"https:\/\/wp.ufpel.edu.br\/ppgartes\/wp-json\/wp\/v2\/pages\/7929","targetHints":{"allow":["GET"]}}],"collection":[{"href":"https:\/\/wp.ufpel.edu.br\/ppgartes\/wp-json\/wp\/v2\/pages"}],"about":[{"href":"https:\/\/wp.ufpel.edu.br\/ppgartes\/wp-json\/wp\/v2\/types\/page"}],"author":[{"embeddable":true,"href":"https:\/\/wp.ufpel.edu.br\/ppgartes\/wp-json\/wp\/v2\/users\/1258"}],"replies":[{"embeddable":true,"href":"https:\/\/wp.ufpel.edu.br\/ppgartes\/wp-json\/wp\/v2\/comments?post=7929"}],"version-history":[{"count":0,"href":"https:\/\/wp.ufpel.edu.br\/ppgartes\/wp-json\/wp\/v2\/pages\/7929\/revisions"}],"wp:attachment":[{"href":"https:\/\/wp.ufpel.edu.br\/ppgartes\/wp-json\/wp\/v2\/media?parent=7929"}],"curies":[{"name":"wp","href":"https:\/\/api.w.org\/{rel}","templated":true}]}}