{"id":7444,"date":"2021-07-05T10:30:13","date_gmt":"2021-07-05T13:30:13","guid":{"rendered":"https:\/\/wp.ufpel.edu.br\/mestradoartesvisuais\/?page_id=7444"},"modified":"2025-07-15T20:53:06","modified_gmt":"2025-07-15T23:53:06","slug":"martha-gomes-de-freitas","status":"publish","type":"page","link":"https:\/\/wp.ufpel.edu.br\/ppgartes\/martha-gomes-de-freitas\/","title":{"rendered":"Martha Gomes de Freitas"},"content":{"rendered":"\n<figure class=\"wp-block-image size-full is-resized is-style-default\"><img width=\"914\" height=\"1600\" src=\"https:\/\/wp.ufpel.edu.br\/ppgartes\/files\/2025\/07\/FOTO-Martha-Gofre.jpeg\" alt=\"\" class=\"wp-image-11157\" style=\"aspect-ratio:1;object-fit:cover;width:350px\" srcset=\"https:\/\/wp.ufpel.edu.br\/ppgartes\/files\/2025\/07\/FOTO-Martha-Gofre.jpeg 914w, https:\/\/wp.ufpel.edu.br\/ppgartes\/files\/2025\/07\/FOTO-Martha-Gofre-229x400.jpeg 229w, https:\/\/wp.ufpel.edu.br\/ppgartes\/files\/2025\/07\/FOTO-Martha-Gofre-585x1024.jpeg 585w, https:\/\/wp.ufpel.edu.br\/ppgartes\/files\/2025\/07\/FOTO-Martha-Gofre-768x1344.jpeg 768w, https:\/\/wp.ufpel.edu.br\/ppgartes\/files\/2025\/07\/FOTO-Martha-Gofre-877x1536.jpeg 877w\" sizes=\"(max-width: 914px) 100vw, 914px\" \/><\/figure>\n\n\n<p style=\"text-align: left;\"><span style=\"font-family: georgia, palatino, serif; font-size: 12pt;\"><span style=\"font-size: 18pt;\"><strong><span style=\"font-family: 'trebuchet ms', geneva, sans-serif;\">Martha Gomes de Freitas <span style=\"font-size: 10pt; color: #999999;\">\/\u00a0<\/span><\/span><\/strong><\/span><span style=\"font-family: 'trebuchet ms', geneva, sans-serif; font-size: 10pt;\"><a href=\"http:\/\/lattes.cnpq.br\/0254189585547823\" target=\"_blank\" rel=\"noopener noreferrer\"><span style=\"color: #999999;\">Curr\u00edculum Lattes<\/span><\/a><br \/><strong>Linha de Pesquisa<\/strong>: <a href=\"https:\/\/wp.ufpel.edu.br\/ppgartes\/linhas-de-pesquisa\/\">Processos de Cria\u00e7\u00e3o e Po\u00e9ticas do Cotidiano<\/a><br \/><\/span><\/span><span style=\"font-family: georgia, palatino, serif; font-size: 12pt;\"><span style=\"font-family: 'trebuchet ms', geneva, sans-serif; font-size: 10pt;\"><strong>E-mail:<\/strong>marthagofre@gmail.com<\/span><\/span><\/p>\n<p style=\"text-align: left;\"><span style=\"font-family: georgia, palatino, serif; font-size: 12pt;\"><span style=\"font-family: 'trebuchet ms', geneva, sans-serif; font-size: 10pt;\"><strong>Forma\u00e7\u00e3o acad\u00eamica<\/strong><br \/>Artista visual. Possui gradua\u00e7\u00e3o em Artes Visuais &#8211; Escultura pela Universidade Federal de Pelotas (1996), especializa\u00e7\u00e3o em Linguagem Pl\u00e1stica Contempor\u00e2nea pela Universidade do Estado de Santa Catarina (2001), mestrado em Po\u00e9ticas Visuais pela Universidade Federal do Rio Grande do Sul (2005) e doutorado em Po\u00e9ticas Visuais pela Universidade Federal do Rio Grande do Sul (2016). \u00c9 Professora Adjunta no Centro de Artes\/CA na Universidade Federal de Pelotas (UFPEL). Tem experi\u00eancia na \u00e1rea de Artes, com \u00eanfase em Escultura, atuando principalmente nos seguintes temas: instala\u00e7\u00e3o, objeto e v\u00eddeo.<\/span><\/span><\/p>\n<p style=\"text-align: left;\">\n<hr \/>\n<p style=\"text-align: left;\"><span style=\"font-family: georgia, palatino, serif; font-size: 12pt;\"><span style=\"font-family: 'trebuchet ms', geneva, sans-serif;\"><strong>PROJETOS DE PESQUISAS<\/strong><\/span><\/span><\/p>\n<p style=\"padding-left: 40px; text-align: left;\"><span style=\"font-family: georgia, palatino, serif; font-size: 12pt;\"><span style=\"font-family: 'trebuchet ms', geneva, sans-serif; font-size: 10pt;\"><strong>\ud83d\udcc2 <a href=\"https:\/\/institucional.ufpel.edu.br\/projetos\/id\/u2328\">Estudo sobre a profundidade<\/a><\/strong><br \/>Grupo de Pesquisa:\u00a0<\/span><\/span><\/p>\n<p style=\"text-align: left;\">\n<hr \/>\n<p style=\"text-align: left;\"><span style=\"font-family: georgia, palatino, serif; font-size: 12pt;\"><span style=\"font-family: 'trebuchet ms', geneva, sans-serif;\"><strong>GRUPOS DE PESQUISAS<\/strong><\/span><\/span><\/p>\n<p style=\"padding-left: 40px; text-align: left;\"><span style=\"font-family: georgia, palatino, serif; font-size: 12pt;\"><span style=\"font-family: 'trebuchet ms', geneva, sans-serif; font-size: 10pt;\"><strong>\ud83d\uddc2\ufe0f <a href=\"http:\/\/dgp.cnpq.br\/dgp\/espelhogrupo\/28787\">Percursos Po\u00e9ticos: procedimentos e grafias na contemporaneidade<\/a><\/strong><br \/>L\u00edder(es) do grupo: Angela Raffin Pohlmann, Reginaldo da N\u00f3brega Tavares<br \/>Docentes participantes: Adriane Hernandez, Alice Jean Monsell, Ana Paula Penkala, <a href=\"https:\/\/wp.ufpel.edu.br\/ppgartes\/angela-raffin-pohlmann\/\">Angela Raffin Pohlmann<\/a>, Carolina Corr\u00eaa Rochefort, Gerson Rios Leme, Guilherme Carvalho da Rosa, Jo\u00e3o Fernando Igansi Nunes, Jos\u00e9 Luiz de Pellegrin, <a href=\"https:\/\/wp.ufpel.edu.br\/ppgartes\/kelly-wendt\/\">Kelly Wendt<\/a>, <a href=\"https:\/\/wp.ufpel.edu.br\/ppgartes\/lauer-alves-nunes-dos-santos\/\">Lauer Alves Nunes dos Santos<\/a>, L\u00facia Bergamaschi Costa Weymar, Luiz Roberto Lima Barbosa, Martha Gomes de Freitas, <a href=\"https:\/\/wp.ufpel.edu.br\/ppgartes\/nadia-da-cruz-senna\/\">N\u00e1dia da Cruz Senna<\/a>,Paulo Renato Viegas Dam\u00e9, Raquel Azambuja Santos, Reginaldo da N\u00f3brega Tavares, Vivian Herzog<\/span><\/span><\/p>\n<p style=\"text-align: left;\">\n<hr \/>\n<p style=\"text-align: left;\"><span style=\"font-family: georgia, palatino, serif; font-size: 12pt;\"><span style=\"font-family: 'trebuchet ms', geneva, sans-serif;\"><strong>PESQUISAS ORIENTADAS<\/strong><\/span><\/span><\/p>\n<p style=\"padding-left: 40px; text-align: left;\">MESTRADO<\/p>\n<p style=\"padding-left: 40px; text-align: left;\"><span style=\"font-family: georgia, palatino, serif; font-size: 12pt;\"><span style=\"font-family: 'trebuchet ms', geneva, sans-serif; font-size: 10pt;\"><strong>\ud83d\udcd9 Localiza\u00e7\u00f5es para avan\u00e7ar sobre a Borda: A pele como meio na produ\u00e7\u00e3o em po\u00e9ticas visuais.<\/strong><\/span><\/span><span style=\"font-family: georgia, palatino, serif; font-size: 12pt;\"><span style=\"font-family: 'trebuchet ms', geneva, sans-serif; font-size: 10pt;\"><br \/>Orientando: Stela Soares Kubiaki (2023)<\/span><\/span><\/p>\n<p style=\"text-align: left;\">\n<p style=\"padding-left: 40px; text-align: left;\">COORIENTA\u00c7\u00c3O<\/p>\n<p style=\"padding-left: 40px; text-align: left;\"><span style=\"font-family: georgia, palatino, serif; font-size: 12pt;\"><span style=\"font-family: 'trebuchet ms', geneva, sans-serif; font-size: 10pt;\"><strong>\ud83d\udcd9 P\u00f4r em cena a partir das sombras: uma po\u00e9tica em artes visuais<\/strong><\/span><\/span><span style=\"font-family: georgia, palatino, serif; font-size: 12pt;\"><span style=\"font-family: 'trebuchet ms', geneva, sans-serif; font-size: 10pt;\"><br \/>Orientando: Rogger &#8211; Renan Soares<br \/><\/span><\/span><span style=\"font-family: 'trebuchet ms', geneva, sans-serif; font-size: 10pt;\">Curso: Mestrado em Artes Visuais &#8211; Universidade Federal de Pelotas (UFPel)<\/span><\/p>\n<div class=\"layout-cell layout-cell-1 text-align-right\" style=\"text-align: left;\">\u00a0<\/div>\n<div class=\"ms-editor-squiggler\" style=\"color: initial; font: initial; background: initial; background-blend-mode: initial; border: initial; border-radius: initial; border-collapse: initial; caption-side: initial; clear: initial; columns: initial; column-fill: initial; column-rule: initial; column-span: initial; cursor: initial; flex: initial; flex-flow: initial; float: initial; height: 0px; letter-spacing: initial; margin: initial; max-height: initial; max-width: initial; min-height: initial; min-width: initial; overflow: initial; padding: initial; text-align: initial; text-decoration: initial; text-indent: initial; text-transform: initial; vertical-align: initial; border-spacing: initial; width: initial;\">\u00a0<\/div>\n<div class=\"ms-editor-squiggler\" style=\"color: initial; font: initial; background: initial; background-blend-mode: initial; border: initial; border-radius: initial; border-collapse: initial; caption-side: initial; clear: initial; columns: initial; column-fill: initial; column-rule: initial; column-span: initial; cursor: initial; flex: initial; flex-flow: initial; float: initial; height: 0px; letter-spacing: initial; margin: initial; max-height: initial; max-width: initial; min-height: initial; min-width: initial; overflow: initial; padding: initial; text-align: initial; text-decoration: initial; text-indent: initial; text-transform: initial; vertical-align: initial; border-spacing: initial; width: initial;\">\u00a0<\/div>\n<div class=\"ms-editor-squiggler\" style=\"color: initial; font: initial; background: initial; background-blend-mode: initial; border: initial; border-radius: initial; border-collapse: initial; caption-side: initial; clear: initial; columns: initial; column-fill: initial; column-rule: initial; column-span: initial; cursor: initial; flex: initial; flex-flow: initial; float: initial; height: 0px; letter-spacing: initial; margin: initial; max-height: initial; max-width: initial; min-height: initial; min-width: initial; overflow: initial; padding: initial; text-align: initial; text-decoration: initial; text-indent: initial; text-transform: initial; vertical-align: initial; border-spacing: initial; width: initial;\">\u00a0<\/div>\n<div class=\"ms-editor-squiggler\" style=\"color: initial; font: initial; background: initial; background-blend-mode: initial; border: initial; border-radius: initial; border-collapse: initial; caption-side: initial; clear: initial; columns: initial; column-fill: initial; column-rule: initial; column-span: initial; cursor: initial; flex: initial; flex-flow: initial; float: initial; height: 0px; letter-spacing: initial; margin: initial; max-height: initial; max-width: initial; min-height: initial; min-width: initial; overflow: initial; padding: initial; text-align: initial; text-decoration: initial; text-indent: initial; text-transform: initial; vertical-align: initial; border-spacing: initial; width: initial;\">\u00a0<\/div>\n<div class=\"ms-editor-squiggler\" style=\"color: initial; font: initial; background: initial; background-blend-mode: initial; border: initial; border-radius: initial; border-collapse: initial; caption-side: initial; clear: initial; columns: initial; column-fill: initial; column-rule: initial; column-span: initial; cursor: initial; flex: initial; flex-flow: initial; float: initial; height: 0px; letter-spacing: initial; margin: initial; max-height: initial; max-width: initial; min-height: initial; min-width: initial; overflow: initial; padding: initial; text-align: initial; text-decoration: initial; text-indent: initial; text-transform: initial; vertical-align: initial; border-spacing: initial; width: initial;\">\u00a0<\/div>\n<div class=\"ms-editor-squiggler\" style=\"color: initial; font: initial; background: initial; background-blend-mode: initial; border: initial; border-radius: initial; border-collapse: initial; caption-side: initial; clear: initial; columns: initial; column-fill: initial; column-rule: initial; column-span: initial; cursor: initial; flex: initial; flex-flow: initial; float: initial; height: 0px; letter-spacing: initial; margin: initial; max-height: initial; max-width: initial; min-height: initial; min-width: initial; overflow: initial; padding: initial; text-align: initial; text-decoration: initial; text-indent: initial; text-transform: initial; vertical-align: initial; border-spacing: initial; width: initial;\">\u00a0<\/div>\n<div class=\"ms-editor-squiggler\" style=\"color: initial; font: initial; background: initial; background-blend-mode: initial; border: initial; border-radius: initial; border-collapse: initial; caption-side: initial; clear: initial; columns: initial; column-fill: initial; column-rule: initial; column-span: initial; cursor: initial; flex: initial; flex-flow: initial; float: initial; height: 0px; letter-spacing: initial; margin: initial; max-height: initial; max-width: initial; min-height: initial; min-width: initial; overflow: initial; padding: initial; text-align: initial; text-decoration: initial; text-indent: initial; text-transform: initial; vertical-align: initial; border-spacing: initial; width: initial;\">\u00a0<\/div>\n<div class=\"ms-editor-squiggler\" style=\"color: initial; font: initial; background: initial; background-blend-mode: initial; border: initial; border-radius: initial; border-collapse: initial; caption-side: initial; clear: initial; columns: initial; column-fill: initial; column-rule: initial; column-span: initial; cursor: initial; flex: initial; flex-flow: initial; float: initial; height: 0px; letter-spacing: initial; margin: initial; max-height: initial; max-width: initial; min-height: initial; min-width: initial; overflow: initial; padding: initial; text-align: initial; text-decoration: initial; text-indent: initial; text-transform: initial; vertical-align: initial; border-spacing: initial; width: initial;\">\u00a0<\/div>\n<div class=\"ms-editor-squiggler\" style=\"color: initial; font: initial; background: initial; background-blend-mode: initial; border: initial; border-radius: initial; border-collapse: initial; caption-side: initial; clear: initial; columns: initial; column-fill: initial; column-rule: initial; column-span: initial; cursor: initial; flex: initial; flex-flow: initial; float: initial; height: 0px; letter-spacing: initial; margin: initial; max-height: initial; max-width: initial; min-height: initial; min-width: initial; overflow: initial; padding: initial; text-align: initial; text-decoration: initial; text-indent: initial; text-transform: initial; vertical-align: initial; border-spacing: initial; width: initial;\">\u00a0<\/div>\n<div class=\"ms-editor-squiggler\" style=\"color: initial; font: initial; background: initial; background-blend-mode: initial; border: initial; border-radius: initial; border-collapse: initial; caption-side: initial; clear: initial; columns: initial; column-fill: initial; column-rule: initial; column-span: initial; cursor: initial; flex: initial; flex-flow: initial; float: initial; height: 0px; letter-spacing: initial; margin: initial; max-height: initial; max-width: initial; min-height: initial; min-width: initial; overflow: initial; padding: initial; text-align: initial; text-decoration: initial; text-indent: initial; text-transform: initial; vertical-align: initial; border-spacing: initial; width: initial;\">\u00a0<\/div>","protected":false},"excerpt":{"rendered":"<p>Martha Gomes de Freitas \/\u00a0Curr\u00edculum LattesLinha de Pesquisa: Processos de Cria\u00e7\u00e3o e Po\u00e9ticas do CotidianoE-mail:marthagofre@gmail.com Forma\u00e7\u00e3o acad\u00eamicaArtista visual. Possui gradua\u00e7\u00e3o em Artes Visuais &#8211; Escultura pela Universidade Federal de Pelotas (1996), especializa\u00e7\u00e3o em Linguagem Pl\u00e1stica Contempor\u00e2nea pela Universidade do Estado de Santa Catarina (2001), mestrado em Po\u00e9ticas Visuais pela Universidade Federal do Rio Grande do [&hellip;]<\/p>\n","protected":false},"author":1258,"featured_media":0,"parent":0,"menu_order":0,"comment_status":"closed","ping_status":"closed","template":"","meta":{"footnotes":""},"class_list":["post-7444","page","type-page","status-publish","hentry"],"_links":{"self":[{"href":"https:\/\/wp.ufpel.edu.br\/ppgartes\/wp-json\/wp\/v2\/pages\/7444","targetHints":{"allow":["GET"]}}],"collection":[{"href":"https:\/\/wp.ufpel.edu.br\/ppgartes\/wp-json\/wp\/v2\/pages"}],"about":[{"href":"https:\/\/wp.ufpel.edu.br\/ppgartes\/wp-json\/wp\/v2\/types\/page"}],"author":[{"embeddable":true,"href":"https:\/\/wp.ufpel.edu.br\/ppgartes\/wp-json\/wp\/v2\/users\/1258"}],"replies":[{"embeddable":true,"href":"https:\/\/wp.ufpel.edu.br\/ppgartes\/wp-json\/wp\/v2\/comments?post=7444"}],"version-history":[{"count":4,"href":"https:\/\/wp.ufpel.edu.br\/ppgartes\/wp-json\/wp\/v2\/pages\/7444\/revisions"}],"predecessor-version":[{"id":11158,"href":"https:\/\/wp.ufpel.edu.br\/ppgartes\/wp-json\/wp\/v2\/pages\/7444\/revisions\/11158"}],"wp:attachment":[{"href":"https:\/\/wp.ufpel.edu.br\/ppgartes\/wp-json\/wp\/v2\/media?parent=7444"}],"curies":[{"name":"wp","href":"https:\/\/api.w.org\/{rel}","templated":true}]}}