{"id":7436,"date":"2021-07-05T10:21:31","date_gmt":"2021-07-05T13:21:31","guid":{"rendered":"https:\/\/wp.ufpel.edu.br\/mestradoartesvisuais\/?page_id=7436"},"modified":"2025-07-15T20:51:06","modified_gmt":"2025-07-15T23:51:06","slug":"kelly-wendt","status":"publish","type":"page","link":"https:\/\/wp.ufpel.edu.br\/ppgartes\/kelly-wendt\/","title":{"rendered":"Kelly Wendt"},"content":{"rendered":"\n<figure class=\"wp-block-image size-full is-resized is-style-default\"><img width=\"1327\" height=\"1327\" src=\"https:\/\/wp.ufpel.edu.br\/ppgartes\/files\/2025\/07\/FOTO-Kelly-Wendt-edited.jpeg\" alt=\"\" class=\"wp-image-11149\" style=\"aspect-ratio:1;object-fit:cover;width:350px\" srcset=\"https:\/\/wp.ufpel.edu.br\/ppgartes\/files\/2025\/07\/FOTO-Kelly-Wendt-edited.jpeg 1327w, https:\/\/wp.ufpel.edu.br\/ppgartes\/files\/2025\/07\/FOTO-Kelly-Wendt-edited-400x400.jpeg 400w, https:\/\/wp.ufpel.edu.br\/ppgartes\/files\/2025\/07\/FOTO-Kelly-Wendt-edited-1024x1024.jpeg 1024w, https:\/\/wp.ufpel.edu.br\/ppgartes\/files\/2025\/07\/FOTO-Kelly-Wendt-edited-200x200.jpeg 200w, https:\/\/wp.ufpel.edu.br\/ppgartes\/files\/2025\/07\/FOTO-Kelly-Wendt-edited-768x768.jpeg 768w\" sizes=\"(max-width: 1327px) 100vw, 1327px\" \/><\/figure>\n\n\n<p style=\"text-align: left;\"><span style=\"font-family: georgia, palatino, serif; font-size: 12pt;\"><span style=\"font-size: 18pt;\"><strong><span style=\"font-family: 'trebuchet ms', geneva, sans-serif;\">Kelly Wendt <span style=\"font-size: 10pt; color: #999999;\">\/\u00a0<\/span><\/span><\/strong><\/span><span style=\"font-family: 'trebuchet ms', geneva, sans-serif; font-size: 10pt;\"><a href=\"http:\/\/lattes.cnpq.br\/9870907593588455\" target=\"_blank\" rel=\"noopener noreferrer\"><span style=\"color: #999999;\">Curr\u00edculum Lattes<\/span><\/a><br \/><strong>Linha de Pesquisa<\/strong>: <a href=\"https:\/\/wp.ufpel.edu.br\/ppgartes\/linhas-de-pesquisa\/\">Processos de Cria\u00e7\u00e3o e Po\u00e9ticas do Cotidiano<\/a>\u00a0\u00a0<br \/><\/span><\/span><span style=\"font-family: georgia, palatino, serif; font-size: 12pt;\"><span style=\"font-family: 'trebuchet ms', geneva, sans-serif; font-size: 10pt;\"><strong>E-mail: <\/strong>kelly.wendt@ufpel.edu.br<\/span><\/span><\/p>\n<p style=\"text-align: left;\"><span style=\"font-family: georgia, palatino, serif; font-size: 12pt;\"><span style=\"font-family: 'trebuchet ms', geneva, sans-serif; font-size: 10pt;\"><strong>Forma\u00e7\u00e3o acad\u00eamica<\/strong><br \/>Artista visual, pesquisadora e professora. Doutora em Artes Visuais, na linha de Po\u00e9ticas Visuais pelo PPGAV-UFRGS, 2017. Atuante nas \u00e1reas de gravura, fotografia, novos meios e est\u00e9tica relacional na arte contempor\u00e2nea. Professora adjunta do Centro de Artes- UFPel, curso de Bacharelado em Artes Visuais, \u00e1rea de gravura. Professora da Especializa\u00e7\u00e3o em Artes EAD, 2020 (UFPel- UAB\/CAPES). Professora Colaboradora do PPGAVI\/ UFPel. L\u00edder do grupo de pesquisa Gr\u00e1fica Contempor\u00e2nea (UFPel- CNPq). Membro como pesquisadora do grupo Percursos Po\u00e9ticos: procedimentos e grafias na contemporaneidade, pesquisa Gravura Contempor\u00e2nea N\u00e3o- t\u00f3xica (UFPel- CNPq) e Observat\u00f3rio de arte p\u00fablica, entorno e novos g\u00eaneros (FURG-CNPq) . Desenvolve projetos de extens\u00e3o, ensino e pesquisa na \u00e1rea gr\u00e1fica, gravura e sustentabilidade dos meios, e produ\u00e7\u00e3o de arte. Coordena a galeria de arte A Sala, do Centro de Artes- UFPel, com o professor adjunto Cl\u00f3vis Martins Costa, 2017. Membro do Comit\u00ea Po\u00e9ticas Art\u00edsticas da ANPAP, Associa\u00e7\u00e3o Nacional de Pesquisadores em Artes Pl\u00e1sticas, 2015. Coordenou o PIBID-Artes Visuais UFPel, 2018-2020 (UFPel- CAPES). Pesquisa, por meio de sua produ\u00e7\u00e3o em po\u00e9tica visual, trabalhos que articulam a reprodu\u00e7\u00e3o do espa\u00e7o atrav\u00e9s invent\u00e1rios de impress\u00f5es, fazendo uso da err\u00e2ncia como processo criativo, discutindo quest\u00f5es relativas a mem\u00f3ria, mapeamento, impress\u00e3o, multiplica\u00e7\u00e3o e circula\u00e7\u00e3o de imagens. Realizou Workshop de Gravura N\u00e3o- t\u00f3xica no Grafisk Eksperimentarium com Henrik Boegh, Espanha, 2014. Participou como investigadora e artista residente no Espacio de Arte Contemporaneo, Montevideo-Uruguay (MEC), 2018. Realizou exposi\u00e7\u00e3o coletiva na LUCA- School of Arts, Bruxelas- B\u00e9lgica, 2019. Mestre em Artes Visuais pelo PPGART-UFSM, 2011. Especialista em Mem\u00f3ria, Identidade e Cultura Material, 2004 (ICH- UFPel). Bacharel e licenciada em Ci\u00eancias Sociais, 2001 e 2002, UFPel. Bacharel em Artes Visuais, 2002, UFPel. Professora tempor\u00e1ria, \u00e1rea gravura, no Centro de Artes, UFPel, 2004-2006. Tutora a dist\u00e2ncia no curso de aperfei\u00e7oamento a dist\u00e2ncia Produ\u00e7\u00e3o de Material Did\u00e1tico Digital para a Diversidade, 2011 ( UFPel- UAB\/CAPES). Entre os anos 2000-2004 e 2007-2008 atuou como gestora e produtora do Atelier Coletivo Mafu\u00e1 das Artes, em Pelotas.<\/span><\/span><\/p>\n<p style=\"text-align: left;\">\n<hr \/>\n<p style=\"text-align: left;\"><span style=\"font-family: georgia, palatino, serif; font-size: 12pt;\"><span style=\"font-family: 'trebuchet ms', geneva, sans-serif;\"><strong>PROJETOS DE PESQUISAS<\/strong><\/span><\/span><\/p>\n<p style=\"padding-left: 40px; text-align: left;\"><span style=\"font-family: georgia, palatino, serif; font-size: 12pt;\"><span style=\"font-family: 'trebuchet ms', geneva, sans-serif; font-size: 10pt;\"><strong>\ud83d\udcc2 <span style=\"color: #ff0000;\">[ENCERRADO]<\/span><a href=\"https:\/\/institucional.ufpel.edu.br\/projetos\/id\/u2580\"><span style=\"color: #999999;\"> Invent\u00e1rio de Impress\u00f5es: a reprodu\u00e7\u00e3o de imagens na contemporaneidade<\/span><\/a><\/strong><br \/><span style=\"color: #999999;\">Grupo de Pesquisa:\u00a0<\/span><\/span><\/span><\/p>\n<p style=\"padding-left: 40px; text-align: left;\"><span style=\"font-family: georgia, palatino, serif; font-size: 12pt;\"><span style=\"font-family: 'trebuchet ms', geneva, sans-serif; font-size: 10pt;\"><strong>\ud83d\udcc2 <a href=\"https:\/\/institucional.ufpel.edu.br\/projetos\/id\/u8260\">Gr\u00e1fica Contempor\u00e2nea: po\u00e9ticas na arte impressa, um invent\u00e1rio<\/a><\/strong><br \/>Grupo de Pesquisa:\u00a0<\/span><\/span><\/p>\n<p style=\"text-align: left;\">\n<hr \/>\n<p style=\"text-align: left;\"><span style=\"font-family: georgia, palatino, serif; font-size: 12pt;\"><span style=\"font-family: 'trebuchet ms', geneva, sans-serif;\"><strong>GRUPOS DE PESQUISAS<\/strong><\/span><\/span><\/p>\n<p style=\"padding-left: 40px; text-align: left;\"><span style=\"font-family: georgia, palatino, serif; font-size: 12pt;\"><span style=\"font-family: 'trebuchet ms', geneva, sans-serif; font-size: 10pt;\"><strong>\ud83d\uddc2\ufe0f <a href=\"http:\/\/dgp.cnpq.br\/dgp\/espelhogrupo\/720413\">Gr\u00e1fica Contempor\u00e2nea<\/a><\/strong><br \/>L\u00edder(es) do grupo: Kelly Wendt <br \/>Docentes participantes: Alice Porto dos Santos, Cl\u00f3vis Vergara de Almeida Martins Costa, Daniel Albernaz Acosta, Janice Martins Sitya Appel, Kelly Wendt, Laura Borsa Cattani, Martha Gomes de Freitas, VIEIRA Sandra C<\/span><\/span><\/p>\n<p style=\"padding-left: 40px; text-align: left;\"><span style=\"font-family: georgia, palatino, serif; font-size: 12pt;\"><span style=\"font-family: 'trebuchet ms', geneva, sans-serif; font-size: 10pt;\"><strong>\ud83d\uddc2\ufe0f <a href=\"http:\/\/dgp.cnpq.br\/dgp\/espelhogrupo\/28787\">Percursos Po\u00e9ticos: procedimentos e grafias na contemporaneidade<\/a><\/strong><br \/>L\u00edder(es) do grupo: Angela Raffin Pohlmann, Reginaldo da N\u00f3brega Tavares<br \/>Docentes participantes: Adriane Hernandez, Alice Jean Monsell, Ana Paula Penkala, <a href=\"https:\/\/wp.ufpel.edu.br\/ppgartes\/angela-raffin-pohlmann\/\">Angela Raffin Pohlmann<\/a>, Carolina Corr\u00eaa Rochefort, Gerson Rios Leme, Guilherme Carvalho da Rosa, Jo\u00e3o Fernando Igansi Nunes, Jos\u00e9 Luiz de Pellegrin, <a href=\"https:\/\/wp.ufpel.edu.br\/ppgartes\/kelly-wendt\/\">Kelly Wendt<\/a>, <a href=\"https:\/\/wp.ufpel.edu.br\/ppgartes\/lauer-alves-nunes-dos-santos\/\">Lauer Alves Nunes dos Santos<\/a>, L\u00facia Bergamaschi Costa Weymar, Luiz Roberto Lima Barbosa, Martha Gomes de Freitas, <a href=\"https:\/\/wp.ufpel.edu.br\/ppgartes\/nadia-da-cruz-senna\/\">N\u00e1dia da Cruz Senna<\/a>,Paulo Renato Viegas Dam\u00e9, Raquel Azambuja Santos, Reginaldo da N\u00f3brega Tavares, Vivian Herzog<\/span><\/span><\/p>\n<p style=\"text-align: left;\">\n<hr \/>\n<p style=\"text-align: left;\"><span style=\"font-family: georgia, palatino, serif; font-size: 12pt;\"><span style=\"font-family: 'trebuchet ms', geneva, sans-serif;\"><strong>PESQUISAS ORIENTADAS<\/strong><\/span><\/span><\/p>\n<p style=\"padding-left: 40px; text-align: left;\">MESTRADO<\/p>\n<\/p>\n<div class=\"ms-editor-squiggler\" style=\"color: initial; font: initial; background: initial; background-blend-mode: initial; border: initial; border-radius: initial; border-collapse: initial; caption-side: initial; clear: initial; columns: initial; column-fill: initial; column-rule: initial; column-span: initial; cursor: initial; flex: initial; flex-flow: initial; float: initial; height: 0px; letter-spacing: initial; margin: initial; max-height: initial; max-width: initial; min-height: initial; min-width: initial; overflow: initial; padding: initial; text-align: initial; text-decoration: initial; text-indent: initial; text-transform: initial; vertical-align: initial; border-spacing: initial; width: initial;\">\u00a0<\/div>\n<div class=\"ms-editor-squiggler\" style=\"color: initial; font: initial; background: initial; background-blend-mode: initial; border: initial; border-radius: initial; border-collapse: initial; caption-side: initial; clear: initial; columns: initial; column-fill: initial; column-rule: initial; column-span: initial; cursor: initial; flex: initial; flex-flow: initial; float: initial; height: 0px; letter-spacing: initial; margin: initial; max-height: initial; max-width: initial; min-height: initial; min-width: initial; overflow: initial; padding: initial; text-align: initial; text-decoration: initial; text-indent: initial; text-transform: initial; vertical-align: initial; border-spacing: initial; width: initial;\">\u00a0<\/div>\n<div class=\"ms-editor-squiggler\" style=\"color: initial; font: initial; background: initial; background-blend-mode: initial; border: initial; border-radius: initial; border-collapse: initial; caption-side: initial; clear: initial; columns: initial; column-fill: initial; column-rule: initial; column-span: initial; cursor: initial; flex: initial; flex-flow: initial; float: initial; height: 0px; letter-spacing: initial; margin: initial; max-height: initial; max-width: initial; min-height: initial; min-width: initial; overflow: initial; padding: initial; text-align: initial; text-decoration: initial; text-indent: initial; text-transform: initial; vertical-align: initial; border-spacing: initial; width: initial;\">\u00a0<\/div>\n<div class=\"ms-editor-squiggler\" style=\"color: initial; font: initial; background: initial; background-blend-mode: initial; border: initial; border-radius: initial; border-collapse: initial; caption-side: initial; clear: initial; columns: initial; column-fill: initial; column-rule: initial; column-span: initial; cursor: initial; flex: initial; flex-flow: initial; float: initial; height: 0px; letter-spacing: initial; margin: initial; max-height: initial; max-width: initial; min-height: initial; min-width: initial; overflow: initial; padding: initial; text-align: initial; text-decoration: initial; text-indent: initial; text-transform: initial; vertical-align: initial; border-spacing: initial; width: initial;\">\u00a0<\/div>\n<div class=\"ms-editor-squiggler\" style=\"color: initial; font: initial; background: initial; background-blend-mode: initial; border: initial; border-radius: initial; border-collapse: initial; caption-side: initial; clear: initial; columns: initial; column-fill: initial; column-rule: initial; column-span: initial; cursor: initial; flex: initial; flex-flow: initial; float: initial; height: 0px; letter-spacing: initial; margin: initial; max-height: initial; max-width: initial; min-height: initial; min-width: initial; overflow: initial; padding: initial; text-align: initial; text-decoration: initial; text-indent: initial; text-transform: initial; vertical-align: initial; border-spacing: initial; width: initial;\">\u00a0<\/div>\n<div class=\"ms-editor-squiggler\" style=\"color: initial; font: initial; background: initial; background-blend-mode: initial; border: initial; border-radius: initial; border-collapse: initial; caption-side: initial; clear: initial; columns: initial; column-fill: initial; column-rule: initial; column-span: initial; cursor: initial; flex: initial; flex-flow: initial; float: initial; height: 0px; letter-spacing: initial; margin: initial; max-height: initial; max-width: initial; min-height: initial; min-width: initial; overflow: initial; padding: initial; text-align: initial; text-decoration: initial; text-indent: initial; text-transform: initial; vertical-align: initial; border-spacing: initial; width: initial;\">\u00a0<\/div>\n<div class=\"ms-editor-squiggler\" style=\"color: initial; font: initial; background: initial; background-blend-mode: initial; border: initial; border-radius: initial; border-collapse: initial; caption-side: initial; clear: initial; columns: initial; column-fill: initial; column-rule: initial; column-span: initial; cursor: initial; flex: initial; flex-flow: initial; float: initial; height: 0px; letter-spacing: initial; margin: initial; max-height: initial; max-width: initial; min-height: initial; min-width: initial; overflow: initial; padding: initial; text-align: initial; text-decoration: initial; text-indent: initial; text-transform: initial; vertical-align: initial; border-spacing: initial; width: initial;\">\u00a0<\/div>\n<div class=\"ms-editor-squiggler\" style=\"color: initial; font: initial; background: initial; background-blend-mode: initial; border: initial; border-radius: initial; border-collapse: initial; caption-side: initial; clear: initial; columns: initial; column-fill: initial; column-rule: initial; column-span: initial; cursor: initial; flex: initial; flex-flow: initial; float: initial; height: 0px; letter-spacing: initial; margin: initial; max-height: initial; max-width: initial; min-height: initial; min-width: initial; overflow: initial; padding: initial; text-align: initial; text-decoration: initial; text-indent: initial; text-transform: initial; vertical-align: initial; border-spacing: initial; width: initial;\">\u00a0<\/div>\n<div class=\"ms-editor-squiggler\" style=\"color: initial; font: initial; background: initial; background-blend-mode: initial; border: initial; border-radius: initial; border-collapse: initial; caption-side: initial; clear: initial; columns: initial; column-fill: initial; column-rule: initial; column-span: initial; cursor: initial; flex: initial; flex-flow: initial; float: initial; height: 0px; letter-spacing: initial; margin: initial; max-height: initial; max-width: initial; min-height: initial; min-width: initial; overflow: initial; padding: initial; text-align: initial; text-decoration: initial; text-indent: initial; text-transform: initial; vertical-align: initial; border-spacing: initial; width: initial;\">\u00a0<\/div>","protected":false},"excerpt":{"rendered":"<p>Kelly Wendt \/\u00a0Curr\u00edculum LattesLinha de Pesquisa: Processos de Cria\u00e7\u00e3o e Po\u00e9ticas do Cotidiano\u00a0\u00a0E-mail: kelly.wendt@ufpel.edu.br Forma\u00e7\u00e3o acad\u00eamicaArtista visual, pesquisadora e professora. Doutora em Artes Visuais, na linha de Po\u00e9ticas Visuais pelo PPGAV-UFRGS, 2017. Atuante nas \u00e1reas de gravura, fotografia, novos meios e est\u00e9tica relacional na arte contempor\u00e2nea. Professora adjunta do Centro de Artes- UFPel, curso de [&hellip;]<\/p>\n","protected":false},"author":1258,"featured_media":0,"parent":0,"menu_order":0,"comment_status":"closed","ping_status":"closed","template":"","meta":{"footnotes":""},"class_list":["post-7436","page","type-page","status-publish","hentry"],"_links":{"self":[{"href":"https:\/\/wp.ufpel.edu.br\/ppgartes\/wp-json\/wp\/v2\/pages\/7436","targetHints":{"allow":["GET"]}}],"collection":[{"href":"https:\/\/wp.ufpel.edu.br\/ppgartes\/wp-json\/wp\/v2\/pages"}],"about":[{"href":"https:\/\/wp.ufpel.edu.br\/ppgartes\/wp-json\/wp\/v2\/types\/page"}],"author":[{"embeddable":true,"href":"https:\/\/wp.ufpel.edu.br\/ppgartes\/wp-json\/wp\/v2\/users\/1258"}],"replies":[{"embeddable":true,"href":"https:\/\/wp.ufpel.edu.br\/ppgartes\/wp-json\/wp\/v2\/comments?post=7436"}],"version-history":[{"count":3,"href":"https:\/\/wp.ufpel.edu.br\/ppgartes\/wp-json\/wp\/v2\/pages\/7436\/revisions"}],"predecessor-version":[{"id":11150,"href":"https:\/\/wp.ufpel.edu.br\/ppgartes\/wp-json\/wp\/v2\/pages\/7436\/revisions\/11150"}],"wp:attachment":[{"href":"https:\/\/wp.ufpel.edu.br\/ppgartes\/wp-json\/wp\/v2\/media?parent=7436"}],"curies":[{"name":"wp","href":"https:\/\/api.w.org\/{rel}","templated":true}]}}