{"id":7378,"date":"2021-07-01T10:38:21","date_gmt":"2021-07-01T13:38:21","guid":{"rendered":"https:\/\/wp.ufpel.edu.br\/mestradoartesvisuais\/?page_id=7378"},"modified":"2021-07-01T10:38:21","modified_gmt":"2021-07-01T13:38:21","slug":"7378-2","status":"publish","type":"page","link":"https:\/\/wp.ufpel.edu.br\/ppgartes\/7378-2\/","title":{"rendered":""},"content":{"rendered":"<p><span style=\"font-family: georgia, palatino, serif;font-size: 12pt\"><strong><img class=\"alignleft wp-image-5054\" src=\"https:\/\/wp.ufpel.edu.br\/ppgartes\/files\/2021\/03\/foto-serv-1.png\" alt=\"\" width=\"202\" height=\"202\" srcset=\"https:\/\/wp.ufpel.edu.br\/ppgartes\/files\/2021\/03\/foto-serv-1.png 500w, https:\/\/wp.ufpel.edu.br\/ppgartes\/files\/2021\/03\/foto-serv-1-400x400.png 400w, https:\/\/wp.ufpel.edu.br\/ppgartes\/files\/2021\/03\/foto-serv-1-200x200.png 200w\" sizes=\"(max-width: 202px) 100vw, 202px\" \/><\/strong><\/span><\/p>\n<p><span style=\"color: #ffffff\">.<\/span><\/p>\n<p><span style=\"color: #ffffff\">.<\/span><\/p>\n<p><span style=\"color: #ffffff\">.<\/span><\/p>\n<p><span style=\"font-family: georgia, palatino, serif;font-size: 12pt\"><span style=\"font-size: 18pt\"><strong><span style=\"font-family: 'trebuchet ms', geneva, sans-serif\">Alice Jean Monsell <span style=\"font-size: 10pt;color: #999999\">\/\u00a0<\/span><\/span><\/strong><\/span><span style=\"font-family: 'trebuchet ms', geneva, sans-serif;font-size: 10pt\"><span style=\"color: #999999\"><a style=\"color: #999999\" href=\"http:\/\/lattes.cnpq.br\/4833048616847907\" target=\"_blank\" rel=\"noopener noreferrer\">Curr\u00edculum Lattes<\/a><\/span><br \/>\n<strong>Linha de Pesquisa<\/strong>: <a href=\"https:\/\/wp.ufpel.edu.br\/mestradoartesvisuais\/linhas-de-pesquisa\/processos-de-criacao-e-poeticas-do-cotidiano\/\">Processos de Cria\u00e7\u00e3o e Po\u00e9ticas do Cotidiano<\/a><br \/>\n<\/span><\/span><span style=\"font-family: georgia, palatino, serif;font-size: 12pt\"><span style=\"font-family: 'trebuchet ms', geneva, sans-serif;font-size: 10pt\"><strong>Vincula\u00e7\u00e3o institucional<\/strong>: Professora Associada na Universidade Federal de Pelotas<\/span><\/span><\/p>\n<p><span style=\"font-family: georgia, palatino, serif;font-size: 12pt\"><span style=\"font-family: 'trebuchet ms', geneva, sans-serif;font-size: 10pt\"><strong><br \/>\nForma\u00e7\u00e3o acad\u00eamica<\/strong><br \/>\nPossui Doutorado (2009) e Mestrado (2000) em Artes Visuais pela Universidade Federal do Rio Grande do Sul (UFRGS); Gradua\u00e7\u00e3o em Pintura, Escultura ou Gravura (1995) pela Universidade Federal de Pelotas (UFPel); e Gradua\u00e7\u00e3o em Ingl\u00eas pela The State University of New Jersey &#8211; New Brunswick, RUTGERS, Estados Unidos.<\/span><\/span><\/p>\n<p><span style=\"font-family: georgia, palatino, serif;font-size: 12pt\"><span style=\"font-family: 'trebuchet ms', geneva, sans-serif;font-size: 10pt\"><strong>E-mail<\/strong>: alicemondomestico@gmail.com<\/span><\/span><\/p>\n<hr \/>\n<p><span style=\"font-family: georgia, palatino, serif;font-size: 12pt\"><span style=\"font-family: 'trebuchet ms', geneva, sans-serif\"><strong>PROJETOS DE PESQUISAS<\/strong><\/span><\/span><\/p>\n<p><span style=\"font-family: georgia, palatino, serif;font-size: 12pt\"><span style=\"font-family: 'trebuchet ms', geneva, sans-serif;font-size: 10pt\"><a href=\"https:\/\/wp.ufpel.edu.br\/mestradoartesvisuais\/projetos-de-pesquisa#pp-sobras-do-cotidiano\" target=\"_blank\" rel=\"noopener noreferrer\"><strong>Sobras do cotidiano e contextos dx artista em deslocamento<\/strong><\/a><br \/>\nGrupo de Pesquisa: Deslocamentos, observ\u00e2ncias e cartografias contempor\u00e2neas<br \/>\n<\/span><\/span><\/p>\n<p><span style=\"font-family: georgia, palatino, serif;font-size: 12pt\"><span style=\"font-family: 'trebuchet ms', geneva, sans-serif;font-size: 10pt\"><a href=\"https:\/\/wp.ufpel.edu.br\/mestradoartesvisuais\/projetos-de-pesquisa#pp-sobras-do-cotidiano-e-da-arte\" target=\"_blank\" rel=\"noopener noreferrer\"><strong>SOBRAS DO COTIDIANO E DA ARTE: Contextos, reaproveitamento, di\u00e1logos e documenta\u00e7\u00e3o do lixo em deslocamento entre o espa\u00e7o privado e p\u00fablico<\/strong><\/a><br \/>\nGrupo de Pesquisa: Deslocamentos, observ\u00e2ncias e cartografias contempor\u00e2neas<br \/>\n<\/span><\/span><\/p>\n<hr \/>\n<p><span style=\"font-family: georgia, palatino, serif;font-size: 12pt\"><span style=\"font-family: 'trebuchet ms', geneva, sans-serif\"><strong>GRUPOS DE PESQUISAS<\/strong><\/span><\/span><\/p>\n<p><span style=\"font-family: georgia, palatino, serif;font-size: 12pt\"><span style=\"font-family: 'trebuchet ms', geneva, sans-serif;font-size: 10pt\"><strong>Deslocamentos, observ\u00e2ncias e cartografias contempor\u00e2neas<\/strong><br \/>\nDocentes participantes: Eduarda Azevedo Gon\u00e7alves (L\u00edder) e Alice Jean Monsell (L\u00edder)<br \/>\n<\/span><\/span><\/p>\n<p><span style=\"font-family: georgia, palatino, serif;font-size: 12pt\"><span style=\"font-family: 'trebuchet ms', geneva, sans-serif;font-size: 10pt\"><strong>Percursos Po\u00e9ticos: procedimentos e grafias na contemporaneidade<\/strong><br \/>\nDocentes participantes: Angela Raffin Pohlmann (L\u00edder), Alice Jean Monsell (Pesquisadora), L\u00facia Bergamaschi Costa Weymar (Pesquisadora) e N\u00e1dia da Cruz Senna (Pesquisadora)<\/span><\/span><\/p>\n<hr \/>\n<p><span style=\"font-family: georgia, palatino, serif;font-size: 12pt\"><span style=\"font-family: 'trebuchet ms', geneva, sans-serif\"><strong>PESQUISAS ORIENTADAS<\/strong><\/span><\/span><\/p>\n<p><span style=\"font-family: georgia, palatino, serif;font-size: 12pt\"><span style=\"font-family: 'trebuchet ms', geneva, sans-serif;font-size: 10pt\"><strong><a href=\"http:\/\/guaiaca.ufpel.edu.br:8080\/bitstream\/prefix\/4415\/1\/Dissertacao_REVISADA.pdf\" target=\"_blank\" rel=\"noopener noreferrer\">Bonecas feias: brincando (para resistir) com padr\u00f5es do corpo<\/a><\/strong><br \/>\nOrientanda: <a href=\"https:\/\/wp.ufpel.edu.br\/mestradoartesvisuais\/claudia-da-silva-paranhos\/\">Cl\u00e1udia da Silva Paranhos<\/a> (2018)<\/span><\/span><\/p>\n<p><span style=\"font-family: georgia, palatino, serif;font-size: 12pt\"><span style=\"font-family: 'trebuchet ms', geneva, sans-serif;font-size: 10pt\"><strong><a href=\"http:\/\/guaiaca.ufpel.edu.br\/handle\/prefix\/4417\" target=\"_blank\" rel=\"noopener noreferrer\">Glitches po\u00e9ticos em relatos afetivos<\/a><\/strong><br \/>\nOrientando: <a href=\"https:\/\/wp.ufpel.edu.br\/mestradoartesvisuais\/diogo-dos-santos-goncalves\/\">Diogo dos Santos Gon\u00e7alves<\/a> (2018)<\/span><\/span><\/p>\n<p><span style=\"font-family: georgia, palatino, serif;font-size: 12pt\"><span style=\"font-family: 'trebuchet ms', geneva, sans-serif;font-size: 10pt\"><strong><a href=\"http:\/\/guaiaca.ufpel.edu.br\/handle\/prefix\/3910\" target=\"_blank\" rel=\"noopener noreferrer\">Atmosfera rural: experi\u00eancia e resili\u00eancia na arte contempor\u00e2nea<\/a><\/strong><br \/>\nOrientanda: <a href=\"https:\/\/wp.ufpel.edu.br\/mestradoartesvisuais\/gracia-casaretto-calderon\/\">Gracia Casaretto Calderon<\/a> (2017)<\/span><\/span><\/p>\n<p><span style=\"font-family: georgia, palatino, serif;font-size: 12pt\"><span style=\"font-family: 'trebuchet ms', geneva, sans-serif;font-size: 10pt\"><strong><a href=\"https:\/\/drive.google.com\/open?id=13ZluMbnat2cpAt9QnWkJJW47Bb06TnY5\" target=\"_blank\" rel=\"noopener noreferrer\">Atos de subverter e (des)mascarar a imagem: <em>trans<\/em>-ferir, mutilar, fragmentar, (des)figurar<\/a><\/strong><br \/>\nOrientanda: <a href=\"https:\/\/wp.ufpel.edu.br\/mestradoartesvisuais\/acompanhamento-de-academicos\/ingressantes-2014\/alexandra-kern-assumpcao\/\">Alexandra Kern Assump\u00e7\u00e3o<\/a> (2016)<\/span><\/span><\/p>\n<p><span style=\"font-family: georgia, palatino, serif;font-size: 12pt\"><span style=\"font-family: 'trebuchet ms', geneva, sans-serif;font-size: 10pt\"><strong><a href=\"http:\/\/guaiaca.ufpel.edu.br\/bitstream\/prefix\/3681\/1\/J%c3%a9ssica%20Batista%20Disserta%c3%a7%c3%a3o.pdf\" target=\"_blank\" rel=\"noopener noreferrer\">Atr\u00e1s da porta: narrativas visuais \u00edntimas<\/a><\/strong><br \/>\nOrientanda: <a href=\"https:\/\/wp.ufpel.edu.br\/mestradoartesvisuais\/jessica-batista\/\">J\u00e9ssica Batista<\/a> (2016)<\/span><\/span><\/p>\n<div class=\"ms-editor-squiggler\" style=\"color: initial;font: initial;background: initial;background-blend-mode: initial;border: initial;border-radius: initial;border-collapse: initial;caption-side: initial;clear: initial;columns: initial;column-fill: initial;column-rule: initial;column-span: initial;cursor: initial;flex: initial;flex-flow: initial;float: initial;height: 0px;letter-spacing: initial;margin: initial;max-height: initial;max-width: initial;min-height: initial;min-width: initial;overflow: initial;padding: initial;text-align: initial;text-decoration: initial;text-indent: initial;text-transform: initial;vertical-align: initial;border-spacing: initial;width: initial\"><\/div>\n<div class=\"ms-editor-squiggler\" style=\"color: initial;font: initial;background: initial;background-blend-mode: initial;border: initial;border-radius: initial;border-collapse: initial;caption-side: initial;clear: initial;columns: initial;column-fill: initial;column-rule: initial;column-span: initial;cursor: initial;flex: initial;flex-flow: initial;float: initial;height: 0px;letter-spacing: initial;margin: initial;max-height: initial;max-width: initial;min-height: initial;min-width: initial;overflow: initial;padding: initial;text-align: initial;text-decoration: initial;text-indent: initial;text-transform: initial;vertical-align: initial;border-spacing: initial;width: initial\"><\/div>\n<div class=\"ms-editor-squiggler\" style=\"color: initial;font: initial;background: initial;background-blend-mode: initial;border: initial;border-radius: initial;border-collapse: initial;caption-side: initial;clear: initial;columns: initial;column-fill: initial;column-rule: initial;column-span: initial;cursor: initial;flex: initial;flex-flow: initial;float: initial;height: 0px;letter-spacing: initial;margin: initial;max-height: initial;max-width: initial;min-height: initial;min-width: initial;overflow: initial;padding: initial;text-align: initial;text-decoration: initial;text-indent: initial;text-transform: initial;vertical-align: initial;border-spacing: initial;width: initial\"><\/div>\n<div class=\"ms-editor-squiggler\" style=\"color: initial;font: initial;background: initial;background-blend-mode: initial;border: initial;border-radius: initial;border-collapse: initial;caption-side: initial;clear: initial;columns: initial;column-fill: initial;column-rule: initial;column-span: initial;cursor: initial;flex: initial;flex-flow: initial;float: initial;height: 0px;letter-spacing: initial;margin: initial;max-height: initial;max-width: initial;min-height: initial;min-width: initial;overflow: initial;padding: initial;text-align: initial;text-decoration: initial;text-indent: initial;text-transform: initial;vertical-align: initial;border-spacing: initial;width: initial\"><\/div>\n<div class=\"ms-editor-squiggler\" style=\"color: initial;font: initial;background: initial;background-blend-mode: initial;border: initial;border-radius: initial;border-collapse: initial;caption-side: initial;clear: initial;columns: initial;column-fill: initial;column-rule: initial;column-span: initial;cursor: initial;flex: initial;flex-flow: initial;float: initial;height: 0px;letter-spacing: initial;margin: initial;max-height: initial;max-width: initial;min-height: initial;min-width: initial;overflow: initial;padding: initial;text-align: initial;text-decoration: initial;text-indent: initial;text-transform: initial;vertical-align: initial;border-spacing: initial;width: initial\"><\/div>\n","protected":false},"excerpt":{"rendered":"<p>. . . Alice Jean Monsell \/\u00a0Curr\u00edculum Lattes Linha de Pesquisa: Processos de Cria\u00e7\u00e3o e Po\u00e9ticas do Cotidiano Vincula\u00e7\u00e3o institucional: Professora Associada na Universidade Federal de Pelotas Forma\u00e7\u00e3o acad\u00eamica Possui Doutorado (2009) e Mestrado (2000) em Artes Visuais pela Universidade Federal do Rio Grande do Sul (UFRGS); Gradua\u00e7\u00e3o em Pintura, Escultura ou Gravura (1995) pela [&hellip;]<\/p>\n","protected":false},"author":1258,"featured_media":0,"parent":0,"menu_order":0,"comment_status":"closed","ping_status":"closed","template":"","meta":{"footnotes":""},"class_list":["post-7378","page","type-page","status-publish","hentry"],"_links":{"self":[{"href":"https:\/\/wp.ufpel.edu.br\/ppgartes\/wp-json\/wp\/v2\/pages\/7378","targetHints":{"allow":["GET"]}}],"collection":[{"href":"https:\/\/wp.ufpel.edu.br\/ppgartes\/wp-json\/wp\/v2\/pages"}],"about":[{"href":"https:\/\/wp.ufpel.edu.br\/ppgartes\/wp-json\/wp\/v2\/types\/page"}],"author":[{"embeddable":true,"href":"https:\/\/wp.ufpel.edu.br\/ppgartes\/wp-json\/wp\/v2\/users\/1258"}],"replies":[{"embeddable":true,"href":"https:\/\/wp.ufpel.edu.br\/ppgartes\/wp-json\/wp\/v2\/comments?post=7378"}],"version-history":[{"count":0,"href":"https:\/\/wp.ufpel.edu.br\/ppgartes\/wp-json\/wp\/v2\/pages\/7378\/revisions"}],"wp:attachment":[{"href":"https:\/\/wp.ufpel.edu.br\/ppgartes\/wp-json\/wp\/v2\/media?parent=7378"}],"curies":[{"name":"wp","href":"https:\/\/api.w.org\/{rel}","templated":true}]}}