{"id":6861,"date":"2021-04-30T21:24:44","date_gmt":"2021-05-01T00:24:44","guid":{"rendered":"https:\/\/wp.ufpel.edu.br\/mestradoartesvisuais\/?page_id=6861"},"modified":"2021-04-30T21:24:44","modified_gmt":"2021-05-01T00:24:44","slug":"projeto-de-pesquisa-som-racialidade-e-territorio-perspectivas-afrodiasporicas-ard-fapergs","status":"publish","type":"page","link":"https:\/\/wp.ufpel.edu.br\/ppgartes\/projeto-de-pesquisa-som-racialidade-e-territorio-perspectivas-afrodiasporicas-ard-fapergs\/","title":{"rendered":"Projeto de Pesquisa _ Som, racialidade e territ\u00f3rio: perspectivas afrodiasp\u00f3ricas (ARD &#8211; FAPERGS)"},"content":{"rendered":"<p><span style=\"font-family: georgia, palatino, serif;font-size: 12pt\"><span style=\"font-size: 18pt\"><strong><span style=\"font-family: 'trebuchet ms', geneva, sans-serif\"><span style=\"font-family: 'trebuchet ms', geneva, sans-serif;font-size: 10pt\"><span style=\"color: #999999\">\/ Projeto de Pesquisa<\/span><\/span><br \/>\nSom, racialidade e territ\u00f3rio: perspectivas afrodiasp\u00f3ricas (ARD &#8211; FAPERGS)<\/span><\/strong><\/span><span style=\"font-family: 'trebuchet ms', geneva, sans-serif;font-size: 10pt\"><br \/>\n<strong>Coordenador(a)<\/strong>: <a href=\"https:\/\/wp.ufpel.edu.br\/mestradoartesvisuais\/felipe-merker-castellani\/\">Felipe Merker Castellani<\/a><br \/>\n<\/span><\/span><span style=\"font-family: georgia, palatino, serif;font-size: 12pt\"><span style=\"font-family: 'trebuchet ms', geneva, sans-serif;font-size: 10pt\"><strong>Grupo de Pesquisa vinculado<\/strong>: <a href=\"http:\/\/dgp.cnpq.br\/dgp\/espelhogrupo\/366750\" target=\"_blank\" rel=\"noopener noreferrer\">Corpo-imagem-som: pesquisa art\u00edstica e pr\u00e1ticas experimentais<\/a><br \/>\n<strong>Ano de cria\u00e7\u00e3o do projeto<\/strong>: 2021<br \/>\n<\/span><\/span><\/p>\n<p style=\"text-align: justify\"><span style=\"font-family: georgia, palatino, serif;font-size: 12pt\"><span style=\"font-family: 'trebuchet ms', geneva, sans-serif;font-size: 10pt\"><strong>Sobre<\/strong><br \/>\nO presente projeto de pesquisa parte de perspectivas afrodiasp\u00f3ricas para investigar os campos problem\u00e1ticos da arte sonora, da m\u00fasica e dos estudos do som. Tem como centro as rela\u00e7\u00f5es raciais e seus desdobramentos pol\u00edticos, art\u00edsticos e sociais. Para tanto, partiremos do estudo do som enquanto um elemento constituinte das rela\u00e7\u00f5es raciais, por meio do entendimento da escuta como um processo perceptivo diretamente conectado a no\u00e7\u00f5es socialmente compartilhadas: informa\u00e7\u00f5es sobre fontes sonoras, reconhecimento de timbres espec\u00edficos, sistemas lingu\u00edsticos e musicais, dentre outras. Ao se conectar diretamente \u00e0s estruturas sociais, o som pode atuar como substituto dos marcadores raciais, refor\u00e7ando binarismos conceituais e criando hierarquiza\u00e7\u00f5es epistemol\u00f3gicas. Se, por um lado, o som pode atuar em sistemas ideol\u00f3gicos discriminat\u00f3rios, por outro lado, este tem import\u00e2ncia fundamental em espa\u00e7os de reorganiza\u00e7\u00e3o pol\u00edtica e cultural de grupos historicamente silenciados. Neste sentido, tamb\u00e9m nos dedicaremos a uma an\u00e1lise das rela\u00e7\u00f5es entre a produ\u00e7\u00e3o de conhecimentos musicais e a forma\u00e7\u00e3o de tais territ\u00f3rios, especificamente aqueles formados na di\u00e1spora africana no Brasil, durante o s\u00e9culo XX e at\u00e9 os dias atuais. O vetor de liga\u00e7\u00e3o entre os diferentes eixos tem\u00e1ticos apresentados neste trabalho \u00e9 a busca das popula\u00e7\u00f5es negras em di\u00e1spora pela constitui\u00e7\u00e3o de territ\u00f3rios de reorganiza\u00e7\u00e3o social, que tomam m\u00faltiplas formas (terreiros, quilombos, escolas de samba, coletivos art\u00edsticos etc.). Territ\u00f3rios que n\u00e3o s\u00e3o apenas espa\u00e7os mensur\u00e1veis e delimitados geograficamente, mas lugares de rela\u00e7\u00f5es ambientais e intersubjetivas, as quais constituem os grupos sociais e suas produ\u00e7\u00f5es culturais. Veremos que o som e a m\u00fasica atuam como catalisadores nesses territ\u00f3rios, tencionando as rela\u00e7\u00f5es raciais e estabelecendo formas de oposi\u00e7\u00e3o ao racismo vigente.<br \/>\n<\/span><\/span><\/p>\n<p><span style=\"font-family: georgia, palatino, serif;font-size: 12pt\"><span style=\"font-family: 'trebuchet ms', geneva, sans-serif;font-size: 10pt\"><strong>E-mail<\/strong>: felipe.castellani@ufpel.edu.br<br \/>\n<\/span><\/span><\/p>\n<p>&nbsp;<\/p>\n","protected":false},"excerpt":{"rendered":"<p>\/ Projeto de Pesquisa Som, racialidade e territ\u00f3rio: perspectivas afrodiasp\u00f3ricas (ARD &#8211; FAPERGS) Coordenador(a): Felipe Merker Castellani Grupo de Pesquisa vinculado: Corpo-imagem-som: pesquisa art\u00edstica e pr\u00e1ticas experimentais Ano de cria\u00e7\u00e3o do projeto: 2021 Sobre O presente projeto de pesquisa parte de perspectivas afrodiasp\u00f3ricas para investigar os campos problem\u00e1ticos da arte sonora, da m\u00fasica e dos [&hellip;]<\/p>\n","protected":false},"author":1258,"featured_media":0,"parent":0,"menu_order":0,"comment_status":"closed","ping_status":"closed","template":"","meta":{"footnotes":""},"class_list":["post-6861","page","type-page","status-publish","hentry"],"_links":{"self":[{"href":"https:\/\/wp.ufpel.edu.br\/ppgartes\/wp-json\/wp\/v2\/pages\/6861","targetHints":{"allow":["GET"]}}],"collection":[{"href":"https:\/\/wp.ufpel.edu.br\/ppgartes\/wp-json\/wp\/v2\/pages"}],"about":[{"href":"https:\/\/wp.ufpel.edu.br\/ppgartes\/wp-json\/wp\/v2\/types\/page"}],"author":[{"embeddable":true,"href":"https:\/\/wp.ufpel.edu.br\/ppgartes\/wp-json\/wp\/v2\/users\/1258"}],"replies":[{"embeddable":true,"href":"https:\/\/wp.ufpel.edu.br\/ppgartes\/wp-json\/wp\/v2\/comments?post=6861"}],"version-history":[{"count":0,"href":"https:\/\/wp.ufpel.edu.br\/ppgartes\/wp-json\/wp\/v2\/pages\/6861\/revisions"}],"wp:attachment":[{"href":"https:\/\/wp.ufpel.edu.br\/ppgartes\/wp-json\/wp\/v2\/media?parent=6861"}],"curies":[{"name":"wp","href":"https:\/\/api.w.org\/{rel}","templated":true}]}}