{"id":6858,"date":"2021-04-30T21:22:46","date_gmt":"2021-05-01T00:22:46","guid":{"rendered":"https:\/\/wp.ufpel.edu.br\/mestradoartesvisuais\/?page_id=6858"},"modified":"2021-04-30T21:22:46","modified_gmt":"2021-05-01T00:22:46","slug":"projeto-de-pesquisa-para-sair-da-grande-noite","status":"publish","type":"page","link":"https:\/\/wp.ufpel.edu.br\/ppgartes\/projeto-de-pesquisa-para-sair-da-grande-noite\/","title":{"rendered":"Projeto de Pesquisa _ Para sair da grande noite"},"content":{"rendered":"<p><span style=\"font-family: georgia, palatino, serif;font-size: 12pt\"><span style=\"font-size: 18pt\"><strong><span style=\"font-family: 'trebuchet ms', geneva, sans-serif\"><span style=\"font-family: 'trebuchet ms', geneva, sans-serif;font-size: 10pt\"><span style=\"color: #999999\">\/ Projeto de Pesquisa<\/span><\/span><br \/>\nPara sair da grande noite: uma abordagem transversal das rela\u00e7\u00f5es entre experimentalismo, tecnologias e geopol\u00edtica no campo da arte<\/span><\/strong><\/span><span style=\"font-family: 'trebuchet ms', geneva, sans-serif;font-size: 10pt\"><br \/>\n<strong>Coordenador(a)<\/strong>: <a href=\"https:\/\/wp.ufpel.edu.br\/mestradoartesvisuais\/felipe-merker-castellani\/\">Felipe Merker Castellani<\/a><br \/>\n<\/span><\/span><span style=\"font-family: georgia, palatino, serif;font-size: 12pt\"><span style=\"font-family: 'trebuchet ms', geneva, sans-serif;font-size: 10pt\"><strong>Grupo de Pesquisa vinculado<\/strong>: <a href=\"http:\/\/dgp.cnpq.br\/dgp\/espelhogrupo\/366750\" target=\"_blank\" rel=\"noopener noreferrer\">Corpo-imagem-som: pesquisa art\u00edstica e pr\u00e1ticas experimentais<\/a><br \/>\n<strong>Ano de cria\u00e7\u00e3o do projeto<\/strong>: 2020<br \/>\n<\/span><\/span><\/p>\n<p style=\"text-align: justify\"><span style=\"font-family: georgia, palatino, serif;font-size: 12pt\"><span style=\"font-family: 'trebuchet ms', geneva, sans-serif;font-size: 10pt\"><strong>Sobre<\/strong><br \/>\nAs mais diversas tecnologias atuam nos diferentes ambientes art\u00edsticos como ampliadores dos espa\u00e7os operacionais e conceituais com os quais os artistas lidam. Cada um a sua maneira: a inven\u00e7\u00e3o da imagem cinematogr\u00e1fica, ou o desenvolvimento dos computadores pessoais, por exemplo, originaram novos campos problem\u00e1ticos para a cria\u00e7\u00e3o art\u00edstica, repletos de uma s\u00e9rie de rela\u00e7\u00f5es particulares entre o fazer art\u00edstico e seus suportes, entre p\u00fablico e obras e entre arte e sociedade. Nas \u00faltimas d\u00e9cadas, testemunhamos uma vertiginosa acelera\u00e7\u00e3o no desenvolvimento das tecnologias comunicacionais, levando-nos a uma prolifera\u00e7\u00e3o de novos ve\u00edculos de comunica\u00e7\u00e3o e novas formas de organiza\u00e7\u00e3o coletiva e pol\u00edtica. A aparente liberdade apresentada na democratiza\u00e7\u00e3o do acesso \u00e0 informa\u00e7\u00e3o, oculta na opacidade de sua superf\u00edcie as origens e os atores que as disseminam, a coleta de dados e sua monetiza\u00e7\u00e3o e os custos material e humano necess\u00e1rios para a produ\u00e7\u00e3o de dispositivos tecnol\u00f3gicos, como os smartphones. A prolifera\u00e7\u00e3o de lixo eletr\u00f4nico, causada pela obsolesc\u00eancia programada e disputas territoriais pelo controle de \u00e1reas ricas em recursos naturais, s\u00e3o sintomas aparentes desse custo e afetam de maneira contundente os pa\u00edses do Sul Global. Nestes pa\u00edses, o desenvolvimento tecnol\u00f3gico cria em ao redor de si mesmo um complexo jogo tanto de causas, quanto de possibilidades de implementa\u00e7\u00e3o de novos colonialismos digitais, materiais e epist\u00eamicos. O presente projeto tem como objetivo analisar a maneira pela qual as pr\u00e1ticas art\u00edsticas experimentais (musicais, sonoras e visuais) tornam vis\u00edveis e ressignificam o custo humano e material da tecnologia, a precariza\u00e7\u00e3o da vida humana e o surgimento de novas formas de opress\u00e3o em ambientes digitais. Desenhando linhas de fugas e rotas alternativas a um passado colonial que insiste em se fazer presente na contemporaneidade, possibilitando assim, a constitui\u00e7\u00e3o de um olhar descolonizador do campo das artes sonoras e visuais. Para tanto, faz-se necess\u00e1ria a constru\u00e7\u00e3o de operadores conceituais transversais, a partir de diferentes \u00e1reas do conhecimento, al\u00e9m da pr\u00f3pria arte. Dentre as interseccionalidades que comp\u00f5em tal campo problem\u00e1tico destacamos aquelas referentes \u00e0 filosofia, aos estudos culturais e decoloniais e \u00e0 geopol\u00edtica. Espera-se como resultado da abordagem proposta a cria\u00e7\u00e3o de ferramentas anal\u00edticas e de obras que forne\u00e7am chaves de leituras a produ\u00e7\u00e3o art\u00edstica experimental atual.<br \/>\n<\/span><\/span><\/p>\n<p><span style=\"font-family: georgia, palatino, serif;font-size: 12pt\"><span style=\"font-family: 'trebuchet ms', geneva, sans-serif;font-size: 10pt\"><strong>E-mail<\/strong>: felipe.castellani@ufpel.edu.br<br \/>\n<strong>Redes Sociais<\/strong>: <a href=\"https:\/\/www.instagram.com\/gp.corpoimagemsom\/\" target=\"_blank\" rel=\"noopener noreferrer\">Instagram<\/a><br \/>\n<\/span><\/span><\/p>\n<p>&nbsp;<\/p>\n","protected":false},"excerpt":{"rendered":"<p>\/ Projeto de Pesquisa Para sair da grande noite: uma abordagem transversal das rela\u00e7\u00f5es entre experimentalismo, tecnologias e geopol\u00edtica no campo da arte Coordenador(a): Felipe Merker Castellani Grupo de Pesquisa vinculado: Corpo-imagem-som: pesquisa art\u00edstica e pr\u00e1ticas experimentais Ano de cria\u00e7\u00e3o do projeto: 2020 Sobre As mais diversas tecnologias atuam nos diferentes ambientes art\u00edsticos como ampliadores [&hellip;]<\/p>\n","protected":false},"author":1258,"featured_media":0,"parent":0,"menu_order":0,"comment_status":"closed","ping_status":"closed","template":"","meta":{"footnotes":""},"class_list":["post-6858","page","type-page","status-publish","hentry"],"_links":{"self":[{"href":"https:\/\/wp.ufpel.edu.br\/ppgartes\/wp-json\/wp\/v2\/pages\/6858","targetHints":{"allow":["GET"]}}],"collection":[{"href":"https:\/\/wp.ufpel.edu.br\/ppgartes\/wp-json\/wp\/v2\/pages"}],"about":[{"href":"https:\/\/wp.ufpel.edu.br\/ppgartes\/wp-json\/wp\/v2\/types\/page"}],"author":[{"embeddable":true,"href":"https:\/\/wp.ufpel.edu.br\/ppgartes\/wp-json\/wp\/v2\/users\/1258"}],"replies":[{"embeddable":true,"href":"https:\/\/wp.ufpel.edu.br\/ppgartes\/wp-json\/wp\/v2\/comments?post=6858"}],"version-history":[{"count":0,"href":"https:\/\/wp.ufpel.edu.br\/ppgartes\/wp-json\/wp\/v2\/pages\/6858\/revisions"}],"wp:attachment":[{"href":"https:\/\/wp.ufpel.edu.br\/ppgartes\/wp-json\/wp\/v2\/media?parent=6858"}],"curies":[{"name":"wp","href":"https:\/\/api.w.org\/{rel}","templated":true}]}}