{"id":6855,"date":"2021-04-30T21:17:09","date_gmt":"2021-05-01T00:17:09","guid":{"rendered":"https:\/\/wp.ufpel.edu.br\/mestradoartesvisuais\/?page_id=6855"},"modified":"2021-04-30T21:17:09","modified_gmt":"2021-05-01T00:17:09","slug":"projeto-de-pesquisa-_-perspectivas-contemporaneas-de-pesquisa-em-arte","status":"publish","type":"page","link":"https:\/\/wp.ufpel.edu.br\/ppgartes\/projeto-de-pesquisa-_-perspectivas-contemporaneas-de-pesquisa-em-arte\/","title":{"rendered":"Projeto de Pesquisa _ Perspectivas contempor\u00e2neas de pesquisa em arte"},"content":{"rendered":"<p><span style=\"font-family: georgia, palatino, serif;font-size: 12pt\"><span style=\"font-size: 18pt\"><strong><span style=\"font-family: 'trebuchet ms', geneva, sans-serif\"><span style=\"font-family: 'trebuchet ms', geneva, sans-serif;font-size: 10pt\"><span style=\"color: #999999\">\/ Projeto de Pesquisa<\/span><\/span><br \/>\nPerspectivas contempor\u00e2neas de pesquisa em arte<\/span><\/strong><\/span><span style=\"font-family: 'trebuchet ms', geneva, sans-serif;font-size: 10pt\"><br \/>\n<strong>Coordenador(a)<\/strong>: <a href=\"https:\/\/wp.ufpel.edu.br\/mestradoartesvisuais\/lauer-alves-nunes-dos-santos\/\">Lauer Alves Nunes dos Santos<\/a><br \/>\n<\/span><\/span><span style=\"font-family: georgia, palatino, serif;font-size: 12pt\"><span style=\"font-family: 'trebuchet ms', geneva, sans-serif;font-size: 10pt\"><strong>Grupo de Pesquisa vinculado<\/strong>: <a href=\"http:\/\/dgp.cnpq.br\/dgp\/espelhogrupo\/12663\" target=\"_blank\" rel=\"noopener noreferrer\">Semi\u00f3tica, design e arte<\/a><br \/>\n<strong>Ano de cria\u00e7\u00e3o do projeto<\/strong>: 2020<br \/>\n<\/span><\/span><\/p>\n<p><span style=\"font-family: georgia, palatino, serif;font-size: 12pt\"><span style=\"font-family: 'trebuchet ms', geneva, sans-serif;font-size: 10pt\"><strong>Sobre<\/strong><br \/>\nProjeto voltado ao estudo da curadoria na contemporaneidade, especialmente no campo das artes visuais. Ser\u00e1 contemplada breve revis\u00e3o bibliogr\u00e1fica, desenvolvimento hist\u00f3rico, atua\u00e7\u00e3o dos profissionais que atuam nessa \u00e1rea nos contextos local, nacional e internacional, tendo em vista as atividades curatoriais no \u00e2mbito de um museu universit\u00e1rio &#8211; o Museu de Arte Leopoldo Gotuzzo &#8211; e a forma\u00e7\u00e3o para os novos alunos de gradua\u00e7\u00e3o e p\u00f3s-gradua\u00e7\u00e3o.<br \/>\n<\/span><\/span><\/p>\n<p><span style=\"font-family: georgia, palatino, serif;font-size: 12pt\"><span style=\"font-family: 'trebuchet ms', geneva, sans-serif;font-size: 10pt\"><strong>E-mail<\/strong>: lauersantos@gmail.com<br \/>\n<strong>Website<\/strong>: <a href=\"https:\/\/wp.ufpel.edu.br\/curadoria\/\" target=\"_blank\" rel=\"noopener noreferrer\">https:\/\/wp.ufpel.edu.br\/curadoria\/<\/a><br \/>\n<strong>Redes Sociais<\/strong>: <a href=\"https:\/\/www.facebook.com\/lacmalg\/\" target=\"_blank\" rel=\"noopener noreferrer\">Facebook<\/a> <span style=\"color: #999999\">\/<\/span> <a href=\"https:\/\/www.instagram.com\/lacmalg\/\" target=\"_blank\" rel=\"noopener noreferrer\">Instagram<\/a><br \/>\n<\/span><\/span><\/p>\n<p>&nbsp;<\/p>\n","protected":false},"excerpt":{"rendered":"<p>\/ Projeto de Pesquisa Perspectivas contempor\u00e2neas de pesquisa em arte Coordenador(a): Lauer Alves Nunes dos Santos Grupo de Pesquisa vinculado: Semi\u00f3tica, design e arte Ano de cria\u00e7\u00e3o do projeto: 2020 Sobre Projeto voltado ao estudo da curadoria na contemporaneidade, especialmente no campo das artes visuais. Ser\u00e1 contemplada breve revis\u00e3o bibliogr\u00e1fica, desenvolvimento hist\u00f3rico, atua\u00e7\u00e3o dos profissionais [&hellip;]<\/p>\n","protected":false},"author":1258,"featured_media":0,"parent":0,"menu_order":0,"comment_status":"closed","ping_status":"closed","template":"","meta":{"footnotes":""},"class_list":["post-6855","page","type-page","status-publish","hentry"],"_links":{"self":[{"href":"https:\/\/wp.ufpel.edu.br\/ppgartes\/wp-json\/wp\/v2\/pages\/6855","targetHints":{"allow":["GET"]}}],"collection":[{"href":"https:\/\/wp.ufpel.edu.br\/ppgartes\/wp-json\/wp\/v2\/pages"}],"about":[{"href":"https:\/\/wp.ufpel.edu.br\/ppgartes\/wp-json\/wp\/v2\/types\/page"}],"author":[{"embeddable":true,"href":"https:\/\/wp.ufpel.edu.br\/ppgartes\/wp-json\/wp\/v2\/users\/1258"}],"replies":[{"embeddable":true,"href":"https:\/\/wp.ufpel.edu.br\/ppgartes\/wp-json\/wp\/v2\/comments?post=6855"}],"version-history":[{"count":0,"href":"https:\/\/wp.ufpel.edu.br\/ppgartes\/wp-json\/wp\/v2\/pages\/6855\/revisions"}],"wp:attachment":[{"href":"https:\/\/wp.ufpel.edu.br\/ppgartes\/wp-json\/wp\/v2\/media?parent=6855"}],"curies":[{"name":"wp","href":"https:\/\/api.w.org\/{rel}","templated":true}]}}