{"id":6836,"date":"2021-04-30T20:58:18","date_gmt":"2021-04-30T23:58:18","guid":{"rendered":"https:\/\/wp.ufpel.edu.br\/mestradoartesvisuais\/?page_id=6836"},"modified":"2021-04-30T20:58:18","modified_gmt":"2021-04-30T23:58:18","slug":"projeto-de-pesquisa-sobras-do-cotidiano-e-contextos-dx-artista-em-deslocamento","status":"publish","type":"page","link":"https:\/\/wp.ufpel.edu.br\/ppgartes\/projeto-de-pesquisa-sobras-do-cotidiano-e-contextos-dx-artista-em-deslocamento\/","title":{"rendered":"Projeto de Pesquisa _ Sobras do cotidiano e contextos dx artista em deslocamento"},"content":{"rendered":"<p><span style=\"font-family: georgia, palatino, serif;font-size: 12pt\"><strong><img class=\"wp-image-6869 size-full aligncenter\" src=\"https:\/\/wp.ufpel.edu.br\/ppgartes\/files\/2021\/04\/logo_pp_Deslocc.png\" alt=\"\" width=\"1080\" height=\"286\" srcset=\"https:\/\/wp.ufpel.edu.br\/ppgartes\/files\/2021\/04\/logo_pp_Deslocc.png 1080w, https:\/\/wp.ufpel.edu.br\/ppgartes\/files\/2021\/04\/logo_pp_Deslocc-400x106.png 400w, https:\/\/wp.ufpel.edu.br\/ppgartes\/files\/2021\/04\/logo_pp_Deslocc-1024x271.png 1024w, https:\/\/wp.ufpel.edu.br\/ppgartes\/files\/2021\/04\/logo_pp_Deslocc-768x203.png 768w\" sizes=\"(max-width: 1080px) 100vw, 1080px\" \/><\/strong><\/span><\/p>\n<p><span style=\"font-family: georgia, palatino, serif;font-size: 12pt\"><span style=\"font-size: 18pt\"><strong><span style=\"font-family: 'trebuchet ms', geneva, sans-serif\"><span style=\"font-family: 'trebuchet ms', geneva, sans-serif;font-size: 10pt\"><span style=\"color: #999999\">\/ Projeto de Pesquisa<\/span><\/span><br \/>\nSobras do cotidiano e contextos dx artista em deslocamento<\/span><\/strong><\/span><span style=\"font-family: 'trebuchet ms', geneva, sans-serif;font-size: 10pt\"><br \/>\n<strong>Coordenador(a)<\/strong>: <a href=\"https:\/\/wp.ufpel.edu.br\/mestradoartesvisuais\/alice-jean-monsell\/\">Alice Jean Monsell<\/a><br \/>\n<\/span><\/span><span style=\"font-family: georgia, palatino, serif;font-size: 12pt\"><span style=\"font-family: 'trebuchet ms', geneva, sans-serif;font-size: 10pt\"><strong>Grupo de Pesquisa vinculado<\/strong>: <a href=\"http:\/\/dgp.cnpq.br\/dgp\/espelhogrupo\/35750\" target=\"_blank\" rel=\"noopener noreferrer\">DESLOCC &#8211; Deslocamentos, observ\u00e2ncias e cartografias contempor\u00e2neas<\/a><br \/>\n<strong>Ano de cria\u00e7\u00e3o do projeto<\/strong>: 2018<br \/>\n<\/span><\/span><\/p>\n<p style=\"text-align: justify\"><span style=\"font-family: georgia, palatino, serif;font-size: 12pt\"><span style=\"font-family: 'trebuchet ms', geneva, sans-serif;font-size: 10pt\"><strong>Sobre<\/strong><br \/>\nEsta pesquisa em po\u00e9ticas visuais pretende abordar modos de trabalhar com a produ\u00e7\u00e3o art\u00edstica que abordam quest\u00f5es ligadas com o meio ambiente, a subjetividade humana e seus contextos sociais, geogr\u00e1ficos e pol\u00edticos nos par\u00e2metros locais, da regi\u00e3o de Pelotas, e tamb\u00e9m considerando o contexto local\/global. O projeto \u00e9 uma amplia\u00e7\u00e3o do projeto anterior que focava nos processos de deslocamento do lixo e agora procura uma amplia\u00e7\u00e3o do conceito sobras do cotidiano e busca refletir criticamente sobre os contextos de atua\u00e7\u00e3o do artista na contemporaneidade. Entretanto, com a necessidade real de orientar alunos da Gradua\u00e7\u00e3o e P\u00f3s-gradua\u00e7\u00e3o em Artes Visuais (Mestrado), se tornou claro que era o momento para ampliar os limites do meu projeto de pesquisa, permitindo abordar quest\u00f5es que tocam em assuntos variadas, tais como a produ\u00e7\u00e3o art\u00edstica no contexto das redes sociais, quest\u00f5es de viol\u00eancia e inseguran\u00e7a social, bem como trabalhos que versam sobre a inclus\u00e3o social e g\u00eanero e, ao mesmo tempo, abordar quest\u00f5es ligadas ao meio ambiente. Minha pr\u00f3pria produ\u00e7\u00e3o art\u00edstica e bibliogr\u00e1fica dos \u00faltimos anos tamb\u00e9m revela que o conceito desenvolvido \u201csobras do cotidiano\u201d est\u00e1 se ampliando. Originalmente, o conceito de sobras foi visto como relacionado aos materiais que podem ser reaproveitados na arte, e isto era um dos objetivos centrais da minha pesquisa entre 2012 e 2015. As \u201csobras do cotidiano\u201d foram relacionados \u00e0 materialidade da obra, e \u00e0 mat\u00e9ria que poderia ser transformada e reaproveitada. A pergunta que origina a pesquisa continua a mesma: o que sobra de nosso cotidiano? Os par\u00e2metros da pesquisa e seu tema ficaram mais amplos. Busco pensar hoje em processos sociais, pol\u00edticos, subjetivos, assim como processos ambientais os quais s\u00e3o interligados. A realidade contempor\u00e2nea tem problemas urgentes que precisam ser abordadas pela reflex\u00e3o cr\u00edtica da pesquisa em v\u00e1rias \u00e1reas de conhecimento. A arte \u00e9 um modo para abordar estas quest\u00f5es sociais, pol\u00edticos e ambientais em rela\u00e7\u00e3o \u00e0 percep\u00e7\u00e3o humana, ao criar propostas art\u00edsticas que ajudam perceber estes processos de forma sens\u00edvel. O enfoque nas \u201csobras do cotidiano\u201d, nesta pesquisa, se torna um meio para pensar o que precisamos transformar, n\u00e3o somente em termos de reaproveitar materiais, mas tamb\u00e9m considerando o consumismo, a fragilidade das rela\u00e7\u00f5es de afeto, quest\u00f5es de g\u00eanero ligadas com o espa\u00e7o dom\u00e9stico, a viol\u00eancia e a inseguran\u00e7a do espa\u00e7o p\u00fablico e\/ou privado e os v\u00e1rios contextos que se associam a um modo sustent\u00e1vel de viver.<br \/>\n<\/span><\/span><\/p>\n<p><span style=\"font-family: georgia, palatino, serif;font-size: 12pt\"><span style=\"font-family: 'trebuchet ms', geneva, sans-serif;font-size: 10pt\"><strong>E-mail<\/strong>: alicemondomestico@gmail.com<br \/>\n<strong>Website<\/strong>: <a href=\"https:\/\/wp.ufpel.edu.br\/fd1e2\/\" target=\"_blank\" rel=\"noopener noreferrer\">https:\/\/wp.ufpel.edu.br\/fd1e2\/<\/a><br \/>\n<strong>Redes Sociais<\/strong>: <a href=\"http:\/\/alicemonsellgaragem.blogspot.com\/\" target=\"_blank\" rel=\"noopener noreferrer\">Blog<\/a> \/ <a href=\"https:\/\/www.facebook.com\/groups\/131399503681539\" target=\"_blank\" rel=\"noopener noreferrer\">Facebook<\/a><br \/>\n<\/span><\/span><\/p>\n<p><span style=\"font-family: georgia, palatino, serif;font-size: 12pt\"><span style=\"font-family: 'trebuchet ms', geneva, sans-serif;font-size: 10pt\"><strong>Outras informa\u00e7\u00f5es<\/strong>:<br \/>\n<a href=\"https:\/\/issuu.com\/alicemon\/docs\/portofolio_alicemonsell-os-caminhos-do-lixo1-9-20e\" target=\"_blank\" rel=\"noopener noreferrer\">LINK<\/a> &#8211; Portof\u00f3lio de produ\u00e7\u00f5es art\u00edsticas de Alice Monsell vinculados a este projeto de pesquisa e projetos anteriores<br \/>\n<a href=\"https:\/\/issuu.com\/alicemon\/docs\/catalogo_dia_31-12sobras_do_cotidiano_ii_finaldivu\" target=\"_blank\" rel=\"noopener noreferrer\">LINK<\/a> &#8211; Catalogo de exposi\u00e7\u00e3o coletiva 2019 dos colaboradores de pesquisa<br \/>\n<\/span><\/span><\/p>\n<p>&nbsp;<\/p>\n","protected":false},"excerpt":{"rendered":"<p>\/ Projeto de Pesquisa Sobras do cotidiano e contextos dx artista em deslocamento Coordenador(a): Alice Jean Monsell Grupo de Pesquisa vinculado: DESLOCC &#8211; Deslocamentos, observ\u00e2ncias e cartografias contempor\u00e2neas Ano de cria\u00e7\u00e3o do projeto: 2018 Sobre Esta pesquisa em po\u00e9ticas visuais pretende abordar modos de trabalhar com a produ\u00e7\u00e3o art\u00edstica que abordam quest\u00f5es ligadas com o [&hellip;]<\/p>\n","protected":false},"author":1258,"featured_media":0,"parent":0,"menu_order":0,"comment_status":"closed","ping_status":"closed","template":"","meta":{"footnotes":""},"class_list":["post-6836","page","type-page","status-publish","hentry"],"_links":{"self":[{"href":"https:\/\/wp.ufpel.edu.br\/ppgartes\/wp-json\/wp\/v2\/pages\/6836","targetHints":{"allow":["GET"]}}],"collection":[{"href":"https:\/\/wp.ufpel.edu.br\/ppgartes\/wp-json\/wp\/v2\/pages"}],"about":[{"href":"https:\/\/wp.ufpel.edu.br\/ppgartes\/wp-json\/wp\/v2\/types\/page"}],"author":[{"embeddable":true,"href":"https:\/\/wp.ufpel.edu.br\/ppgartes\/wp-json\/wp\/v2\/users\/1258"}],"replies":[{"embeddable":true,"href":"https:\/\/wp.ufpel.edu.br\/ppgartes\/wp-json\/wp\/v2\/comments?post=6836"}],"version-history":[{"count":0,"href":"https:\/\/wp.ufpel.edu.br\/ppgartes\/wp-json\/wp\/v2\/pages\/6836\/revisions"}],"wp:attachment":[{"href":"https:\/\/wp.ufpel.edu.br\/ppgartes\/wp-json\/wp\/v2\/media?parent=6836"}],"curies":[{"name":"wp","href":"https:\/\/api.w.org\/{rel}","templated":true}]}}