{"id":6830,"date":"2021-04-30T20:49:48","date_gmt":"2021-04-30T23:49:48","guid":{"rendered":"https:\/\/wp.ufpel.edu.br\/mestradoartesvisuais\/?page_id=6830"},"modified":"2021-04-30T20:49:48","modified_gmt":"2021-04-30T23:49:48","slug":"projeto-de-pesquisa-caixa-de-pandora-mulheres-artistas-e-mulheres-pensadoras-seculo-xix-e-xx","status":"publish","type":"page","link":"https:\/\/wp.ufpel.edu.br\/ppgartes\/projeto-de-pesquisa-caixa-de-pandora-mulheres-artistas-e-mulheres-pensadoras-seculo-xix-e-xx\/","title":{"rendered":"Projeto de Pesquisa _ Caixa de Pandora, mulheres artistas e mulheres pensadoras s\u00e9culo XIX e XX"},"content":{"rendered":"<p><span style=\"font-family: georgia, palatino, serif;font-size: 12pt\"><strong><img class=\"aligncenter wp-image-6867 size-full\" src=\"https:\/\/wp.ufpel.edu.br\/ppgartes\/files\/2021\/04\/logo_pp_CaixaDePandora.png\" alt=\"\" width=\"1080\" height=\"286\" srcset=\"https:\/\/wp.ufpel.edu.br\/ppgartes\/files\/2021\/04\/logo_pp_CaixaDePandora.png 1080w, https:\/\/wp.ufpel.edu.br\/ppgartes\/files\/2021\/04\/logo_pp_CaixaDePandora-400x106.png 400w, https:\/\/wp.ufpel.edu.br\/ppgartes\/files\/2021\/04\/logo_pp_CaixaDePandora-1024x271.png 1024w, https:\/\/wp.ufpel.edu.br\/ppgartes\/files\/2021\/04\/logo_pp_CaixaDePandora-768x203.png 768w\" sizes=\"(max-width: 1080px) 100vw, 1080px\" \/><\/strong><\/span><\/p>\n<p><span style=\"font-family: georgia, palatino, serif;font-size: 12pt\"><span style=\"font-size: 18pt\"><strong><span style=\"font-family: 'trebuchet ms', geneva, sans-serif\"><span style=\"font-family: 'trebuchet ms', geneva, sans-serif;font-size: 10pt\"><span style=\"color: #999999\">\/ Projeto de Pesquisa<\/span><\/span><br \/>\nCaixa de Pandora, mulheres artistas e mulheres pensadoras s\u00e9culo XIX e XX<\/span><\/strong><\/span><span style=\"font-family: 'trebuchet ms', geneva, sans-serif;font-size: 10pt\"><br \/>\n<strong>Coordenador(a)<\/strong>: <a href=\"https:\/\/wp.ufpel.edu.br\/mestradoartesvisuais\/ursula-rosa-da-silva\/\">Ursula Rosa da Silva<\/a><br \/>\n<\/span><\/span><span style=\"font-family: georgia, palatino, serif;font-size: 12pt\"><span style=\"font-family: 'trebuchet ms', geneva, sans-serif;font-size: 10pt\"><strong>Grupo de Pesquisa vinculado<\/strong>: <a href=\"http:\/\/dgp.cnpq.br\/dgp\/espelhogrupo\/6870585634065883\" target=\"_blank\" rel=\"noopener noreferrer\">Caixa de Pandora: Estudos em Arte, G\u00eanero e Mem\u00f3ria<\/a><br \/>\n<strong>Ano de cria\u00e7\u00e3o do projeto<\/strong>: 2008<br \/>\n<\/span><\/span><\/p>\n<p><span style=\"font-family: georgia, palatino, serif;font-size: 12pt\"><span style=\"font-family: 'trebuchet ms', geneva, sans-serif;font-size: 10pt\"><strong>Sobre<\/strong><br \/>\nProjeto de pesquisa Caixa de Pandora: mulheres artistas e mulheres pensadoras surgiu em 2008, junto ao Centro de Artes da UFPel, a partir da demanda das quest\u00f5es de g\u00eanero na universidade. Desde sua origem o projeto conta com a participa\u00e7\u00e3o de professores e alunos de v\u00e1rios cursos da UFPel. O grupo tem suas pesquisas com foco interdisciplinar, envolvendo \u00e1reas das ci\u00eancias humanas, artes e ci\u00eancias sociais aplicadas em torno do tema de g\u00eanero, da diversidade, das invisibilidades de grupos sociais tradicionalmente colocados \u00e0 margem, das transgress\u00f5es e das polifonias de express\u00e3o na contemporaneidade destes. Ao longo de dez anos o projeto Caixa de Pandora tem produzido pesquisas, publica\u00e7\u00f5es e a\u00e7\u00f5es extensionistas para propaga\u00e7\u00e3o destes estudos, como o Simp\u00f3sio Internacional G\u00eanero, Arte e Mem\u00f3ria, que \u00e9 um encontro que tem trazido ao Estado do RS profissionais nacionais e internacionais que s\u00e3o refer\u00eancia nesta tem\u00e1tica. Al\u00e9m disso, o evento tem possibilitado ampliar conv\u00eanios, interc\u00e2mbios e pesquisa em g\u00eanero da UFPel com institui\u00e7\u00f5es internacionais. O grupo tem diversas publica\u00e7\u00f5es, como o e b o o k d o \u00fa l t i m o S I G A M q u e e s t \u00e1 n o l i n k : guaiaca.ufpel.edu.br:8080\/bitstream\/prefix\/4190\/3\/Transgressoes_de_Pandora_ebook.pdf<br \/>\n<\/span><\/span><\/p>\n<p><span style=\"font-family: georgia, palatino, serif;font-size: 12pt\"><span style=\"font-family: 'trebuchet ms', geneva, sans-serif;font-size: 10pt\"><strong>E-mail<\/strong>: ursularsilva@gmail.com<br \/>\n<strong>Website<\/strong>: <a href=\"https:\/\/wp.ufpel.edu.br\/artenaescola\/publicacoes\/vi-sigam\/\" target=\"_blank\" rel=\"noopener noreferrer\">https:\/\/wp.ufpel.edu.br\/artenaescola\/publicacoes\/vi-sigam\/<\/a><br \/>\n<strong>Redes Sociais<\/strong>: <a href=\"https:\/\/www.facebook.com\/groups\/414536748614295\" target=\"_blank\" rel=\"noopener noreferrer\">Facebook<\/a><br \/>\n<\/span><\/span><\/p>\n<p>&nbsp;<\/p>\n","protected":false},"excerpt":{"rendered":"<p>\/ Projeto de Pesquisa Caixa de Pandora, mulheres artistas e mulheres pensadoras s\u00e9culo XIX e XX Coordenador(a): Ursula Rosa da Silva Grupo de Pesquisa vinculado: Caixa de Pandora: Estudos em Arte, G\u00eanero e Mem\u00f3ria Ano de cria\u00e7\u00e3o do projeto: 2008 Sobre Projeto de pesquisa Caixa de Pandora: mulheres artistas e mulheres pensadoras surgiu em 2008, [&hellip;]<\/p>\n","protected":false},"author":1258,"featured_media":0,"parent":0,"menu_order":0,"comment_status":"closed","ping_status":"closed","template":"","meta":{"footnotes":""},"class_list":["post-6830","page","type-page","status-publish","hentry"],"_links":{"self":[{"href":"https:\/\/wp.ufpel.edu.br\/ppgartes\/wp-json\/wp\/v2\/pages\/6830","targetHints":{"allow":["GET"]}}],"collection":[{"href":"https:\/\/wp.ufpel.edu.br\/ppgartes\/wp-json\/wp\/v2\/pages"}],"about":[{"href":"https:\/\/wp.ufpel.edu.br\/ppgartes\/wp-json\/wp\/v2\/types\/page"}],"author":[{"embeddable":true,"href":"https:\/\/wp.ufpel.edu.br\/ppgartes\/wp-json\/wp\/v2\/users\/1258"}],"replies":[{"embeddable":true,"href":"https:\/\/wp.ufpel.edu.br\/ppgartes\/wp-json\/wp\/v2\/comments?post=6830"}],"version-history":[{"count":0,"href":"https:\/\/wp.ufpel.edu.br\/ppgartes\/wp-json\/wp\/v2\/pages\/6830\/revisions"}],"wp:attachment":[{"href":"https:\/\/wp.ufpel.edu.br\/ppgartes\/wp-json\/wp\/v2\/media?parent=6830"}],"curies":[{"name":"wp","href":"https:\/\/api.w.org\/{rel}","templated":true}]}}