{"id":6827,"date":"2021-04-30T20:44:54","date_gmt":"2021-04-30T23:44:54","guid":{"rendered":"https:\/\/wp.ufpel.edu.br\/mestradoartesvisuais\/?page_id=6827"},"modified":"2021-04-30T20:44:54","modified_gmt":"2021-04-30T23:44:54","slug":"projeto-de-pesquisa-aspectos-historicos-da-danca-no-rio-grande-do-sul","status":"publish","type":"page","link":"https:\/\/wp.ufpel.edu.br\/ppgartes\/projeto-de-pesquisa-aspectos-historicos-da-danca-no-rio-grande-do-sul\/","title":{"rendered":"Projeto de Pesquisa _ Aspectos Hist\u00f3ricos da Dan\u00e7a no Rio Grande do Sul"},"content":{"rendered":"<p><span style=\"font-family: georgia, palatino, serif;font-size: 12pt\"><span style=\"font-size: 18pt\"><strong><span style=\"font-family: 'trebuchet ms', geneva, sans-serif\"><span style=\"font-family: 'trebuchet ms', geneva, sans-serif;font-size: 10pt\"><span style=\"color: #999999\">\/ Projeto de Pesquisa<\/span><\/span><br \/>\nAspectos Hist\u00f3ricos da Dan\u00e7a no Rio Grande do Sul<\/span><\/strong><\/span><span style=\"font-family: 'trebuchet ms', geneva, sans-serif;font-size: 10pt\"><br \/>\n<strong>Coordenador(a)<\/strong>: <a href=\"https:\/\/wp.ufpel.edu.br\/mestradoartesvisuais\/carmen-anita-hoffmann\/\">Carmen Anita Hoffmann<\/a><br \/>\n<\/span><\/span><span style=\"font-family: georgia, palatino, serif;font-size: 12pt\"><span style=\"font-family: 'trebuchet ms', geneva, sans-serif;font-size: 10pt\"><strong>Grupo de Pesquisa vinculado<\/strong>: <a href=\"http:\/\/dgp.cnpq.br\/dgp\/espelhogrupo\/43374\" target=\"_blank\" rel=\"noopener noreferrer\">OMEGA \u2013 Observat\u00f3rio de Mem\u00f3ria, Educa\u00e7\u00e3o, Gesto e Arte<\/a><br \/>\n<strong>Ano de cria\u00e7\u00e3o do projeto<\/strong>: 2014<br \/>\n<\/span><\/span><\/p>\n<p><span style=\"font-family: georgia, palatino, serif;font-size: 12pt\"><span style=\"font-family: 'trebuchet ms', geneva, sans-serif;font-size: 10pt\"><strong>Sobre<\/strong><br \/>\nO projeto surgiu da necessidade de dar visibilidade para as quest\u00f5es relacionadas \u00e0 dan\u00e7a no estado do Rio Grande do Sul. H\u00e1 na hist\u00f3ria da dan\u00e7a no Estado, apesar da longa pr\u00e1tica dessa arte, lacunas muito grandes no que diz respeito \u00e0s organiza\u00e7\u00f5es, principais personagens e o ide\u00e1rio que sustentou sua exist\u00eancia. A proposta \u00e9 a de escrever essas hist\u00f3rias com vistas ao seu registro e an\u00e1lise das suas caracter\u00edsticas, considerando as diferentes regi\u00f5es e os diversos g\u00eaneros. Atrav\u00e9s do entendimento da trajet\u00f3ria da dan\u00e7a esperamos dar luz ao contexto da dan\u00e7a na contemporaneidade.<br \/>\n<\/span><\/span><\/p>\n<p><span style=\"font-family: georgia, palatino, serif;font-size: 12pt\"><span style=\"font-family: 'trebuchet ms', geneva, sans-serif;font-size: 10pt\"><strong>E-mail<\/strong>: carminhalese@yahoo.com.br \/ omegaufpel@gmail.com<br \/>\n<strong>Website<\/strong>: <a href=\"https:\/\/wp.ufpel.edu.br\/omega\/\" target=\"_blank\" rel=\"noopener noreferrer\">https:\/\/wp.ufpel.edu.br\/omega\/<\/a><br \/>\n<\/span><\/span><\/p>\n<p>&nbsp;<\/p>\n","protected":false},"excerpt":{"rendered":"<p>\/ Projeto de Pesquisa Aspectos Hist\u00f3ricos da Dan\u00e7a no Rio Grande do Sul Coordenador(a): Carmen Anita Hoffmann Grupo de Pesquisa vinculado: OMEGA \u2013 Observat\u00f3rio de Mem\u00f3ria, Educa\u00e7\u00e3o, Gesto e Arte Ano de cria\u00e7\u00e3o do projeto: 2014 Sobre O projeto surgiu da necessidade de dar visibilidade para as quest\u00f5es relacionadas \u00e0 dan\u00e7a no estado do Rio [&hellip;]<\/p>\n","protected":false},"author":1258,"featured_media":0,"parent":0,"menu_order":0,"comment_status":"closed","ping_status":"closed","template":"","meta":{"footnotes":""},"class_list":["post-6827","page","type-page","status-publish","hentry"],"_links":{"self":[{"href":"https:\/\/wp.ufpel.edu.br\/ppgartes\/wp-json\/wp\/v2\/pages\/6827","targetHints":{"allow":["GET"]}}],"collection":[{"href":"https:\/\/wp.ufpel.edu.br\/ppgartes\/wp-json\/wp\/v2\/pages"}],"about":[{"href":"https:\/\/wp.ufpel.edu.br\/ppgartes\/wp-json\/wp\/v2\/types\/page"}],"author":[{"embeddable":true,"href":"https:\/\/wp.ufpel.edu.br\/ppgartes\/wp-json\/wp\/v2\/users\/1258"}],"replies":[{"embeddable":true,"href":"https:\/\/wp.ufpel.edu.br\/ppgartes\/wp-json\/wp\/v2\/comments?post=6827"}],"version-history":[{"count":0,"href":"https:\/\/wp.ufpel.edu.br\/ppgartes\/wp-json\/wp\/v2\/pages\/6827\/revisions"}],"wp:attachment":[{"href":"https:\/\/wp.ufpel.edu.br\/ppgartes\/wp-json\/wp\/v2\/media?parent=6827"}],"curies":[{"name":"wp","href":"https:\/\/api.w.org\/{rel}","templated":true}]}}