{"id":6821,"date":"2021-04-30T20:40:21","date_gmt":"2021-04-30T23:40:21","guid":{"rendered":"https:\/\/wp.ufpel.edu.br\/mestradoartesvisuais\/?page_id=6821"},"modified":"2021-04-30T20:40:21","modified_gmt":"2021-04-30T23:40:21","slug":"projeto-de-pesquisa-poeticas-no-espaco","status":"publish","type":"page","link":"https:\/\/wp.ufpel.edu.br\/ppgartes\/projeto-de-pesquisa-poeticas-no-espaco\/","title":{"rendered":"Projeto de Pesquisa _ Po\u00e9ticas NO Espa\u00e7o"},"content":{"rendered":"<p><span style=\"font-family: georgia, palatino, serif;font-size: 12pt\"><span style=\"font-size: 18pt\"><strong><span style=\"font-family: 'trebuchet ms', geneva, sans-serif\"><span style=\"font-family: 'trebuchet ms', geneva, sans-serif;font-size: 10pt\"><span style=\"color: #999999\">\/ Projeto de Pesquisa<\/span><\/span><br \/>\nPo\u00e9ticas NO Espa\u00e7o: investiga\u00e7\u00f5es, proposi\u00e7\u00f5es de formas de presen\u00e7a<\/span><\/strong><\/span><span style=\"font-family: 'trebuchet ms', geneva, sans-serif;font-size: 10pt\"><br \/>\n<strong>Coordenador(a)<\/strong>: <a href=\"https:\/\/wp.ufpel.edu.br\/mestradoartesvisuais\/helene-gomes-sacco\/\">Helene Gomes Sacco<\/a><br \/>\n<\/span><\/span><span style=\"font-family: georgia, palatino, serif;font-size: 12pt\"><span style=\"font-family: 'trebuchet ms', geneva, sans-serif;font-size: 10pt\"><strong>Grupo de Pesquisa vinculado<\/strong>: <a href=\"http:\/\/dgp.cnpq.br\/dgp\/espelhogrupo\/35750\" target=\"_blank\" rel=\"noopener noreferrer\">DESLOCC &#8211; Deslocamentos, observ\u00e2ncias e cartografias contempor\u00e2neas<\/a><br \/>\n<strong>Ano de cria\u00e7\u00e3o do projeto<\/strong>: 2020<br \/>\n<\/span><\/span><\/p>\n<p><span style=\"font-family: georgia, palatino, serif;font-size: 12pt\"><span style=\"font-family: 'trebuchet ms', geneva, sans-serif;font-size: 10pt\"><strong>Sobre<\/strong><br \/>\n<\/span><\/span><span style=\"font-family: georgia, palatino, serif;font-size: 12pt\"><span style=\"font-family: 'trebuchet ms', geneva, sans-serif;font-size: 10pt\">O projeto prop\u00f5e refletir e unificar as a\u00e7\u00f5es a partir do conceito de espa\u00e7o, buscando problematizar e potencializar a forma como a espacialidade dos trabalhos art\u00edsticos se apresentam e configuram formas de rela\u00e7\u00e3o e experi\u00eancia. A\u00e7\u00f5es, proposi\u00e7\u00f5es, exposi\u00e7\u00f5es, publica\u00e7\u00f5es, s\u00e3o meios, contextos de acontecimento e situa\u00e7\u00f5es que apresentam produ\u00e7\u00f5es e que podem ser melhor exploradas e estudadas de forma te\u00f3rica e pr\u00e1tica, sendo que o espa\u00e7o nos trabalhos e a forma como se configuram nunca \u00e9 neutra, seja se o espa\u00e7o em quest\u00e3o \u00e9 o de uma exposi\u00e7\u00e3o, seja o de um livro. A partir das produ\u00e7\u00f5es dos membros do projeto em situa\u00e7\u00f5es de partilha\/extens\u00e3o com a comunidade, o presente projeto procura observar os espa\u00e7os pelos quais os trabalhos ocorrem e quais as estrat\u00e9gias de apresenta\u00e7\u00e3o, acontecimento e experi\u00eancia com o p\u00fablico estes promovem.<br \/>\nAtrav\u00e9s do projeto criar estrat\u00e9gias de reflex\u00e3o sobre quais espacialidades o mundo atual engendra e quais ele necessitar\u00e1.<br \/>\nRefletir as no\u00e7\u00f5es de espa\u00e7o ligadas as ideias de liberdade, confinamento, p\u00fablico e privado, casa e cidade.<br \/>\nAtrav\u00e9s de leitura dirigida estudar as diferentes espacialidades presentes em exposi\u00e7\u00f5es, a\u00e7\u00f5es, proposi\u00e7\u00f5es, e publica\u00e7\u00f5es.<br \/>\nEstimular a escrita e a leitura promovendo formas de cria\u00e7\u00e3o, apresenta\u00e7\u00e3o e partilha com a comunidade. <\/span><\/span><\/p>\n<p><span style=\"font-family: georgia, palatino, serif;font-size: 12pt\"><span style=\"font-family: 'trebuchet ms', geneva, sans-serif;font-size: 10pt\"><strong>E-mail<\/strong>: sacco.h@gmail.com<br \/>\n<\/span><\/span><\/p>\n<p>&nbsp;<\/p>\n","protected":false},"excerpt":{"rendered":"<p>\/ Projeto de Pesquisa Po\u00e9ticas NO Espa\u00e7o: investiga\u00e7\u00f5es, proposi\u00e7\u00f5es de formas de presen\u00e7a Coordenador(a): Helene Gomes Sacco Grupo de Pesquisa vinculado: DESLOCC &#8211; Deslocamentos, observ\u00e2ncias e cartografias contempor\u00e2neas Ano de cria\u00e7\u00e3o do projeto: 2020 Sobre O projeto prop\u00f5e refletir e unificar as a\u00e7\u00f5es a partir do conceito de espa\u00e7o, buscando problematizar e potencializar a forma [&hellip;]<\/p>\n","protected":false},"author":1258,"featured_media":0,"parent":0,"menu_order":0,"comment_status":"closed","ping_status":"closed","template":"","meta":{"footnotes":""},"class_list":["post-6821","page","type-page","status-publish","hentry"],"_links":{"self":[{"href":"https:\/\/wp.ufpel.edu.br\/ppgartes\/wp-json\/wp\/v2\/pages\/6821","targetHints":{"allow":["GET"]}}],"collection":[{"href":"https:\/\/wp.ufpel.edu.br\/ppgartes\/wp-json\/wp\/v2\/pages"}],"about":[{"href":"https:\/\/wp.ufpel.edu.br\/ppgartes\/wp-json\/wp\/v2\/types\/page"}],"author":[{"embeddable":true,"href":"https:\/\/wp.ufpel.edu.br\/ppgartes\/wp-json\/wp\/v2\/users\/1258"}],"replies":[{"embeddable":true,"href":"https:\/\/wp.ufpel.edu.br\/ppgartes\/wp-json\/wp\/v2\/comments?post=6821"}],"version-history":[{"count":0,"href":"https:\/\/wp.ufpel.edu.br\/ppgartes\/wp-json\/wp\/v2\/pages\/6821\/revisions"}],"wp:attachment":[{"href":"https:\/\/wp.ufpel.edu.br\/ppgartes\/wp-json\/wp\/v2\/media?parent=6821"}],"curies":[{"name":"wp","href":"https:\/\/api.w.org\/{rel}","templated":true}]}}