{"id":6818,"date":"2021-04-30T20:37:56","date_gmt":"2021-04-30T23:37:56","guid":{"rendered":"https:\/\/wp.ufpel.edu.br\/mestradoartesvisuais\/?page_id=6818"},"modified":"2021-04-30T20:37:56","modified_gmt":"2021-04-30T23:37:56","slug":"projeto-de-pesquisa-objetocoisa","status":"publish","type":"page","link":"https:\/\/wp.ufpel.edu.br\/ppgartes\/projeto-de-pesquisa-objetocoisa\/","title":{"rendered":"Projeto de Pesquisa _ OBJETOCOISA"},"content":{"rendered":"<p><span style=\"font-family: georgia, palatino, serif;font-size: 12pt\"><span style=\"font-size: 18pt\"><strong><span style=\"font-family: 'trebuchet ms', geneva, sans-serif\"><span style=\"font-family: 'trebuchet ms', geneva, sans-serif;font-size: 10pt\"><span style=\"color: #999999\">\/ Projeto de Pesquisa<\/span><\/span><br \/>\nOBJETOCOISA: reflex\u00f5es sobre a cria\u00e7\u00e3o e produ\u00e7\u00e3o de materialidade na arte<\/span><\/strong><\/span><span style=\"font-family: 'trebuchet ms', geneva, sans-serif;font-size: 10pt\"><br \/>\n<strong>Coordenador(a)<\/strong>: <a href=\"https:\/\/wp.ufpel.edu.br\/mestradoartesvisuais\/helene-gomes-sacco\/\">Helene Gomes Sacco<\/a><br \/>\n<\/span><\/span><span style=\"font-family: georgia, palatino, serif;font-size: 12pt\"><span style=\"font-family: 'trebuchet ms', geneva, sans-serif;font-size: 10pt\"><strong>Grupo de Pesquisa vinculado<\/strong>: <a href=\"http:\/\/dgp.cnpq.br\/dgp\/espelhogrupo\/551461\" target=\"_blank\" rel=\"noopener noreferrer\">ART\u018eECOS: n\u00facleo de estudos e pr\u00e1ticas art\u00edsticas ecos\u00f3ficas<\/a><br \/>\n<strong>Ano de cria\u00e7\u00e3o do projeto<\/strong>: 2019<br \/>\n<\/span><\/span><\/p>\n<p><span style=\"font-family: georgia, palatino, serif;font-size: 12pt\"><span style=\"font-family: 'trebuchet ms', geneva, sans-serif;font-size: 10pt\"><strong>Sobre<\/strong><br \/>\n<\/span><\/span><span style=\"font-family: georgia, palatino, serif;font-size: 12pt\"><span style=\"font-family: 'trebuchet ms', geneva, sans-serif;font-size: 10pt\">O projeto de pesquisa busca articular o conhecimento desenvolvido na pr\u00e1tica art\u00edstica atrav\u00e9s dos processos de cria\u00e7\u00e3o ao estudo da materialidade e sua influ\u00eancia na realidade do mundo, procurando incentivar a reflex\u00e3o, os desdobramentos po\u00e9ticos e o exerc\u00edcio de uma \u00e9tica da produ\u00e7\u00e3o.<br \/>\nO Projeto de pesquisa visa a investiga\u00e7\u00e3o art\u00edstica no campo de estudo sobre objetos cotidianos partindo de sua cria\u00e7\u00e3o, e explorando os vieses de produ\u00e7\u00e3o, percep\u00e7\u00e3o e experi\u00eancia, por compreender que o campo da arte tamb\u00e9m \u00e9 respons\u00e1vel por parte da reflex\u00e3o, n\u00e3o s\u00f3 sobre o que se cria, mas como se forma a materialidade das coisas no mundo. O projeto explora no\u00e7\u00f5es hist\u00f3ricas e tamb\u00e9m atuais sobre \u00c9tica da produ\u00e7\u00e3o, Obsolesc\u00eancia programada, Mem\u00f3ria, Reciclagem, Neguentropia, Capitalismo, Ecosofia e Novo Materialismo, todas elas no\u00e7\u00f5es importantes para o campo da cria\u00e7\u00e3o em arte e suas articula\u00e7\u00f5es poss\u00edveis com o campo industrial e meio ambiente. Se todo objeto que \u00e9 inventado, tamb\u00e9m inventa um sujeito, sabemos que nem sempre a \u00e1rea da ind\u00fastria traz consigo essa consci\u00eancia e preocupa\u00e7\u00f5es, mas a arte parece ser o campo onde os sentidos e significados se colocam \u00e0 prova, onde s\u00e3o questionados, se aprofundam e ganham percep\u00e7\u00f5es \u00e9ticas e est\u00e9ticas ao propor uma esp\u00e9cie de (Re)f\u00e1brica do mundo, deixando claro que produ\u00e7\u00e3o industrial, produ\u00e7\u00e3o da realidade do mundo, produ\u00e7\u00e3o de sentido, produ\u00e7\u00e3o de subjetividade e produ\u00e7\u00e3o de si, por mais d\u00edspares que pare\u00e7am, est\u00e3o intimamente ligadas.<\/span><\/span><\/p>\n<p><span style=\"font-family: georgia, palatino, serif;font-size: 12pt\"><span style=\"font-family: 'trebuchet ms', geneva, sans-serif;font-size: 10pt\"><strong>E-mail<\/strong>: sacco.h@gmail.com<br \/>\n<\/span><\/span><\/p>\n<p>&nbsp;<\/p>\n","protected":false},"excerpt":{"rendered":"<p>\/ Projeto de Pesquisa OBJETOCOISA: reflex\u00f5es sobre a cria\u00e7\u00e3o e produ\u00e7\u00e3o de materialidade na arte Coordenador(a): Helene Gomes Sacco Grupo de Pesquisa vinculado: ART\u018eECOS: n\u00facleo de estudos e pr\u00e1ticas art\u00edsticas ecos\u00f3ficas Ano de cria\u00e7\u00e3o do projeto: 2019 Sobre O projeto de pesquisa busca articular o conhecimento desenvolvido na pr\u00e1tica art\u00edstica atrav\u00e9s dos processos de cria\u00e7\u00e3o [&hellip;]<\/p>\n","protected":false},"author":1258,"featured_media":0,"parent":0,"menu_order":0,"comment_status":"closed","ping_status":"closed","template":"","meta":{"footnotes":""},"class_list":["post-6818","page","type-page","status-publish","hentry"],"_links":{"self":[{"href":"https:\/\/wp.ufpel.edu.br\/ppgartes\/wp-json\/wp\/v2\/pages\/6818","targetHints":{"allow":["GET"]}}],"collection":[{"href":"https:\/\/wp.ufpel.edu.br\/ppgartes\/wp-json\/wp\/v2\/pages"}],"about":[{"href":"https:\/\/wp.ufpel.edu.br\/ppgartes\/wp-json\/wp\/v2\/types\/page"}],"author":[{"embeddable":true,"href":"https:\/\/wp.ufpel.edu.br\/ppgartes\/wp-json\/wp\/v2\/users\/1258"}],"replies":[{"embeddable":true,"href":"https:\/\/wp.ufpel.edu.br\/ppgartes\/wp-json\/wp\/v2\/comments?post=6818"}],"version-history":[{"count":0,"href":"https:\/\/wp.ufpel.edu.br\/ppgartes\/wp-json\/wp\/v2\/pages\/6818\/revisions"}],"wp:attachment":[{"href":"https:\/\/wp.ufpel.edu.br\/ppgartes\/wp-json\/wp\/v2\/media?parent=6818"}],"curies":[{"name":"wp","href":"https:\/\/api.w.org\/{rel}","templated":true}]}}