{"id":6815,"date":"2021-04-30T19:29:54","date_gmt":"2021-04-30T22:29:54","guid":{"rendered":"https:\/\/wp.ufpel.edu.br\/mestradoartesvisuais\/?page_id=6815"},"modified":"2021-04-30T19:29:54","modified_gmt":"2021-04-30T22:29:54","slug":"projeto-de-pesquisa-_-lugares-livro","status":"publish","type":"page","link":"https:\/\/wp.ufpel.edu.br\/ppgartes\/projeto-de-pesquisa-_-lugares-livro\/","title":{"rendered":"Projeto de Pesquisa _ Lugares-livro"},"content":{"rendered":"<p><span style=\"font-family: georgia, palatino, serif;font-size: 12pt\"><strong><img class=\"aligncenter wp-image-6870 size-full\" src=\"https:\/\/wp.ufpel.edu.br\/ppgartes\/files\/2021\/04\/logo_pp_LugaresLivro.png\" alt=\"\" width=\"1080\" height=\"286\" srcset=\"https:\/\/wp.ufpel.edu.br\/ppgartes\/files\/2021\/04\/logo_pp_LugaresLivro.png 1080w, https:\/\/wp.ufpel.edu.br\/ppgartes\/files\/2021\/04\/logo_pp_LugaresLivro-400x106.png 400w, https:\/\/wp.ufpel.edu.br\/ppgartes\/files\/2021\/04\/logo_pp_LugaresLivro-1024x271.png 1024w, https:\/\/wp.ufpel.edu.br\/ppgartes\/files\/2021\/04\/logo_pp_LugaresLivro-768x203.png 768w\" sizes=\"(max-width: 1080px) 100vw, 1080px\" \/><\/strong><\/span><\/p>\n<p><span style=\"font-family: georgia, palatino, serif;font-size: 12pt\"><span style=\"font-size: 18pt\"><strong><span style=\"font-family: 'trebuchet ms', geneva, sans-serif\"><span style=\"font-family: 'trebuchet ms', geneva, sans-serif;font-size: 10pt\"><span style=\"color: #999999\">\/ Projeto de Pesquisa<\/span><\/span><br \/>\nLugares-livro: dimens\u00f5es materiais e po\u00e9ticas<\/span><\/strong><\/span><span style=\"font-family: 'trebuchet ms', geneva, sans-serif;font-size: 10pt\"><br \/>\n<strong>Coordenador(a)<\/strong>: <a href=\"https:\/\/wp.ufpel.edu.br\/mestradoartesvisuais\/helene-gomes-sacco\/\">Helene Gomes Sacco<\/a><br \/>\n<\/span><\/span><span style=\"font-family: georgia, palatino, serif;font-size: 12pt\"><span style=\"font-family: 'trebuchet ms', geneva, sans-serif;font-size: 10pt\"><strong>Grupo de Pesquisa vinculado<\/strong>: <a href=\"http:\/\/dgp.cnpq.br\/dgp\/espelhogrupo\/696933\" target=\"_blank\" rel=\"noopener noreferrer\">Grupo de Pesquisa Lugares-livro: dimens\u00f5es materiais e po\u00e9ticas<\/a><br \/>\n<strong>Ano de cria\u00e7\u00e3o do projeto<\/strong>: 2013<br \/>\n<\/span><\/span><\/p>\n<p><span style=\"font-family: georgia, palatino, serif;font-size: 12pt\"><span style=\"font-family: 'trebuchet ms', geneva, sans-serif;font-size: 10pt\"><strong>Sobre<\/strong><br \/>\nO presente projeto objetiva estabelecer reflex\u00f5es acerca do livro de artista, tanto no que tange a observa\u00e7\u00e3o de alguns livros, quanto aspectos hist\u00f3ricos deste, bem como seu fazer por parte de um determinado grupo de artistas. Objetiva-se ainda estender tais reflex\u00f5es \u00e0 comunidade, instaurando debates e promovendo, assim, um interc\u00e2mbio entre pesquisas art\u00edsticas, corpo docente e discente e p\u00fablico de modo geral.<br \/>\n<\/span><\/span><span style=\"font-family: georgia, palatino, serif;font-size: 12pt\"><span style=\"font-family: 'trebuchet ms', geneva, sans-serif;font-size: 10pt\">Partindo da investiga\u00e7\u00e3o, levantamento e an\u00e1lise reflexiva das produ\u00e7\u00f5es inventariadas na arte contempor\u00e2nea, prop\u00f5e-se que concomitantemente o grupo articule rela\u00e7\u00f5es poss\u00edveis com suas pesquisas pessoais na cria\u00e7\u00e3o de livros seja de \u00fanicos ou m\u00faltiplos. Esse \u00e9 o grande objetivo, que a atua\u00e7\u00e3o no grupo colabore com o desenvolvimento das pesquisas discentes.<br \/>\nTamb\u00e9m durante o processo de estudo, elabora\u00e7\u00e3o e an\u00e1lise, ser\u00e1 parte integrante do trabalho no grupo a reflex\u00e3o e apresenta\u00e7\u00e3o dos resultados das pesquisas, assim como a participa\u00e7\u00e3o de artistas convidados, em comunica\u00e7\u00f5es sobre as formas de atua\u00e7\u00e3o do Livro de Artista dentro dos processos art\u00edsticos contempor\u00e2neos.<br \/>\nNossa inten\u00e7\u00e3o, a longo prazo, \u00e9 a cria\u00e7\u00e3o de um corpo de trabalhos com qualidade e quantidade suficiente para a cria\u00e7\u00e3o de uma exposi\u00e7\u00e3o e uma feira de m\u00faltiplos.<br \/>\n<\/span><\/span><\/p>\n<p><span style=\"font-family: georgia, palatino, serif;font-size: 12pt\"><span style=\"font-family: 'trebuchet ms', geneva, sans-serif;font-size: 10pt\"><strong>E-mail<\/strong>: lugares.livro.dobra@gmail.com<br \/>\n<strong>Website<\/strong>: <a href=\"https:\/\/wp.ufpel.edu.br\/lugareslivro\/\" target=\"_blank\" rel=\"noopener noreferrer\">https:\/\/wp.ufpel.edu.br\/lugareslivro\/<\/a><br \/>\n<strong>Redes Sociais<\/strong>: <a href=\"https:\/\/www.facebook.com\/Lugares-Livro-307538416053729\" target=\"_blank\" rel=\"noopener noreferrer\">Facebook<\/a> <span style=\"color: #999999\">\/<\/span> <a href=\"https:\/\/www.instagram.com\/lugareslivro\/\" target=\"_blank\" rel=\"noopener noreferrer\">Instagram<\/a><br \/>\n<\/span><\/span><\/p>\n<p>&nbsp;<\/p>\n","protected":false},"excerpt":{"rendered":"<p>\/ Projeto de Pesquisa Lugares-livro: dimens\u00f5es materiais e po\u00e9ticas Coordenador(a): Helene Gomes Sacco Grupo de Pesquisa vinculado: Grupo de Pesquisa Lugares-livro: dimens\u00f5es materiais e po\u00e9ticas Ano de cria\u00e7\u00e3o do projeto: 2013 Sobre O presente projeto objetiva estabelecer reflex\u00f5es acerca do livro de artista, tanto no que tange a observa\u00e7\u00e3o de alguns livros, quanto aspectos hist\u00f3ricos [&hellip;]<\/p>\n","protected":false},"author":1258,"featured_media":0,"parent":0,"menu_order":0,"comment_status":"closed","ping_status":"closed","template":"","meta":{"footnotes":""},"class_list":["post-6815","page","type-page","status-publish","hentry"],"_links":{"self":[{"href":"https:\/\/wp.ufpel.edu.br\/ppgartes\/wp-json\/wp\/v2\/pages\/6815","targetHints":{"allow":["GET"]}}],"collection":[{"href":"https:\/\/wp.ufpel.edu.br\/ppgartes\/wp-json\/wp\/v2\/pages"}],"about":[{"href":"https:\/\/wp.ufpel.edu.br\/ppgartes\/wp-json\/wp\/v2\/types\/page"}],"author":[{"embeddable":true,"href":"https:\/\/wp.ufpel.edu.br\/ppgartes\/wp-json\/wp\/v2\/users\/1258"}],"replies":[{"embeddable":true,"href":"https:\/\/wp.ufpel.edu.br\/ppgartes\/wp-json\/wp\/v2\/comments?post=6815"}],"version-history":[{"count":0,"href":"https:\/\/wp.ufpel.edu.br\/ppgartes\/wp-json\/wp\/v2\/pages\/6815\/revisions"}],"wp:attachment":[{"href":"https:\/\/wp.ufpel.edu.br\/ppgartes\/wp-json\/wp\/v2\/media?parent=6815"}],"curies":[{"name":"wp","href":"https:\/\/api.w.org\/{rel}","templated":true}]}}