{"id":6807,"date":"2021-04-30T19:19:03","date_gmt":"2021-04-30T22:19:03","guid":{"rendered":"https:\/\/wp.ufpel.edu.br\/mestradoartesvisuais\/?page_id=6807"},"modified":"2021-04-30T19:19:03","modified_gmt":"2021-04-30T22:19:03","slug":"projeto-de-pesquisa-folk-covid","status":"publish","type":"page","link":"https:\/\/wp.ufpel.edu.br\/ppgartes\/projeto-de-pesquisa-folk-covid\/","title":{"rendered":"Projeto de Pesquisa _ FOLK-COVID"},"content":{"rendered":"<p><span style=\"font-family: georgia, palatino, serif;font-size: 12pt\"><strong><img class=\"aligncenter wp-image-6866 size-full\" src=\"https:\/\/wp.ufpel.edu.br\/ppgartes\/files\/2021\/04\/logo_pp_folkcovid.png\" alt=\"\" width=\"1080\" height=\"286\" srcset=\"https:\/\/wp.ufpel.edu.br\/ppgartes\/files\/2021\/04\/logo_pp_folkcovid.png 1080w, https:\/\/wp.ufpel.edu.br\/ppgartes\/files\/2021\/04\/logo_pp_folkcovid-400x106.png 400w, https:\/\/wp.ufpel.edu.br\/ppgartes\/files\/2021\/04\/logo_pp_folkcovid-1024x271.png 1024w, https:\/\/wp.ufpel.edu.br\/ppgartes\/files\/2021\/04\/logo_pp_folkcovid-768x203.png 768w\" sizes=\"(max-width: 1080px) 100vw, 1080px\" \/><\/strong><\/span><\/p>\n<p><span style=\"font-family: georgia, palatino, serif;font-size: 12pt\"><span style=\"font-size: 18pt\"><strong><span style=\"font-family: 'trebuchet ms', geneva, sans-serif\"><span style=\"font-family: 'trebuchet ms', geneva, sans-serif;font-size: 10pt\"><span style=\"color: #999999\">\/ Projeto de Pesquisa<\/span><\/span><br \/>\nFOLK-COVID: Diagn\u00f3stico Internacional sobre os Impactos da Pandemia do Covid-19 em Contextos Folcl\u00f3ricos<\/span><\/strong><\/span><span style=\"font-family: 'trebuchet ms', geneva, sans-serif;font-size: 10pt\"><br \/>\n<strong>Coordenador(a)<\/strong>: <a href=\"https:\/\/wp.ufpel.edu.br\/mestradoartesvisuais\/thiago-silva-de-amorim-jesus\/\">Thiago Silva de Amorim Jesus<\/a><br \/>\n<\/span><\/span><span style=\"font-family: georgia, palatino, serif;font-size: 12pt\"><span style=\"font-family: 'trebuchet ms', geneva, sans-serif;font-size: 10pt\"><strong>Grupo de Pesquisa vinculado<\/strong>: <a href=\"http:\/\/dgp.cnpq.br\/dgp\/espelhogrupo\/43374\" target=\"_blank\" rel=\"noopener noreferrer\">OMEGA \u2013 Observat\u00f3rio de Mem\u00f3ria, Educa\u00e7\u00e3o, Gesto e Arte<\/a><br \/>\n<strong>Ano de cria\u00e7\u00e3o do projeto<\/strong>: 2020<br \/>\n<\/span><\/span><\/p>\n<p><span style=\"font-family: georgia, palatino, serif;font-size: 12pt\"><span style=\"font-family: 'trebuchet ms', geneva, sans-serif;font-size: 10pt\"><strong>Sobre<\/strong><br \/>\nO presente projeto de pesquisa se constitui em uma a\u00e7\u00e3o universit\u00e1ria de investiga\u00e7\u00e3o do cen\u00e1rio afetado pela Pandemia do COVID-19, mediante a an\u00e1lise de contextos folcl\u00f3ricos em diferentes pa\u00edses e continentes. A a\u00e7\u00e3o \u00e9 promovida pela Universidade Federal de Pelotas, por meio do Grupo de Pesquisa OMEGA \u2013 Observat\u00f3rio de Mem\u00f3ria, Educa\u00e7\u00e3o, Gesto e Arte e do N\u00facleo de Folclore da UFPel \u2013 NUFOLK (Centro de Artes), em parceria com a ABRASOFFA \u2013 Associa\u00e7\u00e3o Brasileira de Organizadores de Festivais de Folclore e Artes Populares (S\u00e3o Paulo) e com apoio de diferentes universidades e institui\u00e7\u00f5es dentro e fora do Brasil como a FURB \u2013 Universidade Regional de Blumenau (Santa Catarina), a UPV \u2013 Universitat Polit\u00e8cnica de Val\u00e8ncia (Espanha), a Abamba\u00e9 Companhia de Dan\u00e7as Brasileiras (Pelotas\/RS) e a Asociaci\u00f3n Civil Am\u00e9rica Unida (Ciudad del Plata\/Uruguai). O estudo visa mapear contextos tematizados pelo folclore, as artes tradicionais e as culturas populares, direcionando-se \u00e0 an\u00e1lise sobre quais os efeitos que a Pandemia j\u00e1 causou e est\u00e1 causando nestes contextos, especialmente no que se refere \u00e0 realiza\u00e7\u00e3o e\/ou adapta\u00e7\u00e3o dos mesmos, sua continuidade e\/ou postergamento, bem como refletir acerca dos poss\u00edveis impactos s\u00f3cio-econ\u00f4micos sofridos e a proje\u00e7\u00e3o de desdobramentos para o futuro.<br \/>\n<\/span><\/span><\/p>\n<p><span style=\"font-family: georgia, palatino, serif;font-size: 12pt\"><span style=\"font-family: 'trebuchet ms', geneva, sans-serif;font-size: 10pt\"><strong>E-mail<\/strong>: folk.covid@ufpel.edu.br<br \/>\n<strong>Website<\/strong>: <a href=\"https:\/\/wp.ufpel.edu.br\/folkcovid\" target=\"_blank\" rel=\"noopener noreferrer\">https:\/\/wp.ufpel.edu.br\/folkcovid<\/a><br \/>\n<strong>Redes Sociais<\/strong>: <a href=\"https:\/\/www.instagram.com\/folkcovid\/\" target=\"_blank\" rel=\"noopener noreferrer\">Instagram<\/a><\/span><\/span><\/p>\n<p>&nbsp;<\/p>\n","protected":false},"excerpt":{"rendered":"<p>\/ Projeto de Pesquisa FOLK-COVID: Diagn\u00f3stico Internacional sobre os Impactos da Pandemia do Covid-19 em Contextos Folcl\u00f3ricos Coordenador(a): Thiago Silva de Amorim Jesus Grupo de Pesquisa vinculado: OMEGA \u2013 Observat\u00f3rio de Mem\u00f3ria, Educa\u00e7\u00e3o, Gesto e Arte Ano de cria\u00e7\u00e3o do projeto: 2020 Sobre O presente projeto de pesquisa se constitui em uma a\u00e7\u00e3o universit\u00e1ria de [&hellip;]<\/p>\n","protected":false},"author":1258,"featured_media":0,"parent":0,"menu_order":0,"comment_status":"closed","ping_status":"closed","template":"","meta":{"footnotes":""},"class_list":["post-6807","page","type-page","status-publish","hentry"],"_links":{"self":[{"href":"https:\/\/wp.ufpel.edu.br\/ppgartes\/wp-json\/wp\/v2\/pages\/6807","targetHints":{"allow":["GET"]}}],"collection":[{"href":"https:\/\/wp.ufpel.edu.br\/ppgartes\/wp-json\/wp\/v2\/pages"}],"about":[{"href":"https:\/\/wp.ufpel.edu.br\/ppgartes\/wp-json\/wp\/v2\/types\/page"}],"author":[{"embeddable":true,"href":"https:\/\/wp.ufpel.edu.br\/ppgartes\/wp-json\/wp\/v2\/users\/1258"}],"replies":[{"embeddable":true,"href":"https:\/\/wp.ufpel.edu.br\/ppgartes\/wp-json\/wp\/v2\/comments?post=6807"}],"version-history":[{"count":0,"href":"https:\/\/wp.ufpel.edu.br\/ppgartes\/wp-json\/wp\/v2\/pages\/6807\/revisions"}],"wp:attachment":[{"href":"https:\/\/wp.ufpel.edu.br\/ppgartes\/wp-json\/wp\/v2\/media?parent=6807"}],"curies":[{"name":"wp","href":"https:\/\/api.w.org\/{rel}","templated":true}]}}