{"id":6791,"date":"2021-04-30T19:04:28","date_gmt":"2021-04-30T22:04:28","guid":{"rendered":"https:\/\/wp.ufpel.edu.br\/mestradoartesvisuais\/?page_id=6791"},"modified":"2021-04-30T19:04:28","modified_gmt":"2021-04-30T22:04:28","slug":"projeto-de-pesquisa-teatro-performance-e-politica","status":"publish","type":"page","link":"https:\/\/wp.ufpel.edu.br\/ppgartes\/projeto-de-pesquisa-teatro-performance-e-politica\/","title":{"rendered":"Projeto de Pesquisa _ Teatro, Performance e Pol\u00edtica"},"content":{"rendered":"<p><span style=\"font-family: georgia, palatino, serif;font-size: 12pt\"><strong><img class=\"aligncenter wp-image-6868 size-full\" src=\"https:\/\/wp.ufpel.edu.br\/ppgartes\/files\/2021\/04\/logo_pp_TeatroPerformancePolitica.png\" alt=\"\" width=\"1080\" height=\"286\" srcset=\"https:\/\/wp.ufpel.edu.br\/ppgartes\/files\/2021\/04\/logo_pp_TeatroPerformancePolitica.png 1080w, https:\/\/wp.ufpel.edu.br\/ppgartes\/files\/2021\/04\/logo_pp_TeatroPerformancePolitica-400x106.png 400w, https:\/\/wp.ufpel.edu.br\/ppgartes\/files\/2021\/04\/logo_pp_TeatroPerformancePolitica-1024x271.png 1024w, https:\/\/wp.ufpel.edu.br\/ppgartes\/files\/2021\/04\/logo_pp_TeatroPerformancePolitica-768x203.png 768w\" sizes=\"(max-width: 1080px) 100vw, 1080px\" \/><\/strong><\/span><\/p>\n<p><span style=\"font-family: georgia, palatino, serif;font-size: 12pt\"><span style=\"font-size: 18pt\"><strong><span style=\"font-family: 'trebuchet ms', geneva, sans-serif\"><span style=\"font-family: 'trebuchet ms', geneva, sans-serif;font-size: 10pt\"><span style=\"color: #999999\">\/ Projeto de Pesquisa<\/span><\/span><br \/>\nTeatro, Performance e Pol\u00edtica<\/span><\/strong><\/span><span style=\"font-family: 'trebuchet ms', geneva, sans-serif;font-size: 10pt\"><br \/>\n<strong>Coordenador(a)<\/strong>: <a href=\"https:\/\/wp.ufpel.edu.br\/mestradoartesvisuais\/daniel-furtado-simoes-da-silva\/\">Daniel Furtado Sim\u00f5es da Silva<\/a><br \/>\n<\/span><\/span><span style=\"font-family: georgia, palatino, serif;font-size: 12pt\"><span style=\"font-family: 'trebuchet ms', geneva, sans-serif;font-size: 10pt\"><strong>Grupo de Pesquisa vinculado<\/strong>: <a href=\"http:\/\/dgp.cnpq.br\/dgp\/espelhogrupo\/458889\" target=\"_blank\" rel=\"noopener noreferrer\">Grupo de Pesquisa sobre pol\u00edtica e processos de cria\u00e7\u00e3o em artes c\u00eanicas<\/a><br \/>\n<strong>Ano de cria\u00e7\u00e3o do projeto<\/strong>: 2020<br \/>\n<\/span><\/span><\/p>\n<p style=\"text-align: justify\"><span style=\"font-family: georgia, palatino, serif;font-size: 12pt\"><span style=\"font-family: 'trebuchet ms', geneva, sans-serif;font-size: 10pt\"><strong>Sobre<\/strong><br \/>\nO projeto dedica-se a estudar, investigar e descrever a rela\u00e7\u00e3o entre teatro, performance e pol\u00edtica, observando as estrat\u00e9gias c\u00eanicas e as dramaturgias de espet\u00e1culos e performances que t\u00eam em sua estrutura um questionamento da forma como a sociedade brasileira se organiza. O projeto busca, por um lado, nos reaproximar da pr\u00f3pria discuss\u00e3o do que \u00e9 uma a\u00e7\u00e3o pol\u00edtica, enquanto algo que \u00e9 inerente aos cidad\u00e3os de uma comunidade (no caso, a polis, a cidade); por outro, tenta ver como a arte e os artistas est\u00e3o questionando os discursos hegem\u00f4nicos, as estruturas de poder, a viol\u00eancia e as discrimina\u00e7\u00f5es que sofremos no nosso dia-a-dia, criando obras que problematizam o racismo, a homofobia, o machismo e outros tantos comportamentos discriminat\u00f3rios.<br \/>\n<\/span><\/span><\/p>\n<p><span style=\"font-family: georgia, palatino, serif;font-size: 12pt\"><span style=\"font-family: 'trebuchet ms', geneva, sans-serif;font-size: 10pt\"><strong>E-mail<\/strong>: teatroperformancepolitica@gmail.com<br \/>\n<strong>Redes Sociais<\/strong>: <a href=\"https:\/\/www.instagram.com\/teatroepolitica\/\" target=\"_blank\" rel=\"noopener noreferrer\">Instagram<\/a> <span style=\"color: #999999\">\/<\/span> <a href=\"https:\/\/www.youtube.com\/channel\/UCrBgRTWXEKubjgMJJAxOgrA\" target=\"_blank\" rel=\"noopener noreferrer\">Youtube<\/a><\/span><\/span><\/p>\n<p>&nbsp;<\/p>\n","protected":false},"excerpt":{"rendered":"<p>\/ Projeto de Pesquisa Teatro, Performance e Pol\u00edtica Coordenador(a): Daniel Furtado Sim\u00f5es da Silva Grupo de Pesquisa vinculado: Grupo de Pesquisa sobre pol\u00edtica e processos de cria\u00e7\u00e3o em artes c\u00eanicas Ano de cria\u00e7\u00e3o do projeto: 2020 Sobre O projeto dedica-se a estudar, investigar e descrever a rela\u00e7\u00e3o entre teatro, performance e pol\u00edtica, observando as estrat\u00e9gias [&hellip;]<\/p>\n","protected":false},"author":1258,"featured_media":0,"parent":0,"menu_order":0,"comment_status":"closed","ping_status":"closed","template":"","meta":{"footnotes":""},"class_list":["post-6791","page","type-page","status-publish","hentry"],"_links":{"self":[{"href":"https:\/\/wp.ufpel.edu.br\/ppgartes\/wp-json\/wp\/v2\/pages\/6791","targetHints":{"allow":["GET"]}}],"collection":[{"href":"https:\/\/wp.ufpel.edu.br\/ppgartes\/wp-json\/wp\/v2\/pages"}],"about":[{"href":"https:\/\/wp.ufpel.edu.br\/ppgartes\/wp-json\/wp\/v2\/types\/page"}],"author":[{"embeddable":true,"href":"https:\/\/wp.ufpel.edu.br\/ppgartes\/wp-json\/wp\/v2\/users\/1258"}],"replies":[{"embeddable":true,"href":"https:\/\/wp.ufpel.edu.br\/ppgartes\/wp-json\/wp\/v2\/comments?post=6791"}],"version-history":[{"count":0,"href":"https:\/\/wp.ufpel.edu.br\/ppgartes\/wp-json\/wp\/v2\/pages\/6791\/revisions"}],"wp:attachment":[{"href":"https:\/\/wp.ufpel.edu.br\/ppgartes\/wp-json\/wp\/v2\/media?parent=6791"}],"curies":[{"name":"wp","href":"https:\/\/api.w.org\/{rel}","templated":true}]}}