{"id":6783,"date":"2021-04-30T18:52:15","date_gmt":"2021-04-30T21:52:15","guid":{"rendered":"https:\/\/wp.ufpel.edu.br\/mestradoartesvisuais\/?page_id=6783"},"modified":"2021-04-30T18:52:15","modified_gmt":"2021-04-30T21:52:15","slug":"projeto-de-pesquisa-ciberdanca","status":"publish","type":"page","link":"https:\/\/wp.ufpel.edu.br\/ppgartes\/projeto-de-pesquisa-ciberdanca\/","title":{"rendered":"Projeto de Pesquisa _ CIBERDAN\u00c7A"},"content":{"rendered":"<p><span style=\"font-family: georgia, palatino, serif;font-size: 12pt\"><strong><img class=\"aligncenter wp-image-6871 size-full\" src=\"https:\/\/wp.ufpel.edu.br\/ppgartes\/files\/2021\/04\/logo_pp_PraCiber.png\" alt=\"\" width=\"1080\" height=\"286\" srcset=\"https:\/\/wp.ufpel.edu.br\/ppgartes\/files\/2021\/04\/logo_pp_PraCiber.png 1080w, https:\/\/wp.ufpel.edu.br\/ppgartes\/files\/2021\/04\/logo_pp_PraCiber-400x106.png 400w, https:\/\/wp.ufpel.edu.br\/ppgartes\/files\/2021\/04\/logo_pp_PraCiber-1024x271.png 1024w, https:\/\/wp.ufpel.edu.br\/ppgartes\/files\/2021\/04\/logo_pp_PraCiber-768x203.png 768w\" sizes=\"(max-width: 1080px) 100vw, 1080px\" \/><\/strong><\/span><\/p>\n<p><span style=\"font-family: georgia, palatino, serif;font-size: 12pt\"><span style=\"font-size: 18pt\"><strong><span style=\"font-family: 'trebuchet ms', geneva, sans-serif\"><span style=\"font-family: 'trebuchet ms', geneva, sans-serif;font-size: 10pt\"><span style=\"color: #999999\">\/ Projeto de Pesquisa<\/span><\/span><br \/>\nCIBERDAN\u00c7A: estrutura, organiza\u00e7\u00e3o e din\u00e2mica na cibercultura<\/span><\/strong><\/span><span style=\"font-family: 'trebuchet ms', geneva, sans-serif;font-size: 10pt\"><br \/>\n<strong>Coordenador(a)<\/strong>: <a href=\"https:\/\/wp.ufpel.edu.br\/mestradoartesvisuais\/rebeca-da-cunha-recuero\/\">Rebeca da Cunha Recuero<\/a><br \/>\n<\/span><\/span><span style=\"font-family: georgia, palatino, serif;font-size: 12pt\"><span style=\"font-family: 'trebuchet ms', geneva, sans-serif;font-size: 10pt\"><strong>Grupo de Pesquisa vinculado<\/strong>: <a href=\"http:\/\/dgp.cnpq.br\/dgp\/espelhogrupo\/477978\" target=\"_blank\" rel=\"noopener noreferrer\">PRACIBER &#8211; Produ\u00e7\u00f5es Audiovisuais na Cibercultura<\/a><br \/>\n<strong>Ano de cria\u00e7\u00e3o do projeto<\/strong>: 2020<br \/>\n<\/span><\/span><\/p>\n<p style=\"text-align: justify\"><span style=\"font-family: georgia, palatino, serif;font-size: 12pt\"><span style=\"font-family: 'trebuchet ms', geneva, sans-serif;font-size: 10pt\"><strong>Sobre<\/strong><br \/>\nNo cen\u00e1rio social contempor\u00e2neo nos deparamos com a produ\u00e7\u00e3o e a distribui\u00e7\u00e3o de uma infinidade de produtos audiovisuais com os mais variados temas veiculadas a plataformas virtuais. Como resultado, sites de redes sociais (SRS) que suportam estes v\u00eddeos, bem como a sua distribui\u00e7\u00e3o &#8211; como o Youtube, Facebook, Vimeo, DailyMotion, Veoh, Twitch, etc. &#8211; crescem e conquistam cada vez mais novos adeptos que passam n\u00e3o apenas a incorporar a pr\u00e1tica di\u00e1ria de visualiza\u00e7\u00e3o destes conte\u00fados audiovisuais, como tamb\u00e9m a sua constante constru\u00e7\u00e3o e circula\u00e7\u00e3o nos SRS. Entre estes v\u00eddeos, encontramos produtos audiovisuais que contemplam a Ciberdan\u00e7a. Entendida aqui como sendo toda dan\u00e7a que \u00e9 reproduzida na e para a Rede, necessitando da media\u00e7\u00e3o da internet para ocorrer, a Ciberdan\u00e7a se caracteriza por ser proveniente das imbrica\u00e7\u00f5es tecnol\u00f3gicas que \u201cmodificaram de forma contundente o cen\u00e1rio da dan\u00e7a tecnologizada e este fen\u00f4meno n\u00e3o e\u0301 atemporal: a complexidade do mundo atual \u00e9 respons\u00e1vel pelo surgimento destas tecnologias, ao mesmo tempo, que e\u0301 fruto delas\u201d (WOSNIAK, 2013, p. 192). Assim, a Ciberdan\u00e7a parece n\u00e3o apenas ter uma estrutura particular &#8211; desde a coreografia, a rela\u00e7\u00e3o do corpo e do bailarino, o \u201cpalco\u201d onde ocorre, a simbiose com as tecnologias e o seu p\u00fablico virtual), como tamb\u00e9m depende de uma organiza\u00e7\u00e3o social proveniente das redes sociais online para produzir sentido e valores sociais que a caracterizar\u00e3o. Com base nisso, a pesquisa visa compreender e discutir a Ciberdan\u00e7a dentro do contexto social da Cibercultura, focando a sua estrutura (enquanto arte), sua organiza\u00e7\u00e3o (enquanto rede de pessoas) e sua din\u00e2mica (proveniente dos sentidos produzidos). Ou seja, parte-se de que (1) h\u00e1 uma transforma\u00e7\u00e3o do formato tradicional da dan\u00e7a que encontra novos lugares para se reconstruir e significar (estrutura), (2) modificando a rela\u00e7\u00e3o entre p\u00fablico e artista justamente pela a\u00e7\u00e3o das redes sociais e seus suportes que oferecem novas possibilidades (organiza\u00e7\u00e3o). Com isso, (3) novos valores, novas identidades, novas significa\u00e7\u00f5es s\u00e3o produzidas e potencializadas (din\u00e2mica), capazes de caracterizar uma nova forma de arte peculiar e caracter\u00edstica da sociedade atual.<br \/>\nComo objetivos espec\u00edficos, foca-se em:<\/span><\/span><\/p>\n<p style=\"text-align: justify;padding-left: 40px\"><span style=\"font-family: georgia, palatino, serif;font-size: 12pt\"><span style=\"font-family: 'trebuchet ms', geneva, sans-serif;font-size: 10pt\">(1) Entender como se d\u00e1 a estrutura da Ciberdan\u00e7a e as modifica\u00e7\u00f5es que ela obteve para o desenvolvimento do seu formato atual;<\/span><\/span><\/p>\n<p style=\"text-align: justify;padding-left: 40px\"><span style=\"font-family: georgia, palatino, serif;font-size: 12pt\"><span style=\"font-family: 'trebuchet ms', geneva, sans-serif;font-size: 10pt\">(2) Verificar como as redes sociais e os SRS atuam na Ciberdan\u00e7a, agindo tanto sobre a sua organiza\u00e7\u00e3o como na sua estrutura;<\/span><\/span><\/p>\n<p style=\"text-align: justify;padding-left: 40px\"><span style=\"font-family: georgia, palatino, serif;font-size: 12pt\"><span style=\"font-family: 'trebuchet ms', geneva, sans-serif;font-size: 10pt\">(3) Analisar os sentidos (re)produzidos a partir de sua circula\u00e7\u00e3o no ciberespa\u00e7o, compreendendo, assim, sua a\u00e7\u00e3o e transforma\u00e7\u00e3o social.<\/span><\/span><\/p>\n<p style=\"text-align: justify\"><span style=\"font-family: georgia, palatino, serif;font-size: 12pt\"><span style=\"font-family: 'trebuchet ms', geneva, sans-serif;font-size: 10pt\">Buscar a compreens\u00e3o da dan\u00e7a no contexto da Cibercultura \u00e9 tamb\u00e9m compreender o seu imagin\u00e1rio, a desmaterializa\u00e7\u00e3o, as novas possibilidades textuais, a interatividade e a difus\u00e3o e circula\u00e7\u00e3o de informa\u00e7\u00f5es (LEVY, 2003). H\u00e1 um outro sentido de corpo e de tecnologia que precisa ser percebido e compreendido, assim como se d\u00e1 a rela\u00e7\u00e3o entre estas duas partes, capaz de \u201ctransformar o conhecimento existente em um novo e inusitado\u201d (SANTANA, p. 78). Assim, mais do que perceber o movimento de adapta\u00e7\u00e3o da dan\u00e7a no ciberespa\u00e7o, ou mesmo do suporte e tecnologias envolvidas, \u00e9 essencial focar as rela\u00e7\u00f5es sociais que (re)significam e se apropriam dos sentidos, caracterizando a Ciberdan\u00e7a.<br \/>\n<\/span><\/span><\/p>\n<p><span style=\"font-family: georgia, palatino, serif;font-size: 12pt\"><span style=\"font-family: 'trebuchet ms', geneva, sans-serif;font-size: 10pt\"><strong>E-mail<\/strong>: praciber@gmail.com<br \/>\n<strong>Website<\/strong>: <a href=\"https:\/\/wp.ufpel.edu.br\/praciber\/\" target=\"_blank\" rel=\"noopener noreferrer\">https:\/\/wp.ufpel.edu.br\/praciber\/<\/a><br \/>\n<strong>Redes Sociais<\/strong>: <a href=\"https:\/\/www.facebook.com\/PRACIBER\" target=\"_blank\" rel=\"noopener noreferrer\">Facebook<\/a> <span style=\"color: #999999\">\/<\/span> <a href=\"https:\/\/www.instagram.com\/praciber\/\" target=\"_blank\" rel=\"noopener noreferrer\">Instagram<\/a><\/span><\/span><\/p>\n<p>&nbsp;<\/p>\n","protected":false},"excerpt":{"rendered":"<p>\/ Projeto de Pesquisa CIBERDAN\u00c7A: estrutura, organiza\u00e7\u00e3o e din\u00e2mica na cibercultura Coordenador(a): Rebeca da Cunha Recuero Grupo de Pesquisa vinculado: PRACIBER &#8211; Produ\u00e7\u00f5es Audiovisuais na Cibercultura Ano de cria\u00e7\u00e3o do projeto: 2020 Sobre No cen\u00e1rio social contempor\u00e2neo nos deparamos com a produ\u00e7\u00e3o e a distribui\u00e7\u00e3o de uma infinidade de produtos audiovisuais com os mais variados [&hellip;]<\/p>\n","protected":false},"author":1258,"featured_media":0,"parent":0,"menu_order":0,"comment_status":"closed","ping_status":"closed","template":"","meta":{"footnotes":""},"class_list":["post-6783","page","type-page","status-publish","hentry"],"_links":{"self":[{"href":"https:\/\/wp.ufpel.edu.br\/ppgartes\/wp-json\/wp\/v2\/pages\/6783","targetHints":{"allow":["GET"]}}],"collection":[{"href":"https:\/\/wp.ufpel.edu.br\/ppgartes\/wp-json\/wp\/v2\/pages"}],"about":[{"href":"https:\/\/wp.ufpel.edu.br\/ppgartes\/wp-json\/wp\/v2\/types\/page"}],"author":[{"embeddable":true,"href":"https:\/\/wp.ufpel.edu.br\/ppgartes\/wp-json\/wp\/v2\/users\/1258"}],"replies":[{"embeddable":true,"href":"https:\/\/wp.ufpel.edu.br\/ppgartes\/wp-json\/wp\/v2\/comments?post=6783"}],"version-history":[{"count":0,"href":"https:\/\/wp.ufpel.edu.br\/ppgartes\/wp-json\/wp\/v2\/pages\/6783\/revisions"}],"wp:attachment":[{"href":"https:\/\/wp.ufpel.edu.br\/ppgartes\/wp-json\/wp\/v2\/media?parent=6783"}],"curies":[{"name":"wp","href":"https:\/\/api.w.org\/{rel}","templated":true}]}}