{"id":6777,"date":"2021-04-30T18:42:47","date_gmt":"2021-04-30T21:42:47","guid":{"rendered":"https:\/\/wp.ufpel.edu.br\/mestradoartesvisuais\/?page_id=6777"},"modified":"2021-04-30T18:42:47","modified_gmt":"2021-04-30T21:42:47","slug":"projeto-de-pesquisa-as-artistas-do-sul","status":"publish","type":"page","link":"https:\/\/wp.ufpel.edu.br\/ppgartes\/projeto-de-pesquisa-as-artistas-do-sul\/","title":{"rendered":"Projeto de Pesquisa _ As artistas do sul"},"content":{"rendered":"<p><span style=\"font-family: georgia, palatino, serif;font-size: 12pt\"><span style=\"font-size: 18pt\"><strong><span style=\"font-family: 'trebuchet ms', geneva, sans-serif\"><span style=\"font-family: 'trebuchet ms', geneva, sans-serif;font-size: 10pt\"><span style=\"color: #999999\">\/ Projeto de Pesquisa<\/span><\/span><br \/>\nAs artistas do sul: experi\u00eancias l\u00fadicas e educativas<\/span><\/strong><\/span><span style=\"font-family: 'trebuchet ms', geneva, sans-serif;font-size: 10pt\"><br \/>\n<strong>Coordenador(a)<\/strong>: <a href=\"https:\/\/wp.ufpel.edu.br\/mestradoartesvisuais\/nadia-da-cruz-senna\/\">N\u00e1dia da Cruz Senna<\/a><br \/>\n<\/span><\/span><span style=\"font-family: georgia, palatino, serif;font-size: 12pt\"><span style=\"font-family: 'trebuchet ms', geneva, sans-serif;font-size: 10pt\"><strong>Grupo de Pesquisa vinculado<\/strong>: <a href=\"http:\/\/dgp.cnpq.br\/dgp\/espelhogrupo\/6870585634065883\" target=\"_blank\" rel=\"noopener noreferrer\">Caixa de Pandora: Estudos em Arte, G\u00eanero e Mem\u00f3ria<\/a><br \/>\n<strong>Ano de cria\u00e7\u00e3o do projeto<\/strong>: 2017<br \/>\n<\/span><\/span><\/p>\n<p style=\"text-align: justify\"><span style=\"font-family: georgia, palatino, serif;font-size: 12pt\"><span style=\"font-family: 'trebuchet ms', geneva, sans-serif;font-size: 10pt\"><strong>Sobre<\/strong><br \/>\nEste projeto de pesquisa d\u00e1 seguimento a quest\u00f5es e a\u00e7\u00f5es educativas iniciadas em outras inst\u00e2ncias e junto aos grupos de pesquisa em torno das mulheres artistas para resgatar protagonismos e processos. Nesse momento, busca-se o reconhecimento de artistas pouco contempladas no \u00e2mbito acad\u00eamico brasileiro \u2212 as artistas do sul do Brasil. Sobretudo, as artistas visuais cujas obras priorizam o universo feminino.<br \/>\nO foco do estudo recai sobre os embates em torno de identidades e subjetividades assumidas pela mulher, temas recorrentes nas representa\u00e7\u00f5es e autorrepresenta\u00e7\u00f5es do feminino protagonizado pelas artistas contempor\u00e2neas. Assim, nos deteremos primeiramente sobre o conjunto da obra de um pequeno grupo de mulheres artistas pelotenses, buscando as biografias, os processos po\u00e9ticos e os discursos; com intuito de desenvolver a\u00e7\u00f5es e materiais paradid\u00e1ticos voltados para o ensino da arte em n\u00edvel fundamental.<br \/>\nO trabalho recupera informa\u00e7\u00f5es j\u00e1 coletadas, experimenta\u00e7\u00f5es, materiais e m\u00e9todos empregados nos projetos: G\u00eanero e Arte: atua\u00e7\u00e3o de mulheres artistas em Pelotas coordenado pela Prof. Carmen Diniz e O desenho do corpo o corpo que desenha, coordenado por mim. No primeiro atuei como colaboradora e procedemos a investiga\u00e7\u00e3o sobre algumas trajet\u00f3rias que despontaram na arte a partir dos anos 1950. No segundo iniciamos o desenvolvimento de a\u00e7\u00f5es e materiais educativos sobre artistas pelotenses, contemplamos a obra de Fernando Duval, Leopoldo Gotuzzo, Maria L\u00eddia Magliani e Seli Maur\u00edcio. O encantamento do grupo com essas duas \u00faltimas artistas, e a constata\u00e7\u00e3o do quanto carecem de reconhecimento e visibilidade em \u00e2mbito educacional, nos motivou a trazer outras protagonistas, igualmente relevantes para a frui\u00e7\u00e3o, produ\u00e7\u00e3o e ensino da arte em Pelotas, alcan\u00e7ando proje\u00e7\u00e3o nacional e internacional.<br \/>\n\u00c9 nossa inten\u00e7\u00e3o dar a ver nomes e produ\u00e7\u00e3o, recuperar o legado e o protagonismo feminino. Inah Costa, Arlinda Nunes, Judith Bacci, Lenir de Miranda, Helena Pinto Ferreira s\u00e3o algumas das artistas selecionadas. Vamos contar as hist\u00f3rias, desvendar processos criativos, perceber obras e discursos conforme entabulados por essas mulheres artistas.<br \/>\n<\/span><\/span><\/p>\n<p><span style=\"font-family: georgia, palatino, serif;font-size: 12pt\"><span style=\"font-family: 'trebuchet ms', geneva, sans-serif;font-size: 10pt\"><strong>E-mail<\/strong>: alecrins@hotmail.com<\/span><\/span><\/p>\n<p>&nbsp;<\/p>\n","protected":false},"excerpt":{"rendered":"<p>\/ Projeto de Pesquisa As artistas do sul: experi\u00eancias l\u00fadicas e educativas Coordenador(a): N\u00e1dia da Cruz Senna Grupo de Pesquisa vinculado: Caixa de Pandora: Estudos em Arte, G\u00eanero e Mem\u00f3ria Ano de cria\u00e7\u00e3o do projeto: 2017 Sobre Este projeto de pesquisa d\u00e1 seguimento a quest\u00f5es e a\u00e7\u00f5es educativas iniciadas em outras inst\u00e2ncias e junto aos [&hellip;]<\/p>\n","protected":false},"author":1258,"featured_media":0,"parent":0,"menu_order":0,"comment_status":"closed","ping_status":"closed","template":"","meta":{"footnotes":""},"class_list":["post-6777","page","type-page","status-publish","hentry"],"_links":{"self":[{"href":"https:\/\/wp.ufpel.edu.br\/ppgartes\/wp-json\/wp\/v2\/pages\/6777","targetHints":{"allow":["GET"]}}],"collection":[{"href":"https:\/\/wp.ufpel.edu.br\/ppgartes\/wp-json\/wp\/v2\/pages"}],"about":[{"href":"https:\/\/wp.ufpel.edu.br\/ppgartes\/wp-json\/wp\/v2\/types\/page"}],"author":[{"embeddable":true,"href":"https:\/\/wp.ufpel.edu.br\/ppgartes\/wp-json\/wp\/v2\/users\/1258"}],"replies":[{"embeddable":true,"href":"https:\/\/wp.ufpel.edu.br\/ppgartes\/wp-json\/wp\/v2\/comments?post=6777"}],"version-history":[{"count":0,"href":"https:\/\/wp.ufpel.edu.br\/ppgartes\/wp-json\/wp\/v2\/pages\/6777\/revisions"}],"wp:attachment":[{"href":"https:\/\/wp.ufpel.edu.br\/ppgartes\/wp-json\/wp\/v2\/media?parent=6777"}],"curies":[{"name":"wp","href":"https:\/\/api.w.org\/{rel}","templated":true}]}}