{"id":6762,"date":"2021-04-30T18:20:11","date_gmt":"2021-04-30T21:20:11","guid":{"rendered":"https:\/\/wp.ufpel.edu.br\/mestradoartesvisuais\/?page_id=6762"},"modified":"2021-04-30T18:20:11","modified_gmt":"2021-04-30T21:20:11","slug":"projeto-de-pesquisa-a-casa-as-janelas-e-as-redes-sociais-como-continentes-dos-fazeres-e-da-partilha-da-arte-contemporanea-durante-e-apos-a-pandemia-do-covid-19-a-partir-do-sul-do-brasil","status":"publish","type":"page","link":"https:\/\/wp.ufpel.edu.br\/ppgartes\/projeto-de-pesquisa-a-casa-as-janelas-e-as-redes-sociais-como-continentes-dos-fazeres-e-da-partilha-da-arte-contemporanea-durante-e-apos-a-pandemia-do-covid-19-a-partir-do-sul-do-brasil\/","title":{"rendered":"Projeto de Pesquisa _ A casa, as janelas e as redes sociais"},"content":{"rendered":"<p><span style=\"font-family: georgia, palatino, serif;font-size: 12pt\"><strong><img class=\"wp-image-6869 size-full aligncenter\" src=\"https:\/\/wp.ufpel.edu.br\/ppgartes\/files\/2021\/04\/logo_pp_Deslocc.png\" alt=\"\" width=\"1080\" height=\"286\" srcset=\"https:\/\/wp.ufpel.edu.br\/ppgartes\/files\/2021\/04\/logo_pp_Deslocc.png 1080w, https:\/\/wp.ufpel.edu.br\/ppgartes\/files\/2021\/04\/logo_pp_Deslocc-400x106.png 400w, https:\/\/wp.ufpel.edu.br\/ppgartes\/files\/2021\/04\/logo_pp_Deslocc-1024x271.png 1024w, https:\/\/wp.ufpel.edu.br\/ppgartes\/files\/2021\/04\/logo_pp_Deslocc-768x203.png 768w\" sizes=\"(max-width: 1080px) 100vw, 1080px\" \/><\/strong><\/span><\/p>\n<p><span style=\"font-family: georgia, palatino, serif;font-size: 12pt\"><span style=\"font-size: 18pt\"><strong><span style=\"font-family: 'trebuchet ms', geneva, sans-serif\"><span style=\"font-family: 'trebuchet ms', geneva, sans-serif;font-size: 10pt\"><span style=\"color: #999999\">\/ Projeto de Pesquisa<\/span><\/span><br \/>\nA casa, as janelas e as redes sociais como continentes dos fazeres e da partilha da arte contempor\u00e2nea durante e ap\u00f3s a pandemia do COVID-19, a partir do sul do Brasil<\/span><\/strong><\/span><span style=\"font-family: 'trebuchet ms', geneva, sans-serif;font-size: 10pt\"><br \/>\n<strong>Coordenador(a)<\/strong>: <a href=\"https:\/\/wp.ufpel.edu.br\/mestradoartesvisuais\/eduarda-azevedo-goncalves\/\">Eduarda Azevedo Gon\u00e7alves<\/a><br \/>\n<\/span><\/span><span style=\"font-family: georgia, palatino, serif;font-size: 12pt\"><span style=\"font-family: 'trebuchet ms', geneva, sans-serif;font-size: 10pt\"><strong>Grupo de Pesquisa vinculado<\/strong>: <a href=\"http:\/\/dgp.cnpq.br\/dgp\/espelhogrupo\/35750\" target=\"_blank\" rel=\"noopener noreferrer\">DESLOCC &#8211; Deslocamentos, observ\u00e2ncias e cartografias contempor\u00e2neas<\/a><br \/>\n<strong>Ano de cria\u00e7\u00e3o do projeto<\/strong>: 2020<br \/>\n<\/span><\/span><\/p>\n<p><span style=\"font-family: georgia, palatino, serif;font-size: 12pt\"><span style=\"font-family: 'trebuchet ms', geneva, sans-serif;font-size: 10pt\"><strong>Sobre<\/strong><br \/>\nA proposta do Projeto \u201cA casa, as janelas e as redes sociais como continentes dos fazeres e da partilha da arte contempor\u00e2nea durante e ap\u00f3s pandemia COVID 19, a partir do Sul do Brasil\u201d foi criado com o intuito de fomentar a produ\u00e7\u00e3o art\u00edstica nos dias de isolamento social e a suas partilhas. O projeto ir\u00e1 desenvolver tr\u00eas a\u00e7\u00f5es inicias que s\u00e3o o desenvolvimento de proposi\u00e7\u00f5es art\u00edsticas encaminhada por email a artistas residentes do Rio Grande do Sul, o levantamento da produ\u00e7\u00e3o art\u00edstica realizada por artistas que residem em Pelotas, em outras cidades Brasileiras e em outros pa\u00edses, inicialmente mulheres, artistas, professoras e pesquisadoras que enfrentam as restri\u00e7\u00f5es sanit\u00e1rias impostas pelo COVID 19, assim como, a realiza\u00e7\u00e3o de partilhas das obras em sistemas remotos. O intuito \u00e9 apontar a aten\u00e7\u00e3o aos fazeres, movimentos, narrativas e olhares de artistas no per\u00edodo de quarentena, que possam revelar os sentidos da vida em contexto de vulnerabilidade. Igualmente, o resultado da investiga\u00e7\u00e3o poder\u00e1 nos conceder um outro modo de estar na casa ativado pela ludicidade, e\/ou a vulnerabilidade revelar-se l\u00fadica. Sendo assim, estar em casa, numa condi\u00e7\u00e3o protetiva contra um v\u00edrus poder\u00e1 ser a nossa for\u00e7a e a maneira pela qual, nos colocamos na condi\u00e7\u00e3o libert\u00e1ria da arte.<br \/>\n<\/span><\/span><\/p>\n<p><span style=\"font-family: georgia, palatino, serif;font-size: 12pt\"><span style=\"font-family: 'trebuchet ms', geneva, sans-serif;font-size: 10pt\"><strong>E-mail<\/strong>: pesquisadeslocc@gmail.com<br \/>\n<strong>Website<\/strong>: <a href=\"https:\/\/wp.ufpel.edu.br\/deslocc\/\" target=\"_blank\" rel=\"noopener noreferrer\">https:\/\/wp.ufpel.edu.br\/deslocc\/<\/a><\/span><\/span><\/p>\n<p>&nbsp;<\/p>\n","protected":false},"excerpt":{"rendered":"<p>\/ Projeto de Pesquisa A casa, as janelas e as redes sociais como continentes dos fazeres e da partilha da arte contempor\u00e2nea durante e ap\u00f3s a pandemia do COVID-19, a partir do sul do Brasil Coordenador(a): Eduarda Azevedo Gon\u00e7alves Grupo de Pesquisa vinculado: DESLOCC &#8211; Deslocamentos, observ\u00e2ncias e cartografias contempor\u00e2neas Ano de cria\u00e7\u00e3o do projeto: [&hellip;]<\/p>\n","protected":false},"author":1258,"featured_media":0,"parent":0,"menu_order":0,"comment_status":"closed","ping_status":"closed","template":"","meta":{"footnotes":""},"class_list":["post-6762","page","type-page","status-publish","hentry"],"_links":{"self":[{"href":"https:\/\/wp.ufpel.edu.br\/ppgartes\/wp-json\/wp\/v2\/pages\/6762","targetHints":{"allow":["GET"]}}],"collection":[{"href":"https:\/\/wp.ufpel.edu.br\/ppgartes\/wp-json\/wp\/v2\/pages"}],"about":[{"href":"https:\/\/wp.ufpel.edu.br\/ppgartes\/wp-json\/wp\/v2\/types\/page"}],"author":[{"embeddable":true,"href":"https:\/\/wp.ufpel.edu.br\/ppgartes\/wp-json\/wp\/v2\/users\/1258"}],"replies":[{"embeddable":true,"href":"https:\/\/wp.ufpel.edu.br\/ppgartes\/wp-json\/wp\/v2\/comments?post=6762"}],"version-history":[{"count":0,"href":"https:\/\/wp.ufpel.edu.br\/ppgartes\/wp-json\/wp\/v2\/pages\/6762\/revisions"}],"wp:attachment":[{"href":"https:\/\/wp.ufpel.edu.br\/ppgartes\/wp-json\/wp\/v2\/media?parent=6762"}],"curies":[{"name":"wp","href":"https:\/\/api.w.org\/{rel}","templated":true}]}}