{"id":6758,"date":"2021-04-30T18:12:04","date_gmt":"2021-04-30T21:12:04","guid":{"rendered":"https:\/\/wp.ufpel.edu.br\/mestradoartesvisuais\/?page_id=6758"},"modified":"2021-04-30T18:12:04","modified_gmt":"2021-04-30T21:12:04","slug":"projeto-de-pesquisa-a-carne-da-imagem","status":"publish","type":"page","link":"https:\/\/wp.ufpel.edu.br\/ppgartes\/projeto-de-pesquisa-a-carne-da-imagem\/","title":{"rendered":"Projeto de Pesquisa _ A carne da imagem"},"content":{"rendered":"<p><span style=\"font-family: georgia, palatino, serif;font-size: 12pt\"><strong>\u00a0<\/strong><\/span><span style=\"font-family: georgia, palatino, serif;font-size: 12pt\"><span style=\"font-size: 18pt\"><strong><span style=\"font-family: 'trebuchet ms', geneva, sans-serif\"><span style=\"font-family: 'trebuchet ms', geneva, sans-serif;font-size: 10pt\"><span style=\"color: #999999\">\/ Projeto de Pesquisa<\/span><\/span><br \/>\nA Carne da Imagem: apontamentos de cinema, v\u00eddeo e fotografia numa pr\u00e1tica em pintura<\/span><\/strong><\/span><span style=\"font-family: 'trebuchet ms', geneva, sans-serif;font-size: 10pt\"><br \/>\n<strong>Coordenador(a)<\/strong>: <a href=\"https:\/\/wp.ufpel.edu.br\/mestradoartesvisuais\/ricardo-perufo-mello\/\">Ricardo Perufo Mello<\/a><br \/>\n<\/span><\/span><span style=\"font-family: georgia, palatino, serif;font-size: 12pt\"><span style=\"font-family: 'trebuchet ms', geneva, sans-serif;font-size: 10pt\"><strong>Grupo de Pesquisa vinculado<\/strong>: <a href=\"http:\/\/dgp.cnpq.br\/dgp\/espelhogrupo\/28787\" target=\"_blank\" rel=\"noopener noreferrer\">Percursos Po\u00e9ticos: procedimentos e grafias na contemporaneidade<\/a><br \/>\n<strong>Ano de cria\u00e7\u00e3o do projeto<\/strong>: 2021<br \/>\n<\/span><\/span><\/p>\n<p><span style=\"font-family: georgia, palatino, serif;font-size: 12pt\"><span style=\"font-family: 'trebuchet ms', geneva, sans-serif;font-size: 10pt\"><strong>Sobre<\/strong><br \/>\nEsta pesquisa prop\u00f5e a investiga\u00e7\u00e3o po\u00e9tica visual de uma pr\u00e1tica de pintura cotidiana em ateli\u00ea, tecendo uma an\u00e1lise sobre minha produ\u00e7\u00e3o po\u00e9tica em sua rela\u00e7\u00e3o com as l\u00f3gicas imag\u00e9ticas pr\u00f3prias aos meios do cinema, do v\u00eddeo e da fotografia anal\u00f3gicos \u2013 que s\u00e3o inseridos nessa situa\u00e7\u00e3o pict\u00f3rica por meio de apropria\u00e7\u00f5es. Ou seja, a partir da an\u00e1lise em termos da feitura dessa pintura, numa produ\u00e7\u00e3o cont\u00ednua de mais de uma d\u00e9cada, s\u00e3o estudadas algumas das reverbera\u00e7\u00f5es e determina\u00e7\u00f5es visuais advindas de uma imiscui\u00e7\u00e3o entre estes meios visuais t\u00e9cnicos, eletr\u00f4nicos, qu\u00edmicos e \u00f3ticos, na medida em que se colocam como mat\u00e9ria-prima desta pintura. <\/span><\/span><\/p>\n<p><span style=\"font-family: georgia, palatino, serif;font-size: 12pt\"><span style=\"font-family: 'trebuchet ms', geneva, sans-serif;font-size: 10pt\"><strong>E-mail<\/strong>: ricardo.mello@ufpel.edu.br<br \/>\n<strong>Website<\/strong>: <a href=\"http:\/\/www.ricardoperufomello.com.br\" target=\"_blank\" rel=\"noopener noreferrer\">http:\/\/www.ricardoperufomello.com.br<\/a><\/span><\/span><\/p>\n<p>&nbsp;<\/p>\n","protected":false},"excerpt":{"rendered":"<p>\u00a0\/ Projeto de Pesquisa A Carne da Imagem: apontamentos de cinema, v\u00eddeo e fotografia numa pr\u00e1tica em pintura Coordenador(a): Ricardo Perufo Mello Grupo de Pesquisa vinculado: Percursos Po\u00e9ticos: procedimentos e grafias na contemporaneidade Ano de cria\u00e7\u00e3o do projeto: 2021 Sobre Esta pesquisa prop\u00f5e a investiga\u00e7\u00e3o po\u00e9tica visual de uma pr\u00e1tica de pintura cotidiana em ateli\u00ea, [&hellip;]<\/p>\n","protected":false},"author":1258,"featured_media":0,"parent":0,"menu_order":0,"comment_status":"closed","ping_status":"closed","template":"","meta":{"footnotes":""},"class_list":["post-6758","page","type-page","status-publish","hentry"],"_links":{"self":[{"href":"https:\/\/wp.ufpel.edu.br\/ppgartes\/wp-json\/wp\/v2\/pages\/6758","targetHints":{"allow":["GET"]}}],"collection":[{"href":"https:\/\/wp.ufpel.edu.br\/ppgartes\/wp-json\/wp\/v2\/pages"}],"about":[{"href":"https:\/\/wp.ufpel.edu.br\/ppgartes\/wp-json\/wp\/v2\/types\/page"}],"author":[{"embeddable":true,"href":"https:\/\/wp.ufpel.edu.br\/ppgartes\/wp-json\/wp\/v2\/users\/1258"}],"replies":[{"embeddable":true,"href":"https:\/\/wp.ufpel.edu.br\/ppgartes\/wp-json\/wp\/v2\/comments?post=6758"}],"version-history":[{"count":0,"href":"https:\/\/wp.ufpel.edu.br\/ppgartes\/wp-json\/wp\/v2\/pages\/6758\/revisions"}],"wp:attachment":[{"href":"https:\/\/wp.ufpel.edu.br\/ppgartes\/wp-json\/wp\/v2\/media?parent=6758"}],"curies":[{"name":"wp","href":"https:\/\/api.w.org\/{rel}","templated":true}]}}