{"id":5385,"date":"2021-03-25T10:28:31","date_gmt":"2021-03-25T13:28:31","guid":{"rendered":"https:\/\/wp.ufpel.edu.br\/mestradoartesvisuais\/?page_id=5385"},"modified":"2021-03-25T10:28:31","modified_gmt":"2021-03-25T13:28:31","slug":"roberta-pires-rangel","status":"publish","type":"page","link":"https:\/\/wp.ufpel.edu.br\/ppgartes\/roberta-pires-rangel\/","title":{"rendered":"Roberta Pires Rangel"},"content":{"rendered":"<p><a href=\"https:\/\/wp.ufpel.edu.br\/ppgartes\/files\/2021\/03\/turma7_Roberta-Pires-Rangel.png\"><img class=\"wp-image-5406 size-thumbnail alignleft\" src=\"https:\/\/wp.ufpel.edu.br\/ppgartes\/files\/2021\/03\/turma7_Roberta-Pires-Rangel-200x200.png\" alt=\"\" width=\"200\" height=\"200\" srcset=\"https:\/\/wp.ufpel.edu.br\/ppgartes\/files\/2021\/03\/turma7_Roberta-Pires-Rangel-200x200.png 200w, https:\/\/wp.ufpel.edu.br\/ppgartes\/files\/2021\/03\/turma7_Roberta-Pires-Rangel-400x400.png 400w, https:\/\/wp.ufpel.edu.br\/ppgartes\/files\/2021\/03\/turma7_Roberta-Pires-Rangel.png 500w\" sizes=\"(max-width: 200px) 100vw, 200px\" \/><\/a><\/p>\n<p>&nbsp;<\/p>\n<p>&nbsp;<\/p>\n<p>&nbsp;<\/p>\n<p><span style=\"font-family: georgia, palatino, serif;font-size: 12pt\"><span style=\"font-size: 18pt\"><strong><span style=\"font-family: 'trebuchet ms', geneva, sans-serif\">Roberta Pires Rangel <span style=\"font-size: 10pt;color: #999999\">\/\u00a0<\/span><\/span><\/strong><\/span><span style=\"font-family: 'trebuchet ms', geneva, sans-serif;font-size: 10pt\"><a href=\"http:\/\/lattes.cnpq.br\/4905652388365826\" target=\"_blank\" rel=\"noopener noreferrer\"><span style=\"color: #999999\">Curr\u00edculum Lattes<\/span><\/a><br \/>\n<strong>Linha de Pesquisa<\/strong>: <a href=\"https:\/\/wp.ufpel.edu.br\/mestradoartesvisuais\/linhas-de-pesquisa\/educacao-em-artes-e-processos-de-formacao-estetica\/\">Educa\u00e7\u00e3o em Artes e Processos de Forma\u00e7\u00e3o Est\u00e9tica<\/a><br \/>\n<\/span><\/span><span style=\"font-family: georgia, palatino, serif;font-size: 12pt\"><span style=\"font-family: 'trebuchet ms', geneva, sans-serif;font-size: 10pt\"><strong>Data de nascimento:\u00a0<\/strong><\/span><\/span><\/p>\n<p style=\"text-align: justify\"><span style=\"font-family: 'trebuchet ms', geneva, sans-serif;font-size: 10pt\"><strong>Texto introdut\u00f3rio:<\/strong> Possui gradua\u00e7\u00e3o em Teatro Licenciatura pela Universidade Federal de Pelotas (2013). P\u00f3s Gradua\u00e7\u00e3o em Metodologia do Ensino na Educa\u00e7\u00e3o Superior (2016). Experi\u00eancia na \u00e1rea de Teatro e Dan\u00e7a. Professora h\u00e1 nove anos da Institui\u00e7\u00e3o Senac RS Pelotas. Mestrado em Artes Visuais pela Universidade Federal de Pelotas (2018). Doutoranda em Educa\u00e7\u00e3o pela Universidade Federal de Pelotas (2020) Integra o grupo de pesquisa OMEGA &#8211; Observat\u00f3rio de mem\u00f3ria, educa\u00e7\u00e3o, gesto e arte. (UFPEL- CNPQ) Professora de dan\u00e7a contempor\u00e2nea, dan\u00e7a moderna e Ballet, t\u00e9cnicas de alongamento avan\u00e7ado e prepara\u00e7\u00e3o corporal e Yoga. Experi\u00eancia em cinema como atriz e narradora de document\u00e1rios. Experi\u00eancia com eventos, semin\u00e1rios, feiras, narrativas po\u00e9ticas, textos, leitura em p\u00fablico, recep\u00e7\u00e3o, divulga\u00e7\u00e3o, capta\u00e7\u00e3o de mercado e comunica\u00e7\u00e3o visual. (Texto extra\u00eddo diretamente da plataforma Lattes)<\/span><\/p>\n<hr \/>\n<p><span style=\"font-family: 'trebuchet ms', geneva, sans-serif;font-size: 10pt\"><strong>T\u00edtulo da disserta\u00e7\u00e3o<br \/>\n<a href=\"http:\/\/guaiaca.ufpel.edu.br\/bitstream\/prefix\/6549\/1\/Dissertacao_Roberta_Pires_Rangel.pdf\" target=\"_blank\" rel=\"noopener noreferrer\"><span style=\"font-size: 14pt\">Sobre elas&#8230; Sobre mim: percursos etnogr\u00e1fico-performativos sobre\/com o feminino na Col\u00f4nia Z3<\/span><\/a><\/strong><br \/>\n<\/span><span style=\"font-family: 'trebuchet ms', geneva, sans-serif;font-size: 10pt\"><strong>Orientador(a):<\/strong> <a href=\"https:\/\/wp.ufpel.edu.br\/mestradoartesvisuais\/thiago-silva-de-amorim-jesus\/\">Profa. Dra. Thiago Silva De Amorim Jesus (PPGAV\/UFPel)<\/a><br \/>\n<\/span><\/p>\n<p style=\"text-align: justify\"><span style=\"font-family: 'trebuchet ms', geneva, sans-serif;font-size: 10pt\"><strong>RESUMO<\/strong><br \/>\nA presente disserta\u00e7\u00e3o de mestrado foi desenvolvida junto ao Programa de P\u00f3sGradua\u00e7\u00e3o em Artes Visuais do Centro de Artes da Universidade Federal de Pelotas \u2013 UFPel, vinculada \u00e0 linha de pesquisa Processos de Cria\u00e7\u00e3o e Po\u00e9ticas do Cotidiano. O estudo aborda experi\u00eancias e experimentos etnogr\u00e1ficoperformativos no que se relaciona ao estudo com, entre, atrav\u00e9s, por meio de corpo, de g\u00eanero e de territ\u00f3rio, baseando-se fundamentalmente na vida e no trabalho de<br \/>\nmulheres redeiras e artes\u00e3s da Col\u00f4nia Z3, regi\u00e3o litor\u00e2nea e pesqueira localizada na cidade de Pelotas, mais especificamente, regi\u00e3o sul do Estado do Rio Grande do Sul, pr\u00f3ximo \u00e0 fronteira com o Uruguai. O processo de investiga\u00e7\u00e3o aconteceu durante o per\u00edodo compreendido entre agosto de 2018 e maio de 2020, resultando nesta produ\u00e7\u00e3o textual dissertativa e na produ\u00e7\u00e3o de uma obra art\u00edstica de perfomance art, registrada em meio audiovisual. O trabalho foi desenvolvido mediante uma abordagem qualitativa de pesquisa em artes, tomando como refer\u00eancias as contribui\u00e7\u00f5es te\u00f3rico-metodol\u00f3gicas da etnografia, da performance e da pesquisa art\u00edstica; utilizou-se como principais instrumentos de coleta os registros atrav\u00e9s de fotos e o di\u00e1rio de processo. S\u00e3o adotados como principais refer\u00eancias te\u00f3ricas autores como Butler (2010), Barba (2009), LeBreton (2003; 2012), Cohen (2004) e Beauvoir (1970), dentre outros. Estive, neste processo, em contato com te\u00f3ricos e artistas que me acompanharam e me instigaram a pensar e realizar uma pesquisa acad\u00eamica de forma po\u00e9tica. Vejo-me envolta em uma comunidade que j\u00e1 n\u00e3o me \u00e9 mais alheia. Cada teoria deixou de ser apenas do campo cognitivo, cada experi\u00eancia foi m\u00e1gica. Deixo de minha parte, um tributo \u00e0s trajet\u00f3rias, ao simples que \u00e9 complexo, ao grotesco que \u00e9 sublime. E todo este fluxo segue como a \u00e1gua, nas caminhadas e mergulhos mais assustadores e (im)poss\u00edveis que eu possa (ou n\u00e3o) imaginar. Dentro da pr\u00e1tica art\u00edstica relacionada ao feminino e todas as possibilidades minhas em di\u00e1logo com as mulheres com as quais eu convivi, procurei nesta produ\u00e7\u00e3o art\u00edstica organizar-me<br \/>\nenquanto um corpo feminino n\u00e3o caricato e tampouco exuberante, pois, o que mais almejava era revestir-me de um corpo aberto, plural, um corpo das mulheres, em uma concep\u00e7\u00e3o mais coletiva e que pudesse ser o menos preconceituosa poss\u00edvel. Enfim, eu, que sempre almejei uma pesquisa que me proporcionasse um encontro entre o corpo, as artes, o fazer-em-processo, as artistas, os te\u00f3ricos, os m\u00e9todos de pesquisa, a fim de que eu conseguisse me assumir e protagonizar uma investiga\u00e7\u00e3o que dialogasse plenamente com o que penso e sinto, valorizo cada conquista e cada trope\u00e7o desta pesquisa. Exalto a uni\u00e3o da teoria com a pr\u00e1tica, das experi\u00eancias imaginadas com as realidades vividas, do acolhimento ao diverso em forma de comportamentos, de lugares e de pessoas. Assumo desta forma, tudo o que me constituiu e me constitui neste trabalho, reconhecendo que ele, sim, \u00e9 sobre elas, mas, sem nenhuma d\u00favida, \u00e9 sobre mim! <\/span><\/p>\n<p><span style=\"font-family: 'trebuchet ms', geneva, sans-serif;font-size: 10pt\"><strong>Palavras-chave:<\/strong> processo criativo; performance art; corpos femininos; cotidiano; col\u00f4nia de pescadores Z3<\/span><\/p>\n<p><span style=\"font-family: 'trebuchet ms', geneva, sans-serif;font-size: 10pt\"><strong>Banca:<br \/>\n<\/strong><\/span><span style=\"font-family: 'trebuchet ms', geneva, sans-serif;font-size: 10pt\">Profa. Dra. Carmen Anita Hoffmann<br \/>\nProfa. Dra. Denise Marcos Bussoletti<br \/>\nProfa. Dra. Rosangela Fachel de Medeiros<br \/>\nProfa. Dra. N\u00e1dia R\u00e9gia Maffi Neckel<\/span><\/p>\n<p><span style=\"font-family: 'trebuchet ms', geneva, sans-serif;font-size: 10pt\"><strong>Data:<\/strong> 10\/julho\/2020<\/span><\/p>\n<p>&nbsp;<\/p>\n<p>&nbsp;<\/p>\n<h3 style=\"text-align: center\"><span style=\"font-family: 'trebuchet ms', geneva, sans-serif;font-size: 12pt\">Acompanhamento:<\/span><\/h3>\n<hr \/>\n<div class=\"layout-cell-pad-5 text-align-right\"><\/div>\n<div><\/div>\n<div><\/div>\n<div><\/div>\n<div><\/div>\n<div class=\"layout-cell layout-cell-1 text-align-right\"><\/div>\n<p>&nbsp;<\/p>\n<p>&nbsp;<\/p>\n<p>&nbsp;<\/p>\n<p>&nbsp;<\/p>\n<p>&nbsp;<\/p>\n<p>&nbsp;<\/p>\n<p>&nbsp;<\/p>\n<div class=\"ms-editor-squiggler\" style=\"color: initial;font: initial;background: initial;background-blend-mode: initial;border: initial;border-radius: initial;border-collapse: initial;caption-side: initial;clear: initial;columns: initial;column-fill: initial;column-rule: initial;column-span: initial;cursor: initial;flex: initial;flex-flow: initial;float: initial;height: 0px;letter-spacing: initial;margin: initial;max-height: initial;max-width: initial;min-height: initial;min-width: initial;overflow: initial;padding: initial;text-align: initial;text-decoration: initial;text-indent: initial;text-transform: initial;vertical-align: initial;border-spacing: initial;width: initial\"><\/div>\n<div class=\"ms-editor-squiggler\" style=\"color: initial;font: initial;background: initial;background-blend-mode: initial;border: initial;border-radius: initial;border-collapse: initial;caption-side: initial;clear: initial;columns: initial;column-fill: initial;column-rule: initial;column-span: initial;cursor: initial;flex: initial;flex-flow: initial;float: initial;height: 0px;letter-spacing: initial;margin: initial;max-height: initial;max-width: initial;min-height: initial;min-width: initial;overflow: initial;padding: initial;text-align: initial;text-decoration: initial;text-indent: initial;text-transform: initial;vertical-align: initial;border-spacing: initial;width: initial\"><\/div>\n<div class=\"ms-editor-squiggler\" style=\"color: initial;font: initial;background: initial;background-blend-mode: initial;border: initial;border-radius: initial;border-collapse: initial;caption-side: initial;clear: initial;columns: initial;column-fill: initial;column-rule: initial;column-span: initial;cursor: initial;flex: initial;flex-flow: initial;float: initial;height: 0px;letter-spacing: initial;margin: initial;max-height: initial;max-width: initial;min-height: initial;min-width: initial;overflow: initial;padding: initial;text-align: initial;text-decoration: initial;text-indent: initial;text-transform: initial;vertical-align: initial;border-spacing: initial;width: initial\"><\/div>\n<div class=\"ms-editor-squiggler\" style=\"color: initial;font: initial;background: initial;background-blend-mode: initial;border: initial;border-radius: initial;border-collapse: initial;caption-side: initial;clear: initial;columns: initial;column-fill: initial;column-rule: initial;column-span: initial;cursor: initial;flex: initial;flex-flow: initial;float: initial;height: 0px;letter-spacing: initial;margin: initial;max-height: initial;max-width: initial;min-height: initial;min-width: initial;overflow: initial;padding: initial;text-align: initial;text-decoration: initial;text-indent: initial;text-transform: initial;vertical-align: initial;border-spacing: initial;width: initial\"><\/div>\n<div class=\"ms-editor-squiggler\" style=\"color: initial;font: initial;background: initial;background-blend-mode: initial;border: initial;border-radius: initial;border-collapse: initial;caption-side: initial;clear: initial;columns: initial;column-fill: initial;column-rule: initial;column-span: initial;cursor: initial;flex: initial;flex-flow: initial;float: initial;height: 0px;letter-spacing: initial;margin: initial;max-height: initial;max-width: initial;min-height: initial;min-width: initial;overflow: initial;padding: initial;text-align: initial;text-decoration: initial;text-indent: initial;text-transform: initial;vertical-align: initial;border-spacing: initial;width: initial\"><\/div>\n<div class=\"ms-editor-squiggler\" style=\"color: initial;font: initial;background: initial;background-blend-mode: initial;border: initial;border-radius: initial;border-collapse: initial;caption-side: initial;clear: initial;columns: initial;column-fill: initial;column-rule: initial;column-span: initial;cursor: initial;flex: initial;flex-flow: initial;float: initial;height: 0px;letter-spacing: initial;margin: initial;max-height: initial;max-width: initial;min-height: initial;min-width: initial;overflow: initial;padding: initial;text-align: initial;text-decoration: initial;text-indent: initial;text-transform: initial;vertical-align: initial;border-spacing: initial;width: initial\"><\/div>\n<div class=\"ms-editor-squiggler\" style=\"color: initial;font: initial;background: initial;background-blend-mode: initial;border: initial;border-radius: initial;border-collapse: initial;caption-side: initial;clear: initial;columns: initial;column-fill: initial;column-rule: initial;column-span: initial;cursor: initial;flex: initial;flex-flow: initial;float: initial;height: 0px;letter-spacing: initial;margin: initial;max-height: initial;max-width: initial;min-height: initial;min-width: initial;overflow: initial;padding: initial;text-align: initial;text-decoration: initial;text-indent: initial;text-transform: initial;vertical-align: initial;border-spacing: initial;width: initial\"><\/div>\n<div class=\"ms-editor-squiggler\" style=\"color: initial;font: initial;background: initial;background-blend-mode: initial;border: initial;border-radius: initial;border-collapse: initial;caption-side: initial;clear: initial;columns: initial;column-fill: initial;column-rule: initial;column-span: initial;cursor: initial;flex: initial;flex-flow: initial;float: initial;height: 0px;letter-spacing: initial;margin: initial;max-height: initial;max-width: initial;min-height: initial;min-width: initial;overflow: initial;padding: initial;text-align: initial;text-decoration: initial;text-indent: initial;text-transform: initial;vertical-align: initial;border-spacing: initial;width: initial\"><\/div>\n<div class=\"ms-editor-squiggler\" style=\"color: initial;font: initial;background: initial;background-blend-mode: initial;border: initial;border-radius: initial;border-collapse: initial;caption-side: initial;clear: initial;columns: initial;column-fill: initial;column-rule: initial;column-span: initial;cursor: initial;flex: initial;flex-flow: initial;float: initial;height: 0px;letter-spacing: initial;margin: initial;max-height: initial;max-width: initial;min-height: initial;min-width: initial;overflow: initial;padding: initial;text-align: initial;text-decoration: initial;text-indent: initial;text-transform: initial;vertical-align: initial;border-spacing: initial;width: initial\"><\/div>\n","protected":false},"excerpt":{"rendered":"<p>&nbsp; &nbsp; &nbsp; Roberta Pires Rangel \/\u00a0Curr\u00edculum Lattes Linha de Pesquisa: Educa\u00e7\u00e3o em Artes e Processos de Forma\u00e7\u00e3o Est\u00e9tica Data de nascimento:\u00a0 Texto introdut\u00f3rio: Possui gradua\u00e7\u00e3o em Teatro Licenciatura pela Universidade Federal de Pelotas (2013). P\u00f3s Gradua\u00e7\u00e3o em Metodologia do Ensino na Educa\u00e7\u00e3o Superior (2016). Experi\u00eancia na \u00e1rea de Teatro e Dan\u00e7a. Professora h\u00e1 nove [&hellip;]<\/p>\n","protected":false},"author":1258,"featured_media":0,"parent":0,"menu_order":0,"comment_status":"closed","ping_status":"closed","template":"","meta":{"footnotes":""},"class_list":["post-5385","page","type-page","status-publish","hentry"],"_links":{"self":[{"href":"https:\/\/wp.ufpel.edu.br\/ppgartes\/wp-json\/wp\/v2\/pages\/5385","targetHints":{"allow":["GET"]}}],"collection":[{"href":"https:\/\/wp.ufpel.edu.br\/ppgartes\/wp-json\/wp\/v2\/pages"}],"about":[{"href":"https:\/\/wp.ufpel.edu.br\/ppgartes\/wp-json\/wp\/v2\/types\/page"}],"author":[{"embeddable":true,"href":"https:\/\/wp.ufpel.edu.br\/ppgartes\/wp-json\/wp\/v2\/users\/1258"}],"replies":[{"embeddable":true,"href":"https:\/\/wp.ufpel.edu.br\/ppgartes\/wp-json\/wp\/v2\/comments?post=5385"}],"version-history":[{"count":0,"href":"https:\/\/wp.ufpel.edu.br\/ppgartes\/wp-json\/wp\/v2\/pages\/5385\/revisions"}],"wp:attachment":[{"href":"https:\/\/wp.ufpel.edu.br\/ppgartes\/wp-json\/wp\/v2\/media?parent=5385"}],"curies":[{"name":"wp","href":"https:\/\/api.w.org\/{rel}","templated":true}]}}