{"id":5352,"date":"2021-03-25T09:49:52","date_gmt":"2021-03-25T12:49:52","guid":{"rendered":"https:\/\/wp.ufpel.edu.br\/mestradoartesvisuais\/?page_id=5352"},"modified":"2021-03-25T09:49:52","modified_gmt":"2021-03-25T12:49:52","slug":"luana-echevengua-arrieche","status":"publish","type":"page","link":"https:\/\/wp.ufpel.edu.br\/ppgartes\/luana-echevengua-arrieche\/","title":{"rendered":"Luana Echevengu\u00e1 Arrieche"},"content":{"rendered":"<p><a href=\"https:\/\/wp.ufpel.edu.br\/ppgartes\/files\/2021\/03\/turma7_Luana-Echevengua-Arrieche.png\"><img class=\"wp-image-5415 size-thumbnail alignleft\" src=\"https:\/\/wp.ufpel.edu.br\/ppgartes\/files\/2021\/03\/turma7_Luana-Echevengua-Arrieche-200x200.png\" alt=\"\" width=\"200\" height=\"200\" srcset=\"https:\/\/wp.ufpel.edu.br\/ppgartes\/files\/2021\/03\/turma7_Luana-Echevengua-Arrieche-200x200.png 200w, https:\/\/wp.ufpel.edu.br\/ppgartes\/files\/2021\/03\/turma7_Luana-Echevengua-Arrieche-400x400.png 400w, https:\/\/wp.ufpel.edu.br\/ppgartes\/files\/2021\/03\/turma7_Luana-Echevengua-Arrieche.png 500w\" sizes=\"(max-width: 200px) 100vw, 200px\" \/><\/a><\/p>\n<p><span style=\"font-family: georgia, palatino, serif;font-size: 12pt\"><span style=\"font-size: 18pt\"><strong><span style=\"font-family: 'trebuchet ms', geneva, sans-serif\">Luana Echevengu\u00e1 Arrieche <span style=\"font-size: 10pt;color: #999999\">\/\u00a0<\/span><\/span><\/strong><\/span><span style=\"font-family: 'trebuchet ms', geneva, sans-serif;font-size: 10pt\"><a href=\"http:\/\/lattes.cnpq.br\/4239238908403694\" target=\"_blank\" rel=\"noopener noreferrer\"><span style=\"color: #999999\">Curr\u00edculum Lattes<\/span><\/a><br \/>\n<strong>Linha de Pesquisa<\/strong>: <a href=\"https:\/\/wp.ufpel.edu.br\/mestradoartesvisuais\/linhas-de-pesquisa\/processos-de-criacao-e-poeticas-do-cotidiano\/\">Processos de Cria\u00e7\u00e3o e Po\u00e9ticas do Cotidiano<\/a><br \/>\n<\/span><\/span><span style=\"font-family: georgia, palatino, serif;font-size: 12pt\"><span style=\"font-family: 'trebuchet ms', geneva, sans-serif;font-size: 10pt\"><strong>Data de nascimento:\u00a0<\/strong><\/span><\/span><\/p>\n<p style=\"text-align: justify\"><span style=\"font-family: 'trebuchet ms', geneva, sans-serif;font-size: 10pt\"><strong>Texto introdut\u00f3rio:<\/strong> Mestre em Artes Visuais pelo Programa de p\u00f3s-gradua\u00e7\u00e3o em Artes Visuais na Universidade Federal De Pelotas, integrante do grupo de pesquisa Caixa de Pandora, vinculado ao PPGAVI\/ UFPEL, aluna integrante da comiss\u00e3o organizadora do I FIVRS &#8211; 1\u00b0 Festival Internacional de Videodan\u00e7a do Rio Grande do Sul; p\u00f3s-gradua\u00e7\u00e3o em Metodologia de ensino das Artes pela faculdade Unicesumar(2018) e gradua\u00e7\u00e3o em Dan\u00e7a pela Universidade Federal de Pelotas (2016). Tem experi\u00eancia na \u00e1rea de Artes, em espec\u00edfico em Dan\u00e7a, atuando principalmente nos seguintes temas: dan\u00e7a, inclus\u00e3o, licenciaturas em dan\u00e7a, educa\u00e7\u00e3o e videodan\u00e7a. Bailarina com experiencia em ballet cl\u00e1ssico e viv\u00eancia em dan\u00e7a contempor\u00e2nea. (Texto extra\u00eddo diretamente da plataforma Lattes)<\/span><\/p>\n<hr \/>\n<p><span style=\"font-family: 'trebuchet ms', geneva, sans-serif;font-size: 10pt\"><strong>T\u00edtulo da disserta\u00e7\u00e3o<br \/>\n<a href=\"http:\/\/guaiaca.ufpel.edu.br:8080\/handle\/prefix\/7889\"><span style=\"font-size: 14pt\">Po\u00e9ticas visuais: enquadramentos femininos em videodan\u00e7a<\/span><\/a><\/strong><br \/>\n<\/span><span style=\"font-family: 'trebuchet ms', geneva, sans-serif;font-size: 10pt\"><strong>Orientador(a):<\/strong> <a href=\"https:\/\/wp.ufpel.edu.br\/mestradoartesvisuais\/eleonora-campos-da-motta-santos\/\">Profa. Dra. Eleonora Campos da Motta Santos (PPGAV\/UFPel)<\/a><br \/>\n<strong>Coorientador(a):<\/strong> <a href=\"https:\/\/wp.ufpel.edu.br\/mestradoartesvisuais\/rosangela-fachel-de-medeiros\/\">Profa. Dra. Ros\u00e2ngela Fachel de Medeiros (PPGAV\/UFPel)<\/a><br \/>\n<\/span><\/p>\n<p style=\"text-align: justify\"><span style=\"font-family: 'trebuchet ms', geneva, sans-serif;font-size: 10pt\"><strong>RESUMO<br \/>\n<\/strong>Este trabalho versa sobre o processo de cria\u00e7\u00e3o em videodan\u00e7a, vinculado ao Programa de P\u00f3s-Gradua\u00e7\u00e3o em Artes Visuais, da Universidade Federal de Pelotas, na linha de pesquisa Processos de Cria\u00e7\u00e3o e Po\u00e9ticas do Cotidiano, no qual me proponho criar videodan\u00e7a(s) imbricada(s) \u00e0 pesquisa em arte. O seguinte problema me guiou: como compreender a pesquisa em artes na\/pela cria\u00e7\u00e3o em videodan\u00e7a? Os autores basilares Rey (1996) e Salles (1998, 2006) me orientam para refletir sobre a pesquisa em artes, na qual o artista-pesquisador, na imers\u00e3o da pr\u00e1tica po\u00e9tica imbricada \u00e0 teoriza\u00e7\u00e3o, pesquisa seu processo criativo e, neste trabalho, se faz a rede de cria\u00e7\u00e3o. A metodologia utilizada foi pautada pelo fazer te\u00f3rico-pr\u00e1tico, por meio de agenciamentos das experi\u00eancias e rela\u00e7\u00f5es nos componentes curriculares; participa\u00e7\u00e3o de eventos e publica\u00e7\u00f5es do trabalho, realizados ao longo do Mestrado, conforme fui avan\u00e7ando na pesquisa; e tamb\u00e9m atrav\u00e9s de minha inser\u00e7\u00e3o no grupo de pesquisa Caixa de Pandora. Para as reflex\u00f5es sobre videodan\u00e7a o estudo est\u00e1 embasado predominantemente em Brum (2012), Rosemberg (2012), Valdell\u00f3s (2018) e Dubois (2004), que me possibilitaram refletir sobre a grafia e o conceito de videodan\u00e7a operado no processo criativo. Aproximei-me do conceito de performatividade de g\u00eanero que me instigou a olhar com aten\u00e7\u00e3o para os discursos em torno do g\u00eanero feminino, atrav\u00e9s de leituras realizadas em Butler (2019), Louro (2018) e Saralih (2018). Al\u00e9m destes, cito McLaren (2016), Rago (2010) e Evaristo (2005) que me auxiliaram com o tom da escrita deste trabalho, uma escrita po\u00e9tica e narrativa atrav\u00e9s da qual me atento para as representa\u00e7\u00f5es do feminino que me circundam e constituem. Por fim, esta pesquisa instiga a percep\u00e7\u00e3o de novas e pessoais possibilidades de articula\u00e7\u00e3o entre as express\u00f5es art\u00edsticas: neste caso, da Dan\u00e7a e das Artes Visuais, assim como expande narrativas sobre o fazer em videodan\u00e7a.<\/span><\/p>\n<p><span style=\"font-family: 'trebuchet ms', geneva, sans-serif;font-size: 10pt\"><strong>Palavras-chave:<\/strong> Pesquisa em Artes, videodan\u00e7a, Produ\u00e7\u00e3o acad\u00eamica, Processos de Cria\u00e7\u00e3o.<\/span><\/p>\n<p><span style=\"font-family: 'trebuchet ms', geneva, sans-serif;font-size: 10pt\"><strong>Banca:<br \/>\n<\/strong><\/span><span style=\"font-family: 'trebuchet ms', geneva, sans-serif;font-size: 10pt\">Profa. Dra. N\u00e1dia da Cruz Senna<br \/>\nProf. Dr. Leonardo Sebiane Serrano<br \/>\nProfa. Dra. Natacha Muriel L\u00f3pez Galluci<\/span><\/p>\n<p><span style=\"font-family: 'trebuchet ms', geneva, sans-serif;font-size: 10pt\"><strong>Data:<\/strong> 21\/dezembro\/2020<\/span><\/p>\n<h3 style=\"text-align: center\"><span style=\"font-family: 'trebuchet ms', geneva, sans-serif;font-size: 12pt\">Acompanhamento:<\/span><\/h3>\n<hr \/>\n<div class=\"layout-cell-pad-5 text-align-right\"><\/div>\n<div><\/div>\n<div><\/div>\n<div><\/div>\n<div><\/div>\n<div class=\"layout-cell layout-cell-1 text-align-right\"><\/div>\n<div class=\"ms-editor-squiggler\" style=\"color: initial;font: initial;background: initial;background-blend-mode: initial;border: initial;border-radius: initial;border-collapse: initial;caption-side: initial;clear: initial;columns: initial;column-fill: initial;column-rule: initial;column-span: initial;cursor: initial;flex: initial;flex-flow: initial;float: initial;height: 0px;letter-spacing: initial;margin: initial;max-height: initial;max-width: initial;min-height: initial;min-width: initial;overflow: initial;padding: initial;text-align: initial;text-decoration: initial;text-indent: initial;text-transform: initial;vertical-align: initial;border-spacing: initial;width: initial\"><\/div>\n<div class=\"ms-editor-squiggler\" style=\"color: initial;font: initial;background: initial;background-blend-mode: initial;border: initial;border-radius: initial;border-collapse: initial;caption-side: initial;clear: initial;columns: initial;column-fill: initial;column-rule: initial;column-span: initial;cursor: initial;flex: initial;flex-flow: initial;float: initial;height: 0px;letter-spacing: initial;margin: initial;max-height: initial;max-width: initial;min-height: initial;min-width: initial;overflow: initial;padding: initial;text-align: initial;text-decoration: initial;text-indent: initial;text-transform: initial;vertical-align: initial;border-spacing: initial;width: initial\"><\/div>\n<div class=\"ms-editor-squiggler\" style=\"color: initial;font: initial;background: initial;background-blend-mode: initial;border: initial;border-radius: initial;border-collapse: initial;caption-side: initial;clear: initial;columns: initial;column-fill: initial;column-rule: initial;column-span: initial;cursor: initial;flex: initial;flex-flow: initial;float: initial;height: 0px;letter-spacing: initial;margin: initial;max-height: initial;max-width: initial;min-height: initial;min-width: initial;overflow: initial;padding: initial;text-align: initial;text-decoration: initial;text-indent: initial;text-transform: initial;vertical-align: initial;border-spacing: initial;width: initial\"><\/div>\n<div class=\"ms-editor-squiggler\" style=\"color: initial;font: initial;background: initial;background-blend-mode: initial;border: initial;border-radius: initial;border-collapse: initial;caption-side: initial;clear: initial;columns: initial;column-fill: initial;column-rule: initial;column-span: initial;cursor: initial;flex: initial;flex-flow: initial;float: initial;height: 0px;letter-spacing: initial;margin: initial;max-height: initial;max-width: initial;min-height: initial;min-width: initial;overflow: initial;padding: initial;text-align: initial;text-decoration: initial;text-indent: initial;text-transform: initial;vertical-align: initial;border-spacing: initial;width: initial\"><\/div>\n<div class=\"ms-editor-squiggler\" style=\"color: initial;font: initial;background: initial;background-blend-mode: initial;border: initial;border-radius: initial;border-collapse: initial;caption-side: initial;clear: initial;columns: initial;column-fill: initial;column-rule: initial;column-span: initial;cursor: initial;flex: initial;flex-flow: initial;float: initial;height: 0px;letter-spacing: initial;margin: initial;max-height: initial;max-width: initial;min-height: initial;min-width: initial;overflow: initial;padding: initial;text-align: initial;text-decoration: initial;text-indent: initial;text-transform: initial;vertical-align: initial;border-spacing: initial;width: initial\"><\/div>\n<div class=\"ms-editor-squiggler\" style=\"color: initial;font: initial;background: initial;background-blend-mode: initial;border: initial;border-radius: initial;border-collapse: initial;caption-side: initial;clear: initial;columns: initial;column-fill: initial;column-rule: initial;column-span: initial;cursor: initial;flex: initial;flex-flow: initial;float: initial;height: 0px;letter-spacing: initial;margin: initial;max-height: initial;max-width: initial;min-height: initial;min-width: initial;overflow: initial;padding: initial;text-align: initial;text-decoration: initial;text-indent: initial;text-transform: initial;vertical-align: initial;border-spacing: initial;width: initial\"><\/div>\n<div class=\"ms-editor-squiggler\" style=\"color: initial;font: initial;background: initial;background-blend-mode: initial;border: initial;border-radius: initial;border-collapse: initial;caption-side: initial;clear: initial;columns: initial;column-fill: initial;column-rule: initial;column-span: initial;cursor: initial;flex: initial;flex-flow: initial;float: initial;height: 0px;letter-spacing: initial;margin: initial;max-height: initial;max-width: initial;min-height: initial;min-width: initial;overflow: initial;padding: initial;text-align: initial;text-decoration: initial;text-indent: initial;text-transform: initial;vertical-align: initial;border-spacing: initial;width: initial\"><\/div>\n<div class=\"ms-editor-squiggler\" style=\"color: initial;font: initial;background: initial;background-blend-mode: initial;border: initial;border-radius: initial;border-collapse: initial;caption-side: initial;clear: initial;columns: initial;column-fill: initial;column-rule: initial;column-span: initial;cursor: initial;flex: initial;flex-flow: initial;float: initial;height: 0px;letter-spacing: initial;margin: initial;max-height: initial;max-width: initial;min-height: initial;min-width: initial;overflow: initial;padding: initial;text-align: initial;text-decoration: initial;text-indent: initial;text-transform: initial;vertical-align: initial;border-spacing: initial;width: initial\"><\/div>\n<div class=\"ms-editor-squiggler\" style=\"color: initial;font: initial;background: initial;background-blend-mode: initial;border: initial;border-radius: initial;border-collapse: initial;caption-side: initial;clear: initial;columns: initial;column-fill: initial;column-rule: initial;column-span: initial;cursor: initial;flex: initial;flex-flow: initial;float: initial;height: 0px;letter-spacing: initial;margin: initial;max-height: initial;max-width: initial;min-height: initial;min-width: initial;overflow: initial;padding: initial;text-align: initial;text-decoration: initial;text-indent: initial;text-transform: initial;vertical-align: initial;border-spacing: initial;width: initial\"><\/div>\n","protected":false},"excerpt":{"rendered":"<p>Luana Echevengu\u00e1 Arrieche \/\u00a0Curr\u00edculum Lattes Linha de Pesquisa: Processos de Cria\u00e7\u00e3o e Po\u00e9ticas do Cotidiano Data de nascimento:\u00a0 Texto introdut\u00f3rio: Mestre em Artes Visuais pelo Programa de p\u00f3s-gradua\u00e7\u00e3o em Artes Visuais na Universidade Federal De Pelotas, integrante do grupo de pesquisa Caixa de Pandora, vinculado ao PPGAVI\/ UFPEL, aluna integrante da comiss\u00e3o organizadora do I [&hellip;]<\/p>\n","protected":false},"author":1258,"featured_media":0,"parent":0,"menu_order":0,"comment_status":"closed","ping_status":"closed","template":"","meta":{"footnotes":""},"class_list":["post-5352","page","type-page","status-publish","hentry"],"_links":{"self":[{"href":"https:\/\/wp.ufpel.edu.br\/ppgartes\/wp-json\/wp\/v2\/pages\/5352","targetHints":{"allow":["GET"]}}],"collection":[{"href":"https:\/\/wp.ufpel.edu.br\/ppgartes\/wp-json\/wp\/v2\/pages"}],"about":[{"href":"https:\/\/wp.ufpel.edu.br\/ppgartes\/wp-json\/wp\/v2\/types\/page"}],"author":[{"embeddable":true,"href":"https:\/\/wp.ufpel.edu.br\/ppgartes\/wp-json\/wp\/v2\/users\/1258"}],"replies":[{"embeddable":true,"href":"https:\/\/wp.ufpel.edu.br\/ppgartes\/wp-json\/wp\/v2\/comments?post=5352"}],"version-history":[{"count":0,"href":"https:\/\/wp.ufpel.edu.br\/ppgartes\/wp-json\/wp\/v2\/pages\/5352\/revisions"}],"wp:attachment":[{"href":"https:\/\/wp.ufpel.edu.br\/ppgartes\/wp-json\/wp\/v2\/media?parent=5352"}],"curies":[{"name":"wp","href":"https:\/\/api.w.org\/{rel}","templated":true}]}}