{"id":5349,"date":"2021-03-25T09:44:19","date_gmt":"2021-03-25T12:44:19","guid":{"rendered":"https:\/\/wp.ufpel.edu.br\/mestradoartesvisuais\/?page_id=5349"},"modified":"2021-03-25T09:44:19","modified_gmt":"2021-03-25T12:44:19","slug":"kathleen-oliveira-de-avila","status":"publish","type":"page","link":"https:\/\/wp.ufpel.edu.br\/ppgartes\/kathleen-oliveira-de-avila\/","title":{"rendered":"Kathleen Oliveira de Avila"},"content":{"rendered":"<p><a href=\"https:\/\/wp.ufpel.edu.br\/ppgartes\/files\/2021\/03\/turma7_Kathleen-Oliveira-de-Avila.png\"><img class=\"wp-image-5416 size-thumbnail alignleft\" src=\"https:\/\/wp.ufpel.edu.br\/ppgartes\/files\/2021\/03\/turma7_Kathleen-Oliveira-de-Avila-200x200.png\" alt=\"\" width=\"200\" height=\"200\" srcset=\"https:\/\/wp.ufpel.edu.br\/ppgartes\/files\/2021\/03\/turma7_Kathleen-Oliveira-de-Avila-200x200.png 200w, https:\/\/wp.ufpel.edu.br\/ppgartes\/files\/2021\/03\/turma7_Kathleen-Oliveira-de-Avila-400x400.png 400w, https:\/\/wp.ufpel.edu.br\/ppgartes\/files\/2021\/03\/turma7_Kathleen-Oliveira-de-Avila.png 500w\" sizes=\"(max-width: 200px) 100vw, 200px\" \/><\/a><\/p>\n<p><span style=\"font-family: georgia, palatino, serif;font-size: 12pt\"><span style=\"font-size: 18pt\"><strong><span style=\"font-family: 'trebuchet ms', geneva, sans-serif\">Kathleen Oliveira de Avila <span style=\"font-size: 10pt;color: #999999\">\/\u00a0<\/span><\/span><\/strong><\/span><span style=\"font-family: 'trebuchet ms', geneva, sans-serif;font-size: 10pt\"><a href=\"http:\/\/lattes.cnpq.br\/2651425773610812\" target=\"_blank\" rel=\"noopener noreferrer\"><span style=\"color: #999999\">Curr\u00edculum Lattes<\/span><\/a><br \/>\n<strong>Linha de Pesquisa<\/strong>: <a href=\"https:\/\/wp.ufpel.edu.br\/mestradoartesvisuais\/linhas-de-pesquisa\/educacao-em-artes-e-processos-de-formacao-estetica\/\">Educa\u00e7\u00e3o em Artes e Processos de Forma\u00e7\u00e3o Est\u00e9tica<\/a><\/span><\/span><\/p>\n<p style=\"text-align: justify\"><span style=\"font-family: 'trebuchet ms', geneva, sans-serif;font-size: 10pt\"><strong>Texto introdut\u00f3rio:<\/strong> Mestre em Artes Visuais, linha de pesquisa Processos de Cria\u00e7\u00e3o e Po\u00e9ticas do Cotidiano &#8211; PPGAVI\/ UFPel, com a disserta\u00e7\u00e3o ?Fotocosturafetiva: tramando encontros com a mem\u00f3ria e o processo de cria\u00e7\u00e3o, tecendo di\u00e1logos com o cotidiano e a arte contempor\u00e2nea? sob orienta\u00e7\u00e3o do Prof\u00ba. Dr\u00ba. Cl\u00e1udio Tarouco de Azevedo. Graduada em Artes Visuais Licenciatura (UFPel, 2018), com per\u00edodo de mobilidade acad\u00eamica na Faculdade de Belas Artes da Universidade do Porto (FBAUP, 2016); Integrante do Grupo de Pesquisa ART\u018eECOS: n\u00facleo de estudos e pr\u00e1ticas art\u00edsticas ecos\u00f3ficas (UFPel\/FURG\/CNPq). (Texto extra\u00eddo diretamente da plataforma Lattes)<\/span><\/p>\n<hr \/>\n<p><span style=\"font-family: 'trebuchet ms', geneva, sans-serif;font-size: 10pt\"><strong>T\u00edtulo da disserta\u00e7\u00e3o<br \/>\n<a href=\"http:\/\/guaiaca.ufpel.edu.br:8080\/handle\/prefix\/7888\"><span style=\"font-size: 14pt\">Fotocosturafetiva: tramando encontros com a mem\u00f3ria e o processo de cria\u00e7\u00e3o, tecendo di\u00e1logos com o cotidiano e a arte contempor\u00e2nea<\/span><\/a><\/strong><br \/>\n<\/span><span style=\"font-family: 'trebuchet ms', geneva, sans-serif;font-size: 10pt\"><strong>Orientador(a):<\/strong> <a href=\"https:\/\/wp.ufpel.edu.br\/mestradoartesvisuais\/4766-2\/\">Prof. Dr. Cl\u00e1udio Tarouco de Azevedo (PPGAV\/UFPel)<\/a><br \/>\n<\/span><\/p>\n<p style=\"text-align: justify\"><span style=\"font-family: 'trebuchet ms', geneva, sans-serif;font-size: 10pt\"><strong>RESUMO<br \/>\n<\/strong>Esta disserta\u00e7\u00e3o \u00e9 resultado de uma pesquisa desenvolvida no Programa de P\u00f3s-Gradu<\/span><span style=\"font-family: 'trebuchet ms', geneva, sans-serif;font-size: 10pt\">a\u00e7\u00e3o em Artes Visuais da Universidade Federal de Pelotas \u2013 PPGAVI\/UFPel. Os dados\u00a0<\/span><span style=\"font-family: 'trebuchet ms', geneva, sans-serif;font-size: 10pt\">produzidos resultam da minha produ\u00e7\u00e3o po\u00e9tica e reflexiva, utilizando procedimentos fo<\/span><span style=\"font-family: 'trebuchet ms', geneva, sans-serif;font-size: 10pt\">togr\u00e1ficos e a costura manual. Esta pesquisa discorre sobre as quest\u00f5es acerca da foto<\/span><span style=\"font-family: 'trebuchet ms', geneva, sans-serif;font-size: 10pt\">costurafetiva, que prop\u00f5e tramar encontros da mem\u00f3ria e a cria\u00e7\u00e3o art\u00edstica, com os di\u00e1<\/span><span style=\"font-family: 'trebuchet ms', geneva, sans-serif;font-size: 10pt\">logos do cotidiano e a arte contempor\u00e2nea. Para isso, por meio de um percurso po\u00e9tico e\u00a0<\/span><span style=\"font-family: 'trebuchet ms', geneva, sans-serif;font-size: 10pt\">narrativo, apresentei na introdu\u00e7\u00e3o a processualidade da pesquisa, contextualizando com <\/span><span style=\"font-family: 'trebuchet ms', geneva, sans-serif;font-size: 10pt\">meu projeto de conclus\u00e3o de curso em Artes Visuais. Na sequ\u00eancia, a partir de Zygmunt <\/span><span style=\"font-family: 'trebuchet ms', geneva, sans-serif;font-size: 10pt\">Bauman (2004) e Nuccio Ordine (2016), refleti sobre as rela\u00e7\u00f5es que estabelecemos com <\/span><span style=\"font-family: 'trebuchet ms', geneva, sans-serif;font-size: 10pt\">a cultura de uma sociedade de consumo e utilitarista. Dessa maneira, teci um di\u00e1logo da <\/span><span style=\"font-family: 'trebuchet ms', geneva, sans-serif;font-size: 10pt\">minha \u00faltima imagem da s\u00e9rie Rasto da costura e da s\u00e9rie esteLar com as produ\u00e7\u00f5es das <\/span><span style=\"font-family: 'trebuchet ms', geneva, sans-serif;font-size: 10pt\">artistas Rochelle Zandavalli e Caroline Valansi. Tamb\u00e9m costuro a pesquisa pondera\u00e7\u00f5es <\/span><span style=\"font-family: 'trebuchet ms', geneva, sans-serif;font-size: 10pt\">sobre as aproxima\u00e7\u00f5es e as singularidades entre a s\u00e9rie Planta e a s\u00e9rie em curso Raiz com <\/span><span style=\"font-family: 'trebuchet ms', geneva, sans-serif;font-size: 10pt\">os trabalhos de Magda Rebello, Aline Brant, Frida Kahlo e Gr\u00e9goire A. Meyer. Estes que <\/span><span style=\"font-family: 'trebuchet ms', geneva, sans-serif;font-size: 10pt\">se movimentam nessa dire\u00e7\u00e3o da mesti\u00e7agem t\u00e9cnica (CATTANI, 2007), das narrativas <\/span><span style=\"font-family: 'trebuchet ms', geneva, sans-serif;font-size: 10pt\">enviesadas (CANTON, 2009), a partir do campo da fotografia, da costura po\u00e9tica e da <\/span><span style=\"font-family: 'trebuchet ms', geneva, sans-serif;font-size: 10pt\">afetividade em rela\u00e7\u00e3o aos lugares.<\/span><\/p>\n<p><span style=\"font-family: 'trebuchet ms', geneva, sans-serif;font-size: 10pt\"><strong>Palavras-chave:<\/strong> Fotografia. Costura. Mem\u00f3ria. Afetividade. Mesti\u00e7agem t\u00e9cnica. Narrativas Enviesadas. Arte contempor\u00e2nea.<\/span><\/p>\n<p><span style=\"font-family: 'trebuchet ms', geneva, sans-serif;font-size: 10pt\"><strong>Banca:<br \/>\n<\/strong><\/span><span style=\"font-family: 'trebuchet ms', geneva, sans-serif;font-size: 10pt\">Profa. Dra. Luciana Netto Dolci<br \/>\nProfa. Dra. Helene Gomes Sacco Carbone<\/span><\/p>\n<p><span style=\"font-family: 'trebuchet ms', geneva, sans-serif;font-size: 10pt\"><strong>Data:<\/strong> 15\/dezembro\/2020<\/span><\/p>\n<h3 style=\"text-align: center\"><span style=\"font-family: 'trebuchet ms', geneva, sans-serif;font-size: 12pt\">Acompanhamento:<\/span><\/h3>\n<hr \/>\n<div class=\"layout-cell-pad-5 text-align-right\"><\/div>\n<div><\/div>\n<div><\/div>\n<div><\/div>\n<div><\/div>\n<div class=\"layout-cell layout-cell-1 text-align-right\"><\/div>\n<div class=\"ms-editor-squiggler\" style=\"color: initial;font: initial;background: initial;background-blend-mode: initial;border: initial;border-radius: initial;border-collapse: initial;caption-side: initial;clear: initial;columns: initial;column-fill: initial;column-rule: initial;column-span: initial;cursor: initial;flex: initial;flex-flow: initial;float: initial;height: 0px;letter-spacing: initial;margin: initial;max-height: initial;max-width: initial;min-height: initial;min-width: initial;overflow: initial;padding: initial;text-align: initial;text-decoration: initial;text-indent: initial;text-transform: initial;vertical-align: initial;border-spacing: initial;width: initial\"><\/div>\n<div class=\"ms-editor-squiggler\" style=\"color: initial;font: initial;background: initial;background-blend-mode: initial;border: initial;border-radius: initial;border-collapse: initial;caption-side: initial;clear: initial;columns: initial;column-fill: initial;column-rule: initial;column-span: initial;cursor: initial;flex: initial;flex-flow: initial;float: initial;height: 0px;letter-spacing: initial;margin: initial;max-height: initial;max-width: initial;min-height: initial;min-width: initial;overflow: initial;padding: initial;text-align: initial;text-decoration: initial;text-indent: initial;text-transform: initial;vertical-align: initial;border-spacing: initial;width: initial\"><\/div>\n<div class=\"ms-editor-squiggler\" style=\"color: initial;font: initial;background: initial;background-blend-mode: initial;border: initial;border-radius: initial;border-collapse: initial;caption-side: initial;clear: initial;columns: initial;column-fill: initial;column-rule: initial;column-span: initial;cursor: initial;flex: initial;flex-flow: initial;float: initial;height: 0px;letter-spacing: initial;margin: initial;max-height: initial;max-width: initial;min-height: initial;min-width: initial;overflow: initial;padding: initial;text-align: initial;text-decoration: initial;text-indent: initial;text-transform: initial;vertical-align: initial;border-spacing: initial;width: initial\"><\/div>\n<div class=\"ms-editor-squiggler\" style=\"color: initial;font: initial;background: initial;background-blend-mode: initial;border: initial;border-radius: initial;border-collapse: initial;caption-side: initial;clear: initial;columns: initial;column-fill: initial;column-rule: initial;column-span: initial;cursor: initial;flex: initial;flex-flow: initial;float: initial;height: 0px;letter-spacing: initial;margin: initial;max-height: initial;max-width: initial;min-height: initial;min-width: initial;overflow: initial;padding: initial;text-align: initial;text-decoration: initial;text-indent: initial;text-transform: initial;vertical-align: initial;border-spacing: initial;width: initial\"><\/div>\n<div class=\"ms-editor-squiggler\" style=\"color: initial;font: initial;background: initial;background-blend-mode: initial;border: initial;border-radius: initial;border-collapse: initial;caption-side: initial;clear: initial;columns: initial;column-fill: initial;column-rule: initial;column-span: initial;cursor: initial;flex: initial;flex-flow: initial;float: initial;height: 0px;letter-spacing: initial;margin: initial;max-height: initial;max-width: initial;min-height: initial;min-width: initial;overflow: initial;padding: initial;text-align: initial;text-decoration: initial;text-indent: initial;text-transform: initial;vertical-align: initial;border-spacing: initial;width: initial\"><\/div>\n<div class=\"ms-editor-squiggler\" style=\"color: initial;font: initial;background: initial;background-blend-mode: initial;border: initial;border-radius: initial;border-collapse: initial;caption-side: initial;clear: initial;columns: initial;column-fill: initial;column-rule: initial;column-span: initial;cursor: initial;flex: initial;flex-flow: initial;float: initial;height: 0px;letter-spacing: initial;margin: initial;max-height: initial;max-width: initial;min-height: initial;min-width: initial;overflow: initial;padding: initial;text-align: initial;text-decoration: initial;text-indent: initial;text-transform: initial;vertical-align: initial;border-spacing: initial;width: initial\"><\/div>\n<div class=\"ms-editor-squiggler\" style=\"color: initial;font: initial;background: initial;background-blend-mode: initial;border: initial;border-radius: initial;border-collapse: initial;caption-side: initial;clear: initial;columns: initial;column-fill: initial;column-rule: initial;column-span: initial;cursor: initial;flex: initial;flex-flow: initial;float: initial;height: 0px;letter-spacing: initial;margin: initial;max-height: initial;max-width: initial;min-height: initial;min-width: initial;overflow: initial;padding: initial;text-align: initial;text-decoration: initial;text-indent: initial;text-transform: initial;vertical-align: initial;border-spacing: initial;width: initial\"><\/div>\n<div class=\"ms-editor-squiggler\" style=\"color: initial;font: initial;background: initial;background-blend-mode: initial;border: initial;border-radius: initial;border-collapse: initial;caption-side: initial;clear: initial;columns: initial;column-fill: initial;column-rule: initial;column-span: initial;cursor: initial;flex: initial;flex-flow: initial;float: initial;height: 0px;letter-spacing: initial;margin: initial;max-height: initial;max-width: initial;min-height: initial;min-width: initial;overflow: initial;padding: initial;text-align: initial;text-decoration: initial;text-indent: initial;text-transform: initial;vertical-align: initial;border-spacing: initial;width: initial\"><\/div>\n<div class=\"ms-editor-squiggler\" style=\"color: initial;font: initial;background: initial;background-blend-mode: initial;border: initial;border-radius: initial;border-collapse: initial;caption-side: initial;clear: initial;columns: initial;column-fill: initial;column-rule: initial;column-span: initial;cursor: initial;flex: initial;flex-flow: initial;float: initial;height: 0px;letter-spacing: initial;margin: initial;max-height: initial;max-width: initial;min-height: initial;min-width: initial;overflow: initial;padding: initial;text-align: initial;text-decoration: initial;text-indent: initial;text-transform: initial;vertical-align: initial;border-spacing: initial;width: initial\"><\/div>\n","protected":false},"excerpt":{"rendered":"<p>Kathleen Oliveira de Avila \/\u00a0Curr\u00edculum Lattes Linha de Pesquisa: Educa\u00e7\u00e3o em Artes e Processos de Forma\u00e7\u00e3o Est\u00e9tica Texto introdut\u00f3rio: Mestre em Artes Visuais, linha de pesquisa Processos de Cria\u00e7\u00e3o e Po\u00e9ticas do Cotidiano &#8211; PPGAVI\/ UFPel, com a disserta\u00e7\u00e3o ?Fotocosturafetiva: tramando encontros com a mem\u00f3ria e o processo de cria\u00e7\u00e3o, tecendo di\u00e1logos com o cotidiano [&hellip;]<\/p>\n","protected":false},"author":1258,"featured_media":0,"parent":0,"menu_order":0,"comment_status":"closed","ping_status":"closed","template":"","meta":{"footnotes":""},"class_list":["post-5349","page","type-page","status-publish","hentry"],"_links":{"self":[{"href":"https:\/\/wp.ufpel.edu.br\/ppgartes\/wp-json\/wp\/v2\/pages\/5349","targetHints":{"allow":["GET"]}}],"collection":[{"href":"https:\/\/wp.ufpel.edu.br\/ppgartes\/wp-json\/wp\/v2\/pages"}],"about":[{"href":"https:\/\/wp.ufpel.edu.br\/ppgartes\/wp-json\/wp\/v2\/types\/page"}],"author":[{"embeddable":true,"href":"https:\/\/wp.ufpel.edu.br\/ppgartes\/wp-json\/wp\/v2\/users\/1258"}],"replies":[{"embeddable":true,"href":"https:\/\/wp.ufpel.edu.br\/ppgartes\/wp-json\/wp\/v2\/comments?post=5349"}],"version-history":[{"count":0,"href":"https:\/\/wp.ufpel.edu.br\/ppgartes\/wp-json\/wp\/v2\/pages\/5349\/revisions"}],"wp:attachment":[{"href":"https:\/\/wp.ufpel.edu.br\/ppgartes\/wp-json\/wp\/v2\/media?parent=5349"}],"curies":[{"name":"wp","href":"https:\/\/api.w.org\/{rel}","templated":true}]}}